{"id":3040,"date":"2020-12-08T09:40:52","date_gmt":"2020-12-08T08:40:52","guid":{"rendered":"https:\/\/www.ciel-strasbourg.org\/?page_id=3040"},"modified":"2020-12-14T15:26:57","modified_gmt":"2020-12-14T14:26:57","slug":"geschichtliches","status":"publish","type":"page","link":"https:\/\/www.ciel-strasbourg.org\/de\/das-ciel-de-strasbourg\/geschichtliches\/","title":{"rendered":"Geschichtliches"},"content":{"rendered":"<p>Das CIEL de Strasbourg empf\u00e4ngt seit 1976 ausl\u00e4ndische Kursteilnehmer. Diese Abteilung der Industrie-und Handelskammer des Elsass (Eurom\u00e9tropole) wurde geschaffen, <strong>um der internationalen Entwicklung der Stadt und ihrer Unternehmen<\/strong> durch <strong>F\u00f6rderung des Franz\u00f6sischen als Fremdsprache (Fran\u00e7ais Langue Etrang\u00e8re &#8211; FLE)<\/strong> Rechnung zu tragen.<\/p>\n<p>Das zun\u00e4chst im Kernbereich der Stadt eingerichtete CIEL de Strasbourg zog im September 1999 zum CCI Campus um, dem Ausbildungszentrum der Industrie- und Handelskammer, welches die verschiedenen Ausbildungsg\u00e4nge dieser \u201eChambre de Commerce et d&#8217;Industrie Alsace Eurom\u00e9tropole\u201c beherbergt. Die <strong>ger\u00e4umige und komfortable<\/strong>, \u00fcber au\u00dfergew\u00f6hnliche technische Mittel verf\u00fcgende Einrichtung ist in 9 Minuten per Stra\u00dfenbahn vom historischen Stadtzentrum und in 20 Minuten vom Flughafen zu erreichen.<\/p>\n","protected":false},"excerpt":{"rendered":"<p>Das CIEL de Strasbourg empf\u00e4ngt seit 1976 ausl\u00e4ndische Kursteilnehmer. Diese Abteilung der Industrie-und Handelskammer des Elsass (Eurom\u00e9tropole) wurde geschaffen, um der internationalen Entwicklung der Stadt und ihrer Unternehmen durch F\u00f6rderung [&hellip;]<\/p>\n","protected":false},"author":7,"featured_media":3092,"parent":3034,"menu_order":100,"comment_status":"closed","ping_status":"closed","template":"tpl-page-modulable.php","meta":{"_acf_changed":false,"footnotes":""},"class_list":["post-3040","page","type-page","status-publish","has-post-thumbnail","hentry","wp-sticky"],"acf":[],"yoast_head":"<!-- This site is optimized with the Yoast SEO plugin v27.4 - https:\/\/yoast.com\/product\/yoast-seo-wordpress\/ -->\n<title>Geschichtliches<\/title>\n<meta name=\"robots\" content=\"index, follow, max-snippet:-1, max-image-preview:large, max-video-preview:-1\" \/>\n<link rel=\"canonical\" href=\"https:\/\/www.ciel-strasbourg.org\/de\/das-ciel-de-strasbourg\/geschichtliches\/\" \/>\n<meta property=\"og:locale\" content=\"de_DE\" \/>\n<meta property=\"og:type\" content=\"article\" \/>\n<meta property=\"og:title\" content=\"Geschichtliches\" \/>\n<meta property=\"og:description\" content=\"Das CIEL de Strasbourg empf\u00e4ngt seit 1976 ausl\u00e4ndische Kursteilnehmer. Diese Abteilung der Industrie-und Handelskammer des Elsass (Eurom\u00e9tropole) wurde geschaffen, um der internationalen Entwicklung der Stadt und ihrer Unternehmen durch F\u00f6rderung [&hellip;]\" \/>\n<meta property=\"og:url\" content=\"https:\/\/www.ciel-strasbourg.org\/de\/das-ciel-de-strasbourg\/geschichtliches\/\" \/>\n<meta property=\"og:site_name\" content=\"CIEL\" \/>\n<meta property=\"article:modified_time\" content=\"2020-12-14T14:26:57+00:00\" \/>\n<meta property=\"og:image\" content=\"https:\/\/www.ciel-strasbourg.org\/wp-inside\/uploads\/2020\/10\/ciel-strasbourg-campus-classe-scaled.jpg\" \/>\n\t<meta property=\"og:image:width\" content=\"2560\" \/>\n\t<meta property=\"og:image:height\" content=\"1920\" \/>\n\t<meta property=\"og:image:type\" content=\"image\/jpeg\" \/>\n<meta name=\"twitter:card\" content=\"summary_large_image\" \/>\n<meta name=\"twitter:label1\" content=\"Est. reading time\" \/>\n\t<meta name=\"twitter:data1\" content=\"1 minute\" \/>\n<script type=\"application\/ld+json\" class=\"yoast-schema-graph\">{\"@context\":\"https:\\\/\\\/schema.org\",\"@graph\":[{\"@type\":\"WebPage\",\"@id\":\"https:\\\/\\\/www.ciel-strasbourg.org\\\/de\\\/das-ciel-de-strasbourg\\\/geschichtliches\\\/\",\"url\":\"https:\\\/\\\/www.ciel-strasbourg.org\\\/de\\\/das-ciel-de-strasbourg\\\/geschichtliches\\\/\",\"name\":\"Geschichtliches\",\"isPartOf\":{\"@id\":\"https:\\\/\\\/www.ciel-strasbourg.org\\\/de\\\/#website\"},\"primaryImageOfPage\":{\"@id\":\"https:\\\/\\\/www.ciel-strasbourg.org\\\/de\\\/das-ciel-de-strasbourg\\\/geschichtliches\\\/#primaryimage\"},\"image\":{\"@id\":\"https:\\\/\\\/www.ciel-strasbourg.org\\\/de\\\/das-ciel-de-strasbourg\\\/geschichtliches\\\/#primaryimage\"},\"thumbnailUrl\":\"https:\\\/\\\/www.ciel-strasbourg.org\\\/wp-inside\\\/uploads\\\/2020\\\/10\\\/ciel-strasbourg-campus_photographe_ycestrotzier_ytr_1014-scaled.jpg\",\"datePublished\":\"2020-12-08T08:40:52+00:00\",\"dateModified\":\"2020-12-14T14:26:57+00:00\",\"breadcrumb\":{\"@id\":\"https:\\\/\\\/www.ciel-strasbourg.org\\\/de\\\/das-ciel-de-strasbourg\\\/geschichtliches\\\/#breadcrumb\"},\"inLanguage\":\"de-DE\",\"potentialAction\":[{\"@type\":\"ReadAction\",\"target\":[\"https:\\\/\\\/www.ciel-strasbourg.org\\\/de\\\/das-ciel-de-strasbourg\\\/geschichtliches\\\/\"]}]},{\"@type\":\"ImageObject\",\"inLanguage\":\"de-DE\",\"@id\":\"https:\\\/\\\/www.ciel-strasbourg.org\\\/de\\\/das-ciel-de-strasbourg\\\/geschichtliches\\\/#primaryimage\",\"url\":\"https:\\\/\\\/www.ciel-strasbourg.org\\\/wp-inside\\\/uploads\\\/2020\\\/10\\\/ciel-strasbourg-campus_photographe_ycestrotzier_ytr_1014-scaled.jpg\",\"contentUrl\":\"https:\\\/\\\/www.ciel-strasbourg.org\\\/wp-inside\\\/uploads\\\/2020\\\/10\\\/ciel-strasbourg-campus_photographe_ycestrotzier_ytr_1014-scaled.jpg\",\"width\":2560,\"height\":1709,\"caption\":\"Ciel Strasbourg \u00e9tudiants salle de classe\"},{\"@type\":\"BreadcrumbList\",\"@id\":\"https:\\\/\\\/www.ciel-strasbourg.org\\\/de\\\/das-ciel-de-strasbourg\\\/geschichtliches\\\/#breadcrumb\",\"itemListElement\":[{\"@type\":\"ListItem\",\"position\":1,\"name\":\"Startseite\",\"item\":\"https:\\\/\\\/www.ciel-strasbourg.org\\\/de\\\/\"},{\"@type\":\"ListItem\",\"position\":2,\"name\":\"Das CIEL de Strasbourg\",\"item\":\"https:\\\/\\\/www.ciel-strasbourg.org\\\/de\\\/das-ciel-de-strasbourg\\\/\"},{\"@type\":\"ListItem\",\"position\":3,\"name\":\"Geschichtliches\"}]},{\"@type\":\"WebSite\",\"@id\":\"https:\\\/\\\/www.ciel-strasbourg.org\\\/de\\\/#website\",\"url\":\"https:\\\/\\\/www.ciel-strasbourg.org\\\/de\\\/\",\"name\":\"CIEL\",\"description\":\"Lernen Sie Franz\u00f6sisch beim CIEL de Strasbourg!\",\"publisher\":{\"@id\":\"https:\\\/\\\/www.ciel-strasbourg.org\\\/de\\\/#organization\"},\"potentialAction\":[{\"@type\":\"SearchAction\",\"target\":{\"@type\":\"EntryPoint\",\"urlTemplate\":\"https:\\\/\\\/www.ciel-strasbourg.org\\\/de\\\/?s={search_term_string}\"},\"query-input\":{\"@type\":\"PropertyValueSpecification\",\"valueRequired\":true,\"valueName\":\"search_term_string\"}}],\"inLanguage\":\"de-DE\"},{\"@type\":\"Organization\",\"@id\":\"https:\\\/\\\/www.ciel-strasbourg.org\\\/de\\\/#organization\",\"name\":\"CIEL Strasbourg\",\"url\":\"https:\\\/\\\/www.ciel-strasbourg.org\\\/de\\\/\",\"logo\":{\"@type\":\"ImageObject\",\"inLanguage\":\"de-DE\",\"@id\":\"https:\\\/\\\/www.ciel-strasbourg.org\\\/de\\\/#\\\/schema\\\/logo\\\/image\\\/\",\"url\":\"https:\\\/\\\/www.ciel-strasbourg.org\\\/wp-inside\\\/uploads\\\/2020\\\/12\\\/logo-ciel.png\",\"contentUrl\":\"https:\\\/\\\/www.ciel-strasbourg.org\\\/wp-inside\\\/uploads\\\/2020\\\/12\\\/logo-ciel.png\",\"width\":265,\"height\":90,\"caption\":\"CIEL Strasbourg\"},\"image\":{\"@id\":\"https:\\\/\\\/www.ciel-strasbourg.org\\\/de\\\/#\\\/schema\\\/logo\\\/image\\\/\"}}]}<\/script>\n<!-- \/ Yoast SEO plugin. -->","yoast_head_json":{"title":"Geschichtliches","robots":{"index":"index","follow":"follow","max-snippet":"max-snippet:-1","max-image-preview":"max-image-preview:large","max-video-preview":"max-video-preview:-1"},"canonical":"https:\/\/www.ciel-strasbourg.org\/de\/das-ciel-de-strasbourg\/geschichtliches\/","og_locale":"de_DE","og_type":"article","og_title":"Geschichtliches","og_description":"Das CIEL de Strasbourg empf\u00e4ngt seit 1976 ausl\u00e4ndische Kursteilnehmer. Diese Abteilung der Industrie-und Handelskammer des Elsass (Eurom\u00e9tropole) wurde geschaffen, um der internationalen Entwicklung der Stadt und ihrer Unternehmen durch F\u00f6rderung [&hellip;]","og_url":"https:\/\/www.ciel-strasbourg.org\/de\/das-ciel-de-strasbourg\/geschichtliches\/","og_site_name":"CIEL","article_modified_time":"2020-12-14T14:26:57+00:00","og_image":[{"width":2560,"height":1920,"url":"https:\/\/www.ciel-strasbourg.org\/wp-inside\/uploads\/2020\/10\/ciel-strasbourg-campus-classe-scaled.jpg","type":"image\/jpeg"}],"twitter_card":"summary_large_image","twitter_misc":{"Est. reading time":"1 minute"},"schema":{"@context":"https:\/\/schema.org","@graph":[{"@type":"WebPage","@id":"https:\/\/www.ciel-strasbourg.org\/de\/das-ciel-de-strasbourg\/geschichtliches\/","url":"https:\/\/www.ciel-strasbourg.org\/de\/das-ciel-de-strasbourg\/geschichtliches\/","name":"Geschichtliches","isPartOf":{"@id":"https:\/\/www.ciel-strasbourg.org\/de\/#website"},"primaryImageOfPage":{"@id":"https:\/\/www.ciel-strasbourg.org\/de\/das-ciel-de-strasbourg\/geschichtliches\/#primaryimage"},"image":{"@id":"https:\/\/www.ciel-strasbourg.org\/de\/das-ciel-de-strasbourg\/geschichtliches\/#primaryimage"},"thumbnailUrl":"https:\/\/www.ciel-strasbourg.org\/wp-inside\/uploads\/2020\/10\/ciel-strasbourg-campus_photographe_ycestrotzier_ytr_1014-scaled.jpg","datePublished":"2020-12-08T08:40:52+00:00","dateModified":"2020-12-14T14:26:57+00:00","breadcrumb":{"@id":"https:\/\/www.ciel-strasbourg.org\/de\/das-ciel-de-strasbourg\/geschichtliches\/#breadcrumb"},"inLanguage":"de-DE","potentialAction":[{"@type":"ReadAction","target":["https:\/\/www.ciel-strasbourg.org\/de\/das-ciel-de-strasbourg\/geschichtliches\/"]}]},{"@type":"ImageObject","inLanguage":"de-DE","@id":"https:\/\/www.ciel-strasbourg.org\/de\/das-ciel-de-strasbourg\/geschichtliches\/#primaryimage","url":"https:\/\/www.ciel-strasbourg.org\/wp-inside\/uploads\/2020\/10\/ciel-strasbourg-campus_photographe_ycestrotzier_ytr_1014-scaled.jpg","contentUrl":"https:\/\/www.ciel-strasbourg.org\/wp-inside\/uploads\/2020\/10\/ciel-strasbourg-campus_photographe_ycestrotzier_ytr_1014-scaled.jpg","width":2560,"height":1709,"caption":"Ciel Strasbourg \u00e9tudiants salle de classe"},{"@type":"BreadcrumbList","@id":"https:\/\/www.ciel-strasbourg.org\/de\/das-ciel-de-strasbourg\/geschichtliches\/#breadcrumb","itemListElement":[{"@type":"ListItem","position":1,"name":"Startseite","item":"https:\/\/www.ciel-strasbourg.org\/de\/"},{"@type":"ListItem","position":2,"name":"Das CIEL de Strasbourg","item":"https:\/\/www.ciel-strasbourg.org\/de\/das-ciel-de-strasbourg\/"},{"@type":"ListItem","position":3,"name":"Geschichtliches"}]},{"@type":"WebSite","@id":"https:\/\/www.ciel-strasbourg.org\/de\/#website","url":"https:\/\/www.ciel-strasbourg.org\/de\/","name":"CIEL","description":"Lernen Sie Franz\u00f6sisch beim CIEL de Strasbourg!","publisher":{"@id":"https:\/\/www.ciel-strasbourg.org\/de\/#organization"},"potentialAction":[{"@type":"SearchAction","target":{"@type":"EntryPoint","urlTemplate":"https:\/\/www.ciel-strasbourg.org\/de\/?s={search_term_string}"},"query-input":{"@type":"PropertyValueSpecification","valueRequired":true,"valueName":"search_term_string"}}],"inLanguage":"de-DE"},{"@type":"Organization","@id":"https:\/\/www.ciel-strasbourg.org\/de\/#organization","name":"CIEL Strasbourg","url":"https:\/\/www.ciel-strasbourg.org\/de\/","logo":{"@type":"ImageObject","inLanguage":"de-DE","@id":"https:\/\/www.ciel-strasbourg.org\/de\/#\/schema\/logo\/image\/","url":"https:\/\/www.ciel-strasbourg.org\/wp-inside\/uploads\/2020\/12\/logo-ciel.png","contentUrl":"https:\/\/www.ciel-strasbourg.org\/wp-inside\/uploads\/2020\/12\/logo-ciel.png","width":265,"height":90,"caption":"CIEL Strasbourg"},"image":{"@id":"https:\/\/www.ciel-strasbourg.org\/de\/#\/schema\/logo\/image\/"}}]}},"_links":{"self":[{"href":"https:\/\/www.ciel-strasbourg.org\/de\/wp-json\/wp\/v2\/pages\/3040","targetHints":{"allow":["GET"]}}],"collection":[{"href":"https:\/\/www.ciel-strasbourg.org\/de\/wp-json\/wp\/v2\/pages"}],"about":[{"href":"https:\/\/www.ciel-strasbourg.org\/de\/wp-json\/wp\/v2\/types\/page"}],"author":[{"embeddable":true,"href":"https:\/\/www.ciel-strasbourg.org\/de\/wp-json\/wp\/v2\/users\/7"}],"replies":[{"embeddable":true,"href":"https:\/\/www.ciel-strasbourg.org\/de\/wp-json\/wp\/v2\/comments?post=3040"}],"version-history":[{"count":2,"href":"https:\/\/www.ciel-strasbourg.org\/de\/wp-json\/wp\/v2\/pages\/3040\/revisions"}],"predecessor-version":[{"id":4162,"href":"https:\/\/www.ciel-strasbourg.org\/de\/wp-json\/wp\/v2\/pages\/3040\/revisions\/4162"}],"up":[{"embeddable":true,"href":"https:\/\/www.ciel-strasbourg.org\/de\/wp-json\/wp\/v2\/pages\/3034"}],"wp:featuredmedia":[{"embeddable":true,"href":"https:\/\/www.ciel-strasbourg.org\/de\/wp-json\/wp\/v2\/media\/3092"}],"wp:attachment":[{"href":"https:\/\/www.ciel-strasbourg.org\/de\/wp-json\/wp\/v2\/media?parent=3040"}],"curies":[{"name":"wp","href":"https:\/\/api.w.org\/{rel}","templated":true}]}}