{"id":3155,"date":"2020-12-08T10:48:22","date_gmt":"2020-12-08T09:48:22","guid":{"rendered":"https:\/\/www.ciel-strasbourg.org\/?page_id=3155"},"modified":"2020-12-08T10:48:38","modified_gmt":"2020-12-08T09:48:38","slug":"cafeteria","status":"publish","type":"page","link":"https:\/\/www.ciel-strasbourg.org\/de\/das-ciel-de-strasbourg\/cafeteria\/","title":{"rendered":"Cafeteria"},"content":{"rendered":"<p>Die Studenten k\u00f6nnen sich \u00a0innerhalb der Schule von Montag bis Freitag (au\u00dferhalb der Sommerferien) verpflegen. Warme Mahlzeiten, Sandwichs, Salate, Geb\u00e4ck, Getr\u00e4nke usw. stehen zur Wahl. Die Cafeteria verf\u00fcgt \u00fcber mehr als 60 Sitzpl\u00e4tze und auch eine sonnenbeschienene Terrasse im Sommer.<\/p>\n<p>&nbsp;<\/p>\n<h2>Zentraler Platz<\/h2>\n<p>Der CCI Campus verf\u00fcgt \u00fcber einen zentralen Platz, der insbesondere w\u00e4hrend der Pause des morgendlichen Unterrichts gesch\u00e4tzt wird, und wo die Studenten sich gerne bei Kaffee und Geb\u00e4ck zusammenfinden.<\/p>\n","protected":false},"excerpt":{"rendered":"<p>Die Studenten k\u00f6nnen sich \u00a0innerhalb der Schule von Montag bis Freitag (au\u00dferhalb der Sommerferien) verpflegen. Warme Mahlzeiten, Sandwichs, Salate, Geb\u00e4ck, Getr\u00e4nke usw. stehen zur Wahl. Die Cafeteria verf\u00fcgt \u00fcber mehr [&hellip;]<\/p>\n","protected":false},"author":7,"featured_media":3115,"parent":3034,"menu_order":150,"comment_status":"closed","ping_status":"closed","template":"tpl-page-modulable.php","meta":{"_acf_changed":false,"footnotes":""},"class_list":["post-3155","page","type-page","status-publish","has-post-thumbnail","hentry","wp-sticky"],"acf":[],"yoast_head":"<!-- This site is optimized with the Yoast SEO plugin v27.4 - https:\/\/yoast.com\/product\/yoast-seo-wordpress\/ -->\n<title>Cafeteria<\/title>\n<meta name=\"robots\" content=\"index, follow, max-snippet:-1, max-image-preview:large, max-video-preview:-1\" \/>\n<link rel=\"canonical\" href=\"https:\/\/www.ciel-strasbourg.org\/de\/das-ciel-de-strasbourg\/cafeteria\/\" \/>\n<meta property=\"og:locale\" content=\"de_DE\" \/>\n<meta property=\"og:type\" content=\"article\" \/>\n<meta property=\"og:title\" content=\"Cafeteria\" \/>\n<meta property=\"og:description\" content=\"Die Studenten k\u00f6nnen sich \u00a0innerhalb der Schule von Montag bis Freitag (au\u00dferhalb der Sommerferien) verpflegen. Warme Mahlzeiten, Sandwichs, Salate, Geb\u00e4ck, Getr\u00e4nke usw. stehen zur Wahl. Die Cafeteria verf\u00fcgt \u00fcber mehr [&hellip;]\" \/>\n<meta property=\"og:url\" content=\"https:\/\/www.ciel-strasbourg.org\/de\/das-ciel-de-strasbourg\/cafeteria\/\" \/>\n<meta property=\"og:site_name\" content=\"CIEL\" \/>\n<meta property=\"article:modified_time\" content=\"2020-12-08T09:48:38+00:00\" \/>\n<meta property=\"og:image\" content=\"https:\/\/www.ciel-strasbourg.org\/wp-inside\/uploads\/2020\/11\/ciel_cafeteria-scaled.jpg\" \/>\n\t<meta property=\"og:image:width\" content=\"2560\" \/>\n\t<meta property=\"og:image:height\" content=\"1709\" \/>\n\t<meta property=\"og:image:type\" content=\"image\/jpeg\" \/>\n<meta name=\"twitter:card\" content=\"summary_large_image\" \/>\n<script type=\"application\/ld+json\" class=\"yoast-schema-graph\">{\"@context\":\"https:\\\/\\\/schema.org\",\"@graph\":[{\"@type\":\"WebPage\",\"@id\":\"https:\\\/\\\/www.ciel-strasbourg.org\\\/de\\\/das-ciel-de-strasbourg\\\/cafeteria\\\/\",\"url\":\"https:\\\/\\\/www.ciel-strasbourg.org\\\/de\\\/das-ciel-de-strasbourg\\\/cafeteria\\\/\",\"name\":\"Cafeteria\",\"isPartOf\":{\"@id\":\"https:\\\/\\\/www.ciel-strasbourg.org\\\/de\\\/#website\"},\"primaryImageOfPage\":{\"@id\":\"https:\\\/\\\/www.ciel-strasbourg.org\\\/de\\\/das-ciel-de-strasbourg\\\/cafeteria\\\/#primaryimage\"},\"image\":{\"@id\":\"https:\\\/\\\/www.ciel-strasbourg.org\\\/de\\\/das-ciel-de-strasbourg\\\/cafeteria\\\/#primaryimage\"},\"thumbnailUrl\":\"https:\\\/\\\/www.ciel-strasbourg.org\\\/wp-inside\\\/uploads\\\/2020\\\/11\\\/ciel_cafeteria-scaled.jpg\",\"datePublished\":\"2020-12-08T09:48:22+00:00\",\"dateModified\":\"2020-12-08T09:48:38+00:00\",\"breadcrumb\":{\"@id\":\"https:\\\/\\\/www.ciel-strasbourg.org\\\/de\\\/das-ciel-de-strasbourg\\\/cafeteria\\\/#breadcrumb\"},\"inLanguage\":\"de-DE\",\"potentialAction\":[{\"@type\":\"ReadAction\",\"target\":[\"https:\\\/\\\/www.ciel-strasbourg.org\\\/de\\\/das-ciel-de-strasbourg\\\/cafeteria\\\/\"]}]},{\"@type\":\"ImageObject\",\"inLanguage\":\"de-DE\",\"@id\":\"https:\\\/\\\/www.ciel-strasbourg.org\\\/de\\\/das-ciel-de-strasbourg\\\/cafeteria\\\/#primaryimage\",\"url\":\"https:\\\/\\\/www.ciel-strasbourg.org\\\/wp-inside\\\/uploads\\\/2020\\\/11\\\/ciel_cafeteria-scaled.jpg\",\"contentUrl\":\"https:\\\/\\\/www.ciel-strasbourg.org\\\/wp-inside\\\/uploads\\\/2020\\\/11\\\/ciel_cafeteria-scaled.jpg\",\"width\":2560,\"height\":1709,\"caption\":\"Cafeteria Ciel Strasbourg\"},{\"@type\":\"BreadcrumbList\",\"@id\":\"https:\\\/\\\/www.ciel-strasbourg.org\\\/de\\\/das-ciel-de-strasbourg\\\/cafeteria\\\/#breadcrumb\",\"itemListElement\":[{\"@type\":\"ListItem\",\"position\":1,\"name\":\"Startseite\",\"item\":\"https:\\\/\\\/www.ciel-strasbourg.org\\\/de\\\/\"},{\"@type\":\"ListItem\",\"position\":2,\"name\":\"Das CIEL de Strasbourg\",\"item\":\"https:\\\/\\\/www.ciel-strasbourg.org\\\/de\\\/das-ciel-de-strasbourg\\\/\"},{\"@type\":\"ListItem\",\"position\":3,\"name\":\"Cafeteria\"}]},{\"@type\":\"WebSite\",\"@id\":\"https:\\\/\\\/www.ciel-strasbourg.org\\\/de\\\/#website\",\"url\":\"https:\\\/\\\/www.ciel-strasbourg.org\\\/de\\\/\",\"name\":\"CIEL\",\"description\":\"Lernen Sie Franz\u00f6sisch beim CIEL de Strasbourg!\",\"publisher\":{\"@id\":\"https:\\\/\\\/www.ciel-strasbourg.org\\\/de\\\/#organization\"},\"potentialAction\":[{\"@type\":\"SearchAction\",\"target\":{\"@type\":\"EntryPoint\",\"urlTemplate\":\"https:\\\/\\\/www.ciel-strasbourg.org\\\/de\\\/?s={search_term_string}\"},\"query-input\":{\"@type\":\"PropertyValueSpecification\",\"valueRequired\":true,\"valueName\":\"search_term_string\"}}],\"inLanguage\":\"de-DE\"},{\"@type\":\"Organization\",\"@id\":\"https:\\\/\\\/www.ciel-strasbourg.org\\\/de\\\/#organization\",\"name\":\"CIEL Strasbourg\",\"url\":\"https:\\\/\\\/www.ciel-strasbourg.org\\\/de\\\/\",\"logo\":{\"@type\":\"ImageObject\",\"inLanguage\":\"de-DE\",\"@id\":\"https:\\\/\\\/www.ciel-strasbourg.org\\\/de\\\/#\\\/schema\\\/logo\\\/image\\\/\",\"url\":\"https:\\\/\\\/www.ciel-strasbourg.org\\\/wp-inside\\\/uploads\\\/2020\\\/12\\\/logo-ciel.png\",\"contentUrl\":\"https:\\\/\\\/www.ciel-strasbourg.org\\\/wp-inside\\\/uploads\\\/2020\\\/12\\\/logo-ciel.png\",\"width\":265,\"height\":90,\"caption\":\"CIEL Strasbourg\"},\"image\":{\"@id\":\"https:\\\/\\\/www.ciel-strasbourg.org\\\/de\\\/#\\\/schema\\\/logo\\\/image\\\/\"}}]}<\/script>\n<!-- \/ Yoast SEO plugin. -->","yoast_head_json":{"title":"Cafeteria","robots":{"index":"index","follow":"follow","max-snippet":"max-snippet:-1","max-image-preview":"max-image-preview:large","max-video-preview":"max-video-preview:-1"},"canonical":"https:\/\/www.ciel-strasbourg.org\/de\/das-ciel-de-strasbourg\/cafeteria\/","og_locale":"de_DE","og_type":"article","og_title":"Cafeteria","og_description":"Die Studenten k\u00f6nnen sich \u00a0innerhalb der Schule von Montag bis Freitag (au\u00dferhalb der Sommerferien) verpflegen. Warme Mahlzeiten, Sandwichs, Salate, Geb\u00e4ck, Getr\u00e4nke usw. stehen zur Wahl. Die Cafeteria verf\u00fcgt \u00fcber mehr [&hellip;]","og_url":"https:\/\/www.ciel-strasbourg.org\/de\/das-ciel-de-strasbourg\/cafeteria\/","og_site_name":"CIEL","article_modified_time":"2020-12-08T09:48:38+00:00","og_image":[{"width":2560,"height":1709,"url":"https:\/\/www.ciel-strasbourg.org\/wp-inside\/uploads\/2020\/11\/ciel_cafeteria-scaled.jpg","type":"image\/jpeg"}],"twitter_card":"summary_large_image","schema":{"@context":"https:\/\/schema.org","@graph":[{"@type":"WebPage","@id":"https:\/\/www.ciel-strasbourg.org\/de\/das-ciel-de-strasbourg\/cafeteria\/","url":"https:\/\/www.ciel-strasbourg.org\/de\/das-ciel-de-strasbourg\/cafeteria\/","name":"Cafeteria","isPartOf":{"@id":"https:\/\/www.ciel-strasbourg.org\/de\/#website"},"primaryImageOfPage":{"@id":"https:\/\/www.ciel-strasbourg.org\/de\/das-ciel-de-strasbourg\/cafeteria\/#primaryimage"},"image":{"@id":"https:\/\/www.ciel-strasbourg.org\/de\/das-ciel-de-strasbourg\/cafeteria\/#primaryimage"},"thumbnailUrl":"https:\/\/www.ciel-strasbourg.org\/wp-inside\/uploads\/2020\/11\/ciel_cafeteria-scaled.jpg","datePublished":"2020-12-08T09:48:22+00:00","dateModified":"2020-12-08T09:48:38+00:00","breadcrumb":{"@id":"https:\/\/www.ciel-strasbourg.org\/de\/das-ciel-de-strasbourg\/cafeteria\/#breadcrumb"},"inLanguage":"de-DE","potentialAction":[{"@type":"ReadAction","target":["https:\/\/www.ciel-strasbourg.org\/de\/das-ciel-de-strasbourg\/cafeteria\/"]}]},{"@type":"ImageObject","inLanguage":"de-DE","@id":"https:\/\/www.ciel-strasbourg.org\/de\/das-ciel-de-strasbourg\/cafeteria\/#primaryimage","url":"https:\/\/www.ciel-strasbourg.org\/wp-inside\/uploads\/2020\/11\/ciel_cafeteria-scaled.jpg","contentUrl":"https:\/\/www.ciel-strasbourg.org\/wp-inside\/uploads\/2020\/11\/ciel_cafeteria-scaled.jpg","width":2560,"height":1709,"caption":"Cafeteria Ciel Strasbourg"},{"@type":"BreadcrumbList","@id":"https:\/\/www.ciel-strasbourg.org\/de\/das-ciel-de-strasbourg\/cafeteria\/#breadcrumb","itemListElement":[{"@type":"ListItem","position":1,"name":"Startseite","item":"https:\/\/www.ciel-strasbourg.org\/de\/"},{"@type":"ListItem","position":2,"name":"Das CIEL de Strasbourg","item":"https:\/\/www.ciel-strasbourg.org\/de\/das-ciel-de-strasbourg\/"},{"@type":"ListItem","position":3,"name":"Cafeteria"}]},{"@type":"WebSite","@id":"https:\/\/www.ciel-strasbourg.org\/de\/#website","url":"https:\/\/www.ciel-strasbourg.org\/de\/","name":"CIEL","description":"Lernen Sie Franz\u00f6sisch beim CIEL de Strasbourg!","publisher":{"@id":"https:\/\/www.ciel-strasbourg.org\/de\/#organization"},"potentialAction":[{"@type":"SearchAction","target":{"@type":"EntryPoint","urlTemplate":"https:\/\/www.ciel-strasbourg.org\/de\/?s={search_term_string}"},"query-input":{"@type":"PropertyValueSpecification","valueRequired":true,"valueName":"search_term_string"}}],"inLanguage":"de-DE"},{"@type":"Organization","@id":"https:\/\/www.ciel-strasbourg.org\/de\/#organization","name":"CIEL Strasbourg","url":"https:\/\/www.ciel-strasbourg.org\/de\/","logo":{"@type":"ImageObject","inLanguage":"de-DE","@id":"https:\/\/www.ciel-strasbourg.org\/de\/#\/schema\/logo\/image\/","url":"https:\/\/www.ciel-strasbourg.org\/wp-inside\/uploads\/2020\/12\/logo-ciel.png","contentUrl":"https:\/\/www.ciel-strasbourg.org\/wp-inside\/uploads\/2020\/12\/logo-ciel.png","width":265,"height":90,"caption":"CIEL Strasbourg"},"image":{"@id":"https:\/\/www.ciel-strasbourg.org\/de\/#\/schema\/logo\/image\/"}}]}},"_links":{"self":[{"href":"https:\/\/www.ciel-strasbourg.org\/de\/wp-json\/wp\/v2\/pages\/3155","targetHints":{"allow":["GET"]}}],"collection":[{"href":"https:\/\/www.ciel-strasbourg.org\/de\/wp-json\/wp\/v2\/pages"}],"about":[{"href":"https:\/\/www.ciel-strasbourg.org\/de\/wp-json\/wp\/v2\/types\/page"}],"author":[{"embeddable":true,"href":"https:\/\/www.ciel-strasbourg.org\/de\/wp-json\/wp\/v2\/users\/7"}],"replies":[{"embeddable":true,"href":"https:\/\/www.ciel-strasbourg.org\/de\/wp-json\/wp\/v2\/comments?post=3155"}],"version-history":[{"count":2,"href":"https:\/\/www.ciel-strasbourg.org\/de\/wp-json\/wp\/v2\/pages\/3155\/revisions"}],"predecessor-version":[{"id":3157,"href":"https:\/\/www.ciel-strasbourg.org\/de\/wp-json\/wp\/v2\/pages\/3155\/revisions\/3157"}],"up":[{"embeddable":true,"href":"https:\/\/www.ciel-strasbourg.org\/de\/wp-json\/wp\/v2\/pages\/3034"}],"wp:featuredmedia":[{"embeddable":true,"href":"https:\/\/www.ciel-strasbourg.org\/de\/wp-json\/wp\/v2\/media\/3115"}],"wp:attachment":[{"href":"https:\/\/www.ciel-strasbourg.org\/de\/wp-json\/wp\/v2\/media?parent=3155"}],"curies":[{"name":"wp","href":"https:\/\/api.w.org\/{rel}","templated":true}]}}