{"id":3169,"date":"2020-12-08T11:12:11","date_gmt":"2020-12-08T10:12:11","guid":{"rendered":"https:\/\/www.ciel-strasbourg.org\/?page_id=3169"},"modified":"2023-10-17T14:52:21","modified_gmt":"2023-10-17T12:52:21","slug":"anmeldemodalitaeten-und-praktische-auskuenfte","status":"publish","type":"page","link":"https:\/\/www.ciel-strasbourg.org\/de\/das-ciel-de-strasbourg\/anmeldemodalitaeten-und-praktische-auskuenfte\/","title":{"rendered":"Anmeldemodalit\u00e4ten und praktische Ausk\u00fcnfte"},"content":{"rendered":"<p>Zur Best\u00e4tigung Ihrer Anmeldung beim CIEL de Strasbourg sind unbedingt erforderlich:<\/p>\n<ul>\n<li><a href=\"https:\/\/www.ciel-strasbourg.org\/de\/inschrift\/\">Anmeldformular<\/a><\/li>\n<li><a href=\"https:\/\/oscar-cel.com\/o\">Test Ihres Sprachniveaus<\/a><\/li>\n<li>Begleichung der Ausbildungskosten<\/li>\n<\/ul>\n<p>Zu Beginn des Kurses werden die neuen Sch\u00fclerinnen und Sch\u00fcler in einem Gespr\u00e4ch m\u00fcndlich bewertet, um das Niveau zu verfeinern.<\/p>\n","protected":false},"excerpt":{"rendered":"<p>Zur Best\u00e4tigung Ihrer Anmeldung beim CIEL de Strasbourg sind unbedingt erforderlich: Anmeldformular Test Ihres Sprachniveaus Begleichung der Ausbildungskosten Zu Beginn des Kurses werden die neuen Sch\u00fclerinnen und Sch\u00fcler in einem [&hellip;]<\/p>\n","protected":false},"author":7,"featured_media":3128,"parent":3034,"menu_order":190,"comment_status":"closed","ping_status":"closed","template":"tpl-page-modulable.php","meta":{"_acf_changed":false,"footnotes":""},"class_list":["post-3169","page","type-page","status-publish","has-post-thumbnail","hentry","wp-sticky"],"acf":[],"yoast_head":"<!-- This site is optimized with the Yoast SEO plugin v27.5 - https:\/\/yoast.com\/product\/yoast-seo-wordpress\/ -->\n<title>Anmeldemodalit\u00e4ten und praktische Ausk\u00fcnfte<\/title>\n<meta name=\"robots\" content=\"index, follow, max-snippet:-1, max-image-preview:large, max-video-preview:-1\" \/>\n<link rel=\"canonical\" href=\"https:\/\/www.ciel-strasbourg.org\/de\/das-ciel-de-strasbourg\/anmeldemodalitaeten-und-praktische-auskuenfte\/\" \/>\n<meta property=\"og:locale\" content=\"de_DE\" \/>\n<meta property=\"og:type\" content=\"article\" \/>\n<meta property=\"og:title\" content=\"Anmeldemodalit\u00e4ten und praktische Ausk\u00fcnfte\" \/>\n<meta property=\"og:description\" content=\"Zur Best\u00e4tigung Ihrer Anmeldung beim CIEL de Strasbourg sind unbedingt erforderlich: Anmeldformular Test Ihres Sprachniveaus Begleichung der Ausbildungskosten Zu Beginn des Kurses werden die neuen Sch\u00fclerinnen und Sch\u00fcler in einem [&hellip;]\" \/>\n<meta property=\"og:url\" content=\"https:\/\/www.ciel-strasbourg.org\/de\/das-ciel-de-strasbourg\/anmeldemodalitaeten-und-praktische-auskuenfte\/\" \/>\n<meta property=\"og:site_name\" content=\"CIEL\" \/>\n<meta property=\"article:modified_time\" content=\"2023-10-17T12:52:21+00:00\" \/>\n<meta property=\"og:image\" content=\"https:\/\/www.ciel-strasbourg.org\/wp-inside\/uploads\/2020\/11\/ciel_modalites_inscription-1.jpg\" \/>\n\t<meta property=\"og:image:width\" content=\"1920\" \/>\n\t<meta property=\"og:image:height\" content=\"1282\" \/>\n\t<meta property=\"og:image:type\" content=\"image\/jpeg\" \/>\n<meta name=\"twitter:card\" content=\"summary_large_image\" \/>\n<script type=\"application\/ld+json\" class=\"yoast-schema-graph\">{\"@context\":\"https:\\\/\\\/schema.org\",\"@graph\":[{\"@type\":\"WebPage\",\"@id\":\"https:\\\/\\\/www.ciel-strasbourg.org\\\/de\\\/das-ciel-de-strasbourg\\\/anmeldemodalitaeten-und-praktische-auskuenfte\\\/\",\"url\":\"https:\\\/\\\/www.ciel-strasbourg.org\\\/de\\\/das-ciel-de-strasbourg\\\/anmeldemodalitaeten-und-praktische-auskuenfte\\\/\",\"name\":\"Anmeldemodalit\u00e4ten und praktische Ausk\u00fcnfte\",\"isPartOf\":{\"@id\":\"https:\\\/\\\/www.ciel-strasbourg.org\\\/de\\\/#website\"},\"primaryImageOfPage\":{\"@id\":\"https:\\\/\\\/www.ciel-strasbourg.org\\\/de\\\/das-ciel-de-strasbourg\\\/anmeldemodalitaeten-und-praktische-auskuenfte\\\/#primaryimage\"},\"image\":{\"@id\":\"https:\\\/\\\/www.ciel-strasbourg.org\\\/de\\\/das-ciel-de-strasbourg\\\/anmeldemodalitaeten-und-praktische-auskuenfte\\\/#primaryimage\"},\"thumbnailUrl\":\"https:\\\/\\\/www.ciel-strasbourg.org\\\/wp-inside\\\/uploads\\\/2020\\\/11\\\/ciel_modalites_inscription-1.jpg\",\"datePublished\":\"2020-12-08T10:12:11+00:00\",\"dateModified\":\"2023-10-17T12:52:21+00:00\",\"breadcrumb\":{\"@id\":\"https:\\\/\\\/www.ciel-strasbourg.org\\\/de\\\/das-ciel-de-strasbourg\\\/anmeldemodalitaeten-und-praktische-auskuenfte\\\/#breadcrumb\"},\"inLanguage\":\"de-DE\",\"potentialAction\":[{\"@type\":\"ReadAction\",\"target\":[\"https:\\\/\\\/www.ciel-strasbourg.org\\\/de\\\/das-ciel-de-strasbourg\\\/anmeldemodalitaeten-und-praktische-auskuenfte\\\/\"]}]},{\"@type\":\"ImageObject\",\"inLanguage\":\"de-DE\",\"@id\":\"https:\\\/\\\/www.ciel-strasbourg.org\\\/de\\\/das-ciel-de-strasbourg\\\/anmeldemodalitaeten-und-praktische-auskuenfte\\\/#primaryimage\",\"url\":\"https:\\\/\\\/www.ciel-strasbourg.org\\\/wp-inside\\\/uploads\\\/2020\\\/11\\\/ciel_modalites_inscription-1.jpg\",\"contentUrl\":\"https:\\\/\\\/www.ciel-strasbourg.org\\\/wp-inside\\\/uploads\\\/2020\\\/11\\\/ciel_modalites_inscription-1.jpg\",\"width\":1920,\"height\":1282,\"caption\":\"Ciel Strasbourg \u00e9tudiants \u00e0 l'ext\u00e9rieur du campus\"},{\"@type\":\"BreadcrumbList\",\"@id\":\"https:\\\/\\\/www.ciel-strasbourg.org\\\/de\\\/das-ciel-de-strasbourg\\\/anmeldemodalitaeten-und-praktische-auskuenfte\\\/#breadcrumb\",\"itemListElement\":[{\"@type\":\"ListItem\",\"position\":1,\"name\":\"Startseite\",\"item\":\"https:\\\/\\\/www.ciel-strasbourg.org\\\/de\\\/\"},{\"@type\":\"ListItem\",\"position\":2,\"name\":\"Das CIEL de Strasbourg\",\"item\":\"https:\\\/\\\/www.ciel-strasbourg.org\\\/de\\\/das-ciel-de-strasbourg\\\/\"},{\"@type\":\"ListItem\",\"position\":3,\"name\":\"Anmeldemodalit\u00e4ten und praktische Ausk\u00fcnfte\"}]},{\"@type\":\"WebSite\",\"@id\":\"https:\\\/\\\/www.ciel-strasbourg.org\\\/de\\\/#website\",\"url\":\"https:\\\/\\\/www.ciel-strasbourg.org\\\/de\\\/\",\"name\":\"CIEL\",\"description\":\"Lernen Sie Franz\u00f6sisch beim CIEL de Strasbourg!\",\"publisher\":{\"@id\":\"https:\\\/\\\/www.ciel-strasbourg.org\\\/de\\\/#organization\"},\"potentialAction\":[{\"@type\":\"SearchAction\",\"target\":{\"@type\":\"EntryPoint\",\"urlTemplate\":\"https:\\\/\\\/www.ciel-strasbourg.org\\\/de\\\/?s={search_term_string}\"},\"query-input\":{\"@type\":\"PropertyValueSpecification\",\"valueRequired\":true,\"valueName\":\"search_term_string\"}}],\"inLanguage\":\"de-DE\"},{\"@type\":\"Organization\",\"@id\":\"https:\\\/\\\/www.ciel-strasbourg.org\\\/de\\\/#organization\",\"name\":\"CIEL Strasbourg\",\"url\":\"https:\\\/\\\/www.ciel-strasbourg.org\\\/de\\\/\",\"logo\":{\"@type\":\"ImageObject\",\"inLanguage\":\"de-DE\",\"@id\":\"https:\\\/\\\/www.ciel-strasbourg.org\\\/de\\\/#\\\/schema\\\/logo\\\/image\\\/\",\"url\":\"https:\\\/\\\/www.ciel-strasbourg.org\\\/wp-inside\\\/uploads\\\/2020\\\/12\\\/logo-ciel.png\",\"contentUrl\":\"https:\\\/\\\/www.ciel-strasbourg.org\\\/wp-inside\\\/uploads\\\/2020\\\/12\\\/logo-ciel.png\",\"width\":265,\"height\":90,\"caption\":\"CIEL Strasbourg\"},\"image\":{\"@id\":\"https:\\\/\\\/www.ciel-strasbourg.org\\\/de\\\/#\\\/schema\\\/logo\\\/image\\\/\"}}]}<\/script>\n<!-- \/ Yoast SEO plugin. -->","yoast_head_json":{"title":"Anmeldemodalit\u00e4ten und praktische Ausk\u00fcnfte","robots":{"index":"index","follow":"follow","max-snippet":"max-snippet:-1","max-image-preview":"max-image-preview:large","max-video-preview":"max-video-preview:-1"},"canonical":"https:\/\/www.ciel-strasbourg.org\/de\/das-ciel-de-strasbourg\/anmeldemodalitaeten-und-praktische-auskuenfte\/","og_locale":"de_DE","og_type":"article","og_title":"Anmeldemodalit\u00e4ten und praktische Ausk\u00fcnfte","og_description":"Zur Best\u00e4tigung Ihrer Anmeldung beim CIEL de Strasbourg sind unbedingt erforderlich: Anmeldformular Test Ihres Sprachniveaus Begleichung der Ausbildungskosten Zu Beginn des Kurses werden die neuen Sch\u00fclerinnen und Sch\u00fcler in einem [&hellip;]","og_url":"https:\/\/www.ciel-strasbourg.org\/de\/das-ciel-de-strasbourg\/anmeldemodalitaeten-und-praktische-auskuenfte\/","og_site_name":"CIEL","article_modified_time":"2023-10-17T12:52:21+00:00","og_image":[{"width":1920,"height":1282,"url":"https:\/\/www.ciel-strasbourg.org\/wp-inside\/uploads\/2020\/11\/ciel_modalites_inscription-1.jpg","type":"image\/jpeg"}],"twitter_card":"summary_large_image","schema":{"@context":"https:\/\/schema.org","@graph":[{"@type":"WebPage","@id":"https:\/\/www.ciel-strasbourg.org\/de\/das-ciel-de-strasbourg\/anmeldemodalitaeten-und-praktische-auskuenfte\/","url":"https:\/\/www.ciel-strasbourg.org\/de\/das-ciel-de-strasbourg\/anmeldemodalitaeten-und-praktische-auskuenfte\/","name":"Anmeldemodalit\u00e4ten und praktische Ausk\u00fcnfte","isPartOf":{"@id":"https:\/\/www.ciel-strasbourg.org\/de\/#website"},"primaryImageOfPage":{"@id":"https:\/\/www.ciel-strasbourg.org\/de\/das-ciel-de-strasbourg\/anmeldemodalitaeten-und-praktische-auskuenfte\/#primaryimage"},"image":{"@id":"https:\/\/www.ciel-strasbourg.org\/de\/das-ciel-de-strasbourg\/anmeldemodalitaeten-und-praktische-auskuenfte\/#primaryimage"},"thumbnailUrl":"https:\/\/www.ciel-strasbourg.org\/wp-inside\/uploads\/2020\/11\/ciel_modalites_inscription-1.jpg","datePublished":"2020-12-08T10:12:11+00:00","dateModified":"2023-10-17T12:52:21+00:00","breadcrumb":{"@id":"https:\/\/www.ciel-strasbourg.org\/de\/das-ciel-de-strasbourg\/anmeldemodalitaeten-und-praktische-auskuenfte\/#breadcrumb"},"inLanguage":"de-DE","potentialAction":[{"@type":"ReadAction","target":["https:\/\/www.ciel-strasbourg.org\/de\/das-ciel-de-strasbourg\/anmeldemodalitaeten-und-praktische-auskuenfte\/"]}]},{"@type":"ImageObject","inLanguage":"de-DE","@id":"https:\/\/www.ciel-strasbourg.org\/de\/das-ciel-de-strasbourg\/anmeldemodalitaeten-und-praktische-auskuenfte\/#primaryimage","url":"https:\/\/www.ciel-strasbourg.org\/wp-inside\/uploads\/2020\/11\/ciel_modalites_inscription-1.jpg","contentUrl":"https:\/\/www.ciel-strasbourg.org\/wp-inside\/uploads\/2020\/11\/ciel_modalites_inscription-1.jpg","width":1920,"height":1282,"caption":"Ciel Strasbourg \u00e9tudiants \u00e0 l'ext\u00e9rieur du campus"},{"@type":"BreadcrumbList","@id":"https:\/\/www.ciel-strasbourg.org\/de\/das-ciel-de-strasbourg\/anmeldemodalitaeten-und-praktische-auskuenfte\/#breadcrumb","itemListElement":[{"@type":"ListItem","position":1,"name":"Startseite","item":"https:\/\/www.ciel-strasbourg.org\/de\/"},{"@type":"ListItem","position":2,"name":"Das CIEL de Strasbourg","item":"https:\/\/www.ciel-strasbourg.org\/de\/das-ciel-de-strasbourg\/"},{"@type":"ListItem","position":3,"name":"Anmeldemodalit\u00e4ten und praktische Ausk\u00fcnfte"}]},{"@type":"WebSite","@id":"https:\/\/www.ciel-strasbourg.org\/de\/#website","url":"https:\/\/www.ciel-strasbourg.org\/de\/","name":"CIEL","description":"Lernen Sie Franz\u00f6sisch beim CIEL de Strasbourg!","publisher":{"@id":"https:\/\/www.ciel-strasbourg.org\/de\/#organization"},"potentialAction":[{"@type":"SearchAction","target":{"@type":"EntryPoint","urlTemplate":"https:\/\/www.ciel-strasbourg.org\/de\/?s={search_term_string}"},"query-input":{"@type":"PropertyValueSpecification","valueRequired":true,"valueName":"search_term_string"}}],"inLanguage":"de-DE"},{"@type":"Organization","@id":"https:\/\/www.ciel-strasbourg.org\/de\/#organization","name":"CIEL Strasbourg","url":"https:\/\/www.ciel-strasbourg.org\/de\/","logo":{"@type":"ImageObject","inLanguage":"de-DE","@id":"https:\/\/www.ciel-strasbourg.org\/de\/#\/schema\/logo\/image\/","url":"https:\/\/www.ciel-strasbourg.org\/wp-inside\/uploads\/2020\/12\/logo-ciel.png","contentUrl":"https:\/\/www.ciel-strasbourg.org\/wp-inside\/uploads\/2020\/12\/logo-ciel.png","width":265,"height":90,"caption":"CIEL Strasbourg"},"image":{"@id":"https:\/\/www.ciel-strasbourg.org\/de\/#\/schema\/logo\/image\/"}}]}},"_links":{"self":[{"href":"https:\/\/www.ciel-strasbourg.org\/de\/wp-json\/wp\/v2\/pages\/3169","targetHints":{"allow":["GET"]}}],"collection":[{"href":"https:\/\/www.ciel-strasbourg.org\/de\/wp-json\/wp\/v2\/pages"}],"about":[{"href":"https:\/\/www.ciel-strasbourg.org\/de\/wp-json\/wp\/v2\/types\/page"}],"author":[{"embeddable":true,"href":"https:\/\/www.ciel-strasbourg.org\/de\/wp-json\/wp\/v2\/users\/7"}],"replies":[{"embeddable":true,"href":"https:\/\/www.ciel-strasbourg.org\/de\/wp-json\/wp\/v2\/comments?post=3169"}],"version-history":[{"count":4,"href":"https:\/\/www.ciel-strasbourg.org\/de\/wp-json\/wp\/v2\/pages\/3169\/revisions"}],"predecessor-version":[{"id":12725,"href":"https:\/\/www.ciel-strasbourg.org\/de\/wp-json\/wp\/v2\/pages\/3169\/revisions\/12725"}],"up":[{"embeddable":true,"href":"https:\/\/www.ciel-strasbourg.org\/de\/wp-json\/wp\/v2\/pages\/3034"}],"wp:featuredmedia":[{"embeddable":true,"href":"https:\/\/www.ciel-strasbourg.org\/de\/wp-json\/wp\/v2\/media\/3128"}],"wp:attachment":[{"href":"https:\/\/www.ciel-strasbourg.org\/de\/wp-json\/wp\/v2\/media?parent=3169"}],"curies":[{"name":"wp","href":"https:\/\/api.w.org\/{rel}","templated":true}]}}