{"id":3193,"date":"2020-12-08T11:20:32","date_gmt":"2020-12-08T10:20:32","guid":{"rendered":"https:\/\/www.ciel-strasbourg.org\/?page_id=3193"},"modified":"2025-04-23T14:06:15","modified_gmt":"2025-04-23T12:06:15","slug":"bei-einer-gastfamilie","status":"publish","type":"page","link":"https:\/\/www.ciel-strasbourg.org\/de\/unterkunft\/bei-einer-gastfamilie\/","title":{"rendered":"Bei einer Gastfamilie"},"content":{"rendered":"<p>Gastfamilien finden sich in der Innenstadt oder in n\u00e4heren, mit \u00f6ffentlichen Verkehrsmitteln erreichbaren Vororten. Sie werden vom CIEL de Strasbourg ausgew\u00e4hlt und besucht. Bei den meisten von ihnen, werden unsere Kursteilnehmer schon seit mehreren Jahren aufgenommen. Es handelt sich um Franzosen, denen es Freude macht, Ausl\u00e4nder zu treffen und sich mit ihnen zu unterhalten. Sie setzen sich daf\u00fcr ein, Ihren G\u00e4sten einen erfolgreichen Aufenthalt zu sichern.<\/p>\n","protected":false},"excerpt":{"rendered":"<p>Durch Einquartierung bei einer Gastfamilie k\u00f6nnen Sie den meisten Nutzen aus Ihrem Frankreichaufenthalt ziehen. Sie leben mit Franzosen, nehmen an ihren Mahlzeiten teil und tauchen somit voll in franz\u00f6sische Sprache und Kultur ein. Sie nutzen das Zusammensein mit der Familie, um die Sprache in geselliger Atmosph\u00e4re zu praktizieren.<\/p>\n","protected":false},"author":7,"featured_media":16734,"parent":3186,"menu_order":300,"comment_status":"closed","ping_status":"closed","template":"tpl-page-modulable.php","meta":{"_acf_changed":false,"footnotes":""},"class_list":["post-3193","page","type-page","status-publish","has-post-thumbnail","hentry","wp-sticky"],"acf":[],"yoast_head":"<!-- This site is optimized with the Yoast SEO plugin v27.4 - https:\/\/yoast.com\/product\/yoast-seo-wordpress\/ -->\n<title>Bei einer Gastfamilie<\/title>\n<meta name=\"robots\" content=\"index, follow, max-snippet:-1, max-image-preview:large, max-video-preview:-1\" \/>\n<link rel=\"canonical\" href=\"https:\/\/www.ciel-strasbourg.org\/de\/unterkunft\/bei-einer-gastfamilie\/\" \/>\n<meta property=\"og:locale\" content=\"de_DE\" \/>\n<meta property=\"og:type\" content=\"article\" \/>\n<meta property=\"og:title\" content=\"Bei einer Gastfamilie\" \/>\n<meta property=\"og:description\" content=\"Durch Einquartierung bei einer Gastfamilie k\u00f6nnen Sie den meisten Nutzen aus Ihrem Frankreichaufenthalt ziehen. Sie leben mit Franzosen, nehmen an ihren Mahlzeiten teil und tauchen somit voll in franz\u00f6sische Sprache und Kultur ein. Sie nutzen das Zusammensein mit der Familie, um die Sprache in geselliger Atmosph\u00e4re zu praktizieren.\" \/>\n<meta property=\"og:url\" content=\"https:\/\/www.ciel-strasbourg.org\/de\/unterkunft\/bei-einer-gastfamilie\/\" \/>\n<meta property=\"og:site_name\" content=\"CIEL\" \/>\n<meta property=\"article:modified_time\" content=\"2025-04-23T12:06:15+00:00\" \/>\n<meta property=\"og:image\" content=\"https:\/\/www.ciel-strasbourg.org\/wp-inside\/uploads\/2025\/04\/c2df9c30d6640dd6fc80a493b0.jpg\" \/>\n\t<meta property=\"og:image:width\" content=\"768\" \/>\n\t<meta property=\"og:image:height\" content=\"432\" \/>\n\t<meta property=\"og:image:type\" content=\"image\/jpeg\" \/>\n<meta name=\"twitter:card\" content=\"summary_large_image\" \/>\n<script type=\"application\/ld+json\" class=\"yoast-schema-graph\">{\"@context\":\"https:\\\/\\\/schema.org\",\"@graph\":[{\"@type\":\"WebPage\",\"@id\":\"https:\\\/\\\/www.ciel-strasbourg.org\\\/de\\\/unterkunft\\\/bei-einer-gastfamilie\\\/\",\"url\":\"https:\\\/\\\/www.ciel-strasbourg.org\\\/de\\\/unterkunft\\\/bei-einer-gastfamilie\\\/\",\"name\":\"Bei einer Gastfamilie\",\"isPartOf\":{\"@id\":\"https:\\\/\\\/www.ciel-strasbourg.org\\\/de\\\/#website\"},\"primaryImageOfPage\":{\"@id\":\"https:\\\/\\\/www.ciel-strasbourg.org\\\/de\\\/unterkunft\\\/bei-einer-gastfamilie\\\/#primaryimage\"},\"image\":{\"@id\":\"https:\\\/\\\/www.ciel-strasbourg.org\\\/de\\\/unterkunft\\\/bei-einer-gastfamilie\\\/#primaryimage\"},\"thumbnailUrl\":\"https:\\\/\\\/www.ciel-strasbourg.org\\\/wp-inside\\\/uploads\\\/2025\\\/04\\\/c2df9c30d6640dd6fc80a493b0.jpg\",\"datePublished\":\"2020-12-08T10:20:32+00:00\",\"dateModified\":\"2025-04-23T12:06:15+00:00\",\"breadcrumb\":{\"@id\":\"https:\\\/\\\/www.ciel-strasbourg.org\\\/de\\\/unterkunft\\\/bei-einer-gastfamilie\\\/#breadcrumb\"},\"inLanguage\":\"de-DE\",\"potentialAction\":[{\"@type\":\"ReadAction\",\"target\":[\"https:\\\/\\\/www.ciel-strasbourg.org\\\/de\\\/unterkunft\\\/bei-einer-gastfamilie\\\/\"]}]},{\"@type\":\"ImageObject\",\"inLanguage\":\"de-DE\",\"@id\":\"https:\\\/\\\/www.ciel-strasbourg.org\\\/de\\\/unterkunft\\\/bei-einer-gastfamilie\\\/#primaryimage\",\"url\":\"https:\\\/\\\/www.ciel-strasbourg.org\\\/wp-inside\\\/uploads\\\/2025\\\/04\\\/c2df9c30d6640dd6fc80a493b0.jpg\",\"contentUrl\":\"https:\\\/\\\/www.ciel-strasbourg.org\\\/wp-inside\\\/uploads\\\/2025\\\/04\\\/c2df9c30d6640dd6fc80a493b0.jpg\",\"width\":768,\"height\":432},{\"@type\":\"BreadcrumbList\",\"@id\":\"https:\\\/\\\/www.ciel-strasbourg.org\\\/de\\\/unterkunft\\\/bei-einer-gastfamilie\\\/#breadcrumb\",\"itemListElement\":[{\"@type\":\"ListItem\",\"position\":1,\"name\":\"Startseite\",\"item\":\"https:\\\/\\\/www.ciel-strasbourg.org\\\/de\\\/\"},{\"@type\":\"ListItem\",\"position\":2,\"name\":\"Unterkunft\",\"item\":\"https:\\\/\\\/www.ciel-strasbourg.org\\\/de\\\/unterkunft\\\/\"},{\"@type\":\"ListItem\",\"position\":3,\"name\":\"Bei einer Gastfamilie\"}]},{\"@type\":\"WebSite\",\"@id\":\"https:\\\/\\\/www.ciel-strasbourg.org\\\/de\\\/#website\",\"url\":\"https:\\\/\\\/www.ciel-strasbourg.org\\\/de\\\/\",\"name\":\"CIEL\",\"description\":\"Lernen Sie Franz\u00f6sisch beim CIEL de Strasbourg!\",\"publisher\":{\"@id\":\"https:\\\/\\\/www.ciel-strasbourg.org\\\/de\\\/#organization\"},\"potentialAction\":[{\"@type\":\"SearchAction\",\"target\":{\"@type\":\"EntryPoint\",\"urlTemplate\":\"https:\\\/\\\/www.ciel-strasbourg.org\\\/de\\\/?s={search_term_string}\"},\"query-input\":{\"@type\":\"PropertyValueSpecification\",\"valueRequired\":true,\"valueName\":\"search_term_string\"}}],\"inLanguage\":\"de-DE\"},{\"@type\":\"Organization\",\"@id\":\"https:\\\/\\\/www.ciel-strasbourg.org\\\/de\\\/#organization\",\"name\":\"CIEL Strasbourg\",\"url\":\"https:\\\/\\\/www.ciel-strasbourg.org\\\/de\\\/\",\"logo\":{\"@type\":\"ImageObject\",\"inLanguage\":\"de-DE\",\"@id\":\"https:\\\/\\\/www.ciel-strasbourg.org\\\/de\\\/#\\\/schema\\\/logo\\\/image\\\/\",\"url\":\"https:\\\/\\\/www.ciel-strasbourg.org\\\/wp-inside\\\/uploads\\\/2020\\\/12\\\/logo-ciel.png\",\"contentUrl\":\"https:\\\/\\\/www.ciel-strasbourg.org\\\/wp-inside\\\/uploads\\\/2020\\\/12\\\/logo-ciel.png\",\"width\":265,\"height\":90,\"caption\":\"CIEL Strasbourg\"},\"image\":{\"@id\":\"https:\\\/\\\/www.ciel-strasbourg.org\\\/de\\\/#\\\/schema\\\/logo\\\/image\\\/\"}}]}<\/script>\n<!-- \/ Yoast SEO plugin. -->","yoast_head_json":{"title":"Bei einer Gastfamilie","robots":{"index":"index","follow":"follow","max-snippet":"max-snippet:-1","max-image-preview":"max-image-preview:large","max-video-preview":"max-video-preview:-1"},"canonical":"https:\/\/www.ciel-strasbourg.org\/de\/unterkunft\/bei-einer-gastfamilie\/","og_locale":"de_DE","og_type":"article","og_title":"Bei einer Gastfamilie","og_description":"Durch Einquartierung bei einer Gastfamilie k\u00f6nnen Sie den meisten Nutzen aus Ihrem Frankreichaufenthalt ziehen. Sie leben mit Franzosen, nehmen an ihren Mahlzeiten teil und tauchen somit voll in franz\u00f6sische Sprache und Kultur ein. Sie nutzen das Zusammensein mit der Familie, um die Sprache in geselliger Atmosph\u00e4re zu praktizieren.","og_url":"https:\/\/www.ciel-strasbourg.org\/de\/unterkunft\/bei-einer-gastfamilie\/","og_site_name":"CIEL","article_modified_time":"2025-04-23T12:06:15+00:00","og_image":[{"width":768,"height":432,"url":"https:\/\/www.ciel-strasbourg.org\/wp-inside\/uploads\/2025\/04\/c2df9c30d6640dd6fc80a493b0.jpg","type":"image\/jpeg"}],"twitter_card":"summary_large_image","schema":{"@context":"https:\/\/schema.org","@graph":[{"@type":"WebPage","@id":"https:\/\/www.ciel-strasbourg.org\/de\/unterkunft\/bei-einer-gastfamilie\/","url":"https:\/\/www.ciel-strasbourg.org\/de\/unterkunft\/bei-einer-gastfamilie\/","name":"Bei einer Gastfamilie","isPartOf":{"@id":"https:\/\/www.ciel-strasbourg.org\/de\/#website"},"primaryImageOfPage":{"@id":"https:\/\/www.ciel-strasbourg.org\/de\/unterkunft\/bei-einer-gastfamilie\/#primaryimage"},"image":{"@id":"https:\/\/www.ciel-strasbourg.org\/de\/unterkunft\/bei-einer-gastfamilie\/#primaryimage"},"thumbnailUrl":"https:\/\/www.ciel-strasbourg.org\/wp-inside\/uploads\/2025\/04\/c2df9c30d6640dd6fc80a493b0.jpg","datePublished":"2020-12-08T10:20:32+00:00","dateModified":"2025-04-23T12:06:15+00:00","breadcrumb":{"@id":"https:\/\/www.ciel-strasbourg.org\/de\/unterkunft\/bei-einer-gastfamilie\/#breadcrumb"},"inLanguage":"de-DE","potentialAction":[{"@type":"ReadAction","target":["https:\/\/www.ciel-strasbourg.org\/de\/unterkunft\/bei-einer-gastfamilie\/"]}]},{"@type":"ImageObject","inLanguage":"de-DE","@id":"https:\/\/www.ciel-strasbourg.org\/de\/unterkunft\/bei-einer-gastfamilie\/#primaryimage","url":"https:\/\/www.ciel-strasbourg.org\/wp-inside\/uploads\/2025\/04\/c2df9c30d6640dd6fc80a493b0.jpg","contentUrl":"https:\/\/www.ciel-strasbourg.org\/wp-inside\/uploads\/2025\/04\/c2df9c30d6640dd6fc80a493b0.jpg","width":768,"height":432},{"@type":"BreadcrumbList","@id":"https:\/\/www.ciel-strasbourg.org\/de\/unterkunft\/bei-einer-gastfamilie\/#breadcrumb","itemListElement":[{"@type":"ListItem","position":1,"name":"Startseite","item":"https:\/\/www.ciel-strasbourg.org\/de\/"},{"@type":"ListItem","position":2,"name":"Unterkunft","item":"https:\/\/www.ciel-strasbourg.org\/de\/unterkunft\/"},{"@type":"ListItem","position":3,"name":"Bei einer Gastfamilie"}]},{"@type":"WebSite","@id":"https:\/\/www.ciel-strasbourg.org\/de\/#website","url":"https:\/\/www.ciel-strasbourg.org\/de\/","name":"CIEL","description":"Lernen Sie Franz\u00f6sisch beim CIEL de Strasbourg!","publisher":{"@id":"https:\/\/www.ciel-strasbourg.org\/de\/#organization"},"potentialAction":[{"@type":"SearchAction","target":{"@type":"EntryPoint","urlTemplate":"https:\/\/www.ciel-strasbourg.org\/de\/?s={search_term_string}"},"query-input":{"@type":"PropertyValueSpecification","valueRequired":true,"valueName":"search_term_string"}}],"inLanguage":"de-DE"},{"@type":"Organization","@id":"https:\/\/www.ciel-strasbourg.org\/de\/#organization","name":"CIEL Strasbourg","url":"https:\/\/www.ciel-strasbourg.org\/de\/","logo":{"@type":"ImageObject","inLanguage":"de-DE","@id":"https:\/\/www.ciel-strasbourg.org\/de\/#\/schema\/logo\/image\/","url":"https:\/\/www.ciel-strasbourg.org\/wp-inside\/uploads\/2020\/12\/logo-ciel.png","contentUrl":"https:\/\/www.ciel-strasbourg.org\/wp-inside\/uploads\/2020\/12\/logo-ciel.png","width":265,"height":90,"caption":"CIEL Strasbourg"},"image":{"@id":"https:\/\/www.ciel-strasbourg.org\/de\/#\/schema\/logo\/image\/"}}]}},"_links":{"self":[{"href":"https:\/\/www.ciel-strasbourg.org\/de\/wp-json\/wp\/v2\/pages\/3193","targetHints":{"allow":["GET"]}}],"collection":[{"href":"https:\/\/www.ciel-strasbourg.org\/de\/wp-json\/wp\/v2\/pages"}],"about":[{"href":"https:\/\/www.ciel-strasbourg.org\/de\/wp-json\/wp\/v2\/types\/page"}],"author":[{"embeddable":true,"href":"https:\/\/www.ciel-strasbourg.org\/de\/wp-json\/wp\/v2\/users\/7"}],"replies":[{"embeddable":true,"href":"https:\/\/www.ciel-strasbourg.org\/de\/wp-json\/wp\/v2\/comments?post=3193"}],"version-history":[{"count":6,"href":"https:\/\/www.ciel-strasbourg.org\/de\/wp-json\/wp\/v2\/pages\/3193\/revisions"}],"predecessor-version":[{"id":16743,"href":"https:\/\/www.ciel-strasbourg.org\/de\/wp-json\/wp\/v2\/pages\/3193\/revisions\/16743"}],"up":[{"embeddable":true,"href":"https:\/\/www.ciel-strasbourg.org\/de\/wp-json\/wp\/v2\/pages\/3186"}],"wp:featuredmedia":[{"embeddable":true,"href":"https:\/\/www.ciel-strasbourg.org\/de\/wp-json\/wp\/v2\/media\/16734"}],"wp:attachment":[{"href":"https:\/\/www.ciel-strasbourg.org\/de\/wp-json\/wp\/v2\/media?parent=3193"}],"curies":[{"name":"wp","href":"https:\/\/api.w.org\/{rel}","templated":true}]}}