{"id":3240,"date":"2020-12-08T15:58:44","date_gmt":"2020-12-08T14:58:44","guid":{"rendered":"https:\/\/www.ciel-strasbourg.org\/?page_id=3240"},"modified":"2023-11-02T16:18:19","modified_gmt":"2023-11-02T15:18:19","slug":"buchungsverfahren","status":"publish","type":"page","link":"https:\/\/www.ciel-strasbourg.org\/de\/unterkunft\/buchungsverfahren\/","title":{"rendered":"Buchungsverfahren"},"content":{"rendered":"<p>F\u00fcllen Sie bitte das Anmeldeformular f\u00fcr Ihre Ausbildung aus bevor Sie den Antrag auf Unterkunft einreichen. Unser Unterkunftsdienst ist ausschlie\u00dflich den f\u00fcr unserer Franz\u00f6sischkurse angemeldeten Kursteilnehmern vorbehalten, und dies nur f\u00fcr die Dauer ihres Aufenthalts beim CIEL.<\/p>\n<p>Wir bitten Kursteilnehmer f\u00fcr jede Beantragung von Unterkunft das Online-Unterkunftsformular zum Zeitpunkt der Buchung auszuf\u00fcllen. Wir nehmen dann nach dessen Empfang die Reservierung vor. Die Daten der reservierten Unterkunft werden in dem vor Lehrgangsbeginn per E-Mail \u00fcbersendeten Einladungsschreiben mitgeteilt.<\/p>\n","protected":false},"excerpt":{"rendered":"<p>F\u00fcllen Sie bitte das Anmeldeformular f\u00fcr Ihre Ausbildung aus bevor Sie den Antrag auf Unterkunft einreichen. Unser Unterkunftsdienst ist ausschlie\u00dflich den f\u00fcr unserer Franz\u00f6sischkurse angemeldeten Kursteilnehmern vorbehalten, und dies nur [&hellip;]<\/p>\n","protected":false},"author":7,"featured_media":3035,"parent":3186,"menu_order":360,"comment_status":"closed","ping_status":"closed","template":"tpl-page-modulable.php","meta":{"_acf_changed":false,"footnotes":""},"class_list":["post-3240","page","type-page","status-publish","has-post-thumbnail","hentry","wp-sticky"],"acf":[],"yoast_head":"<!-- This site is optimized with the Yoast SEO plugin v27.4 - https:\/\/yoast.com\/product\/yoast-seo-wordpress\/ -->\n<title>Buchungsverfahren<\/title>\n<meta name=\"robots\" content=\"index, follow, max-snippet:-1, max-image-preview:large, max-video-preview:-1\" \/>\n<link rel=\"canonical\" href=\"https:\/\/www.ciel-strasbourg.org\/de\/unterkunft\/buchungsverfahren\/\" \/>\n<meta property=\"og:locale\" content=\"de_DE\" \/>\n<meta property=\"og:type\" content=\"article\" \/>\n<meta property=\"og:title\" content=\"Buchungsverfahren\" \/>\n<meta property=\"og:description\" content=\"F\u00fcllen Sie bitte das Anmeldeformular f\u00fcr Ihre Ausbildung aus bevor Sie den Antrag auf Unterkunft einreichen. Unser Unterkunftsdienst ist ausschlie\u00dflich den f\u00fcr unserer Franz\u00f6sischkurse angemeldeten Kursteilnehmern vorbehalten, und dies nur [&hellip;]\" \/>\n<meta property=\"og:url\" content=\"https:\/\/www.ciel-strasbourg.org\/de\/unterkunft\/buchungsverfahren\/\" \/>\n<meta property=\"og:site_name\" content=\"CIEL\" \/>\n<meta property=\"article:modified_time\" content=\"2023-11-02T15:18:19+00:00\" \/>\n<meta property=\"og:image\" content=\"https:\/\/www.ciel-strasbourg.org\/wp-inside\/uploads\/2020\/10\/ciel-strasbourg-etudiant_international_yvestrotzier_46.jpg\" \/>\n\t<meta property=\"og:image:width\" content=\"2000\" \/>\n\t<meta property=\"og:image:height\" content=\"1335\" \/>\n\t<meta property=\"og:image:type\" content=\"image\/jpeg\" \/>\n<meta name=\"twitter:card\" content=\"summary_large_image\" \/>\n<script type=\"application\/ld+json\" class=\"yoast-schema-graph\">{\"@context\":\"https:\\\/\\\/schema.org\",\"@graph\":[{\"@type\":\"WebPage\",\"@id\":\"https:\\\/\\\/www.ciel-strasbourg.org\\\/de\\\/unterkunft\\\/buchungsverfahren\\\/\",\"url\":\"https:\\\/\\\/www.ciel-strasbourg.org\\\/de\\\/unterkunft\\\/buchungsverfahren\\\/\",\"name\":\"Buchungsverfahren\",\"isPartOf\":{\"@id\":\"https:\\\/\\\/www.ciel-strasbourg.org\\\/de\\\/#website\"},\"primaryImageOfPage\":{\"@id\":\"https:\\\/\\\/www.ciel-strasbourg.org\\\/de\\\/unterkunft\\\/buchungsverfahren\\\/#primaryimage\"},\"image\":{\"@id\":\"https:\\\/\\\/www.ciel-strasbourg.org\\\/de\\\/unterkunft\\\/buchungsverfahren\\\/#primaryimage\"},\"thumbnailUrl\":\"https:\\\/\\\/www.ciel-strasbourg.org\\\/wp-inside\\\/uploads\\\/2020\\\/10\\\/ciel-strasbourg-etudiant_international_yvestrotzier_46.jpg\",\"datePublished\":\"2020-12-08T14:58:44+00:00\",\"dateModified\":\"2023-11-02T15:18:19+00:00\",\"breadcrumb\":{\"@id\":\"https:\\\/\\\/www.ciel-strasbourg.org\\\/de\\\/unterkunft\\\/buchungsverfahren\\\/#breadcrumb\"},\"inLanguage\":\"de-DE\",\"potentialAction\":[{\"@type\":\"ReadAction\",\"target\":[\"https:\\\/\\\/www.ciel-strasbourg.org\\\/de\\\/unterkunft\\\/buchungsverfahren\\\/\"]}]},{\"@type\":\"ImageObject\",\"inLanguage\":\"de-DE\",\"@id\":\"https:\\\/\\\/www.ciel-strasbourg.org\\\/de\\\/unterkunft\\\/buchungsverfahren\\\/#primaryimage\",\"url\":\"https:\\\/\\\/www.ciel-strasbourg.org\\\/wp-inside\\\/uploads\\\/2020\\\/10\\\/ciel-strasbourg-etudiant_international_yvestrotzier_46.jpg\",\"contentUrl\":\"https:\\\/\\\/www.ciel-strasbourg.org\\\/wp-inside\\\/uploads\\\/2020\\\/10\\\/ciel-strasbourg-etudiant_international_yvestrotzier_46.jpg\",\"width\":2000,\"height\":1335},{\"@type\":\"BreadcrumbList\",\"@id\":\"https:\\\/\\\/www.ciel-strasbourg.org\\\/de\\\/unterkunft\\\/buchungsverfahren\\\/#breadcrumb\",\"itemListElement\":[{\"@type\":\"ListItem\",\"position\":1,\"name\":\"Startseite\",\"item\":\"https:\\\/\\\/www.ciel-strasbourg.org\\\/de\\\/\"},{\"@type\":\"ListItem\",\"position\":2,\"name\":\"Unterkunft\",\"item\":\"https:\\\/\\\/www.ciel-strasbourg.org\\\/de\\\/unterkunft\\\/\"},{\"@type\":\"ListItem\",\"position\":3,\"name\":\"Buchungsverfahren\"}]},{\"@type\":\"WebSite\",\"@id\":\"https:\\\/\\\/www.ciel-strasbourg.org\\\/de\\\/#website\",\"url\":\"https:\\\/\\\/www.ciel-strasbourg.org\\\/de\\\/\",\"name\":\"CIEL\",\"description\":\"Lernen Sie Franz\u00f6sisch beim CIEL de Strasbourg!\",\"publisher\":{\"@id\":\"https:\\\/\\\/www.ciel-strasbourg.org\\\/de\\\/#organization\"},\"potentialAction\":[{\"@type\":\"SearchAction\",\"target\":{\"@type\":\"EntryPoint\",\"urlTemplate\":\"https:\\\/\\\/www.ciel-strasbourg.org\\\/de\\\/?s={search_term_string}\"},\"query-input\":{\"@type\":\"PropertyValueSpecification\",\"valueRequired\":true,\"valueName\":\"search_term_string\"}}],\"inLanguage\":\"de-DE\"},{\"@type\":\"Organization\",\"@id\":\"https:\\\/\\\/www.ciel-strasbourg.org\\\/de\\\/#organization\",\"name\":\"CIEL Strasbourg\",\"url\":\"https:\\\/\\\/www.ciel-strasbourg.org\\\/de\\\/\",\"logo\":{\"@type\":\"ImageObject\",\"inLanguage\":\"de-DE\",\"@id\":\"https:\\\/\\\/www.ciel-strasbourg.org\\\/de\\\/#\\\/schema\\\/logo\\\/image\\\/\",\"url\":\"https:\\\/\\\/www.ciel-strasbourg.org\\\/wp-inside\\\/uploads\\\/2020\\\/12\\\/logo-ciel.png\",\"contentUrl\":\"https:\\\/\\\/www.ciel-strasbourg.org\\\/wp-inside\\\/uploads\\\/2020\\\/12\\\/logo-ciel.png\",\"width\":265,\"height\":90,\"caption\":\"CIEL Strasbourg\"},\"image\":{\"@id\":\"https:\\\/\\\/www.ciel-strasbourg.org\\\/de\\\/#\\\/schema\\\/logo\\\/image\\\/\"}}]}<\/script>\n<!-- \/ Yoast SEO plugin. -->","yoast_head_json":{"title":"Buchungsverfahren","robots":{"index":"index","follow":"follow","max-snippet":"max-snippet:-1","max-image-preview":"max-image-preview:large","max-video-preview":"max-video-preview:-1"},"canonical":"https:\/\/www.ciel-strasbourg.org\/de\/unterkunft\/buchungsverfahren\/","og_locale":"de_DE","og_type":"article","og_title":"Buchungsverfahren","og_description":"F\u00fcllen Sie bitte das Anmeldeformular f\u00fcr Ihre Ausbildung aus bevor Sie den Antrag auf Unterkunft einreichen. Unser Unterkunftsdienst ist ausschlie\u00dflich den f\u00fcr unserer Franz\u00f6sischkurse angemeldeten Kursteilnehmern vorbehalten, und dies nur [&hellip;]","og_url":"https:\/\/www.ciel-strasbourg.org\/de\/unterkunft\/buchungsverfahren\/","og_site_name":"CIEL","article_modified_time":"2023-11-02T15:18:19+00:00","og_image":[{"width":2000,"height":1335,"url":"https:\/\/www.ciel-strasbourg.org\/wp-inside\/uploads\/2020\/10\/ciel-strasbourg-etudiant_international_yvestrotzier_46.jpg","type":"image\/jpeg"}],"twitter_card":"summary_large_image","schema":{"@context":"https:\/\/schema.org","@graph":[{"@type":"WebPage","@id":"https:\/\/www.ciel-strasbourg.org\/de\/unterkunft\/buchungsverfahren\/","url":"https:\/\/www.ciel-strasbourg.org\/de\/unterkunft\/buchungsverfahren\/","name":"Buchungsverfahren","isPartOf":{"@id":"https:\/\/www.ciel-strasbourg.org\/de\/#website"},"primaryImageOfPage":{"@id":"https:\/\/www.ciel-strasbourg.org\/de\/unterkunft\/buchungsverfahren\/#primaryimage"},"image":{"@id":"https:\/\/www.ciel-strasbourg.org\/de\/unterkunft\/buchungsverfahren\/#primaryimage"},"thumbnailUrl":"https:\/\/www.ciel-strasbourg.org\/wp-inside\/uploads\/2020\/10\/ciel-strasbourg-etudiant_international_yvestrotzier_46.jpg","datePublished":"2020-12-08T14:58:44+00:00","dateModified":"2023-11-02T15:18:19+00:00","breadcrumb":{"@id":"https:\/\/www.ciel-strasbourg.org\/de\/unterkunft\/buchungsverfahren\/#breadcrumb"},"inLanguage":"de-DE","potentialAction":[{"@type":"ReadAction","target":["https:\/\/www.ciel-strasbourg.org\/de\/unterkunft\/buchungsverfahren\/"]}]},{"@type":"ImageObject","inLanguage":"de-DE","@id":"https:\/\/www.ciel-strasbourg.org\/de\/unterkunft\/buchungsverfahren\/#primaryimage","url":"https:\/\/www.ciel-strasbourg.org\/wp-inside\/uploads\/2020\/10\/ciel-strasbourg-etudiant_international_yvestrotzier_46.jpg","contentUrl":"https:\/\/www.ciel-strasbourg.org\/wp-inside\/uploads\/2020\/10\/ciel-strasbourg-etudiant_international_yvestrotzier_46.jpg","width":2000,"height":1335},{"@type":"BreadcrumbList","@id":"https:\/\/www.ciel-strasbourg.org\/de\/unterkunft\/buchungsverfahren\/#breadcrumb","itemListElement":[{"@type":"ListItem","position":1,"name":"Startseite","item":"https:\/\/www.ciel-strasbourg.org\/de\/"},{"@type":"ListItem","position":2,"name":"Unterkunft","item":"https:\/\/www.ciel-strasbourg.org\/de\/unterkunft\/"},{"@type":"ListItem","position":3,"name":"Buchungsverfahren"}]},{"@type":"WebSite","@id":"https:\/\/www.ciel-strasbourg.org\/de\/#website","url":"https:\/\/www.ciel-strasbourg.org\/de\/","name":"CIEL","description":"Lernen Sie Franz\u00f6sisch beim CIEL de Strasbourg!","publisher":{"@id":"https:\/\/www.ciel-strasbourg.org\/de\/#organization"},"potentialAction":[{"@type":"SearchAction","target":{"@type":"EntryPoint","urlTemplate":"https:\/\/www.ciel-strasbourg.org\/de\/?s={search_term_string}"},"query-input":{"@type":"PropertyValueSpecification","valueRequired":true,"valueName":"search_term_string"}}],"inLanguage":"de-DE"},{"@type":"Organization","@id":"https:\/\/www.ciel-strasbourg.org\/de\/#organization","name":"CIEL Strasbourg","url":"https:\/\/www.ciel-strasbourg.org\/de\/","logo":{"@type":"ImageObject","inLanguage":"de-DE","@id":"https:\/\/www.ciel-strasbourg.org\/de\/#\/schema\/logo\/image\/","url":"https:\/\/www.ciel-strasbourg.org\/wp-inside\/uploads\/2020\/12\/logo-ciel.png","contentUrl":"https:\/\/www.ciel-strasbourg.org\/wp-inside\/uploads\/2020\/12\/logo-ciel.png","width":265,"height":90,"caption":"CIEL Strasbourg"},"image":{"@id":"https:\/\/www.ciel-strasbourg.org\/de\/#\/schema\/logo\/image\/"}}]}},"_links":{"self":[{"href":"https:\/\/www.ciel-strasbourg.org\/de\/wp-json\/wp\/v2\/pages\/3240","targetHints":{"allow":["GET"]}}],"collection":[{"href":"https:\/\/www.ciel-strasbourg.org\/de\/wp-json\/wp\/v2\/pages"}],"about":[{"href":"https:\/\/www.ciel-strasbourg.org\/de\/wp-json\/wp\/v2\/types\/page"}],"author":[{"embeddable":true,"href":"https:\/\/www.ciel-strasbourg.org\/de\/wp-json\/wp\/v2\/users\/7"}],"replies":[{"embeddable":true,"href":"https:\/\/www.ciel-strasbourg.org\/de\/wp-json\/wp\/v2\/comments?post=3240"}],"version-history":[{"count":4,"href":"https:\/\/www.ciel-strasbourg.org\/de\/wp-json\/wp\/v2\/pages\/3240\/revisions"}],"predecessor-version":[{"id":13013,"href":"https:\/\/www.ciel-strasbourg.org\/de\/wp-json\/wp\/v2\/pages\/3240\/revisions\/13013"}],"up":[{"embeddable":true,"href":"https:\/\/www.ciel-strasbourg.org\/de\/wp-json\/wp\/v2\/pages\/3186"}],"wp:featuredmedia":[{"embeddable":true,"href":"https:\/\/www.ciel-strasbourg.org\/de\/wp-json\/wp\/v2\/media\/3035"}],"wp:attachment":[{"href":"https:\/\/www.ciel-strasbourg.org\/de\/wp-json\/wp\/v2\/media?parent=3240"}],"curies":[{"name":"wp","href":"https:\/\/api.w.org\/{rel}","templated":true}]}}