{"id":3243,"date":"2020-12-08T15:59:45","date_gmt":"2020-12-08T14:59:45","guid":{"rendered":"https:\/\/www.ciel-strasbourg.org\/?page_id=3243"},"modified":"2023-10-17T15:33:12","modified_gmt":"2023-10-17T13:33:12","slug":"werden-sie-gastfamilie","status":"publish","type":"page","link":"https:\/\/www.ciel-strasbourg.org\/de\/unterkunft\/werden-sie-gastfamilie\/","title":{"rendered":"Werden Sie Gastfamilie"},"content":{"rendered":"<p>Das CIEL de Strasbourg empf\u00e4ngt jedes Jahr zahlreiche Kursteilnehmer aus um die f\u00fcnfzig verschiedenen L\u00e4ndern der Welt. Diese mehr oder weniger jungen Leute, Studenten oder Berufst\u00e4tige kommen nach Stra\u00dfburg, um dort unsere Sprache zu erlernen und unsere Gegend und deren Einwohner zu entdecken. Dank der ihnen gebotenen Unterkunftsm\u00f6glichkeiten bei Gastfamilien k\u00f6nnen die Kursteilnehmer voll in die franz\u00f6sische Sprache eintauchen und somit ihre Lernergebnisse optimieren.<\/p>\n","protected":false},"excerpt":{"rendered":"<p>Das CIEL de Strasbourg empf\u00e4ngt jedes Jahr zahlreiche Kursteilnehmer aus um die f\u00fcnfzig verschiedenen L\u00e4ndern der Welt. Diese mehr oder weniger jungen Leute, Studenten oder Berufst\u00e4tige kommen nach Stra\u00dfburg, um [&hellip;]<\/p>\n","protected":false},"author":7,"featured_media":3058,"parent":3186,"menu_order":370,"comment_status":"closed","ping_status":"closed","template":"tpl-page-modulable.php","meta":{"_acf_changed":false,"footnotes":""},"class_list":["post-3243","page","type-page","status-publish","has-post-thumbnail","hentry","wp-sticky"],"acf":[],"yoast_head":"<!-- This site is optimized with the Yoast SEO plugin v27.5 - https:\/\/yoast.com\/product\/yoast-seo-wordpress\/ -->\n<title>Werden Sie Gastfamilie<\/title>\n<meta name=\"robots\" content=\"index, follow, max-snippet:-1, max-image-preview:large, max-video-preview:-1\" \/>\n<link rel=\"canonical\" href=\"https:\/\/www.ciel-strasbourg.org\/de\/unterkunft\/werden-sie-gastfamilie\/\" \/>\n<meta property=\"og:locale\" content=\"de_DE\" \/>\n<meta property=\"og:type\" content=\"article\" \/>\n<meta property=\"og:title\" content=\"Werden Sie Gastfamilie\" \/>\n<meta property=\"og:description\" content=\"Das CIEL de Strasbourg empf\u00e4ngt jedes Jahr zahlreiche Kursteilnehmer aus um die f\u00fcnfzig verschiedenen L\u00e4ndern der Welt. Diese mehr oder weniger jungen Leute, Studenten oder Berufst\u00e4tige kommen nach Stra\u00dfburg, um [&hellip;]\" \/>\n<meta property=\"og:url\" content=\"https:\/\/www.ciel-strasbourg.org\/de\/unterkunft\/werden-sie-gastfamilie\/\" \/>\n<meta property=\"og:site_name\" content=\"CIEL\" \/>\n<meta property=\"article:modified_time\" content=\"2023-10-17T13:33:12+00:00\" \/>\n<meta property=\"og:image\" content=\"https:\/\/www.ciel-strasbourg.org\/wp-inside\/uploads\/2020\/11\/hebergement_devenir_famille_accueil.jpg\" \/>\n\t<meta property=\"og:image:width\" content=\"2000\" \/>\n\t<meta property=\"og:image:height\" content=\"1335\" \/>\n\t<meta property=\"og:image:type\" content=\"image\/jpeg\" \/>\n<meta name=\"twitter:card\" content=\"summary_large_image\" \/>\n<script type=\"application\/ld+json\" class=\"yoast-schema-graph\">{\"@context\":\"https:\\\/\\\/schema.org\",\"@graph\":[{\"@type\":\"WebPage\",\"@id\":\"https:\\\/\\\/www.ciel-strasbourg.org\\\/de\\\/unterkunft\\\/werden-sie-gastfamilie\\\/\",\"url\":\"https:\\\/\\\/www.ciel-strasbourg.org\\\/de\\\/unterkunft\\\/werden-sie-gastfamilie\\\/\",\"name\":\"Werden Sie Gastfamilie\",\"isPartOf\":{\"@id\":\"https:\\\/\\\/www.ciel-strasbourg.org\\\/de\\\/#website\"},\"primaryImageOfPage\":{\"@id\":\"https:\\\/\\\/www.ciel-strasbourg.org\\\/de\\\/unterkunft\\\/werden-sie-gastfamilie\\\/#primaryimage\"},\"image\":{\"@id\":\"https:\\\/\\\/www.ciel-strasbourg.org\\\/de\\\/unterkunft\\\/werden-sie-gastfamilie\\\/#primaryimage\"},\"thumbnailUrl\":\"https:\\\/\\\/www.ciel-strasbourg.org\\\/wp-inside\\\/uploads\\\/2020\\\/11\\\/hebergement_devenir_famille_accueil.jpg\",\"datePublished\":\"2020-12-08T14:59:45+00:00\",\"dateModified\":\"2023-10-17T13:33:12+00:00\",\"breadcrumb\":{\"@id\":\"https:\\\/\\\/www.ciel-strasbourg.org\\\/de\\\/unterkunft\\\/werden-sie-gastfamilie\\\/#breadcrumb\"},\"inLanguage\":\"de-DE\",\"potentialAction\":[{\"@type\":\"ReadAction\",\"target\":[\"https:\\\/\\\/www.ciel-strasbourg.org\\\/de\\\/unterkunft\\\/werden-sie-gastfamilie\\\/\"]}]},{\"@type\":\"ImageObject\",\"inLanguage\":\"de-DE\",\"@id\":\"https:\\\/\\\/www.ciel-strasbourg.org\\\/de\\\/unterkunft\\\/werden-sie-gastfamilie\\\/#primaryimage\",\"url\":\"https:\\\/\\\/www.ciel-strasbourg.org\\\/wp-inside\\\/uploads\\\/2020\\\/11\\\/hebergement_devenir_famille_accueil.jpg\",\"contentUrl\":\"https:\\\/\\\/www.ciel-strasbourg.org\\\/wp-inside\\\/uploads\\\/2020\\\/11\\\/hebergement_devenir_famille_accueil.jpg\",\"width\":2000,\"height\":1335,\"caption\":\"Devenir famille d'accueil\"},{\"@type\":\"BreadcrumbList\",\"@id\":\"https:\\\/\\\/www.ciel-strasbourg.org\\\/de\\\/unterkunft\\\/werden-sie-gastfamilie\\\/#breadcrumb\",\"itemListElement\":[{\"@type\":\"ListItem\",\"position\":1,\"name\":\"Startseite\",\"item\":\"https:\\\/\\\/www.ciel-strasbourg.org\\\/de\\\/\"},{\"@type\":\"ListItem\",\"position\":2,\"name\":\"Unterkunft\",\"item\":\"https:\\\/\\\/www.ciel-strasbourg.org\\\/de\\\/unterkunft\\\/\"},{\"@type\":\"ListItem\",\"position\":3,\"name\":\"Werden Sie Gastfamilie\"}]},{\"@type\":\"WebSite\",\"@id\":\"https:\\\/\\\/www.ciel-strasbourg.org\\\/de\\\/#website\",\"url\":\"https:\\\/\\\/www.ciel-strasbourg.org\\\/de\\\/\",\"name\":\"CIEL\",\"description\":\"Lernen Sie Franz\u00f6sisch beim CIEL de Strasbourg!\",\"publisher\":{\"@id\":\"https:\\\/\\\/www.ciel-strasbourg.org\\\/de\\\/#organization\"},\"potentialAction\":[{\"@type\":\"SearchAction\",\"target\":{\"@type\":\"EntryPoint\",\"urlTemplate\":\"https:\\\/\\\/www.ciel-strasbourg.org\\\/de\\\/?s={search_term_string}\"},\"query-input\":{\"@type\":\"PropertyValueSpecification\",\"valueRequired\":true,\"valueName\":\"search_term_string\"}}],\"inLanguage\":\"de-DE\"},{\"@type\":\"Organization\",\"@id\":\"https:\\\/\\\/www.ciel-strasbourg.org\\\/de\\\/#organization\",\"name\":\"CIEL Strasbourg\",\"url\":\"https:\\\/\\\/www.ciel-strasbourg.org\\\/de\\\/\",\"logo\":{\"@type\":\"ImageObject\",\"inLanguage\":\"de-DE\",\"@id\":\"https:\\\/\\\/www.ciel-strasbourg.org\\\/de\\\/#\\\/schema\\\/logo\\\/image\\\/\",\"url\":\"https:\\\/\\\/www.ciel-strasbourg.org\\\/wp-inside\\\/uploads\\\/2020\\\/12\\\/logo-ciel.png\",\"contentUrl\":\"https:\\\/\\\/www.ciel-strasbourg.org\\\/wp-inside\\\/uploads\\\/2020\\\/12\\\/logo-ciel.png\",\"width\":265,\"height\":90,\"caption\":\"CIEL Strasbourg\"},\"image\":{\"@id\":\"https:\\\/\\\/www.ciel-strasbourg.org\\\/de\\\/#\\\/schema\\\/logo\\\/image\\\/\"}}]}<\/script>\n<!-- \/ Yoast SEO plugin. -->","yoast_head_json":{"title":"Werden Sie Gastfamilie","robots":{"index":"index","follow":"follow","max-snippet":"max-snippet:-1","max-image-preview":"max-image-preview:large","max-video-preview":"max-video-preview:-1"},"canonical":"https:\/\/www.ciel-strasbourg.org\/de\/unterkunft\/werden-sie-gastfamilie\/","og_locale":"de_DE","og_type":"article","og_title":"Werden Sie Gastfamilie","og_description":"Das CIEL de Strasbourg empf\u00e4ngt jedes Jahr zahlreiche Kursteilnehmer aus um die f\u00fcnfzig verschiedenen L\u00e4ndern der Welt. Diese mehr oder weniger jungen Leute, Studenten oder Berufst\u00e4tige kommen nach Stra\u00dfburg, um [&hellip;]","og_url":"https:\/\/www.ciel-strasbourg.org\/de\/unterkunft\/werden-sie-gastfamilie\/","og_site_name":"CIEL","article_modified_time":"2023-10-17T13:33:12+00:00","og_image":[{"width":2000,"height":1335,"url":"https:\/\/www.ciel-strasbourg.org\/wp-inside\/uploads\/2020\/11\/hebergement_devenir_famille_accueil.jpg","type":"image\/jpeg"}],"twitter_card":"summary_large_image","schema":{"@context":"https:\/\/schema.org","@graph":[{"@type":"WebPage","@id":"https:\/\/www.ciel-strasbourg.org\/de\/unterkunft\/werden-sie-gastfamilie\/","url":"https:\/\/www.ciel-strasbourg.org\/de\/unterkunft\/werden-sie-gastfamilie\/","name":"Werden Sie Gastfamilie","isPartOf":{"@id":"https:\/\/www.ciel-strasbourg.org\/de\/#website"},"primaryImageOfPage":{"@id":"https:\/\/www.ciel-strasbourg.org\/de\/unterkunft\/werden-sie-gastfamilie\/#primaryimage"},"image":{"@id":"https:\/\/www.ciel-strasbourg.org\/de\/unterkunft\/werden-sie-gastfamilie\/#primaryimage"},"thumbnailUrl":"https:\/\/www.ciel-strasbourg.org\/wp-inside\/uploads\/2020\/11\/hebergement_devenir_famille_accueil.jpg","datePublished":"2020-12-08T14:59:45+00:00","dateModified":"2023-10-17T13:33:12+00:00","breadcrumb":{"@id":"https:\/\/www.ciel-strasbourg.org\/de\/unterkunft\/werden-sie-gastfamilie\/#breadcrumb"},"inLanguage":"de-DE","potentialAction":[{"@type":"ReadAction","target":["https:\/\/www.ciel-strasbourg.org\/de\/unterkunft\/werden-sie-gastfamilie\/"]}]},{"@type":"ImageObject","inLanguage":"de-DE","@id":"https:\/\/www.ciel-strasbourg.org\/de\/unterkunft\/werden-sie-gastfamilie\/#primaryimage","url":"https:\/\/www.ciel-strasbourg.org\/wp-inside\/uploads\/2020\/11\/hebergement_devenir_famille_accueil.jpg","contentUrl":"https:\/\/www.ciel-strasbourg.org\/wp-inside\/uploads\/2020\/11\/hebergement_devenir_famille_accueil.jpg","width":2000,"height":1335,"caption":"Devenir famille d'accueil"},{"@type":"BreadcrumbList","@id":"https:\/\/www.ciel-strasbourg.org\/de\/unterkunft\/werden-sie-gastfamilie\/#breadcrumb","itemListElement":[{"@type":"ListItem","position":1,"name":"Startseite","item":"https:\/\/www.ciel-strasbourg.org\/de\/"},{"@type":"ListItem","position":2,"name":"Unterkunft","item":"https:\/\/www.ciel-strasbourg.org\/de\/unterkunft\/"},{"@type":"ListItem","position":3,"name":"Werden Sie Gastfamilie"}]},{"@type":"WebSite","@id":"https:\/\/www.ciel-strasbourg.org\/de\/#website","url":"https:\/\/www.ciel-strasbourg.org\/de\/","name":"CIEL","description":"Lernen Sie Franz\u00f6sisch beim CIEL de Strasbourg!","publisher":{"@id":"https:\/\/www.ciel-strasbourg.org\/de\/#organization"},"potentialAction":[{"@type":"SearchAction","target":{"@type":"EntryPoint","urlTemplate":"https:\/\/www.ciel-strasbourg.org\/de\/?s={search_term_string}"},"query-input":{"@type":"PropertyValueSpecification","valueRequired":true,"valueName":"search_term_string"}}],"inLanguage":"de-DE"},{"@type":"Organization","@id":"https:\/\/www.ciel-strasbourg.org\/de\/#organization","name":"CIEL Strasbourg","url":"https:\/\/www.ciel-strasbourg.org\/de\/","logo":{"@type":"ImageObject","inLanguage":"de-DE","@id":"https:\/\/www.ciel-strasbourg.org\/de\/#\/schema\/logo\/image\/","url":"https:\/\/www.ciel-strasbourg.org\/wp-inside\/uploads\/2020\/12\/logo-ciel.png","contentUrl":"https:\/\/www.ciel-strasbourg.org\/wp-inside\/uploads\/2020\/12\/logo-ciel.png","width":265,"height":90,"caption":"CIEL Strasbourg"},"image":{"@id":"https:\/\/www.ciel-strasbourg.org\/de\/#\/schema\/logo\/image\/"}}]}},"_links":{"self":[{"href":"https:\/\/www.ciel-strasbourg.org\/de\/wp-json\/wp\/v2\/pages\/3243","targetHints":{"allow":["GET"]}}],"collection":[{"href":"https:\/\/www.ciel-strasbourg.org\/de\/wp-json\/wp\/v2\/pages"}],"about":[{"href":"https:\/\/www.ciel-strasbourg.org\/de\/wp-json\/wp\/v2\/types\/page"}],"author":[{"embeddable":true,"href":"https:\/\/www.ciel-strasbourg.org\/de\/wp-json\/wp\/v2\/users\/7"}],"replies":[{"embeddable":true,"href":"https:\/\/www.ciel-strasbourg.org\/de\/wp-json\/wp\/v2\/comments?post=3243"}],"version-history":[{"count":5,"href":"https:\/\/www.ciel-strasbourg.org\/de\/wp-json\/wp\/v2\/pages\/3243\/revisions"}],"predecessor-version":[{"id":12732,"href":"https:\/\/www.ciel-strasbourg.org\/de\/wp-json\/wp\/v2\/pages\/3243\/revisions\/12732"}],"up":[{"embeddable":true,"href":"https:\/\/www.ciel-strasbourg.org\/de\/wp-json\/wp\/v2\/pages\/3186"}],"wp:featuredmedia":[{"embeddable":true,"href":"https:\/\/www.ciel-strasbourg.org\/de\/wp-json\/wp\/v2\/media\/3058"}],"wp:attachment":[{"href":"https:\/\/www.ciel-strasbourg.org\/de\/wp-json\/wp\/v2\/media?parent=3243"}],"curies":[{"name":"wp","href":"https:\/\/api.w.org\/{rel}","templated":true}]}}