{"id":3248,"date":"2020-12-08T16:04:19","date_gmt":"2020-12-08T15:04:19","guid":{"rendered":"https:\/\/www.ciel-strasbourg.org\/?page_id=3248"},"modified":"2020-12-08T16:04:19","modified_gmt":"2020-12-08T15:04:19","slug":"strassburg-und-das-elsass","status":"publish","type":"page","link":"https:\/\/www.ciel-strasbourg.org\/de\/strassburg-und-das-elsass\/","title":{"rendered":"Strassburg und das Elsass"},"content":{"rendered":"<p>Die franz\u00f6sische Region \u201eGrand Est\u201c, und dort insbesondere das Elsass, ist f\u00fcr ihre Weinberge, Schl\u00f6sser, W\u00e4lder und gastronomische Spezialit\u00e4ten bekannt. Wir helfen Ihnen diese <strong>au\u00dfergew\u00f6hnliche Umgebung<\/strong> kennen zu lernen und informieren Sie \u00fcber vielf\u00e4ltige <em>Touristik- und Freizeitm\u00f6glichkeiten, sowie sportliche und kulturelle <\/em>Aktivit\u00e4ten, die Ihnen in Stadt und Region geboten werden.<\/p>\n","protected":false},"excerpt":{"rendered":"<p>Die franz\u00f6sische Region \u201eGrand Est\u201c, und dort insbesondere das Elsass, ist f\u00fcr ihre Weinberge, Schl\u00f6sser, W\u00e4lder und gastronomische Spezialit\u00e4ten bekannt. Wir helfen Ihnen diese au\u00dfergew\u00f6hnliche Umgebung kennen zu lernen und [&hellip;]<\/p>\n","protected":false},"author":7,"featured_media":3094,"parent":0,"menu_order":50,"comment_status":"closed","ping_status":"closed","template":"tpl-carrefour.php","meta":{"_acf_changed":false,"footnotes":""},"class_list":["post-3248","page","type-page","status-publish","has-post-thumbnail","hentry","wp-sticky"],"acf":[],"yoast_head":"<!-- This site is optimized with the Yoast SEO plugin v27.5 - https:\/\/yoast.com\/product\/yoast-seo-wordpress\/ -->\n<title>Strassburg und das Elsass<\/title>\n<meta name=\"robots\" content=\"index, follow, max-snippet:-1, max-image-preview:large, max-video-preview:-1\" \/>\n<link rel=\"canonical\" href=\"https:\/\/www.ciel-strasbourg.org\/de\/strassburg-und-das-elsass\/\" \/>\n<meta property=\"og:locale\" content=\"de_DE\" \/>\n<meta property=\"og:type\" content=\"article\" \/>\n<meta property=\"og:title\" content=\"Strassburg und das Elsass\" \/>\n<meta property=\"og:description\" content=\"Die franz\u00f6sische Region \u201eGrand Est\u201c, und dort insbesondere das Elsass, ist f\u00fcr ihre Weinberge, Schl\u00f6sser, W\u00e4lder und gastronomische Spezialit\u00e4ten bekannt. Wir helfen Ihnen diese au\u00dfergew\u00f6hnliche Umgebung kennen zu lernen und [&hellip;]\" \/>\n<meta property=\"og:url\" content=\"https:\/\/www.ciel-strasbourg.org\/de\/strassburg-und-das-elsass\/\" \/>\n<meta property=\"og:site_name\" content=\"CIEL\" \/>\n<meta property=\"og:image\" content=\"https:\/\/www.ciel-strasbourg.org\/wp-inside\/uploads\/2020\/10\/ciel-strasbourg-alsace-paysage-village-3-scaled.jpg\" \/>\n\t<meta property=\"og:image:width\" content=\"2560\" \/>\n\t<meta property=\"og:image:height\" content=\"1708\" \/>\n\t<meta property=\"og:image:type\" content=\"image\/jpeg\" \/>\n<meta name=\"twitter:card\" content=\"summary_large_image\" \/>\n<script type=\"application\/ld+json\" class=\"yoast-schema-graph\">{\"@context\":\"https:\\\/\\\/schema.org\",\"@graph\":[{\"@type\":\"WebPage\",\"@id\":\"https:\\\/\\\/www.ciel-strasbourg.org\\\/de\\\/strassburg-und-das-elsass\\\/\",\"url\":\"https:\\\/\\\/www.ciel-strasbourg.org\\\/de\\\/strassburg-und-das-elsass\\\/\",\"name\":\"Strassburg und das Elsass\",\"isPartOf\":{\"@id\":\"https:\\\/\\\/www.ciel-strasbourg.org\\\/de\\\/#website\"},\"primaryImageOfPage\":{\"@id\":\"https:\\\/\\\/www.ciel-strasbourg.org\\\/de\\\/strassburg-und-das-elsass\\\/#primaryimage\"},\"image\":{\"@id\":\"https:\\\/\\\/www.ciel-strasbourg.org\\\/de\\\/strassburg-und-das-elsass\\\/#primaryimage\"},\"thumbnailUrl\":\"https:\\\/\\\/www.ciel-strasbourg.org\\\/wp-inside\\\/uploads\\\/2020\\\/10\\\/ciel-strasbourg-alsace-paysage-village-3-scaled.jpg\",\"datePublished\":\"2020-12-08T15:04:19+00:00\",\"breadcrumb\":{\"@id\":\"https:\\\/\\\/www.ciel-strasbourg.org\\\/de\\\/strassburg-und-das-elsass\\\/#breadcrumb\"},\"inLanguage\":\"de-DE\",\"potentialAction\":[{\"@type\":\"ReadAction\",\"target\":[\"https:\\\/\\\/www.ciel-strasbourg.org\\\/de\\\/strassburg-und-das-elsass\\\/\"]}]},{\"@type\":\"ImageObject\",\"inLanguage\":\"de-DE\",\"@id\":\"https:\\\/\\\/www.ciel-strasbourg.org\\\/de\\\/strassburg-und-das-elsass\\\/#primaryimage\",\"url\":\"https:\\\/\\\/www.ciel-strasbourg.org\\\/wp-inside\\\/uploads\\\/2020\\\/10\\\/ciel-strasbourg-alsace-paysage-village-3-scaled.jpg\",\"contentUrl\":\"https:\\\/\\\/www.ciel-strasbourg.org\\\/wp-inside\\\/uploads\\\/2020\\\/10\\\/ciel-strasbourg-alsace-paysage-village-3-scaled.jpg\",\"width\":2560,\"height\":1708,\"caption\":\"Ciel Strasbourg paysage Alsace\"},{\"@type\":\"BreadcrumbList\",\"@id\":\"https:\\\/\\\/www.ciel-strasbourg.org\\\/de\\\/strassburg-und-das-elsass\\\/#breadcrumb\",\"itemListElement\":[{\"@type\":\"ListItem\",\"position\":1,\"name\":\"Startseite\",\"item\":\"https:\\\/\\\/www.ciel-strasbourg.org\\\/de\\\/\"},{\"@type\":\"ListItem\",\"position\":2,\"name\":\"Strassburg und das Elsass\"}]},{\"@type\":\"WebSite\",\"@id\":\"https:\\\/\\\/www.ciel-strasbourg.org\\\/de\\\/#website\",\"url\":\"https:\\\/\\\/www.ciel-strasbourg.org\\\/de\\\/\",\"name\":\"CIEL\",\"description\":\"Lernen Sie Franz\u00f6sisch beim CIEL de Strasbourg!\",\"publisher\":{\"@id\":\"https:\\\/\\\/www.ciel-strasbourg.org\\\/de\\\/#organization\"},\"potentialAction\":[{\"@type\":\"SearchAction\",\"target\":{\"@type\":\"EntryPoint\",\"urlTemplate\":\"https:\\\/\\\/www.ciel-strasbourg.org\\\/de\\\/?s={search_term_string}\"},\"query-input\":{\"@type\":\"PropertyValueSpecification\",\"valueRequired\":true,\"valueName\":\"search_term_string\"}}],\"inLanguage\":\"de-DE\"},{\"@type\":\"Organization\",\"@id\":\"https:\\\/\\\/www.ciel-strasbourg.org\\\/de\\\/#organization\",\"name\":\"CIEL Strasbourg\",\"url\":\"https:\\\/\\\/www.ciel-strasbourg.org\\\/de\\\/\",\"logo\":{\"@type\":\"ImageObject\",\"inLanguage\":\"de-DE\",\"@id\":\"https:\\\/\\\/www.ciel-strasbourg.org\\\/de\\\/#\\\/schema\\\/logo\\\/image\\\/\",\"url\":\"https:\\\/\\\/www.ciel-strasbourg.org\\\/wp-inside\\\/uploads\\\/2020\\\/12\\\/logo-ciel.png\",\"contentUrl\":\"https:\\\/\\\/www.ciel-strasbourg.org\\\/wp-inside\\\/uploads\\\/2020\\\/12\\\/logo-ciel.png\",\"width\":265,\"height\":90,\"caption\":\"CIEL Strasbourg\"},\"image\":{\"@id\":\"https:\\\/\\\/www.ciel-strasbourg.org\\\/de\\\/#\\\/schema\\\/logo\\\/image\\\/\"}}]}<\/script>\n<!-- \/ Yoast SEO plugin. -->","yoast_head_json":{"title":"Strassburg und das Elsass","robots":{"index":"index","follow":"follow","max-snippet":"max-snippet:-1","max-image-preview":"max-image-preview:large","max-video-preview":"max-video-preview:-1"},"canonical":"https:\/\/www.ciel-strasbourg.org\/de\/strassburg-und-das-elsass\/","og_locale":"de_DE","og_type":"article","og_title":"Strassburg und das Elsass","og_description":"Die franz\u00f6sische Region \u201eGrand Est\u201c, und dort insbesondere das Elsass, ist f\u00fcr ihre Weinberge, Schl\u00f6sser, W\u00e4lder und gastronomische Spezialit\u00e4ten bekannt. Wir helfen Ihnen diese au\u00dfergew\u00f6hnliche Umgebung kennen zu lernen und [&hellip;]","og_url":"https:\/\/www.ciel-strasbourg.org\/de\/strassburg-und-das-elsass\/","og_site_name":"CIEL","og_image":[{"width":2560,"height":1708,"url":"https:\/\/www.ciel-strasbourg.org\/wp-inside\/uploads\/2020\/10\/ciel-strasbourg-alsace-paysage-village-3-scaled.jpg","type":"image\/jpeg"}],"twitter_card":"summary_large_image","schema":{"@context":"https:\/\/schema.org","@graph":[{"@type":"WebPage","@id":"https:\/\/www.ciel-strasbourg.org\/de\/strassburg-und-das-elsass\/","url":"https:\/\/www.ciel-strasbourg.org\/de\/strassburg-und-das-elsass\/","name":"Strassburg und das Elsass","isPartOf":{"@id":"https:\/\/www.ciel-strasbourg.org\/de\/#website"},"primaryImageOfPage":{"@id":"https:\/\/www.ciel-strasbourg.org\/de\/strassburg-und-das-elsass\/#primaryimage"},"image":{"@id":"https:\/\/www.ciel-strasbourg.org\/de\/strassburg-und-das-elsass\/#primaryimage"},"thumbnailUrl":"https:\/\/www.ciel-strasbourg.org\/wp-inside\/uploads\/2020\/10\/ciel-strasbourg-alsace-paysage-village-3-scaled.jpg","datePublished":"2020-12-08T15:04:19+00:00","breadcrumb":{"@id":"https:\/\/www.ciel-strasbourg.org\/de\/strassburg-und-das-elsass\/#breadcrumb"},"inLanguage":"de-DE","potentialAction":[{"@type":"ReadAction","target":["https:\/\/www.ciel-strasbourg.org\/de\/strassburg-und-das-elsass\/"]}]},{"@type":"ImageObject","inLanguage":"de-DE","@id":"https:\/\/www.ciel-strasbourg.org\/de\/strassburg-und-das-elsass\/#primaryimage","url":"https:\/\/www.ciel-strasbourg.org\/wp-inside\/uploads\/2020\/10\/ciel-strasbourg-alsace-paysage-village-3-scaled.jpg","contentUrl":"https:\/\/www.ciel-strasbourg.org\/wp-inside\/uploads\/2020\/10\/ciel-strasbourg-alsace-paysage-village-3-scaled.jpg","width":2560,"height":1708,"caption":"Ciel Strasbourg paysage Alsace"},{"@type":"BreadcrumbList","@id":"https:\/\/www.ciel-strasbourg.org\/de\/strassburg-und-das-elsass\/#breadcrumb","itemListElement":[{"@type":"ListItem","position":1,"name":"Startseite","item":"https:\/\/www.ciel-strasbourg.org\/de\/"},{"@type":"ListItem","position":2,"name":"Strassburg und das Elsass"}]},{"@type":"WebSite","@id":"https:\/\/www.ciel-strasbourg.org\/de\/#website","url":"https:\/\/www.ciel-strasbourg.org\/de\/","name":"CIEL","description":"Lernen Sie Franz\u00f6sisch beim CIEL de Strasbourg!","publisher":{"@id":"https:\/\/www.ciel-strasbourg.org\/de\/#organization"},"potentialAction":[{"@type":"SearchAction","target":{"@type":"EntryPoint","urlTemplate":"https:\/\/www.ciel-strasbourg.org\/de\/?s={search_term_string}"},"query-input":{"@type":"PropertyValueSpecification","valueRequired":true,"valueName":"search_term_string"}}],"inLanguage":"de-DE"},{"@type":"Organization","@id":"https:\/\/www.ciel-strasbourg.org\/de\/#organization","name":"CIEL Strasbourg","url":"https:\/\/www.ciel-strasbourg.org\/de\/","logo":{"@type":"ImageObject","inLanguage":"de-DE","@id":"https:\/\/www.ciel-strasbourg.org\/de\/#\/schema\/logo\/image\/","url":"https:\/\/www.ciel-strasbourg.org\/wp-inside\/uploads\/2020\/12\/logo-ciel.png","contentUrl":"https:\/\/www.ciel-strasbourg.org\/wp-inside\/uploads\/2020\/12\/logo-ciel.png","width":265,"height":90,"caption":"CIEL Strasbourg"},"image":{"@id":"https:\/\/www.ciel-strasbourg.org\/de\/#\/schema\/logo\/image\/"}}]}},"_links":{"self":[{"href":"https:\/\/www.ciel-strasbourg.org\/de\/wp-json\/wp\/v2\/pages\/3248","targetHints":{"allow":["GET"]}}],"collection":[{"href":"https:\/\/www.ciel-strasbourg.org\/de\/wp-json\/wp\/v2\/pages"}],"about":[{"href":"https:\/\/www.ciel-strasbourg.org\/de\/wp-json\/wp\/v2\/types\/page"}],"author":[{"embeddable":true,"href":"https:\/\/www.ciel-strasbourg.org\/de\/wp-json\/wp\/v2\/users\/7"}],"replies":[{"embeddable":true,"href":"https:\/\/www.ciel-strasbourg.org\/de\/wp-json\/wp\/v2\/comments?post=3248"}],"version-history":[{"count":1,"href":"https:\/\/www.ciel-strasbourg.org\/de\/wp-json\/wp\/v2\/pages\/3248\/revisions"}],"predecessor-version":[{"id":3249,"href":"https:\/\/www.ciel-strasbourg.org\/de\/wp-json\/wp\/v2\/pages\/3248\/revisions\/3249"}],"wp:featuredmedia":[{"embeddable":true,"href":"https:\/\/www.ciel-strasbourg.org\/de\/wp-json\/wp\/v2\/media\/3094"}],"wp:attachment":[{"href":"https:\/\/www.ciel-strasbourg.org\/de\/wp-json\/wp\/v2\/media?parent=3248"}],"curies":[{"name":"wp","href":"https:\/\/api.w.org\/{rel}","templated":true}]}}