{"id":3256,"date":"2020-12-08T16:20:29","date_gmt":"2020-12-08T15:20:29","guid":{"rendered":"https:\/\/www.ciel-strasbourg.org\/?page_id=3256"},"modified":"2021-01-12T16:57:27","modified_gmt":"2021-01-12T15:57:27","slug":"strasbourg","status":"publish","type":"page","link":"https:\/\/www.ciel-strasbourg.org\/de\/strassburg-und-das-elsass\/strasbourg\/","title":{"rendered":"Strasbourg"},"content":{"rendered":"<p>Stra\u00dfburg ist eine kunst- und geschichtstr\u00e4chtige Stadt, deren architektonische Vielfalt \u00fcberrascht. Seit ihrer Gr\u00fcndung vor \u00fcber 2000 Jahren ein Kreuzpunkt wichtiger\u00a0 Fernstra\u00dfen ist Stra\u00dfburg heute dem Weltkulturerbe der UNESCO zugeh\u00f6rig. Man findet dort auf der \u201eGrande \u00cele\u201c die mittelalterliche Altstadt (Stra\u00dfburger M\u00fcnster in gotischem Stil, Thomaskirche \u2026), das Viertel \u201e Petite France\u201c und seine f\u00fcr das Elsass typische Fachwerkh\u00e4user, die Neustadt, das europ\u00e4ische Viertel \u2026<\/p>\n<p><a href=\"https:\/\/www.visitstrasbourg.fr\/\" target=\"_blank\" rel=\"noopener noreferrer\">Website des \u201eoffice du tourisme\u201c<\/a><\/p>\n<p>Ein dichtes \u00a0umweltfreundliches Netz \u00f6ffentlicher Verkehrsmittel<\/p>\n<p>Wegweisend bei der Wiedereinf\u00fchrung von Stra\u00dfenbahnen in Frankreich hat Stra\u00dfburg bereits 1994 ein ehrgeiziges Bauprojekt in die Wege geleitet. Das Schienennetz umfasst derzeit 45 km. Es bedient die Stadt, 6 sich ihr anschlie\u00dfende Gemeinden und die Stadt Kehl auf der anderen Seite des Rheins in Deutschland. Zudem verf\u00fcgt Stra\u00dfburg \u00fcber 560 km Radwege und ist somit hinsichtlich des Fahrradverkehrs in Frankreich f\u00fchrend!<\/p>\n<p><a href=\"https:\/\/www.cts-strasbourg.eu\/fr\/\" target=\"_blank\" rel=\"noopener noreferrer\">CTS Strasbourg<\/a>\u00a0&amp;\u00a0<a href=\"https:\/\/www.strasbourg.eu\/a-velo\" target=\"_blank\" rel=\"noopener noreferrer\">Strasbourg \u00e0 v\u00e9lo<\/a><\/p>\n","protected":false},"excerpt":{"rendered":"<p>Stra\u00dfburg ist eine Stadt der Kunst und Geschichte, die Sie mit ihrer architektonischen Vielfalt \u00fcberraschen wird.<\/p>\n","protected":false},"author":7,"featured_media":3135,"parent":3248,"menu_order":510,"comment_status":"closed","ping_status":"closed","template":"tpl-page-modulable.php","meta":{"_acf_changed":false,"footnotes":""},"class_list":["post-3256","page","type-page","status-publish","has-post-thumbnail","hentry","wp-sticky"],"acf":[],"yoast_head":"<!-- This site is optimized with the Yoast SEO plugin v27.4 - https:\/\/yoast.com\/product\/yoast-seo-wordpress\/ -->\n<title>Strasbourg<\/title>\n<meta name=\"robots\" content=\"index, follow, max-snippet:-1, max-image-preview:large, max-video-preview:-1\" \/>\n<link rel=\"canonical\" href=\"https:\/\/www.ciel-strasbourg.org\/de\/strassburg-und-das-elsass\/strasbourg\/\" \/>\n<meta property=\"og:locale\" content=\"de_DE\" \/>\n<meta property=\"og:type\" content=\"article\" \/>\n<meta property=\"og:title\" content=\"Strasbourg\" \/>\n<meta property=\"og:description\" content=\"Stra\u00dfburg ist eine Stadt der Kunst und Geschichte, die Sie mit ihrer architektonischen Vielfalt \u00fcberraschen wird.\" \/>\n<meta property=\"og:url\" content=\"https:\/\/www.ciel-strasbourg.org\/de\/strassburg-und-das-elsass\/strasbourg\/\" \/>\n<meta property=\"og:site_name\" content=\"CIEL\" \/>\n<meta property=\"article:modified_time\" content=\"2021-01-12T15:57:27+00:00\" \/>\n<meta property=\"og:image\" content=\"https:\/\/www.ciel-strasbourg.org\/wp-inside\/uploads\/2020\/11\/strabg_et_l_alsace_patrimoine_et_art_portrait.jpg\" \/>\n\t<meta property=\"og:image:width\" content=\"1179\" \/>\n\t<meta property=\"og:image:height\" content=\"1772\" \/>\n\t<meta property=\"og:image:type\" content=\"image\/jpeg\" \/>\n<meta name=\"twitter:card\" content=\"summary_large_image\" \/>\n<meta name=\"twitter:label1\" content=\"Est. reading time\" \/>\n\t<meta name=\"twitter:data1\" content=\"1 minute\" \/>\n<script type=\"application\/ld+json\" class=\"yoast-schema-graph\">{\"@context\":\"https:\\\/\\\/schema.org\",\"@graph\":[{\"@type\":\"WebPage\",\"@id\":\"https:\\\/\\\/www.ciel-strasbourg.org\\\/de\\\/strassburg-und-das-elsass\\\/strasbourg\\\/\",\"url\":\"https:\\\/\\\/www.ciel-strasbourg.org\\\/de\\\/strassburg-und-das-elsass\\\/strasbourg\\\/\",\"name\":\"Strasbourg\",\"isPartOf\":{\"@id\":\"https:\\\/\\\/www.ciel-strasbourg.org\\\/de\\\/#website\"},\"primaryImageOfPage\":{\"@id\":\"https:\\\/\\\/www.ciel-strasbourg.org\\\/de\\\/strassburg-und-das-elsass\\\/strasbourg\\\/#primaryimage\"},\"image\":{\"@id\":\"https:\\\/\\\/www.ciel-strasbourg.org\\\/de\\\/strassburg-und-das-elsass\\\/strasbourg\\\/#primaryimage\"},\"thumbnailUrl\":\"https:\\\/\\\/www.ciel-strasbourg.org\\\/wp-inside\\\/uploads\\\/2020\\\/11\\\/strabg_et_l_alsace_patrimoine_et_art_portrait.jpg\",\"datePublished\":\"2020-12-08T15:20:29+00:00\",\"dateModified\":\"2021-01-12T15:57:27+00:00\",\"breadcrumb\":{\"@id\":\"https:\\\/\\\/www.ciel-strasbourg.org\\\/de\\\/strassburg-und-das-elsass\\\/strasbourg\\\/#breadcrumb\"},\"inLanguage\":\"de-DE\",\"potentialAction\":[{\"@type\":\"ReadAction\",\"target\":[\"https:\\\/\\\/www.ciel-strasbourg.org\\\/de\\\/strassburg-und-das-elsass\\\/strasbourg\\\/\"]}]},{\"@type\":\"ImageObject\",\"inLanguage\":\"de-DE\",\"@id\":\"https:\\\/\\\/www.ciel-strasbourg.org\\\/de\\\/strassburg-und-das-elsass\\\/strasbourg\\\/#primaryimage\",\"url\":\"https:\\\/\\\/www.ciel-strasbourg.org\\\/wp-inside\\\/uploads\\\/2020\\\/11\\\/strabg_et_l_alsace_patrimoine_et_art_portrait.jpg\",\"contentUrl\":\"https:\\\/\\\/www.ciel-strasbourg.org\\\/wp-inside\\\/uploads\\\/2020\\\/11\\\/strabg_et_l_alsace_patrimoine_et_art_portrait.jpg\",\"width\":1179,\"height\":1772,\"caption\":\"Ciel Strasbourg Alsace\"},{\"@type\":\"BreadcrumbList\",\"@id\":\"https:\\\/\\\/www.ciel-strasbourg.org\\\/de\\\/strassburg-und-das-elsass\\\/strasbourg\\\/#breadcrumb\",\"itemListElement\":[{\"@type\":\"ListItem\",\"position\":1,\"name\":\"Startseite\",\"item\":\"https:\\\/\\\/www.ciel-strasbourg.org\\\/de\\\/\"},{\"@type\":\"ListItem\",\"position\":2,\"name\":\"Strassburg und das Elsass\",\"item\":\"https:\\\/\\\/www.ciel-strasbourg.org\\\/de\\\/strassburg-und-das-elsass\\\/\"},{\"@type\":\"ListItem\",\"position\":3,\"name\":\"Strasbourg\"}]},{\"@type\":\"WebSite\",\"@id\":\"https:\\\/\\\/www.ciel-strasbourg.org\\\/de\\\/#website\",\"url\":\"https:\\\/\\\/www.ciel-strasbourg.org\\\/de\\\/\",\"name\":\"CIEL\",\"description\":\"Lernen Sie Franz\u00f6sisch beim CIEL de Strasbourg!\",\"publisher\":{\"@id\":\"https:\\\/\\\/www.ciel-strasbourg.org\\\/de\\\/#organization\"},\"potentialAction\":[{\"@type\":\"SearchAction\",\"target\":{\"@type\":\"EntryPoint\",\"urlTemplate\":\"https:\\\/\\\/www.ciel-strasbourg.org\\\/de\\\/?s={search_term_string}\"},\"query-input\":{\"@type\":\"PropertyValueSpecification\",\"valueRequired\":true,\"valueName\":\"search_term_string\"}}],\"inLanguage\":\"de-DE\"},{\"@type\":\"Organization\",\"@id\":\"https:\\\/\\\/www.ciel-strasbourg.org\\\/de\\\/#organization\",\"name\":\"CIEL Strasbourg\",\"url\":\"https:\\\/\\\/www.ciel-strasbourg.org\\\/de\\\/\",\"logo\":{\"@type\":\"ImageObject\",\"inLanguage\":\"de-DE\",\"@id\":\"https:\\\/\\\/www.ciel-strasbourg.org\\\/de\\\/#\\\/schema\\\/logo\\\/image\\\/\",\"url\":\"https:\\\/\\\/www.ciel-strasbourg.org\\\/wp-inside\\\/uploads\\\/2020\\\/12\\\/logo-ciel.png\",\"contentUrl\":\"https:\\\/\\\/www.ciel-strasbourg.org\\\/wp-inside\\\/uploads\\\/2020\\\/12\\\/logo-ciel.png\",\"width\":265,\"height\":90,\"caption\":\"CIEL Strasbourg\"},\"image\":{\"@id\":\"https:\\\/\\\/www.ciel-strasbourg.org\\\/de\\\/#\\\/schema\\\/logo\\\/image\\\/\"}}]}<\/script>\n<!-- \/ Yoast SEO plugin. -->","yoast_head_json":{"title":"Strasbourg","robots":{"index":"index","follow":"follow","max-snippet":"max-snippet:-1","max-image-preview":"max-image-preview:large","max-video-preview":"max-video-preview:-1"},"canonical":"https:\/\/www.ciel-strasbourg.org\/de\/strassburg-und-das-elsass\/strasbourg\/","og_locale":"de_DE","og_type":"article","og_title":"Strasbourg","og_description":"Stra\u00dfburg ist eine Stadt der Kunst und Geschichte, die Sie mit ihrer architektonischen Vielfalt \u00fcberraschen wird.","og_url":"https:\/\/www.ciel-strasbourg.org\/de\/strassburg-und-das-elsass\/strasbourg\/","og_site_name":"CIEL","article_modified_time":"2021-01-12T15:57:27+00:00","og_image":[{"width":1179,"height":1772,"url":"https:\/\/www.ciel-strasbourg.org\/wp-inside\/uploads\/2020\/11\/strabg_et_l_alsace_patrimoine_et_art_portrait.jpg","type":"image\/jpeg"}],"twitter_card":"summary_large_image","twitter_misc":{"Est. reading time":"1 minute"},"schema":{"@context":"https:\/\/schema.org","@graph":[{"@type":"WebPage","@id":"https:\/\/www.ciel-strasbourg.org\/de\/strassburg-und-das-elsass\/strasbourg\/","url":"https:\/\/www.ciel-strasbourg.org\/de\/strassburg-und-das-elsass\/strasbourg\/","name":"Strasbourg","isPartOf":{"@id":"https:\/\/www.ciel-strasbourg.org\/de\/#website"},"primaryImageOfPage":{"@id":"https:\/\/www.ciel-strasbourg.org\/de\/strassburg-und-das-elsass\/strasbourg\/#primaryimage"},"image":{"@id":"https:\/\/www.ciel-strasbourg.org\/de\/strassburg-und-das-elsass\/strasbourg\/#primaryimage"},"thumbnailUrl":"https:\/\/www.ciel-strasbourg.org\/wp-inside\/uploads\/2020\/11\/strabg_et_l_alsace_patrimoine_et_art_portrait.jpg","datePublished":"2020-12-08T15:20:29+00:00","dateModified":"2021-01-12T15:57:27+00:00","breadcrumb":{"@id":"https:\/\/www.ciel-strasbourg.org\/de\/strassburg-und-das-elsass\/strasbourg\/#breadcrumb"},"inLanguage":"de-DE","potentialAction":[{"@type":"ReadAction","target":["https:\/\/www.ciel-strasbourg.org\/de\/strassburg-und-das-elsass\/strasbourg\/"]}]},{"@type":"ImageObject","inLanguage":"de-DE","@id":"https:\/\/www.ciel-strasbourg.org\/de\/strassburg-und-das-elsass\/strasbourg\/#primaryimage","url":"https:\/\/www.ciel-strasbourg.org\/wp-inside\/uploads\/2020\/11\/strabg_et_l_alsace_patrimoine_et_art_portrait.jpg","contentUrl":"https:\/\/www.ciel-strasbourg.org\/wp-inside\/uploads\/2020\/11\/strabg_et_l_alsace_patrimoine_et_art_portrait.jpg","width":1179,"height":1772,"caption":"Ciel Strasbourg Alsace"},{"@type":"BreadcrumbList","@id":"https:\/\/www.ciel-strasbourg.org\/de\/strassburg-und-das-elsass\/strasbourg\/#breadcrumb","itemListElement":[{"@type":"ListItem","position":1,"name":"Startseite","item":"https:\/\/www.ciel-strasbourg.org\/de\/"},{"@type":"ListItem","position":2,"name":"Strassburg und das Elsass","item":"https:\/\/www.ciel-strasbourg.org\/de\/strassburg-und-das-elsass\/"},{"@type":"ListItem","position":3,"name":"Strasbourg"}]},{"@type":"WebSite","@id":"https:\/\/www.ciel-strasbourg.org\/de\/#website","url":"https:\/\/www.ciel-strasbourg.org\/de\/","name":"CIEL","description":"Lernen Sie Franz\u00f6sisch beim CIEL de Strasbourg!","publisher":{"@id":"https:\/\/www.ciel-strasbourg.org\/de\/#organization"},"potentialAction":[{"@type":"SearchAction","target":{"@type":"EntryPoint","urlTemplate":"https:\/\/www.ciel-strasbourg.org\/de\/?s={search_term_string}"},"query-input":{"@type":"PropertyValueSpecification","valueRequired":true,"valueName":"search_term_string"}}],"inLanguage":"de-DE"},{"@type":"Organization","@id":"https:\/\/www.ciel-strasbourg.org\/de\/#organization","name":"CIEL Strasbourg","url":"https:\/\/www.ciel-strasbourg.org\/de\/","logo":{"@type":"ImageObject","inLanguage":"de-DE","@id":"https:\/\/www.ciel-strasbourg.org\/de\/#\/schema\/logo\/image\/","url":"https:\/\/www.ciel-strasbourg.org\/wp-inside\/uploads\/2020\/12\/logo-ciel.png","contentUrl":"https:\/\/www.ciel-strasbourg.org\/wp-inside\/uploads\/2020\/12\/logo-ciel.png","width":265,"height":90,"caption":"CIEL Strasbourg"},"image":{"@id":"https:\/\/www.ciel-strasbourg.org\/de\/#\/schema\/logo\/image\/"}}]}},"_links":{"self":[{"href":"https:\/\/www.ciel-strasbourg.org\/de\/wp-json\/wp\/v2\/pages\/3256","targetHints":{"allow":["GET"]}}],"collection":[{"href":"https:\/\/www.ciel-strasbourg.org\/de\/wp-json\/wp\/v2\/pages"}],"about":[{"href":"https:\/\/www.ciel-strasbourg.org\/de\/wp-json\/wp\/v2\/types\/page"}],"author":[{"embeddable":true,"href":"https:\/\/www.ciel-strasbourg.org\/de\/wp-json\/wp\/v2\/users\/7"}],"replies":[{"embeddable":true,"href":"https:\/\/www.ciel-strasbourg.org\/de\/wp-json\/wp\/v2\/comments?post=3256"}],"version-history":[{"count":3,"href":"https:\/\/www.ciel-strasbourg.org\/de\/wp-json\/wp\/v2\/pages\/3256\/revisions"}],"predecessor-version":[{"id":4627,"href":"https:\/\/www.ciel-strasbourg.org\/de\/wp-json\/wp\/v2\/pages\/3256\/revisions\/4627"}],"up":[{"embeddable":true,"href":"https:\/\/www.ciel-strasbourg.org\/de\/wp-json\/wp\/v2\/pages\/3248"}],"wp:featuredmedia":[{"embeddable":true,"href":"https:\/\/www.ciel-strasbourg.org\/de\/wp-json\/wp\/v2\/media\/3135"}],"wp:attachment":[{"href":"https:\/\/www.ciel-strasbourg.org\/de\/wp-json\/wp\/v2\/media?parent=3256"}],"curies":[{"name":"wp","href":"https:\/\/api.w.org\/{rel}","templated":true}]}}