{"id":3261,"date":"2020-12-08T16:44:16","date_gmt":"2020-12-08T15:44:16","guid":{"rendered":"https:\/\/www.ciel-strasbourg.org\/?page_id=3261"},"modified":"2023-08-18T14:02:46","modified_gmt":"2023-08-18T12:02:46","slug":"freizeit-in-strassburg","status":"publish","type":"page","link":"https:\/\/www.ciel-strasbourg.org\/de\/strassburg-und-das-elsass\/strasbourg\/freizeit-in-strassburg\/","title":{"rendered":"Freizeit in Stra\u00dfburg"},"content":{"rendered":"<p>Stra\u00dfburg verf\u00fcgt \u00fcber ein umfangreiches Freizeitangebot. Egal, was Ihnen gef\u00e4llt, oder womit Sie sich am liebsten besch\u00e4ftigen, hier werden Sie gewiss etwas Zufriedenstellendes finden.<\/p>\n<h2>Sie treffen sich gerne mit Freunden?<\/h2>\n<p>In den zahlreichen Bars, Restaurants und Teesalons finde Sie sicher eine gem\u00fctliche Ecke. Sie k\u00f6nnen auch Kleinbrauereien, die ihr Bier an Ort und Stelle selbst brauen, aufsuchen. Auch bei Billard oder Bowling k\u00f6nnen Sie angenehme Abende verbringen.<\/p>\n","protected":false},"excerpt":{"rendered":"<p>Stra\u00dfburg bietet ein breites Spektrum an Freizeitaktivit\u00e4ten. Was auch immer Ihr Geschmack und Ihre Lieblingsbesch\u00e4ftigungen sind, Sie werden etwas finden, das zu Ihnen passt.\u00a0<\/p>\n","protected":false},"author":7,"featured_media":3101,"parent":3256,"menu_order":0,"comment_status":"closed","ping_status":"closed","template":"tpl-page-modulable.php","meta":{"_acf_changed":false,"footnotes":""},"class_list":["post-3261","page","type-page","status-publish","has-post-thumbnail","hentry","wp-sticky"],"acf":[],"yoast_head":"<!-- This site is optimized with the Yoast SEO plugin v27.6 - https:\/\/yoast.com\/product\/yoast-seo-wordpress\/ -->\n<title>Freizeit in Stra\u00dfburg<\/title>\n<meta name=\"robots\" content=\"index, follow, max-snippet:-1, max-image-preview:large, max-video-preview:-1\" \/>\n<link rel=\"canonical\" href=\"https:\/\/www.ciel-strasbourg.org\/de\/strassburg-und-das-elsass\/strasbourg\/freizeit-in-strassburg\/\" \/>\n<meta property=\"og:locale\" content=\"de_DE\" \/>\n<meta property=\"og:type\" content=\"article\" \/>\n<meta property=\"og:title\" content=\"Freizeit in Stra\u00dfburg\" \/>\n<meta property=\"og:description\" content=\"Stra\u00dfburg bietet ein breites Spektrum an Freizeitaktivit\u00e4ten. Was auch immer Ihr Geschmack und Ihre Lieblingsbesch\u00e4ftigungen sind, Sie werden etwas finden, das zu Ihnen passt.\u00a0\" \/>\n<meta property=\"og:url\" content=\"https:\/\/www.ciel-strasbourg.org\/de\/strassburg-und-das-elsass\/strasbourg\/freizeit-in-strassburg\/\" \/>\n<meta property=\"og:site_name\" content=\"CIEL\" \/>\n<meta property=\"article:modified_time\" content=\"2023-08-18T12:02:46+00:00\" \/>\n<meta property=\"og:image\" content=\"https:\/\/www.ciel-strasbourg.org\/wp-inside\/uploads\/2020\/10\/ciel-strasbourg-alsace-paysage-colmar-scaled.jpg\" \/>\n\t<meta property=\"og:image:width\" content=\"2560\" \/>\n\t<meta property=\"og:image:height\" content=\"1708\" \/>\n\t<meta property=\"og:image:type\" content=\"image\/jpeg\" \/>\n<meta name=\"twitter:card\" content=\"summary_large_image\" \/>\n<script type=\"application\/ld+json\" class=\"yoast-schema-graph\">{\"@context\":\"https:\\\/\\\/schema.org\",\"@graph\":[{\"@type\":\"WebPage\",\"@id\":\"https:\\\/\\\/www.ciel-strasbourg.org\\\/de\\\/strassburg-und-das-elsass\\\/strasbourg\\\/freizeit-in-strassburg\\\/\",\"url\":\"https:\\\/\\\/www.ciel-strasbourg.org\\\/de\\\/strassburg-und-das-elsass\\\/strasbourg\\\/freizeit-in-strassburg\\\/\",\"name\":\"Freizeit in Stra\u00dfburg\",\"isPartOf\":{\"@id\":\"https:\\\/\\\/www.ciel-strasbourg.org\\\/de\\\/#website\"},\"primaryImageOfPage\":{\"@id\":\"https:\\\/\\\/www.ciel-strasbourg.org\\\/de\\\/strassburg-und-das-elsass\\\/strasbourg\\\/freizeit-in-strassburg\\\/#primaryimage\"},\"image\":{\"@id\":\"https:\\\/\\\/www.ciel-strasbourg.org\\\/de\\\/strassburg-und-das-elsass\\\/strasbourg\\\/freizeit-in-strassburg\\\/#primaryimage\"},\"thumbnailUrl\":\"https:\\\/\\\/www.ciel-strasbourg.org\\\/wp-inside\\\/uploads\\\/2020\\\/10\\\/ciel-strasbourg-alsace-paysage-colmar-scaled.jpg\",\"datePublished\":\"2020-12-08T15:44:16+00:00\",\"dateModified\":\"2023-08-18T12:02:46+00:00\",\"breadcrumb\":{\"@id\":\"https:\\\/\\\/www.ciel-strasbourg.org\\\/de\\\/strassburg-und-das-elsass\\\/strasbourg\\\/freizeit-in-strassburg\\\/#breadcrumb\"},\"inLanguage\":\"de-DE\",\"potentialAction\":[{\"@type\":\"ReadAction\",\"target\":[\"https:\\\/\\\/www.ciel-strasbourg.org\\\/de\\\/strassburg-und-das-elsass\\\/strasbourg\\\/freizeit-in-strassburg\\\/\"]}]},{\"@type\":\"ImageObject\",\"inLanguage\":\"de-DE\",\"@id\":\"https:\\\/\\\/www.ciel-strasbourg.org\\\/de\\\/strassburg-und-das-elsass\\\/strasbourg\\\/freizeit-in-strassburg\\\/#primaryimage\",\"url\":\"https:\\\/\\\/www.ciel-strasbourg.org\\\/wp-inside\\\/uploads\\\/2020\\\/10\\\/ciel-strasbourg-alsace-paysage-colmar-scaled.jpg\",\"contentUrl\":\"https:\\\/\\\/www.ciel-strasbourg.org\\\/wp-inside\\\/uploads\\\/2020\\\/10\\\/ciel-strasbourg-alsace-paysage-colmar-scaled.jpg\",\"width\":2560,\"height\":1708,\"caption\":\"Ciel Strasbourg paysage Colmar\"},{\"@type\":\"BreadcrumbList\",\"@id\":\"https:\\\/\\\/www.ciel-strasbourg.org\\\/de\\\/strassburg-und-das-elsass\\\/strasbourg\\\/freizeit-in-strassburg\\\/#breadcrumb\",\"itemListElement\":[{\"@type\":\"ListItem\",\"position\":1,\"name\":\"Startseite\",\"item\":\"https:\\\/\\\/www.ciel-strasbourg.org\\\/de\\\/\"},{\"@type\":\"ListItem\",\"position\":2,\"name\":\"Strassburg und das Elsass\",\"item\":\"https:\\\/\\\/www.ciel-strasbourg.org\\\/de\\\/strassburg-und-das-elsass\\\/\"},{\"@type\":\"ListItem\",\"position\":3,\"name\":\"Strasbourg\",\"item\":\"https:\\\/\\\/www.ciel-strasbourg.org\\\/de\\\/strassburg-und-das-elsass\\\/strasbourg\\\/\"},{\"@type\":\"ListItem\",\"position\":4,\"name\":\"Freizeit in Stra\u00dfburg\"}]},{\"@type\":\"WebSite\",\"@id\":\"https:\\\/\\\/www.ciel-strasbourg.org\\\/de\\\/#website\",\"url\":\"https:\\\/\\\/www.ciel-strasbourg.org\\\/de\\\/\",\"name\":\"CIEL\",\"description\":\"Lernen Sie Franz\u00f6sisch beim CIEL de Strasbourg!\",\"publisher\":{\"@id\":\"https:\\\/\\\/www.ciel-strasbourg.org\\\/de\\\/#organization\"},\"potentialAction\":[{\"@type\":\"SearchAction\",\"target\":{\"@type\":\"EntryPoint\",\"urlTemplate\":\"https:\\\/\\\/www.ciel-strasbourg.org\\\/de\\\/?s={search_term_string}\"},\"query-input\":{\"@type\":\"PropertyValueSpecification\",\"valueRequired\":true,\"valueName\":\"search_term_string\"}}],\"inLanguage\":\"de-DE\"},{\"@type\":\"Organization\",\"@id\":\"https:\\\/\\\/www.ciel-strasbourg.org\\\/de\\\/#organization\",\"name\":\"CIEL Strasbourg\",\"url\":\"https:\\\/\\\/www.ciel-strasbourg.org\\\/de\\\/\",\"logo\":{\"@type\":\"ImageObject\",\"inLanguage\":\"de-DE\",\"@id\":\"https:\\\/\\\/www.ciel-strasbourg.org\\\/de\\\/#\\\/schema\\\/logo\\\/image\\\/\",\"url\":\"https:\\\/\\\/www.ciel-strasbourg.org\\\/wp-inside\\\/uploads\\\/2020\\\/12\\\/logo-ciel.png\",\"contentUrl\":\"https:\\\/\\\/www.ciel-strasbourg.org\\\/wp-inside\\\/uploads\\\/2020\\\/12\\\/logo-ciel.png\",\"width\":265,\"height\":90,\"caption\":\"CIEL Strasbourg\"},\"image\":{\"@id\":\"https:\\\/\\\/www.ciel-strasbourg.org\\\/de\\\/#\\\/schema\\\/logo\\\/image\\\/\"}}]}<\/script>\n<!-- \/ Yoast SEO plugin. -->","yoast_head_json":{"title":"Freizeit in Stra\u00dfburg","robots":{"index":"index","follow":"follow","max-snippet":"max-snippet:-1","max-image-preview":"max-image-preview:large","max-video-preview":"max-video-preview:-1"},"canonical":"https:\/\/www.ciel-strasbourg.org\/de\/strassburg-und-das-elsass\/strasbourg\/freizeit-in-strassburg\/","og_locale":"de_DE","og_type":"article","og_title":"Freizeit in Stra\u00dfburg","og_description":"Stra\u00dfburg bietet ein breites Spektrum an Freizeitaktivit\u00e4ten. Was auch immer Ihr Geschmack und Ihre Lieblingsbesch\u00e4ftigungen sind, Sie werden etwas finden, das zu Ihnen passt.\u00a0","og_url":"https:\/\/www.ciel-strasbourg.org\/de\/strassburg-und-das-elsass\/strasbourg\/freizeit-in-strassburg\/","og_site_name":"CIEL","article_modified_time":"2023-08-18T12:02:46+00:00","og_image":[{"width":2560,"height":1708,"url":"https:\/\/www.ciel-strasbourg.org\/wp-inside\/uploads\/2020\/10\/ciel-strasbourg-alsace-paysage-colmar-scaled.jpg","type":"image\/jpeg"}],"twitter_card":"summary_large_image","schema":{"@context":"https:\/\/schema.org","@graph":[{"@type":"WebPage","@id":"https:\/\/www.ciel-strasbourg.org\/de\/strassburg-und-das-elsass\/strasbourg\/freizeit-in-strassburg\/","url":"https:\/\/www.ciel-strasbourg.org\/de\/strassburg-und-das-elsass\/strasbourg\/freizeit-in-strassburg\/","name":"Freizeit in Stra\u00dfburg","isPartOf":{"@id":"https:\/\/www.ciel-strasbourg.org\/de\/#website"},"primaryImageOfPage":{"@id":"https:\/\/www.ciel-strasbourg.org\/de\/strassburg-und-das-elsass\/strasbourg\/freizeit-in-strassburg\/#primaryimage"},"image":{"@id":"https:\/\/www.ciel-strasbourg.org\/de\/strassburg-und-das-elsass\/strasbourg\/freizeit-in-strassburg\/#primaryimage"},"thumbnailUrl":"https:\/\/www.ciel-strasbourg.org\/wp-inside\/uploads\/2020\/10\/ciel-strasbourg-alsace-paysage-colmar-scaled.jpg","datePublished":"2020-12-08T15:44:16+00:00","dateModified":"2023-08-18T12:02:46+00:00","breadcrumb":{"@id":"https:\/\/www.ciel-strasbourg.org\/de\/strassburg-und-das-elsass\/strasbourg\/freizeit-in-strassburg\/#breadcrumb"},"inLanguage":"de-DE","potentialAction":[{"@type":"ReadAction","target":["https:\/\/www.ciel-strasbourg.org\/de\/strassburg-und-das-elsass\/strasbourg\/freizeit-in-strassburg\/"]}]},{"@type":"ImageObject","inLanguage":"de-DE","@id":"https:\/\/www.ciel-strasbourg.org\/de\/strassburg-und-das-elsass\/strasbourg\/freizeit-in-strassburg\/#primaryimage","url":"https:\/\/www.ciel-strasbourg.org\/wp-inside\/uploads\/2020\/10\/ciel-strasbourg-alsace-paysage-colmar-scaled.jpg","contentUrl":"https:\/\/www.ciel-strasbourg.org\/wp-inside\/uploads\/2020\/10\/ciel-strasbourg-alsace-paysage-colmar-scaled.jpg","width":2560,"height":1708,"caption":"Ciel Strasbourg paysage Colmar"},{"@type":"BreadcrumbList","@id":"https:\/\/www.ciel-strasbourg.org\/de\/strassburg-und-das-elsass\/strasbourg\/freizeit-in-strassburg\/#breadcrumb","itemListElement":[{"@type":"ListItem","position":1,"name":"Startseite","item":"https:\/\/www.ciel-strasbourg.org\/de\/"},{"@type":"ListItem","position":2,"name":"Strassburg und das Elsass","item":"https:\/\/www.ciel-strasbourg.org\/de\/strassburg-und-das-elsass\/"},{"@type":"ListItem","position":3,"name":"Strasbourg","item":"https:\/\/www.ciel-strasbourg.org\/de\/strassburg-und-das-elsass\/strasbourg\/"},{"@type":"ListItem","position":4,"name":"Freizeit in Stra\u00dfburg"}]},{"@type":"WebSite","@id":"https:\/\/www.ciel-strasbourg.org\/de\/#website","url":"https:\/\/www.ciel-strasbourg.org\/de\/","name":"CIEL","description":"Lernen Sie Franz\u00f6sisch beim CIEL de Strasbourg!","publisher":{"@id":"https:\/\/www.ciel-strasbourg.org\/de\/#organization"},"potentialAction":[{"@type":"SearchAction","target":{"@type":"EntryPoint","urlTemplate":"https:\/\/www.ciel-strasbourg.org\/de\/?s={search_term_string}"},"query-input":{"@type":"PropertyValueSpecification","valueRequired":true,"valueName":"search_term_string"}}],"inLanguage":"de-DE"},{"@type":"Organization","@id":"https:\/\/www.ciel-strasbourg.org\/de\/#organization","name":"CIEL Strasbourg","url":"https:\/\/www.ciel-strasbourg.org\/de\/","logo":{"@type":"ImageObject","inLanguage":"de-DE","@id":"https:\/\/www.ciel-strasbourg.org\/de\/#\/schema\/logo\/image\/","url":"https:\/\/www.ciel-strasbourg.org\/wp-inside\/uploads\/2020\/12\/logo-ciel.png","contentUrl":"https:\/\/www.ciel-strasbourg.org\/wp-inside\/uploads\/2020\/12\/logo-ciel.png","width":265,"height":90,"caption":"CIEL Strasbourg"},"image":{"@id":"https:\/\/www.ciel-strasbourg.org\/de\/#\/schema\/logo\/image\/"}}]}},"_links":{"self":[{"href":"https:\/\/www.ciel-strasbourg.org\/de\/wp-json\/wp\/v2\/pages\/3261","targetHints":{"allow":["GET"]}}],"collection":[{"href":"https:\/\/www.ciel-strasbourg.org\/de\/wp-json\/wp\/v2\/pages"}],"about":[{"href":"https:\/\/www.ciel-strasbourg.org\/de\/wp-json\/wp\/v2\/types\/page"}],"author":[{"embeddable":true,"href":"https:\/\/www.ciel-strasbourg.org\/de\/wp-json\/wp\/v2\/users\/7"}],"replies":[{"embeddable":true,"href":"https:\/\/www.ciel-strasbourg.org\/de\/wp-json\/wp\/v2\/comments?post=3261"}],"version-history":[{"count":4,"href":"https:\/\/www.ciel-strasbourg.org\/de\/wp-json\/wp\/v2\/pages\/3261\/revisions"}],"predecessor-version":[{"id":4618,"href":"https:\/\/www.ciel-strasbourg.org\/de\/wp-json\/wp\/v2\/pages\/3261\/revisions\/4618"}],"up":[{"embeddable":true,"href":"https:\/\/www.ciel-strasbourg.org\/de\/wp-json\/wp\/v2\/pages\/3256"}],"wp:featuredmedia":[{"embeddable":true,"href":"https:\/\/www.ciel-strasbourg.org\/de\/wp-json\/wp\/v2\/media\/3101"}],"wp:attachment":[{"href":"https:\/\/www.ciel-strasbourg.org\/de\/wp-json\/wp\/v2\/media?parent=3261"}],"curies":[{"name":"wp","href":"https:\/\/api.w.org\/{rel}","templated":true}]}}