{"id":2832,"date":"2020-12-02T12:23:30","date_gmt":"2020-12-02T11:23:30","guid":{"rendered":"https:\/\/www.ciel-strasbourg.org\/?page_id=2832"},"modified":"2021-01-07T16:49:51","modified_gmt":"2021-01-07T15:49:51","slug":"accomodation","status":"publish","type":"page","link":"https:\/\/www.ciel-strasbourg.org\/en\/accomodation\/","title":{"rendered":"Accomodation"},"content":{"rendered":"<p>All our accommodation packages are reserved for people who have enrolled for our training courses.<\/p>\n<p>In order to submit a request for accommodation reservation (with a host family, in furnished studios, a university room, a hotel room, etc.) for your stay at the CIEL de Strasbourg, you must first enrol in one of our courses.<\/p>\n<p>During the enrolment procedure, you will be asked to choose an accommodation package.<\/p>\n<p>We will guide you step by step through the process.<\/p>\n","protected":false},"excerpt":{"rendered":"<p>All our accommodation packages are reserved for people who have enrolled for our training courses. In order to submit a request for accommodation reservation (with a host family, in furnished [&hellip;]<\/p>\n","protected":false},"author":7,"featured_media":1816,"parent":0,"menu_order":30,"comment_status":"closed","ping_status":"closed","template":"tpl-carrefour.php","meta":{"_acf_changed":false,"footnotes":""},"class_list":["post-2832","page","type-page","status-publish","has-post-thumbnail","hentry","wp-sticky"],"acf":[],"yoast_head":"<!-- This site is optimized with the Yoast SEO plugin v27.3 - https:\/\/yoast.com\/product\/yoast-seo-wordpress\/ -->\n<title>Accomodation<\/title>\n<meta name=\"robots\" content=\"index, follow, max-snippet:-1, max-image-preview:large, max-video-preview:-1\" \/>\n<link rel=\"canonical\" href=\"https:\/\/www.ciel-strasbourg.org\/en\/accomodation\/\" \/>\n<meta property=\"og:locale\" content=\"en_US\" \/>\n<meta property=\"og:type\" content=\"article\" \/>\n<meta property=\"og:title\" content=\"Accomodation\" \/>\n<meta property=\"og:description\" content=\"All our accommodation packages are reserved for people who have enrolled for our training courses. In order to submit a request for accommodation reservation (with a host family, in furnished [&hellip;]\" \/>\n<meta property=\"og:url\" content=\"https:\/\/www.ciel-strasbourg.org\/en\/accomodation\/\" \/>\n<meta property=\"og:site_name\" content=\"CIEL\" \/>\n<meta property=\"article:modified_time\" content=\"2021-01-07T15:49:51+00:00\" \/>\n<meta property=\"og:image\" content=\"https:\/\/www.ciel-strasbourg.org\/wp-inside\/uploads\/2020\/10\/ciel-strasbourg-etudiant_international_yvestrotzier_46.jpg\" \/>\n\t<meta property=\"og:image:width\" content=\"2000\" \/>\n\t<meta property=\"og:image:height\" content=\"1335\" \/>\n\t<meta property=\"og:image:type\" content=\"image\/jpeg\" \/>\n<meta name=\"twitter:card\" content=\"summary_large_image\" \/>\n<script type=\"application\/ld+json\" class=\"yoast-schema-graph\">{\"@context\":\"https:\\\/\\\/schema.org\",\"@graph\":[{\"@type\":\"WebPage\",\"@id\":\"https:\\\/\\\/www.ciel-strasbourg.org\\\/en\\\/accomodation\\\/\",\"url\":\"https:\\\/\\\/www.ciel-strasbourg.org\\\/en\\\/accomodation\\\/\",\"name\":\"Accomodation\",\"isPartOf\":{\"@id\":\"https:\\\/\\\/www.ciel-strasbourg.org\\\/en\\\/#website\"},\"primaryImageOfPage\":{\"@id\":\"https:\\\/\\\/www.ciel-strasbourg.org\\\/en\\\/accomodation\\\/#primaryimage\"},\"image\":{\"@id\":\"https:\\\/\\\/www.ciel-strasbourg.org\\\/en\\\/accomodation\\\/#primaryimage\"},\"thumbnailUrl\":\"https:\\\/\\\/www.ciel-strasbourg.org\\\/wp-inside\\\/uploads\\\/2020\\\/10\\\/ciel-strasbourg-etudiant_international_yvestrotzier_46.jpg\",\"datePublished\":\"2020-12-02T11:23:30+00:00\",\"dateModified\":\"2021-01-07T15:49:51+00:00\",\"breadcrumb\":{\"@id\":\"https:\\\/\\\/www.ciel-strasbourg.org\\\/en\\\/accomodation\\\/#breadcrumb\"},\"inLanguage\":\"en-US\",\"potentialAction\":[{\"@type\":\"ReadAction\",\"target\":[\"https:\\\/\\\/www.ciel-strasbourg.org\\\/en\\\/accomodation\\\/\"]}]},{\"@type\":\"ImageObject\",\"inLanguage\":\"en-US\",\"@id\":\"https:\\\/\\\/www.ciel-strasbourg.org\\\/en\\\/accomodation\\\/#primaryimage\",\"url\":\"https:\\\/\\\/www.ciel-strasbourg.org\\\/wp-inside\\\/uploads\\\/2020\\\/10\\\/ciel-strasbourg-etudiant_international_yvestrotzier_46.jpg\",\"contentUrl\":\"https:\\\/\\\/www.ciel-strasbourg.org\\\/wp-inside\\\/uploads\\\/2020\\\/10\\\/ciel-strasbourg-etudiant_international_yvestrotzier_46.jpg\",\"width\":2000,\"height\":1335,\"caption\":\"Ciel Strasbourg \u00e9tudiants \u00e0 l'ext\u00e9rieur du campus\"},{\"@type\":\"BreadcrumbList\",\"@id\":\"https:\\\/\\\/www.ciel-strasbourg.org\\\/en\\\/accomodation\\\/#breadcrumb\",\"itemListElement\":[{\"@type\":\"ListItem\",\"position\":1,\"name\":\"Home\",\"item\":\"https:\\\/\\\/www.ciel-strasbourg.org\\\/en\\\/\"},{\"@type\":\"ListItem\",\"position\":2,\"name\":\"Accomodation\"}]},{\"@type\":\"WebSite\",\"@id\":\"https:\\\/\\\/www.ciel-strasbourg.org\\\/en\\\/#website\",\"url\":\"https:\\\/\\\/www.ciel-strasbourg.org\\\/en\\\/\",\"name\":\"CIEL\",\"description\":\"Learn French at Strasbourg CIEL!\",\"publisher\":{\"@id\":\"https:\\\/\\\/www.ciel-strasbourg.org\\\/en\\\/#organization\"},\"potentialAction\":[{\"@type\":\"SearchAction\",\"target\":{\"@type\":\"EntryPoint\",\"urlTemplate\":\"https:\\\/\\\/www.ciel-strasbourg.org\\\/en\\\/?s={search_term_string}\"},\"query-input\":{\"@type\":\"PropertyValueSpecification\",\"valueRequired\":true,\"valueName\":\"search_term_string\"}}],\"inLanguage\":\"en-US\"},{\"@type\":\"Organization\",\"@id\":\"https:\\\/\\\/www.ciel-strasbourg.org\\\/en\\\/#organization\",\"name\":\"CIEL Strasbourg\",\"url\":\"https:\\\/\\\/www.ciel-strasbourg.org\\\/en\\\/\",\"logo\":{\"@type\":\"ImageObject\",\"inLanguage\":\"en-US\",\"@id\":\"https:\\\/\\\/www.ciel-strasbourg.org\\\/en\\\/#\\\/schema\\\/logo\\\/image\\\/\",\"url\":\"https:\\\/\\\/www.ciel-strasbourg.org\\\/wp-inside\\\/uploads\\\/2020\\\/12\\\/logo-ciel.png\",\"contentUrl\":\"https:\\\/\\\/www.ciel-strasbourg.org\\\/wp-inside\\\/uploads\\\/2020\\\/12\\\/logo-ciel.png\",\"width\":265,\"height\":90,\"caption\":\"CIEL Strasbourg\"},\"image\":{\"@id\":\"https:\\\/\\\/www.ciel-strasbourg.org\\\/en\\\/#\\\/schema\\\/logo\\\/image\\\/\"}}]}<\/script>\n<!-- \/ Yoast SEO plugin. -->","yoast_head_json":{"title":"Accomodation","robots":{"index":"index","follow":"follow","max-snippet":"max-snippet:-1","max-image-preview":"max-image-preview:large","max-video-preview":"max-video-preview:-1"},"canonical":"https:\/\/www.ciel-strasbourg.org\/en\/accomodation\/","og_locale":"en_US","og_type":"article","og_title":"Accomodation","og_description":"All our accommodation packages are reserved for people who have enrolled for our training courses. In order to submit a request for accommodation reservation (with a host family, in furnished [&hellip;]","og_url":"https:\/\/www.ciel-strasbourg.org\/en\/accomodation\/","og_site_name":"CIEL","article_modified_time":"2021-01-07T15:49:51+00:00","og_image":[{"width":2000,"height":1335,"url":"https:\/\/www.ciel-strasbourg.org\/wp-inside\/uploads\/2020\/10\/ciel-strasbourg-etudiant_international_yvestrotzier_46.jpg","type":"image\/jpeg"}],"twitter_card":"summary_large_image","schema":{"@context":"https:\/\/schema.org","@graph":[{"@type":"WebPage","@id":"https:\/\/www.ciel-strasbourg.org\/en\/accomodation\/","url":"https:\/\/www.ciel-strasbourg.org\/en\/accomodation\/","name":"Accomodation","isPartOf":{"@id":"https:\/\/www.ciel-strasbourg.org\/en\/#website"},"primaryImageOfPage":{"@id":"https:\/\/www.ciel-strasbourg.org\/en\/accomodation\/#primaryimage"},"image":{"@id":"https:\/\/www.ciel-strasbourg.org\/en\/accomodation\/#primaryimage"},"thumbnailUrl":"https:\/\/www.ciel-strasbourg.org\/wp-inside\/uploads\/2020\/10\/ciel-strasbourg-etudiant_international_yvestrotzier_46.jpg","datePublished":"2020-12-02T11:23:30+00:00","dateModified":"2021-01-07T15:49:51+00:00","breadcrumb":{"@id":"https:\/\/www.ciel-strasbourg.org\/en\/accomodation\/#breadcrumb"},"inLanguage":"en-US","potentialAction":[{"@type":"ReadAction","target":["https:\/\/www.ciel-strasbourg.org\/en\/accomodation\/"]}]},{"@type":"ImageObject","inLanguage":"en-US","@id":"https:\/\/www.ciel-strasbourg.org\/en\/accomodation\/#primaryimage","url":"https:\/\/www.ciel-strasbourg.org\/wp-inside\/uploads\/2020\/10\/ciel-strasbourg-etudiant_international_yvestrotzier_46.jpg","contentUrl":"https:\/\/www.ciel-strasbourg.org\/wp-inside\/uploads\/2020\/10\/ciel-strasbourg-etudiant_international_yvestrotzier_46.jpg","width":2000,"height":1335,"caption":"Ciel Strasbourg \u00e9tudiants \u00e0 l'ext\u00e9rieur du campus"},{"@type":"BreadcrumbList","@id":"https:\/\/www.ciel-strasbourg.org\/en\/accomodation\/#breadcrumb","itemListElement":[{"@type":"ListItem","position":1,"name":"Home","item":"https:\/\/www.ciel-strasbourg.org\/en\/"},{"@type":"ListItem","position":2,"name":"Accomodation"}]},{"@type":"WebSite","@id":"https:\/\/www.ciel-strasbourg.org\/en\/#website","url":"https:\/\/www.ciel-strasbourg.org\/en\/","name":"CIEL","description":"Learn French at Strasbourg CIEL!","publisher":{"@id":"https:\/\/www.ciel-strasbourg.org\/en\/#organization"},"potentialAction":[{"@type":"SearchAction","target":{"@type":"EntryPoint","urlTemplate":"https:\/\/www.ciel-strasbourg.org\/en\/?s={search_term_string}"},"query-input":{"@type":"PropertyValueSpecification","valueRequired":true,"valueName":"search_term_string"}}],"inLanguage":"en-US"},{"@type":"Organization","@id":"https:\/\/www.ciel-strasbourg.org\/en\/#organization","name":"CIEL Strasbourg","url":"https:\/\/www.ciel-strasbourg.org\/en\/","logo":{"@type":"ImageObject","inLanguage":"en-US","@id":"https:\/\/www.ciel-strasbourg.org\/en\/#\/schema\/logo\/image\/","url":"https:\/\/www.ciel-strasbourg.org\/wp-inside\/uploads\/2020\/12\/logo-ciel.png","contentUrl":"https:\/\/www.ciel-strasbourg.org\/wp-inside\/uploads\/2020\/12\/logo-ciel.png","width":265,"height":90,"caption":"CIEL Strasbourg"},"image":{"@id":"https:\/\/www.ciel-strasbourg.org\/en\/#\/schema\/logo\/image\/"}}]}},"_links":{"self":[{"href":"https:\/\/www.ciel-strasbourg.org\/en\/wp-json\/wp\/v2\/pages\/2832","targetHints":{"allow":["GET"]}}],"collection":[{"href":"https:\/\/www.ciel-strasbourg.org\/en\/wp-json\/wp\/v2\/pages"}],"about":[{"href":"https:\/\/www.ciel-strasbourg.org\/en\/wp-json\/wp\/v2\/types\/page"}],"author":[{"embeddable":true,"href":"https:\/\/www.ciel-strasbourg.org\/en\/wp-json\/wp\/v2\/users\/7"}],"replies":[{"embeddable":true,"href":"https:\/\/www.ciel-strasbourg.org\/en\/wp-json\/wp\/v2\/comments?post=2832"}],"version-history":[{"count":3,"href":"https:\/\/www.ciel-strasbourg.org\/en\/wp-json\/wp\/v2\/pages\/2832\/revisions"}],"predecessor-version":[{"id":4588,"href":"https:\/\/www.ciel-strasbourg.org\/en\/wp-json\/wp\/v2\/pages\/2832\/revisions\/4588"}],"wp:featuredmedia":[{"embeddable":true,"href":"https:\/\/www.ciel-strasbourg.org\/en\/wp-json\/wp\/v2\/media\/1816"}],"wp:attachment":[{"href":"https:\/\/www.ciel-strasbourg.org\/en\/wp-json\/wp\/v2\/media?parent=2832"}],"curies":[{"name":"wp","href":"https:\/\/api.w.org\/{rel}","templated":true}]}}