{"id":2934,"date":"2020-12-04T10:00:31","date_gmt":"2020-12-04T09:00:31","guid":{"rendered":"https:\/\/www.ciel-strasbourg.org\/?page_id=2934"},"modified":"2023-06-02T16:11:12","modified_gmt":"2023-06-02T14:11:12","slug":"citadines-apart-hotel","status":"publish","type":"page","link":"https:\/\/www.ciel-strasbourg.org\/en\/accomodation\/citadines-apart-hotel\/","title":{"rendered":"&#8220;CITADINES&#8221; Apart hotel"},"content":{"rendered":"<p>Located in the city centre, the Citadines apart hotel provides the comfort of a 3-star hotel. Studio apartments, bedsits or 2 furnished and fully-equipped rooms. Prices are reduced on a sliding scale according to length of stay.<br \/>\nBookings are made by contacting the apart hotel directly by fax or telephone.<br \/>\nPreferential rates are given to CIEL students.<\/p>\n","protected":false},"excerpt":{"rendered":"<p>Situ\u00e9e au centre-ville, la r\u00e9sidence h\u00f4teli\u00e8re Citadines offre le confort d&#8217;un h\u00f4tel 3 \u00e9toiles. Studettes, studios ou 2 pi\u00e8ces meubl\u00e9s et enti\u00e8rement \u00e9quip\u00e9s.<\/p>\n","protected":false},"author":7,"featured_media":2412,"parent":2832,"menu_order":340,"comment_status":"closed","ping_status":"closed","template":"tpl-page-modulable.php","meta":{"_acf_changed":false,"footnotes":""},"class_list":["post-2934","page","type-page","status-publish","has-post-thumbnail","hentry","wp-sticky"],"acf":[],"yoast_head":"<!-- This site is optimized with the Yoast SEO plugin v27.4 - https:\/\/yoast.com\/product\/yoast-seo-wordpress\/ -->\n<title>&quot;CITADINES&quot; Apart hotel<\/title>\n<meta name=\"robots\" content=\"index, follow, max-snippet:-1, max-image-preview:large, max-video-preview:-1\" \/>\n<link rel=\"canonical\" href=\"https:\/\/www.ciel-strasbourg.org\/en\/accomodation\/citadines-apart-hotel\/\" \/>\n<meta property=\"og:locale\" content=\"en_US\" \/>\n<meta property=\"og:type\" content=\"article\" \/>\n<meta property=\"og:title\" content=\"&quot;CITADINES&quot; Apart hotel\" \/>\n<meta property=\"og:description\" content=\"Situ\u00e9e au centre-ville, la r\u00e9sidence h\u00f4teli\u00e8re Citadines offre le confort d&#039;un h\u00f4tel 3 \u00e9toiles. Studettes, studios ou 2 pi\u00e8ces meubl\u00e9s et enti\u00e8rement \u00e9quip\u00e9s.\" \/>\n<meta property=\"og:url\" content=\"https:\/\/www.ciel-strasbourg.org\/en\/accomodation\/citadines-apart-hotel\/\" \/>\n<meta property=\"og:site_name\" content=\"CIEL\" \/>\n<meta property=\"article:modified_time\" content=\"2023-06-02T14:11:12+00:00\" \/>\n<meta property=\"og:image\" content=\"https:\/\/www.ciel-strasbourg.org\/wp-inside\/uploads\/2020\/11\/citadines-appartements.jpg\" \/>\n\t<meta property=\"og:image:width\" content=\"1920\" \/>\n\t<meta property=\"og:image:height\" content=\"1280\" \/>\n\t<meta property=\"og:image:type\" content=\"image\/jpeg\" \/>\n<meta name=\"twitter:card\" content=\"summary_large_image\" \/>\n<script type=\"application\/ld+json\" class=\"yoast-schema-graph\">{\"@context\":\"https:\\\/\\\/schema.org\",\"@graph\":[{\"@type\":\"WebPage\",\"@id\":\"https:\\\/\\\/www.ciel-strasbourg.org\\\/en\\\/accomodation\\\/citadines-apart-hotel\\\/\",\"url\":\"https:\\\/\\\/www.ciel-strasbourg.org\\\/en\\\/accomodation\\\/citadines-apart-hotel\\\/\",\"name\":\"\\\"CITADINES\\\" Apart hotel\",\"isPartOf\":{\"@id\":\"https:\\\/\\\/www.ciel-strasbourg.org\\\/en\\\/#website\"},\"primaryImageOfPage\":{\"@id\":\"https:\\\/\\\/www.ciel-strasbourg.org\\\/en\\\/accomodation\\\/citadines-apart-hotel\\\/#primaryimage\"},\"image\":{\"@id\":\"https:\\\/\\\/www.ciel-strasbourg.org\\\/en\\\/accomodation\\\/citadines-apart-hotel\\\/#primaryimage\"},\"thumbnailUrl\":\"https:\\\/\\\/www.ciel-strasbourg.org\\\/wp-inside\\\/uploads\\\/2020\\\/11\\\/citadines-appartements.jpg\",\"datePublished\":\"2020-12-04T09:00:31+00:00\",\"dateModified\":\"2023-06-02T14:11:12+00:00\",\"breadcrumb\":{\"@id\":\"https:\\\/\\\/www.ciel-strasbourg.org\\\/en\\\/accomodation\\\/citadines-apart-hotel\\\/#breadcrumb\"},\"inLanguage\":\"en-US\",\"potentialAction\":[{\"@type\":\"ReadAction\",\"target\":[\"https:\\\/\\\/www.ciel-strasbourg.org\\\/en\\\/accomodation\\\/citadines-apart-hotel\\\/\"]}]},{\"@type\":\"ImageObject\",\"inLanguage\":\"en-US\",\"@id\":\"https:\\\/\\\/www.ciel-strasbourg.org\\\/en\\\/accomodation\\\/citadines-apart-hotel\\\/#primaryimage\",\"url\":\"https:\\\/\\\/www.ciel-strasbourg.org\\\/wp-inside\\\/uploads\\\/2020\\\/11\\\/citadines-appartements.jpg\",\"contentUrl\":\"https:\\\/\\\/www.ciel-strasbourg.org\\\/wp-inside\\\/uploads\\\/2020\\\/11\\\/citadines-appartements.jpg\",\"width\":1920,\"height\":1280,\"caption\":\"Appart\u2019h\u00f4tel CITADINES - Appartement\"},{\"@type\":\"BreadcrumbList\",\"@id\":\"https:\\\/\\\/www.ciel-strasbourg.org\\\/en\\\/accomodation\\\/citadines-apart-hotel\\\/#breadcrumb\",\"itemListElement\":[{\"@type\":\"ListItem\",\"position\":1,\"name\":\"Home\",\"item\":\"https:\\\/\\\/www.ciel-strasbourg.org\\\/en\\\/\"},{\"@type\":\"ListItem\",\"position\":2,\"name\":\"Accomodation\",\"item\":\"https:\\\/\\\/www.ciel-strasbourg.org\\\/en\\\/accomodation\\\/\"},{\"@type\":\"ListItem\",\"position\":3,\"name\":\"&#8220;CITADINES&#8221; Apart hotel\"}]},{\"@type\":\"WebSite\",\"@id\":\"https:\\\/\\\/www.ciel-strasbourg.org\\\/en\\\/#website\",\"url\":\"https:\\\/\\\/www.ciel-strasbourg.org\\\/en\\\/\",\"name\":\"CIEL\",\"description\":\"Learn French at Strasbourg CIEL!\",\"publisher\":{\"@id\":\"https:\\\/\\\/www.ciel-strasbourg.org\\\/en\\\/#organization\"},\"potentialAction\":[{\"@type\":\"SearchAction\",\"target\":{\"@type\":\"EntryPoint\",\"urlTemplate\":\"https:\\\/\\\/www.ciel-strasbourg.org\\\/en\\\/?s={search_term_string}\"},\"query-input\":{\"@type\":\"PropertyValueSpecification\",\"valueRequired\":true,\"valueName\":\"search_term_string\"}}],\"inLanguage\":\"en-US\"},{\"@type\":\"Organization\",\"@id\":\"https:\\\/\\\/www.ciel-strasbourg.org\\\/en\\\/#organization\",\"name\":\"CIEL Strasbourg\",\"url\":\"https:\\\/\\\/www.ciel-strasbourg.org\\\/en\\\/\",\"logo\":{\"@type\":\"ImageObject\",\"inLanguage\":\"en-US\",\"@id\":\"https:\\\/\\\/www.ciel-strasbourg.org\\\/en\\\/#\\\/schema\\\/logo\\\/image\\\/\",\"url\":\"https:\\\/\\\/www.ciel-strasbourg.org\\\/wp-inside\\\/uploads\\\/2020\\\/12\\\/logo-ciel.png\",\"contentUrl\":\"https:\\\/\\\/www.ciel-strasbourg.org\\\/wp-inside\\\/uploads\\\/2020\\\/12\\\/logo-ciel.png\",\"width\":265,\"height\":90,\"caption\":\"CIEL Strasbourg\"},\"image\":{\"@id\":\"https:\\\/\\\/www.ciel-strasbourg.org\\\/en\\\/#\\\/schema\\\/logo\\\/image\\\/\"}}]}<\/script>\n<!-- \/ Yoast SEO plugin. -->","yoast_head_json":{"title":"\"CITADINES\" Apart hotel","robots":{"index":"index","follow":"follow","max-snippet":"max-snippet:-1","max-image-preview":"max-image-preview:large","max-video-preview":"max-video-preview:-1"},"canonical":"https:\/\/www.ciel-strasbourg.org\/en\/accomodation\/citadines-apart-hotel\/","og_locale":"en_US","og_type":"article","og_title":"\"CITADINES\" Apart hotel","og_description":"Situ\u00e9e au centre-ville, la r\u00e9sidence h\u00f4teli\u00e8re Citadines offre le confort d'un h\u00f4tel 3 \u00e9toiles. Studettes, studios ou 2 pi\u00e8ces meubl\u00e9s et enti\u00e8rement \u00e9quip\u00e9s.","og_url":"https:\/\/www.ciel-strasbourg.org\/en\/accomodation\/citadines-apart-hotel\/","og_site_name":"CIEL","article_modified_time":"2023-06-02T14:11:12+00:00","og_image":[{"width":1920,"height":1280,"url":"https:\/\/www.ciel-strasbourg.org\/wp-inside\/uploads\/2020\/11\/citadines-appartements.jpg","type":"image\/jpeg"}],"twitter_card":"summary_large_image","schema":{"@context":"https:\/\/schema.org","@graph":[{"@type":"WebPage","@id":"https:\/\/www.ciel-strasbourg.org\/en\/accomodation\/citadines-apart-hotel\/","url":"https:\/\/www.ciel-strasbourg.org\/en\/accomodation\/citadines-apart-hotel\/","name":"\"CITADINES\" Apart hotel","isPartOf":{"@id":"https:\/\/www.ciel-strasbourg.org\/en\/#website"},"primaryImageOfPage":{"@id":"https:\/\/www.ciel-strasbourg.org\/en\/accomodation\/citadines-apart-hotel\/#primaryimage"},"image":{"@id":"https:\/\/www.ciel-strasbourg.org\/en\/accomodation\/citadines-apart-hotel\/#primaryimage"},"thumbnailUrl":"https:\/\/www.ciel-strasbourg.org\/wp-inside\/uploads\/2020\/11\/citadines-appartements.jpg","datePublished":"2020-12-04T09:00:31+00:00","dateModified":"2023-06-02T14:11:12+00:00","breadcrumb":{"@id":"https:\/\/www.ciel-strasbourg.org\/en\/accomodation\/citadines-apart-hotel\/#breadcrumb"},"inLanguage":"en-US","potentialAction":[{"@type":"ReadAction","target":["https:\/\/www.ciel-strasbourg.org\/en\/accomodation\/citadines-apart-hotel\/"]}]},{"@type":"ImageObject","inLanguage":"en-US","@id":"https:\/\/www.ciel-strasbourg.org\/en\/accomodation\/citadines-apart-hotel\/#primaryimage","url":"https:\/\/www.ciel-strasbourg.org\/wp-inside\/uploads\/2020\/11\/citadines-appartements.jpg","contentUrl":"https:\/\/www.ciel-strasbourg.org\/wp-inside\/uploads\/2020\/11\/citadines-appartements.jpg","width":1920,"height":1280,"caption":"Appart\u2019h\u00f4tel CITADINES - Appartement"},{"@type":"BreadcrumbList","@id":"https:\/\/www.ciel-strasbourg.org\/en\/accomodation\/citadines-apart-hotel\/#breadcrumb","itemListElement":[{"@type":"ListItem","position":1,"name":"Home","item":"https:\/\/www.ciel-strasbourg.org\/en\/"},{"@type":"ListItem","position":2,"name":"Accomodation","item":"https:\/\/www.ciel-strasbourg.org\/en\/accomodation\/"},{"@type":"ListItem","position":3,"name":"&#8220;CITADINES&#8221; Apart hotel"}]},{"@type":"WebSite","@id":"https:\/\/www.ciel-strasbourg.org\/en\/#website","url":"https:\/\/www.ciel-strasbourg.org\/en\/","name":"CIEL","description":"Learn French at Strasbourg CIEL!","publisher":{"@id":"https:\/\/www.ciel-strasbourg.org\/en\/#organization"},"potentialAction":[{"@type":"SearchAction","target":{"@type":"EntryPoint","urlTemplate":"https:\/\/www.ciel-strasbourg.org\/en\/?s={search_term_string}"},"query-input":{"@type":"PropertyValueSpecification","valueRequired":true,"valueName":"search_term_string"}}],"inLanguage":"en-US"},{"@type":"Organization","@id":"https:\/\/www.ciel-strasbourg.org\/en\/#organization","name":"CIEL Strasbourg","url":"https:\/\/www.ciel-strasbourg.org\/en\/","logo":{"@type":"ImageObject","inLanguage":"en-US","@id":"https:\/\/www.ciel-strasbourg.org\/en\/#\/schema\/logo\/image\/","url":"https:\/\/www.ciel-strasbourg.org\/wp-inside\/uploads\/2020\/12\/logo-ciel.png","contentUrl":"https:\/\/www.ciel-strasbourg.org\/wp-inside\/uploads\/2020\/12\/logo-ciel.png","width":265,"height":90,"caption":"CIEL Strasbourg"},"image":{"@id":"https:\/\/www.ciel-strasbourg.org\/en\/#\/schema\/logo\/image\/"}}]}},"_links":{"self":[{"href":"https:\/\/www.ciel-strasbourg.org\/en\/wp-json\/wp\/v2\/pages\/2934","targetHints":{"allow":["GET"]}}],"collection":[{"href":"https:\/\/www.ciel-strasbourg.org\/en\/wp-json\/wp\/v2\/pages"}],"about":[{"href":"https:\/\/www.ciel-strasbourg.org\/en\/wp-json\/wp\/v2\/types\/page"}],"author":[{"embeddable":true,"href":"https:\/\/www.ciel-strasbourg.org\/en\/wp-json\/wp\/v2\/users\/7"}],"replies":[{"embeddable":true,"href":"https:\/\/www.ciel-strasbourg.org\/en\/wp-json\/wp\/v2\/comments?post=2934"}],"version-history":[{"count":4,"href":"https:\/\/www.ciel-strasbourg.org\/en\/wp-json\/wp\/v2\/pages\/2934\/revisions"}],"predecessor-version":[{"id":11851,"href":"https:\/\/www.ciel-strasbourg.org\/en\/wp-json\/wp\/v2\/pages\/2934\/revisions\/11851"}],"up":[{"embeddable":true,"href":"https:\/\/www.ciel-strasbourg.org\/en\/wp-json\/wp\/v2\/pages\/2832"}],"wp:featuredmedia":[{"embeddable":true,"href":"https:\/\/www.ciel-strasbourg.org\/en\/wp-json\/wp\/v2\/media\/2412"}],"wp:attachment":[{"href":"https:\/\/www.ciel-strasbourg.org\/en\/wp-json\/wp\/v2\/media?parent=2934"}],"curies":[{"name":"wp","href":"https:\/\/api.w.org\/{rel}","templated":true}]}}