{"id":2985,"date":"2020-12-07T12:17:18","date_gmt":"2020-12-07T11:17:18","guid":{"rendered":"https:\/\/www.ciel-strasbourg.org\/?page_id=2985"},"modified":"2023-11-02T17:01:48","modified_gmt":"2023-11-02T16:01:48","slug":"alsace","status":"publish","type":"page","link":"https:\/\/www.ciel-strasbourg.org\/en\/strasbourg-and-alsace\/alsace\/","title":{"rendered":"Alsace"},"content":{"rendered":"<p>The Grand Est region, and more particularly Alsace, is renowned for its vineyards, its castles, its forests, its gastronomy &#8230; We share with you the keys to this exceptional environment and inform you of the many possibilities offered by the city and the region. region in terms of tourism, recreation, sport and culture.<\/p>\n<p>To know more :<\/p>\n<ul>\n<li><a href=\"https:\/\/www.visit.alsace\/\" target=\"_blank\" rel=\"noopener noreferrer\">Visit Alsace<\/a><\/li>\n<li><a href=\"https:\/\/www.visitstrasbourg.fr\/\" target=\"_blank\" rel=\"noopener noreferrer\">Tourisme Strasbourg<\/a><\/li>\n<li><a href=\"https:\/\/www.alsace-destination-tourisme.com\/?utm_source=tourisme67&amp;utm_medium=redirection&amp;utm_campaign=redirect_pages&amp;utm_content=htaccess\" target=\"_blank\" rel=\"noopener noreferrer\">Alsace destination tourisme<\/a><\/li>\n<\/ul>\n","protected":false},"excerpt":{"rendered":"<p>La r\u00e9gion Grand Est, et plus particuli\u00e8rement l\u2019Alsace, est renomm\u00e9e pour ses vignobles, ses ch\u00e2teaux, ses for\u00eats, sa gastronomie\u2026<\/p>\n","protected":false},"author":7,"featured_media":1778,"parent":2945,"menu_order":520,"comment_status":"closed","ping_status":"closed","template":"tpl-carrefour.php","meta":{"_acf_changed":false,"footnotes":""},"class_list":["post-2985","page","type-page","status-publish","has-post-thumbnail","hentry","wp-sticky"],"acf":[],"yoast_head":"<!-- This site is optimized with the Yoast SEO plugin v27.5 - https:\/\/yoast.com\/product\/yoast-seo-wordpress\/ -->\n<title>Alsace<\/title>\n<meta name=\"robots\" content=\"index, follow, max-snippet:-1, max-image-preview:large, max-video-preview:-1\" \/>\n<link rel=\"canonical\" href=\"https:\/\/www.ciel-strasbourg.org\/en\/strasbourg-and-alsace\/alsace\/\" \/>\n<meta property=\"og:locale\" content=\"en_US\" \/>\n<meta property=\"og:type\" content=\"article\" \/>\n<meta property=\"og:title\" content=\"Alsace\" \/>\n<meta property=\"og:description\" content=\"La r\u00e9gion Grand Est, et plus particuli\u00e8rement l\u2019Alsace, est renomm\u00e9e pour ses vignobles, ses ch\u00e2teaux, ses for\u00eats, sa gastronomie\u2026\" \/>\n<meta property=\"og:url\" content=\"https:\/\/www.ciel-strasbourg.org\/en\/strasbourg-and-alsace\/alsace\/\" \/>\n<meta property=\"og:site_name\" content=\"CIEL\" \/>\n<meta property=\"article:modified_time\" content=\"2023-11-02T16:01:48+00:00\" \/>\n<meta property=\"og:image\" content=\"https:\/\/www.ciel-strasbourg.org\/wp-inside\/uploads\/2020\/10\/ciel-strasbourg-alsace-paysage-champ-scaled.jpg\" \/>\n\t<meta property=\"og:image:width\" content=\"2560\" \/>\n\t<meta property=\"og:image:height\" content=\"1708\" \/>\n\t<meta property=\"og:image:type\" content=\"image\/jpeg\" \/>\n<meta name=\"twitter:card\" content=\"summary_large_image\" \/>\n<script type=\"application\/ld+json\" class=\"yoast-schema-graph\">{\"@context\":\"https:\\\/\\\/schema.org\",\"@graph\":[{\"@type\":\"WebPage\",\"@id\":\"https:\\\/\\\/www.ciel-strasbourg.org\\\/en\\\/strasbourg-and-alsace\\\/alsace\\\/\",\"url\":\"https:\\\/\\\/www.ciel-strasbourg.org\\\/en\\\/strasbourg-and-alsace\\\/alsace\\\/\",\"name\":\"Alsace\",\"isPartOf\":{\"@id\":\"https:\\\/\\\/www.ciel-strasbourg.org\\\/en\\\/#website\"},\"primaryImageOfPage\":{\"@id\":\"https:\\\/\\\/www.ciel-strasbourg.org\\\/en\\\/strasbourg-and-alsace\\\/alsace\\\/#primaryimage\"},\"image\":{\"@id\":\"https:\\\/\\\/www.ciel-strasbourg.org\\\/en\\\/strasbourg-and-alsace\\\/alsace\\\/#primaryimage\"},\"thumbnailUrl\":\"https:\\\/\\\/www.ciel-strasbourg.org\\\/wp-inside\\\/uploads\\\/2020\\\/10\\\/ciel-strasbourg-alsace-paysage-champ-scaled.jpg\",\"datePublished\":\"2020-12-07T11:17:18+00:00\",\"dateModified\":\"2023-11-02T16:01:48+00:00\",\"breadcrumb\":{\"@id\":\"https:\\\/\\\/www.ciel-strasbourg.org\\\/en\\\/strasbourg-and-alsace\\\/alsace\\\/#breadcrumb\"},\"inLanguage\":\"en-US\",\"potentialAction\":[{\"@type\":\"ReadAction\",\"target\":[\"https:\\\/\\\/www.ciel-strasbourg.org\\\/en\\\/strasbourg-and-alsace\\\/alsace\\\/\"]}]},{\"@type\":\"ImageObject\",\"inLanguage\":\"en-US\",\"@id\":\"https:\\\/\\\/www.ciel-strasbourg.org\\\/en\\\/strasbourg-and-alsace\\\/alsace\\\/#primaryimage\",\"url\":\"https:\\\/\\\/www.ciel-strasbourg.org\\\/wp-inside\\\/uploads\\\/2020\\\/10\\\/ciel-strasbourg-alsace-paysage-champ-scaled.jpg\",\"contentUrl\":\"https:\\\/\\\/www.ciel-strasbourg.org\\\/wp-inside\\\/uploads\\\/2020\\\/10\\\/ciel-strasbourg-alsace-paysage-champ-scaled.jpg\",\"width\":2560,\"height\":1708,\"caption\":\"Ciel Strasbourg paysage Alsace\"},{\"@type\":\"BreadcrumbList\",\"@id\":\"https:\\\/\\\/www.ciel-strasbourg.org\\\/en\\\/strasbourg-and-alsace\\\/alsace\\\/#breadcrumb\",\"itemListElement\":[{\"@type\":\"ListItem\",\"position\":1,\"name\":\"Home\",\"item\":\"https:\\\/\\\/www.ciel-strasbourg.org\\\/en\\\/\"},{\"@type\":\"ListItem\",\"position\":2,\"name\":\"Strasbourg and Alsace\",\"item\":\"https:\\\/\\\/www.ciel-strasbourg.org\\\/en\\\/strasbourg-and-alsace\\\/\"},{\"@type\":\"ListItem\",\"position\":3,\"name\":\"Alsace\"}]},{\"@type\":\"WebSite\",\"@id\":\"https:\\\/\\\/www.ciel-strasbourg.org\\\/en\\\/#website\",\"url\":\"https:\\\/\\\/www.ciel-strasbourg.org\\\/en\\\/\",\"name\":\"CIEL\",\"description\":\"Learn French at Strasbourg CIEL!\",\"publisher\":{\"@id\":\"https:\\\/\\\/www.ciel-strasbourg.org\\\/en\\\/#organization\"},\"potentialAction\":[{\"@type\":\"SearchAction\",\"target\":{\"@type\":\"EntryPoint\",\"urlTemplate\":\"https:\\\/\\\/www.ciel-strasbourg.org\\\/en\\\/?s={search_term_string}\"},\"query-input\":{\"@type\":\"PropertyValueSpecification\",\"valueRequired\":true,\"valueName\":\"search_term_string\"}}],\"inLanguage\":\"en-US\"},{\"@type\":\"Organization\",\"@id\":\"https:\\\/\\\/www.ciel-strasbourg.org\\\/en\\\/#organization\",\"name\":\"CIEL Strasbourg\",\"url\":\"https:\\\/\\\/www.ciel-strasbourg.org\\\/en\\\/\",\"logo\":{\"@type\":\"ImageObject\",\"inLanguage\":\"en-US\",\"@id\":\"https:\\\/\\\/www.ciel-strasbourg.org\\\/en\\\/#\\\/schema\\\/logo\\\/image\\\/\",\"url\":\"https:\\\/\\\/www.ciel-strasbourg.org\\\/wp-inside\\\/uploads\\\/2020\\\/12\\\/logo-ciel.png\",\"contentUrl\":\"https:\\\/\\\/www.ciel-strasbourg.org\\\/wp-inside\\\/uploads\\\/2020\\\/12\\\/logo-ciel.png\",\"width\":265,\"height\":90,\"caption\":\"CIEL Strasbourg\"},\"image\":{\"@id\":\"https:\\\/\\\/www.ciel-strasbourg.org\\\/en\\\/#\\\/schema\\\/logo\\\/image\\\/\"}}]}<\/script>\n<!-- \/ Yoast SEO plugin. -->","yoast_head_json":{"title":"Alsace","robots":{"index":"index","follow":"follow","max-snippet":"max-snippet:-1","max-image-preview":"max-image-preview:large","max-video-preview":"max-video-preview:-1"},"canonical":"https:\/\/www.ciel-strasbourg.org\/en\/strasbourg-and-alsace\/alsace\/","og_locale":"en_US","og_type":"article","og_title":"Alsace","og_description":"La r\u00e9gion Grand Est, et plus particuli\u00e8rement l\u2019Alsace, est renomm\u00e9e pour ses vignobles, ses ch\u00e2teaux, ses for\u00eats, sa gastronomie\u2026","og_url":"https:\/\/www.ciel-strasbourg.org\/en\/strasbourg-and-alsace\/alsace\/","og_site_name":"CIEL","article_modified_time":"2023-11-02T16:01:48+00:00","og_image":[{"width":2560,"height":1708,"url":"https:\/\/www.ciel-strasbourg.org\/wp-inside\/uploads\/2020\/10\/ciel-strasbourg-alsace-paysage-champ-scaled.jpg","type":"image\/jpeg"}],"twitter_card":"summary_large_image","schema":{"@context":"https:\/\/schema.org","@graph":[{"@type":"WebPage","@id":"https:\/\/www.ciel-strasbourg.org\/en\/strasbourg-and-alsace\/alsace\/","url":"https:\/\/www.ciel-strasbourg.org\/en\/strasbourg-and-alsace\/alsace\/","name":"Alsace","isPartOf":{"@id":"https:\/\/www.ciel-strasbourg.org\/en\/#website"},"primaryImageOfPage":{"@id":"https:\/\/www.ciel-strasbourg.org\/en\/strasbourg-and-alsace\/alsace\/#primaryimage"},"image":{"@id":"https:\/\/www.ciel-strasbourg.org\/en\/strasbourg-and-alsace\/alsace\/#primaryimage"},"thumbnailUrl":"https:\/\/www.ciel-strasbourg.org\/wp-inside\/uploads\/2020\/10\/ciel-strasbourg-alsace-paysage-champ-scaled.jpg","datePublished":"2020-12-07T11:17:18+00:00","dateModified":"2023-11-02T16:01:48+00:00","breadcrumb":{"@id":"https:\/\/www.ciel-strasbourg.org\/en\/strasbourg-and-alsace\/alsace\/#breadcrumb"},"inLanguage":"en-US","potentialAction":[{"@type":"ReadAction","target":["https:\/\/www.ciel-strasbourg.org\/en\/strasbourg-and-alsace\/alsace\/"]}]},{"@type":"ImageObject","inLanguage":"en-US","@id":"https:\/\/www.ciel-strasbourg.org\/en\/strasbourg-and-alsace\/alsace\/#primaryimage","url":"https:\/\/www.ciel-strasbourg.org\/wp-inside\/uploads\/2020\/10\/ciel-strasbourg-alsace-paysage-champ-scaled.jpg","contentUrl":"https:\/\/www.ciel-strasbourg.org\/wp-inside\/uploads\/2020\/10\/ciel-strasbourg-alsace-paysage-champ-scaled.jpg","width":2560,"height":1708,"caption":"Ciel Strasbourg paysage Alsace"},{"@type":"BreadcrumbList","@id":"https:\/\/www.ciel-strasbourg.org\/en\/strasbourg-and-alsace\/alsace\/#breadcrumb","itemListElement":[{"@type":"ListItem","position":1,"name":"Home","item":"https:\/\/www.ciel-strasbourg.org\/en\/"},{"@type":"ListItem","position":2,"name":"Strasbourg and Alsace","item":"https:\/\/www.ciel-strasbourg.org\/en\/strasbourg-and-alsace\/"},{"@type":"ListItem","position":3,"name":"Alsace"}]},{"@type":"WebSite","@id":"https:\/\/www.ciel-strasbourg.org\/en\/#website","url":"https:\/\/www.ciel-strasbourg.org\/en\/","name":"CIEL","description":"Learn French at Strasbourg CIEL!","publisher":{"@id":"https:\/\/www.ciel-strasbourg.org\/en\/#organization"},"potentialAction":[{"@type":"SearchAction","target":{"@type":"EntryPoint","urlTemplate":"https:\/\/www.ciel-strasbourg.org\/en\/?s={search_term_string}"},"query-input":{"@type":"PropertyValueSpecification","valueRequired":true,"valueName":"search_term_string"}}],"inLanguage":"en-US"},{"@type":"Organization","@id":"https:\/\/www.ciel-strasbourg.org\/en\/#organization","name":"CIEL Strasbourg","url":"https:\/\/www.ciel-strasbourg.org\/en\/","logo":{"@type":"ImageObject","inLanguage":"en-US","@id":"https:\/\/www.ciel-strasbourg.org\/en\/#\/schema\/logo\/image\/","url":"https:\/\/www.ciel-strasbourg.org\/wp-inside\/uploads\/2020\/12\/logo-ciel.png","contentUrl":"https:\/\/www.ciel-strasbourg.org\/wp-inside\/uploads\/2020\/12\/logo-ciel.png","width":265,"height":90,"caption":"CIEL Strasbourg"},"image":{"@id":"https:\/\/www.ciel-strasbourg.org\/en\/#\/schema\/logo\/image\/"}}]}},"_links":{"self":[{"href":"https:\/\/www.ciel-strasbourg.org\/en\/wp-json\/wp\/v2\/pages\/2985","targetHints":{"allow":["GET"]}}],"collection":[{"href":"https:\/\/www.ciel-strasbourg.org\/en\/wp-json\/wp\/v2\/pages"}],"about":[{"href":"https:\/\/www.ciel-strasbourg.org\/en\/wp-json\/wp\/v2\/types\/page"}],"author":[{"embeddable":true,"href":"https:\/\/www.ciel-strasbourg.org\/en\/wp-json\/wp\/v2\/users\/7"}],"replies":[{"embeddable":true,"href":"https:\/\/www.ciel-strasbourg.org\/en\/wp-json\/wp\/v2\/comments?post=2985"}],"version-history":[{"count":3,"href":"https:\/\/www.ciel-strasbourg.org\/en\/wp-json\/wp\/v2\/pages\/2985\/revisions"}],"predecessor-version":[{"id":13029,"href":"https:\/\/www.ciel-strasbourg.org\/en\/wp-json\/wp\/v2\/pages\/2985\/revisions\/13029"}],"up":[{"embeddable":true,"href":"https:\/\/www.ciel-strasbourg.org\/en\/wp-json\/wp\/v2\/pages\/2945"}],"wp:featuredmedia":[{"embeddable":true,"href":"https:\/\/www.ciel-strasbourg.org\/en\/wp-json\/wp\/v2\/media\/1778"}],"wp:attachment":[{"href":"https:\/\/www.ciel-strasbourg.org\/en\/wp-json\/wp\/v2\/media?parent=2985"}],"curies":[{"name":"wp","href":"https:\/\/api.w.org\/{rel}","templated":true}]}}