{"id":3298,"date":"2020-12-09T11:29:51","date_gmt":"2020-12-09T10:29:51","guid":{"rendered":"https:\/\/www.ciel-strasbourg.org\/?page_id=3298"},"modified":"2020-12-09T11:29:51","modified_gmt":"2020-12-09T10:29:51","slug":"sitemap","status":"publish","type":"page","link":"https:\/\/www.ciel-strasbourg.org\/en\/sitemap\/","title":{"rendered":"Sitemap"},"content":{"rendered":"<p><span style=\"color: #32373c; font-family: -apple-system, BlinkMacSystemFont, 'Segoe UI', Roboto, Oxygen-Sans, Ubuntu, Cantarell, 'Helvetica Neue', sans-serif; font-size: 13px; background-color: #f7fcfe;\"><div class=\"wsp-container\"><h2 class=\"wsp-pages-title\">Pages<\/h2>\n<ul class=\"wsp-pages-list\">\n<li class=\"page_item page-item-467\"><a href=\"https:\/\/www.ciel-strasbourg.org\/en\/\">A French school certified in accordance with the FLE Quality Label<\/a><\/li>\n<li class=\"page_item page-item-13007\"><a href=\"https:\/\/www.ciel-strasbourg.org\/en\/formation-des-personnes-en-situation-de-handicap\/\">Formation des personnes en situation de handicap<\/a><\/li>\n<li class=\"page_item page-item-2773 page_item_has_children\"><a href=\"https:\/\/www.ciel-strasbourg.org\/en\/strasbourg-ciel\/\">Strasbourg CIEL<\/a>\n<ul class='children'>\n\t<li class=\"page_item page-item-16100\"><a href=\"https:\/\/www.ciel-strasbourg.org\/en\/strasbourg-ciel\/catalog\/\">Catalog<\/a><\/li>\n\t<li class=\"page_item page-item-2801\"><a href=\"https:\/\/www.ciel-strasbourg.org\/en\/strasbourg-ciel\/background\/\">Background<\/a><\/li>\n\t<li class=\"page_item page-item-2804\"><a href=\"https:\/\/www.ciel-strasbourg.org\/en\/strasbourg-ciel\/location-access\/\">Location &#038; Access<\/a><\/li>\n\t<li class=\"page_item page-item-2808\"><a href=\"https:\/\/www.ciel-strasbourg.org\/en\/strasbourg-ciel\/the-ciel-team-and-teaching-of-teachers\/\">The CIEL team and teaching of teachers<\/a><\/li>\n\t<li class=\"page_item page-item-2893\"><a href=\"https:\/\/www.ciel-strasbourg.org\/en\/strasbourg-ciel\/photo-gallery\/\">Photo gallery<\/a><\/li>\n\t<li class=\"page_item page-item-2794\"><a href=\"https:\/\/www.ciel-strasbourg.org\/en\/strasbourg-ciel\/equipments-and-facilities\/\">Equipments and facilities<\/a><\/li>\n\t<li class=\"page_item page-item-2811\"><a href=\"https:\/\/www.ciel-strasbourg.org\/en\/strasbourg-ciel\/cafeteria\/\">Cafeteria<\/a><\/li>\n\t<li class=\"page_item page-item-2820\"><a href=\"https:\/\/www.ciel-strasbourg.org\/en\/strasbourg-ciel\/contacts\/\">Contacts<\/a><\/li>\n\t<li class=\"page_item page-item-2817\"><a href=\"https:\/\/www.ciel-strasbourg.org\/en\/strasbourg-ciel\/customers-and-partners\/\">Customers and partners<\/a><\/li>\n\t<li class=\"page_item page-item-3596\"><a href=\"https:\/\/www.ciel-strasbourg.org\/en\/strasbourg-ciel\/faq\/\">FAQ<\/a><\/li>\n\t<li class=\"page_item page-item-3008\"><a href=\"https:\/\/www.ciel-strasbourg.org\/en\/strasbourg-ciel\/enrolment-procedure-and-practical-info\/\">Enrolment procedure and practical info<\/a><\/li>\n<\/ul>\n<\/li>\n<li class=\"page_item page-item-3246\"><a href=\"https:\/\/www.ciel-strasbourg.org\/en\/officially-recognised-courses-at-cci-campus\/\">Officially recognised courses at CCI Campus<\/a><\/li>\n<li class=\"page_item page-item-2832 page_item_has_children\"><a href=\"https:\/\/www.ciel-strasbourg.org\/en\/accomodation\/\">Accomodation<\/a>\n<ul class='children'>\n\t<li class=\"page_item page-item-2835\"><a href=\"https:\/\/www.ciel-strasbourg.org\/en\/accomodation\/host-family\/\">Host family<\/a><\/li>\n\t<li class=\"page_item page-item-2838\"><a href=\"https:\/\/www.ciel-strasbourg.org\/en\/accomodation\/private-accommodation\/\">Private accommodation<\/a><\/li>\n\t<li class=\"page_item page-item-2840\"><a href=\"https:\/\/www.ciel-strasbourg.org\/en\/accomodation\/bedsits-and-small-furnished-flats\/\">Bedsits and small furnished flats<\/a><\/li>\n\t<li class=\"page_item page-item-2931\"><a href=\"https:\/\/www.ciel-strasbourg.org\/en\/accomodation\/halls-of-residence\/\">Halls of residence<\/a><\/li>\n\t<li class=\"page_item page-item-2934\"><a href=\"https:\/\/www.ciel-strasbourg.org\/en\/accomodation\/citadines-apart-hotel\/\">&#8220;CITADINES&#8221; Apart hotel<\/a><\/li>\n\t<li class=\"page_item page-item-2844\"><a href=\"https:\/\/www.ciel-strasbourg.org\/en\/accomodation\/hotels\/\">Hotels<\/a><\/li>\n\t<li class=\"page_item page-item-3309\"><a href=\"https:\/\/www.ciel-strasbourg.org\/en\/accomodation\/booking-procedure\/\">Booking procedure<\/a><\/li>\n\t<li class=\"page_item page-item-2938\"><a href=\"https:\/\/www.ciel-strasbourg.org\/en\/accomodation\/become-a-host-family\/\">Become a host family<\/a><\/li>\n<\/ul>\n<\/li>\n<li class=\"page_item page-item-4608 page_item_has_children\"><a href=\"https:\/\/www.ciel-strasbourg.org\/en\/prices-and-dates\/\">Prices and dates<\/a>\n<ul class='children'>\n\t<li class=\"page_item page-item-3017\"><a href=\"https:\/\/www.ciel-strasbourg.org\/en\/prices-and-dates\/gts\/\">GTS<\/a><\/li>\n\t<li class=\"page_item page-item-2825\"><a href=\"https:\/\/www.ciel-strasbourg.org\/en\/prices-and-dates\/level-test\/\">Level test<\/a><\/li>\n<\/ul>\n<\/li>\n<li class=\"page_item page-item-2945 page_item_has_children\"><a href=\"https:\/\/www.ciel-strasbourg.org\/en\/strasbourg-and-alsace\/\">Strasbourg and Alsace<\/a>\n<ul class='children'>\n\t<li class=\"page_item page-item-2948\"><a href=\"https:\/\/www.ciel-strasbourg.org\/en\/strasbourg-and-alsace\/cultural-service\/\">Cultural service<\/a><\/li>\n\t<li class=\"page_item page-item-2967 page_item_has_children\"><a href=\"https:\/\/www.ciel-strasbourg.org\/en\/strasbourg-and-alsace\/strasbourg\/\">Strasbourg<\/a>\n\t<ul class='children'>\n\t\t<li class=\"page_item page-item-2973\"><a href=\"https:\/\/www.ciel-strasbourg.org\/en\/strasbourg-and-alsace\/strasbourg\/strasbourg-europes-capital-city\/\">Strasbourg: Europe&#8217;s capital city<\/a><\/li>\n\t\t<li class=\"page_item page-item-2980\"><a href=\"https:\/\/www.ciel-strasbourg.org\/en\/strasbourg-and-alsace\/strasbourg\/things-to-do-in-strasbourg\/\">Things to do in Strasbourg<\/a><\/li>\n\t<\/ul>\n<\/li>\n\t<li class=\"page_item page-item-2985 page_item_has_children\"><a href=\"https:\/\/www.ciel-strasbourg.org\/en\/strasbourg-and-alsace\/alsace\/\">Alsace<\/a>\n\t<ul class='children'>\n\t\t<li class=\"page_item page-item-2998\"><a href=\"https:\/\/www.ciel-strasbourg.org\/en\/strasbourg-and-alsace\/alsace\/heritage-and-good-living\/\">Heritage and good living<\/a><\/li>\n\t\t<li class=\"page_item page-item-2992\"><a href=\"https:\/\/www.ciel-strasbourg.org\/en\/strasbourg-and-alsace\/alsace\/trips\/\">Trips<\/a><\/li>\n\t<\/ul>\n<\/li>\n\t<li class=\"page_item page-item-3025\"><a href=\"https:\/\/www.ciel-strasbourg.org\/en\/strasbourg-and-alsace\/gallery\/\">Gallery<\/a><\/li>\n<\/ul>\n<\/li>\n<li class=\"page_item page-item-3014\"><a href=\"https:\/\/www.ciel-strasbourg.org\/en\/contact\/\">Contact<\/a><\/li>\n<li class=\"page_item page-item-4480\"><a href=\"https:\/\/www.ciel-strasbourg.org\/en\/request-a-quotation\/\">Request a quotation<\/a><\/li>\n<li class=\"page_item page-item-2511\"><a href=\"https:\/\/www.ciel-strasbourg.org\/en\/inscription\/\">Inscription<\/a><\/li>\n<li class=\"page_item page-item-2517\"><a href=\"https:\/\/www.ciel-strasbourg.org\/en\/inscription-tests-exams\/\">Registration Tests &#038; Exams<\/a><\/li>\n<li class=\"page_item page-item-3351\"><a href=\"https:\/\/www.ciel-strasbourg.org\/en\/paiement\/\">Paiement<\/a><\/li>\n<li class=\"page_item page-item-3345\"><a href=\"https:\/\/www.ciel-strasbourg.org\/en\/booking\/\">Booking<\/a><\/li>\n<li class=\"page_item page-item-3649\"><a href=\"https:\/\/www.ciel-strasbourg.org\/en\/legale-notices\/\">Legale notices<\/a><\/li>\n<\/ul>\n<h2 class=\"wsp-temoignages-title\">Reviews<\/h2>\n<ul class=\"wsp-temoignages-list\">\n<li><a href=\"https:\/\/www.ciel-strasbourg.org\/en\/testimonial\/meifang-h\/\">Meifang H<\/a><\/li>\n<li><a href=\"https:\/\/www.ciel-strasbourg.org\/en\/testimonial\/massimiliano-p\/\">Massimiliano P<\/a><\/li>\n<li><a href=\"https:\/\/www.ciel-strasbourg.org\/en\/testimonial\/katharina-l\/\">Katharina L<\/a><\/li>\n<li><a href=\"https:\/\/www.ciel-strasbourg.org\/en\/testimonial\/jimin-song\/\">Jimin SONG<\/a><\/li>\n<li><a href=\"https:\/\/www.ciel-strasbourg.org\/en\/testimonial\/sidi-traore\/\">Sidi TRAORE<\/a><\/li>\n<li><a href=\"https:\/\/www.ciel-strasbourg.org\/en\/testimonial\/zein-alhaj-abdo\/\">Zein ALHAJ ABDO<\/a><\/li>\n<\/ul>\n<h2 class=\"wsp-formationss-title\">Formations<\/h2>\n<ul class=\"wsp-formationss-list\">\n<li><a href=\"https:\/\/www.ciel-strasbourg.org\/en\/trainings\/diplome-universitaire-preparation-aux-etudes-en-france\/\">University Diploma: Preparation for studies in France<\/a><\/li>\n<li><a href=\"https:\/\/www.ciel-strasbourg.org\/en\/trainings\/francais-pour-debutants-cours-intensifs\/\">French for beginers (A0) \u2013 intensive<\/a><\/li>\n<li><a href=\"https:\/\/www.ciel-strasbourg.org\/en\/trainings\/general-french-languages-conversation-groups-online\/\">General French Language - Conversation groups - online<\/a><\/li>\n<li><a href=\"https:\/\/www.ciel-strasbourg.org\/en\/trainings\/general-french-languages-individual-classes-online\/\">General French Language - Individual classes - online<\/a><\/li>\n<li><a href=\"https:\/\/www.ciel-strasbourg.org\/en\/trainings\/general-french-languages-extensive-group-classes-online\/\">General French Language - Extensive group classes \u2013 online<\/a><\/li>\n<li><a href=\"https:\/\/www.ciel-strasbourg.org\/en\/trainings\/general-french-languages-intensive-group-classes-online\/\">General French Language - Intensive group classes \u2013 online<\/a><\/li>\n<li><a href=\"https:\/\/www.ciel-strasbourg.org\/en\/trainings\/intra-course\/\">Instra Course<\/a><\/li>\n<li><a href=\"https:\/\/www.ciel-strasbourg.org\/en\/trainings\/online-program-brush-up-spelling-grammar\/\">Online program for those wishing to brush up on their spelling and grammar<\/a><\/li>\n<li><a href=\"https:\/\/www.ciel-strasbourg.org\/en\/trainings\/fle-french-business-immersion-linguistic-program\/\">FLE \"french business immersion\" linguistic program<\/a><\/li>\n<li><a href=\"https:\/\/www.ciel-strasbourg.org\/en\/trainings\/preparing-higher-education-france\/\">Preparing for higher education in France<\/a><\/li>\n<li><a href=\"https:\/\/www.ciel-strasbourg.org\/en\/trainings\/general-french-languages-evening-classes\/\">General French Languages \u2013 Evening classes<\/a><\/li>\n<li><a href=\"https:\/\/www.ciel-strasbourg.org\/en\/trainings\/methodological-work-placement-fle-teachers\/\">Methodological work placements for FLE teachers<\/a><\/li>\n<li><a href=\"https:\/\/www.ciel-strasbourg.org\/en\/trainings\/general-french-languages-improve-writing-skills\/\">Written french \u2013 improve your writing skills<\/a><\/li>\n<li><a href=\"https:\/\/www.ciel-strasbourg.org\/en\/trainings\/written-french\/\">Written french - Reconnecting with spelling and grammar<\/a><\/li>\n<li><a href=\"https:\/\/www.ciel-strasbourg.org\/en\/trainings\/general-french-languages-individual-classes\/\">General French Languages \u2013 Individual classes<\/a><\/li>\n<li><a href=\"https:\/\/www.ciel-strasbourg.org\/en\/trainings\/general-french-languages-summer-course\/\">French - Super intensive (July\/August)<\/a><\/li>\n<li><a href=\"https:\/\/www.ciel-strasbourg.org\/en\/trainings\/general-french-languages-morning-afternoon-classes\/\">General French Languages \u2013 Intensive classes<\/a><\/li>\n<\/ul>\n<h2 class=\"wsp-tests_examenss-title\">Tests and exams<\/h2>\n<ul class=\"wsp-tests_examenss-list\">\n<li><a href=\"https:\/\/www.ciel-strasbourg.org\/en\/tests\/professional-french-certificate-for-international-relations\/\">INTERNATIONAL RELATIONS - Professional French Certificate for International Relations<\/a><\/li>\n<li><a href=\"https:\/\/www.ciel-strasbourg.org\/en\/tests\/business-professional-french-certificate-for-business\/\">BUSINESS - Professional French Certificate for Business<\/a><\/li>\n<li><a href=\"https:\/\/www.ciel-strasbourg.org\/en\/tests\/tourism-hospitality-and-catering-professional-french-certificate-for-tourism-hospitality-and-catering\/\">TOURISM, HOSPITALITY AND CATERING - Professional French Certificate for Tourism, Hospitality and Catering<\/a><\/li>\n<li><a href=\"https:\/\/www.ciel-strasbourg.org\/en\/tests\/professional-french-certificate-for-health\/\">HEALTH - Professional French Certificate for Health<\/a><\/li>\n<li><a href=\"https:\/\/www.ciel-strasbourg.org\/en\/tests\/tcf-anf-test-de-connaissance-du-francais-acces-a-la-nationalite-francaise-2\/\">TCF IRN - Test de Connaissance du Fran\u00e7ais \u2013 Int\u00e9gration, R\u00e9sidence, Nationalit\u00e9<\/a><\/li>\n<li><a href=\"https:\/\/www.ciel-strasbourg.org\/en\/tests\/voltaire-certification\/\">Voltaire certification<\/a><\/li>\n<li><a href=\"https:\/\/www.ciel-strasbourg.org\/en\/tests\/cloe-certification\/\">CLOE certification<\/a><\/li>\n<li><a href=\"https:\/\/www.ciel-strasbourg.org\/en\/tests\/tcf-canada\/\">TCF CANADA French Proficiency Test for the Canadian immigration procedure - COMPUTER-BASED<\/a><\/li>\n<li><a href=\"https:\/\/www.ciel-strasbourg.org\/en\/tests\/tcf-tp\/\">TCF French Proficiency Test - No specific target audience - COMPUTER-BASED<\/a><\/li>\n<\/ul>\n<h2 class=\"wsp-additional_products-title\">Additional products<\/h2>\n<ul class=\"wsp-additional_products-list\">\n<li><a href=\"https:\/\/www.ciel-strasbourg.org\/en\/produit-complementaire\/tcf-complet\/\">Full TCF<\/a><\/li>\n<li><a href=\"https:\/\/www.ciel-strasbourg.org\/en\/produit-complementaire\/epreuves-facultatives-tcf-tp-expression-ecrite\/\">Optional examination TCF TP- written expression<\/a><\/li>\n<li><a href=\"https:\/\/www.ciel-strasbourg.org\/en\/produit-complementaire\/epreuves-facultatives-tcf-tp-expression-orale\/\">Optional tests TCF TP- oral expression<\/a><\/li>\n<li><a href=\"https:\/\/www.ciel-strasbourg.org\/en\/produit-complementaire\/activites-complementaires-dapres-midi\/\">Option of supplementary afternoon activities:<\/a><\/li>\n<li><a href=\"https:\/\/www.ciel-strasbourg.org\/en\/produit-complementaire\/cours-particuliers\/\">One-to-one courses<\/a><\/li>\n<li><a href=\"https:\/\/www.ciel-strasbourg.org\/en\/produit-complementaire\/lorem-ipsum-dolor\/\">Online preparation for TCF and DELS tests and examinations<\/a><\/li>\n<\/ul>\n<h2 class=\"wsp-formation_types-title\">Types de formations<\/h2>\n<ul class=\"wsp-formation_types-list\">\n<li><a href=\"https:\/\/www.ciel-strasbourg.org\/en\/type-trainings\/preparer-ses-etudes-superieures-en-france\/\">Pr\u00e9parer ses \u00e9tudes sup\u00e9rieures en France<\/a><\/li>\n<\/ul>\n<\/div><\/span><\/p>\n","protected":false},"excerpt":{"rendered":"","protected":false},"author":7,"featured_media":0,"parent":0,"menu_order":99,"comment_status":"closed","ping_status":"closed","template":"","meta":{"_acf_changed":false,"footnotes":""},"class_list":["post-3298","page","type-page","status-publish","hentry","wp-sticky"],"acf":[],"yoast_head":"<!-- This site is optimized with the Yoast SEO plugin v27.4 - https:\/\/yoast.com\/product\/yoast-seo-wordpress\/ -->\n<title>Sitemap<\/title>\n<meta name=\"robots\" content=\"index, follow, max-snippet:-1, max-image-preview:large, max-video-preview:-1\" \/>\n<link rel=\"canonical\" href=\"https:\/\/www.ciel-strasbourg.org\/en\/sitemap\/\" \/>\n<meta property=\"og:locale\" content=\"en_US\" \/>\n<meta property=\"og:type\" content=\"article\" \/>\n<meta property=\"og:title\" content=\"Sitemap\" \/>\n<meta property=\"og:url\" content=\"https:\/\/www.ciel-strasbourg.org\/en\/sitemap\/\" \/>\n<meta property=\"og:site_name\" content=\"CIEL\" \/>\n<meta property=\"og:image\" content=\"https:\/\/www.ciel-strasbourg.org\/wp-inside\/uploads\/2020\/10\/batiment_strasbourg_yvestrotzier_11.jpg\" \/>\n\t<meta property=\"og:image:width\" content=\"1772\" \/>\n\t<meta property=\"og:image:height\" content=\"1772\" \/>\n\t<meta property=\"og:image:type\" content=\"image\/jpeg\" \/>\n<meta name=\"twitter:card\" content=\"summary_large_image\" \/>\n<script type=\"application\/ld+json\" class=\"yoast-schema-graph\">{\"@context\":\"https:\\\/\\\/schema.org\",\"@graph\":[{\"@type\":\"WebPage\",\"@id\":\"https:\\\/\\\/www.ciel-strasbourg.org\\\/en\\\/sitemap\\\/\",\"url\":\"https:\\\/\\\/www.ciel-strasbourg.org\\\/en\\\/sitemap\\\/\",\"name\":\"Sitemap\",\"isPartOf\":{\"@id\":\"https:\\\/\\\/www.ciel-strasbourg.org\\\/en\\\/#website\"},\"datePublished\":\"2020-12-09T10:29:51+00:00\",\"breadcrumb\":{\"@id\":\"https:\\\/\\\/www.ciel-strasbourg.org\\\/en\\\/sitemap\\\/#breadcrumb\"},\"inLanguage\":\"en-US\",\"potentialAction\":[{\"@type\":\"ReadAction\",\"target\":[\"https:\\\/\\\/www.ciel-strasbourg.org\\\/en\\\/sitemap\\\/\"]}]},{\"@type\":\"BreadcrumbList\",\"@id\":\"https:\\\/\\\/www.ciel-strasbourg.org\\\/en\\\/sitemap\\\/#breadcrumb\",\"itemListElement\":[{\"@type\":\"ListItem\",\"position\":1,\"name\":\"Home\",\"item\":\"https:\\\/\\\/www.ciel-strasbourg.org\\\/en\\\/\"},{\"@type\":\"ListItem\",\"position\":2,\"name\":\"Sitemap\"}]},{\"@type\":\"WebSite\",\"@id\":\"https:\\\/\\\/www.ciel-strasbourg.org\\\/en\\\/#website\",\"url\":\"https:\\\/\\\/www.ciel-strasbourg.org\\\/en\\\/\",\"name\":\"CIEL\",\"description\":\"Learn French at Strasbourg CIEL!\",\"publisher\":{\"@id\":\"https:\\\/\\\/www.ciel-strasbourg.org\\\/en\\\/#organization\"},\"potentialAction\":[{\"@type\":\"SearchAction\",\"target\":{\"@type\":\"EntryPoint\",\"urlTemplate\":\"https:\\\/\\\/www.ciel-strasbourg.org\\\/en\\\/?s={search_term_string}\"},\"query-input\":{\"@type\":\"PropertyValueSpecification\",\"valueRequired\":true,\"valueName\":\"search_term_string\"}}],\"inLanguage\":\"en-US\"},{\"@type\":\"Organization\",\"@id\":\"https:\\\/\\\/www.ciel-strasbourg.org\\\/en\\\/#organization\",\"name\":\"CIEL Strasbourg\",\"url\":\"https:\\\/\\\/www.ciel-strasbourg.org\\\/en\\\/\",\"logo\":{\"@type\":\"ImageObject\",\"inLanguage\":\"en-US\",\"@id\":\"https:\\\/\\\/www.ciel-strasbourg.org\\\/en\\\/#\\\/schema\\\/logo\\\/image\\\/\",\"url\":\"https:\\\/\\\/www.ciel-strasbourg.org\\\/wp-inside\\\/uploads\\\/2020\\\/12\\\/logo-ciel.png\",\"contentUrl\":\"https:\\\/\\\/www.ciel-strasbourg.org\\\/wp-inside\\\/uploads\\\/2020\\\/12\\\/logo-ciel.png\",\"width\":265,\"height\":90,\"caption\":\"CIEL Strasbourg\"},\"image\":{\"@id\":\"https:\\\/\\\/www.ciel-strasbourg.org\\\/en\\\/#\\\/schema\\\/logo\\\/image\\\/\"}}]}<\/script>\n<!-- \/ Yoast SEO plugin. -->","yoast_head_json":{"title":"Sitemap","robots":{"index":"index","follow":"follow","max-snippet":"max-snippet:-1","max-image-preview":"max-image-preview:large","max-video-preview":"max-video-preview:-1"},"canonical":"https:\/\/www.ciel-strasbourg.org\/en\/sitemap\/","og_locale":"en_US","og_type":"article","og_title":"Sitemap","og_url":"https:\/\/www.ciel-strasbourg.org\/en\/sitemap\/","og_site_name":"CIEL","og_image":[{"width":1772,"height":1772,"url":"https:\/\/www.ciel-strasbourg.org\/wp-inside\/uploads\/2020\/10\/batiment_strasbourg_yvestrotzier_11.jpg","type":"image\/jpeg"}],"twitter_card":"summary_large_image","schema":{"@context":"https:\/\/schema.org","@graph":[{"@type":"WebPage","@id":"https:\/\/www.ciel-strasbourg.org\/en\/sitemap\/","url":"https:\/\/www.ciel-strasbourg.org\/en\/sitemap\/","name":"Sitemap","isPartOf":{"@id":"https:\/\/www.ciel-strasbourg.org\/en\/#website"},"datePublished":"2020-12-09T10:29:51+00:00","breadcrumb":{"@id":"https:\/\/www.ciel-strasbourg.org\/en\/sitemap\/#breadcrumb"},"inLanguage":"en-US","potentialAction":[{"@type":"ReadAction","target":["https:\/\/www.ciel-strasbourg.org\/en\/sitemap\/"]}]},{"@type":"BreadcrumbList","@id":"https:\/\/www.ciel-strasbourg.org\/en\/sitemap\/#breadcrumb","itemListElement":[{"@type":"ListItem","position":1,"name":"Home","item":"https:\/\/www.ciel-strasbourg.org\/en\/"},{"@type":"ListItem","position":2,"name":"Sitemap"}]},{"@type":"WebSite","@id":"https:\/\/www.ciel-strasbourg.org\/en\/#website","url":"https:\/\/www.ciel-strasbourg.org\/en\/","name":"CIEL","description":"Learn French at Strasbourg CIEL!","publisher":{"@id":"https:\/\/www.ciel-strasbourg.org\/en\/#organization"},"potentialAction":[{"@type":"SearchAction","target":{"@type":"EntryPoint","urlTemplate":"https:\/\/www.ciel-strasbourg.org\/en\/?s={search_term_string}"},"query-input":{"@type":"PropertyValueSpecification","valueRequired":true,"valueName":"search_term_string"}}],"inLanguage":"en-US"},{"@type":"Organization","@id":"https:\/\/www.ciel-strasbourg.org\/en\/#organization","name":"CIEL Strasbourg","url":"https:\/\/www.ciel-strasbourg.org\/en\/","logo":{"@type":"ImageObject","inLanguage":"en-US","@id":"https:\/\/www.ciel-strasbourg.org\/en\/#\/schema\/logo\/image\/","url":"https:\/\/www.ciel-strasbourg.org\/wp-inside\/uploads\/2020\/12\/logo-ciel.png","contentUrl":"https:\/\/www.ciel-strasbourg.org\/wp-inside\/uploads\/2020\/12\/logo-ciel.png","width":265,"height":90,"caption":"CIEL Strasbourg"},"image":{"@id":"https:\/\/www.ciel-strasbourg.org\/en\/#\/schema\/logo\/image\/"}}]}},"_links":{"self":[{"href":"https:\/\/www.ciel-strasbourg.org\/en\/wp-json\/wp\/v2\/pages\/3298","targetHints":{"allow":["GET"]}}],"collection":[{"href":"https:\/\/www.ciel-strasbourg.org\/en\/wp-json\/wp\/v2\/pages"}],"about":[{"href":"https:\/\/www.ciel-strasbourg.org\/en\/wp-json\/wp\/v2\/types\/page"}],"author":[{"embeddable":true,"href":"https:\/\/www.ciel-strasbourg.org\/en\/wp-json\/wp\/v2\/users\/7"}],"replies":[{"embeddable":true,"href":"https:\/\/www.ciel-strasbourg.org\/en\/wp-json\/wp\/v2\/comments?post=3298"}],"version-history":[{"count":1,"href":"https:\/\/www.ciel-strasbourg.org\/en\/wp-json\/wp\/v2\/pages\/3298\/revisions"}],"predecessor-version":[{"id":3299,"href":"https:\/\/www.ciel-strasbourg.org\/en\/wp-json\/wp\/v2\/pages\/3298\/revisions\/3299"}],"wp:attachment":[{"href":"https:\/\/www.ciel-strasbourg.org\/en\/wp-json\/wp\/v2\/media?parent=3298"}],"curies":[{"name":"wp","href":"https:\/\/api.w.org\/{rel}","templated":true}]}}