{"id":3309,"date":"2020-12-09T12:03:44","date_gmt":"2020-12-09T11:03:44","guid":{"rendered":"https:\/\/www.ciel-strasbourg.org\/?page_id=3309"},"modified":"2023-11-02T16:17:56","modified_gmt":"2023-11-02T15:17:56","slug":"booking-procedure","status":"publish","type":"page","link":"https:\/\/www.ciel-strasbourg.org\/en\/accomodation\/booking-procedure\/","title":{"rendered":"Booking procedure"},"content":{"rendered":"<p>Please complete your course enrolment form before completing the accommodation form. Our accommodation service is reserved for students enrolled on our French courses and is only available for the duration of their CIEL course.<\/p>\n<p>For all accommodation enquiries, students are asked to complete the online accommodation form at the registrement. We will make the booking upon receipt of the form. The relevant contact details and address of the accommodation will be specified in the letter of invitation sent by e-mail before the start of the course.<\/p>\n<p>&nbsp;<\/p>\n","protected":false},"excerpt":{"rendered":"<p>Pour toute demande d\u2019h\u00e9bergement, nous demandons aux stagiaires de compl\u00e9ter le formulaire logement en ligne. <\/p>\n","protected":false},"author":7,"featured_media":1816,"parent":2832,"menu_order":360,"comment_status":"closed","ping_status":"closed","template":"tpl-page-modulable.php","meta":{"_acf_changed":false,"footnotes":""},"class_list":["post-3309","page","type-page","status-publish","has-post-thumbnail","hentry","wp-sticky"],"acf":[],"yoast_head":"<!-- This site is optimized with the Yoast SEO plugin v27.5 - https:\/\/yoast.com\/product\/yoast-seo-wordpress\/ -->\n<title>Booking procedure<\/title>\n<meta name=\"robots\" content=\"index, follow, max-snippet:-1, max-image-preview:large, max-video-preview:-1\" \/>\n<link rel=\"canonical\" href=\"https:\/\/www.ciel-strasbourg.org\/en\/accomodation\/booking-procedure\/\" \/>\n<meta property=\"og:locale\" content=\"en_US\" \/>\n<meta property=\"og:type\" content=\"article\" \/>\n<meta property=\"og:title\" content=\"Booking procedure\" \/>\n<meta property=\"og:description\" content=\"Pour toute demande d\u2019h\u00e9bergement, nous demandons aux stagiaires de compl\u00e9ter le formulaire logement en ligne.\" \/>\n<meta property=\"og:url\" content=\"https:\/\/www.ciel-strasbourg.org\/en\/accomodation\/booking-procedure\/\" \/>\n<meta property=\"og:site_name\" content=\"CIEL\" \/>\n<meta property=\"article:modified_time\" content=\"2023-11-02T15:17:56+00:00\" \/>\n<meta property=\"og:image\" content=\"https:\/\/www.ciel-strasbourg.org\/wp-inside\/uploads\/2020\/10\/ciel-strasbourg-etudiant_international_yvestrotzier_46.jpg\" \/>\n\t<meta property=\"og:image:width\" content=\"2000\" \/>\n\t<meta property=\"og:image:height\" content=\"1335\" \/>\n\t<meta property=\"og:image:type\" content=\"image\/jpeg\" \/>\n<meta name=\"twitter:card\" content=\"summary_large_image\" \/>\n<script type=\"application\/ld+json\" class=\"yoast-schema-graph\">{\"@context\":\"https:\\\/\\\/schema.org\",\"@graph\":[{\"@type\":\"WebPage\",\"@id\":\"https:\\\/\\\/www.ciel-strasbourg.org\\\/en\\\/accomodation\\\/booking-procedure\\\/\",\"url\":\"https:\\\/\\\/www.ciel-strasbourg.org\\\/en\\\/accomodation\\\/booking-procedure\\\/\",\"name\":\"Booking procedure\",\"isPartOf\":{\"@id\":\"https:\\\/\\\/www.ciel-strasbourg.org\\\/en\\\/#website\"},\"primaryImageOfPage\":{\"@id\":\"https:\\\/\\\/www.ciel-strasbourg.org\\\/en\\\/accomodation\\\/booking-procedure\\\/#primaryimage\"},\"image\":{\"@id\":\"https:\\\/\\\/www.ciel-strasbourg.org\\\/en\\\/accomodation\\\/booking-procedure\\\/#primaryimage\"},\"thumbnailUrl\":\"https:\\\/\\\/www.ciel-strasbourg.org\\\/wp-inside\\\/uploads\\\/2020\\\/10\\\/ciel-strasbourg-etudiant_international_yvestrotzier_46.jpg\",\"datePublished\":\"2020-12-09T11:03:44+00:00\",\"dateModified\":\"2023-11-02T15:17:56+00:00\",\"breadcrumb\":{\"@id\":\"https:\\\/\\\/www.ciel-strasbourg.org\\\/en\\\/accomodation\\\/booking-procedure\\\/#breadcrumb\"},\"inLanguage\":\"en-US\",\"potentialAction\":[{\"@type\":\"ReadAction\",\"target\":[\"https:\\\/\\\/www.ciel-strasbourg.org\\\/en\\\/accomodation\\\/booking-procedure\\\/\"]}]},{\"@type\":\"ImageObject\",\"inLanguage\":\"en-US\",\"@id\":\"https:\\\/\\\/www.ciel-strasbourg.org\\\/en\\\/accomodation\\\/booking-procedure\\\/#primaryimage\",\"url\":\"https:\\\/\\\/www.ciel-strasbourg.org\\\/wp-inside\\\/uploads\\\/2020\\\/10\\\/ciel-strasbourg-etudiant_international_yvestrotzier_46.jpg\",\"contentUrl\":\"https:\\\/\\\/www.ciel-strasbourg.org\\\/wp-inside\\\/uploads\\\/2020\\\/10\\\/ciel-strasbourg-etudiant_international_yvestrotzier_46.jpg\",\"width\":2000,\"height\":1335,\"caption\":\"Ciel Strasbourg \u00e9tudiants \u00e0 l'ext\u00e9rieur du campus\"},{\"@type\":\"BreadcrumbList\",\"@id\":\"https:\\\/\\\/www.ciel-strasbourg.org\\\/en\\\/accomodation\\\/booking-procedure\\\/#breadcrumb\",\"itemListElement\":[{\"@type\":\"ListItem\",\"position\":1,\"name\":\"Home\",\"item\":\"https:\\\/\\\/www.ciel-strasbourg.org\\\/en\\\/\"},{\"@type\":\"ListItem\",\"position\":2,\"name\":\"Accomodation\",\"item\":\"https:\\\/\\\/www.ciel-strasbourg.org\\\/en\\\/accomodation\\\/\"},{\"@type\":\"ListItem\",\"position\":3,\"name\":\"Booking procedure\"}]},{\"@type\":\"WebSite\",\"@id\":\"https:\\\/\\\/www.ciel-strasbourg.org\\\/en\\\/#website\",\"url\":\"https:\\\/\\\/www.ciel-strasbourg.org\\\/en\\\/\",\"name\":\"CIEL\",\"description\":\"Learn French at Strasbourg CIEL!\",\"publisher\":{\"@id\":\"https:\\\/\\\/www.ciel-strasbourg.org\\\/en\\\/#organization\"},\"potentialAction\":[{\"@type\":\"SearchAction\",\"target\":{\"@type\":\"EntryPoint\",\"urlTemplate\":\"https:\\\/\\\/www.ciel-strasbourg.org\\\/en\\\/?s={search_term_string}\"},\"query-input\":{\"@type\":\"PropertyValueSpecification\",\"valueRequired\":true,\"valueName\":\"search_term_string\"}}],\"inLanguage\":\"en-US\"},{\"@type\":\"Organization\",\"@id\":\"https:\\\/\\\/www.ciel-strasbourg.org\\\/en\\\/#organization\",\"name\":\"CIEL Strasbourg\",\"url\":\"https:\\\/\\\/www.ciel-strasbourg.org\\\/en\\\/\",\"logo\":{\"@type\":\"ImageObject\",\"inLanguage\":\"en-US\",\"@id\":\"https:\\\/\\\/www.ciel-strasbourg.org\\\/en\\\/#\\\/schema\\\/logo\\\/image\\\/\",\"url\":\"https:\\\/\\\/www.ciel-strasbourg.org\\\/wp-inside\\\/uploads\\\/2020\\\/12\\\/logo-ciel.png\",\"contentUrl\":\"https:\\\/\\\/www.ciel-strasbourg.org\\\/wp-inside\\\/uploads\\\/2020\\\/12\\\/logo-ciel.png\",\"width\":265,\"height\":90,\"caption\":\"CIEL Strasbourg\"},\"image\":{\"@id\":\"https:\\\/\\\/www.ciel-strasbourg.org\\\/en\\\/#\\\/schema\\\/logo\\\/image\\\/\"}}]}<\/script>\n<!-- \/ Yoast SEO plugin. -->","yoast_head_json":{"title":"Booking procedure","robots":{"index":"index","follow":"follow","max-snippet":"max-snippet:-1","max-image-preview":"max-image-preview:large","max-video-preview":"max-video-preview:-1"},"canonical":"https:\/\/www.ciel-strasbourg.org\/en\/accomodation\/booking-procedure\/","og_locale":"en_US","og_type":"article","og_title":"Booking procedure","og_description":"Pour toute demande d\u2019h\u00e9bergement, nous demandons aux stagiaires de compl\u00e9ter le formulaire logement en ligne.","og_url":"https:\/\/www.ciel-strasbourg.org\/en\/accomodation\/booking-procedure\/","og_site_name":"CIEL","article_modified_time":"2023-11-02T15:17:56+00:00","og_image":[{"width":2000,"height":1335,"url":"https:\/\/www.ciel-strasbourg.org\/wp-inside\/uploads\/2020\/10\/ciel-strasbourg-etudiant_international_yvestrotzier_46.jpg","type":"image\/jpeg"}],"twitter_card":"summary_large_image","schema":{"@context":"https:\/\/schema.org","@graph":[{"@type":"WebPage","@id":"https:\/\/www.ciel-strasbourg.org\/en\/accomodation\/booking-procedure\/","url":"https:\/\/www.ciel-strasbourg.org\/en\/accomodation\/booking-procedure\/","name":"Booking procedure","isPartOf":{"@id":"https:\/\/www.ciel-strasbourg.org\/en\/#website"},"primaryImageOfPage":{"@id":"https:\/\/www.ciel-strasbourg.org\/en\/accomodation\/booking-procedure\/#primaryimage"},"image":{"@id":"https:\/\/www.ciel-strasbourg.org\/en\/accomodation\/booking-procedure\/#primaryimage"},"thumbnailUrl":"https:\/\/www.ciel-strasbourg.org\/wp-inside\/uploads\/2020\/10\/ciel-strasbourg-etudiant_international_yvestrotzier_46.jpg","datePublished":"2020-12-09T11:03:44+00:00","dateModified":"2023-11-02T15:17:56+00:00","breadcrumb":{"@id":"https:\/\/www.ciel-strasbourg.org\/en\/accomodation\/booking-procedure\/#breadcrumb"},"inLanguage":"en-US","potentialAction":[{"@type":"ReadAction","target":["https:\/\/www.ciel-strasbourg.org\/en\/accomodation\/booking-procedure\/"]}]},{"@type":"ImageObject","inLanguage":"en-US","@id":"https:\/\/www.ciel-strasbourg.org\/en\/accomodation\/booking-procedure\/#primaryimage","url":"https:\/\/www.ciel-strasbourg.org\/wp-inside\/uploads\/2020\/10\/ciel-strasbourg-etudiant_international_yvestrotzier_46.jpg","contentUrl":"https:\/\/www.ciel-strasbourg.org\/wp-inside\/uploads\/2020\/10\/ciel-strasbourg-etudiant_international_yvestrotzier_46.jpg","width":2000,"height":1335,"caption":"Ciel Strasbourg \u00e9tudiants \u00e0 l'ext\u00e9rieur du campus"},{"@type":"BreadcrumbList","@id":"https:\/\/www.ciel-strasbourg.org\/en\/accomodation\/booking-procedure\/#breadcrumb","itemListElement":[{"@type":"ListItem","position":1,"name":"Home","item":"https:\/\/www.ciel-strasbourg.org\/en\/"},{"@type":"ListItem","position":2,"name":"Accomodation","item":"https:\/\/www.ciel-strasbourg.org\/en\/accomodation\/"},{"@type":"ListItem","position":3,"name":"Booking procedure"}]},{"@type":"WebSite","@id":"https:\/\/www.ciel-strasbourg.org\/en\/#website","url":"https:\/\/www.ciel-strasbourg.org\/en\/","name":"CIEL","description":"Learn French at Strasbourg CIEL!","publisher":{"@id":"https:\/\/www.ciel-strasbourg.org\/en\/#organization"},"potentialAction":[{"@type":"SearchAction","target":{"@type":"EntryPoint","urlTemplate":"https:\/\/www.ciel-strasbourg.org\/en\/?s={search_term_string}"},"query-input":{"@type":"PropertyValueSpecification","valueRequired":true,"valueName":"search_term_string"}}],"inLanguage":"en-US"},{"@type":"Organization","@id":"https:\/\/www.ciel-strasbourg.org\/en\/#organization","name":"CIEL Strasbourg","url":"https:\/\/www.ciel-strasbourg.org\/en\/","logo":{"@type":"ImageObject","inLanguage":"en-US","@id":"https:\/\/www.ciel-strasbourg.org\/en\/#\/schema\/logo\/image\/","url":"https:\/\/www.ciel-strasbourg.org\/wp-inside\/uploads\/2020\/12\/logo-ciel.png","contentUrl":"https:\/\/www.ciel-strasbourg.org\/wp-inside\/uploads\/2020\/12\/logo-ciel.png","width":265,"height":90,"caption":"CIEL Strasbourg"},"image":{"@id":"https:\/\/www.ciel-strasbourg.org\/en\/#\/schema\/logo\/image\/"}}]}},"_links":{"self":[{"href":"https:\/\/www.ciel-strasbourg.org\/en\/wp-json\/wp\/v2\/pages\/3309","targetHints":{"allow":["GET"]}}],"collection":[{"href":"https:\/\/www.ciel-strasbourg.org\/en\/wp-json\/wp\/v2\/pages"}],"about":[{"href":"https:\/\/www.ciel-strasbourg.org\/en\/wp-json\/wp\/v2\/types\/page"}],"author":[{"embeddable":true,"href":"https:\/\/www.ciel-strasbourg.org\/en\/wp-json\/wp\/v2\/users\/7"}],"replies":[{"embeddable":true,"href":"https:\/\/www.ciel-strasbourg.org\/en\/wp-json\/wp\/v2\/comments?post=3309"}],"version-history":[{"count":4,"href":"https:\/\/www.ciel-strasbourg.org\/en\/wp-json\/wp\/v2\/pages\/3309\/revisions"}],"predecessor-version":[{"id":13012,"href":"https:\/\/www.ciel-strasbourg.org\/en\/wp-json\/wp\/v2\/pages\/3309\/revisions\/13012"}],"up":[{"embeddable":true,"href":"https:\/\/www.ciel-strasbourg.org\/en\/wp-json\/wp\/v2\/pages\/2832"}],"wp:featuredmedia":[{"embeddable":true,"href":"https:\/\/www.ciel-strasbourg.org\/en\/wp-json\/wp\/v2\/media\/1816"}],"wp:attachment":[{"href":"https:\/\/www.ciel-strasbourg.org\/en\/wp-json\/wp\/v2\/media?parent=3309"}],"curies":[{"name":"wp","href":"https:\/\/api.w.org\/{rel}","templated":true}]}}