{"id":3361,"date":"2020-12-09T15:41:34","date_gmt":"2020-12-09T14:41:34","guid":{"rendered":"https:\/\/www.ciel-strasbourg.org\/?page_id=3361"},"modified":"2020-12-14T15:26:44","modified_gmt":"2020-12-14T14:26:44","slug":"historia","status":"publish","type":"page","link":"https:\/\/www.ciel-strasbourg.org\/es\/el-ciel-de-estrasburgo\/historia\/","title":{"rendered":"Historia"},"content":{"rendered":"<p>El CIEL de Estrasburgo recibe alumnos extranjeros desde 1976. Este departamento de la C\u00e1mara de Comercio e Industria de Alsacia Eurometr\u00f3poli (CCI) fue creado <strong>para responder al desarrollo internacional de la ciudad y sus empresas y promover el aprendizaje del Franc\u00e9s como Lengua Extranjera (FLE).<\/strong><\/p>\n<p>Inicialmente situado en el coraz\u00f3n de la ciudad, el CIEL de Estrasburgo se traslad\u00f3 en septiembre de 1999 al Campus de la CCI, el centro de formaci\u00f3n de la C\u00e1mara de Comercio e Industria. Este centro de formaci\u00f3n agrupa los diferentes cursos de formaci\u00f3n de la C\u00e1mara de Comercio e Industria de Alsacia Eurometr\u00f3poli. <strong>Este amplio y c\u00f3modo complejo<\/strong>, dotado de excepcionales medios t\u00e9cnicos, se encuentra a 9 minutos en tranv\u00eda del centro hist\u00f3rico de la ciudad y a 20 minutos del aeropuerto.<\/p>\n","protected":false},"excerpt":{"rendered":"<p>El CIEL de Estrasburgo recibe alumnos extranjeros desde 1976. Este departamento de la C\u00e1mara de Comercio e Industria de Alsacia Eurometr\u00f3poli (CCI) fue creado para responder al desarrollo internacional de [&hellip;]<\/p>\n","protected":false},"author":7,"featured_media":3454,"parent":3355,"menu_order":100,"comment_status":"closed","ping_status":"closed","template":"tpl-page-modulable.php","meta":{"_acf_changed":false,"footnotes":""},"class_list":["post-3361","page","type-page","status-publish","has-post-thumbnail","hentry","wp-sticky"],"acf":[],"yoast_head":"<!-- This site is optimized with the Yoast SEO plugin v27.6 - https:\/\/yoast.com\/product\/yoast-seo-wordpress\/ -->\n<title>Historia<\/title>\n<meta name=\"robots\" content=\"index, follow, max-snippet:-1, max-image-preview:large, max-video-preview:-1\" \/>\n<link rel=\"canonical\" href=\"https:\/\/www.ciel-strasbourg.org\/es\/el-ciel-de-estrasburgo\/historia\/\" \/>\n<meta property=\"og:locale\" content=\"es_ES\" \/>\n<meta property=\"og:type\" content=\"article\" \/>\n<meta property=\"og:title\" content=\"Historia\" \/>\n<meta property=\"og:description\" content=\"El CIEL de Estrasburgo recibe alumnos extranjeros desde 1976. Este departamento de la C\u00e1mara de Comercio e Industria de Alsacia Eurometr\u00f3poli (CCI) fue creado para responder al desarrollo internacional de [&hellip;]\" \/>\n<meta property=\"og:url\" content=\"https:\/\/www.ciel-strasbourg.org\/es\/el-ciel-de-estrasburgo\/historia\/\" \/>\n<meta property=\"og:site_name\" content=\"CIEL\" \/>\n<meta property=\"article:modified_time\" content=\"2020-12-14T14:26:44+00:00\" \/>\n<meta property=\"og:image\" content=\"https:\/\/www.ciel-strasbourg.org\/wp-inside\/uploads\/2020\/10\/ciel-strasbourg-campus-classe-scaled.jpg\" \/>\n\t<meta property=\"og:image:width\" content=\"2560\" \/>\n\t<meta property=\"og:image:height\" content=\"1920\" \/>\n\t<meta property=\"og:image:type\" content=\"image\/jpeg\" \/>\n<meta name=\"twitter:card\" content=\"summary_large_image\" \/>\n<meta name=\"twitter:label1\" content=\"Est. reading time\" \/>\n\t<meta name=\"twitter:data1\" content=\"1 minute\" \/>\n<script type=\"application\/ld+json\" class=\"yoast-schema-graph\">{\"@context\":\"https:\\\/\\\/schema.org\",\"@graph\":[{\"@type\":\"WebPage\",\"@id\":\"https:\\\/\\\/www.ciel-strasbourg.org\\\/es\\\/el-ciel-de-estrasburgo\\\/historia\\\/\",\"url\":\"https:\\\/\\\/www.ciel-strasbourg.org\\\/es\\\/el-ciel-de-estrasburgo\\\/historia\\\/\",\"name\":\"Historia\",\"isPartOf\":{\"@id\":\"https:\\\/\\\/www.ciel-strasbourg.org\\\/es\\\/#website\"},\"primaryImageOfPage\":{\"@id\":\"https:\\\/\\\/www.ciel-strasbourg.org\\\/es\\\/el-ciel-de-estrasburgo\\\/historia\\\/#primaryimage\"},\"image\":{\"@id\":\"https:\\\/\\\/www.ciel-strasbourg.org\\\/es\\\/el-ciel-de-estrasburgo\\\/historia\\\/#primaryimage\"},\"thumbnailUrl\":\"https:\\\/\\\/www.ciel-strasbourg.org\\\/wp-inside\\\/uploads\\\/2020\\\/10\\\/ciel-strasbourg-campus_photographe_ycestrotzier_ytr_1014-scaled.jpg\",\"datePublished\":\"2020-12-09T14:41:34+00:00\",\"dateModified\":\"2020-12-14T14:26:44+00:00\",\"breadcrumb\":{\"@id\":\"https:\\\/\\\/www.ciel-strasbourg.org\\\/es\\\/el-ciel-de-estrasburgo\\\/historia\\\/#breadcrumb\"},\"inLanguage\":\"es-ES\",\"potentialAction\":[{\"@type\":\"ReadAction\",\"target\":[\"https:\\\/\\\/www.ciel-strasbourg.org\\\/es\\\/el-ciel-de-estrasburgo\\\/historia\\\/\"]}]},{\"@type\":\"ImageObject\",\"inLanguage\":\"es-ES\",\"@id\":\"https:\\\/\\\/www.ciel-strasbourg.org\\\/es\\\/el-ciel-de-estrasburgo\\\/historia\\\/#primaryimage\",\"url\":\"https:\\\/\\\/www.ciel-strasbourg.org\\\/wp-inside\\\/uploads\\\/2020\\\/10\\\/ciel-strasbourg-campus_photographe_ycestrotzier_ytr_1014-scaled.jpg\",\"contentUrl\":\"https:\\\/\\\/www.ciel-strasbourg.org\\\/wp-inside\\\/uploads\\\/2020\\\/10\\\/ciel-strasbourg-campus_photographe_ycestrotzier_ytr_1014-scaled.jpg\",\"width\":1920,\"height\":1282,\"caption\":\"Ciel Strasbourg \u00e9tudiants salle de classe\"},{\"@type\":\"BreadcrumbList\",\"@id\":\"https:\\\/\\\/www.ciel-strasbourg.org\\\/es\\\/el-ciel-de-estrasburgo\\\/historia\\\/#breadcrumb\",\"itemListElement\":[{\"@type\":\"ListItem\",\"position\":1,\"name\":\"Inicio\",\"item\":\"https:\\\/\\\/www.ciel-strasbourg.org\\\/es\\\/\"},{\"@type\":\"ListItem\",\"position\":2,\"name\":\"El CIEL de Estrasburgo\",\"item\":\"https:\\\/\\\/www.ciel-strasbourg.org\\\/es\\\/el-ciel-de-estrasburgo\\\/\"},{\"@type\":\"ListItem\",\"position\":3,\"name\":\"Historia\"}]},{\"@type\":\"WebSite\",\"@id\":\"https:\\\/\\\/www.ciel-strasbourg.org\\\/es\\\/#website\",\"url\":\"https:\\\/\\\/www.ciel-strasbourg.org\\\/es\\\/\",\"name\":\"CIEL\",\"description\":\"\u00a1Aprenda franc\u00e9s en el CIEL de Estrasburgo!\",\"publisher\":{\"@id\":\"https:\\\/\\\/www.ciel-strasbourg.org\\\/es\\\/#organization\"},\"potentialAction\":[{\"@type\":\"SearchAction\",\"target\":{\"@type\":\"EntryPoint\",\"urlTemplate\":\"https:\\\/\\\/www.ciel-strasbourg.org\\\/es\\\/?s={search_term_string}\"},\"query-input\":{\"@type\":\"PropertyValueSpecification\",\"valueRequired\":true,\"valueName\":\"search_term_string\"}}],\"inLanguage\":\"es-ES\"},{\"@type\":\"Organization\",\"@id\":\"https:\\\/\\\/www.ciel-strasbourg.org\\\/es\\\/#organization\",\"name\":\"CIEL Strasbourg\",\"url\":\"https:\\\/\\\/www.ciel-strasbourg.org\\\/es\\\/\",\"logo\":{\"@type\":\"ImageObject\",\"inLanguage\":\"es-ES\",\"@id\":\"https:\\\/\\\/www.ciel-strasbourg.org\\\/es\\\/#\\\/schema\\\/logo\\\/image\\\/\",\"url\":\"https:\\\/\\\/www.ciel-strasbourg.org\\\/wp-inside\\\/uploads\\\/2020\\\/12\\\/logo-ciel.png\",\"contentUrl\":\"https:\\\/\\\/www.ciel-strasbourg.org\\\/wp-inside\\\/uploads\\\/2020\\\/12\\\/logo-ciel.png\",\"width\":265,\"height\":90,\"caption\":\"CIEL Strasbourg\"},\"image\":{\"@id\":\"https:\\\/\\\/www.ciel-strasbourg.org\\\/es\\\/#\\\/schema\\\/logo\\\/image\\\/\"}}]}<\/script>\n<!-- \/ Yoast SEO plugin. -->","yoast_head_json":{"title":"Historia","robots":{"index":"index","follow":"follow","max-snippet":"max-snippet:-1","max-image-preview":"max-image-preview:large","max-video-preview":"max-video-preview:-1"},"canonical":"https:\/\/www.ciel-strasbourg.org\/es\/el-ciel-de-estrasburgo\/historia\/","og_locale":"es_ES","og_type":"article","og_title":"Historia","og_description":"El CIEL de Estrasburgo recibe alumnos extranjeros desde 1976. Este departamento de la C\u00e1mara de Comercio e Industria de Alsacia Eurometr\u00f3poli (CCI) fue creado para responder al desarrollo internacional de [&hellip;]","og_url":"https:\/\/www.ciel-strasbourg.org\/es\/el-ciel-de-estrasburgo\/historia\/","og_site_name":"CIEL","article_modified_time":"2020-12-14T14:26:44+00:00","og_image":[{"width":2560,"height":1920,"url":"https:\/\/www.ciel-strasbourg.org\/wp-inside\/uploads\/2020\/10\/ciel-strasbourg-campus-classe-scaled.jpg","type":"image\/jpeg"}],"twitter_card":"summary_large_image","twitter_misc":{"Est. reading time":"1 minute"},"schema":{"@context":"https:\/\/schema.org","@graph":[{"@type":"WebPage","@id":"https:\/\/www.ciel-strasbourg.org\/es\/el-ciel-de-estrasburgo\/historia\/","url":"https:\/\/www.ciel-strasbourg.org\/es\/el-ciel-de-estrasburgo\/historia\/","name":"Historia","isPartOf":{"@id":"https:\/\/www.ciel-strasbourg.org\/es\/#website"},"primaryImageOfPage":{"@id":"https:\/\/www.ciel-strasbourg.org\/es\/el-ciel-de-estrasburgo\/historia\/#primaryimage"},"image":{"@id":"https:\/\/www.ciel-strasbourg.org\/es\/el-ciel-de-estrasburgo\/historia\/#primaryimage"},"thumbnailUrl":"https:\/\/www.ciel-strasbourg.org\/wp-inside\/uploads\/2020\/10\/ciel-strasbourg-campus_photographe_ycestrotzier_ytr_1014-scaled.jpg","datePublished":"2020-12-09T14:41:34+00:00","dateModified":"2020-12-14T14:26:44+00:00","breadcrumb":{"@id":"https:\/\/www.ciel-strasbourg.org\/es\/el-ciel-de-estrasburgo\/historia\/#breadcrumb"},"inLanguage":"es-ES","potentialAction":[{"@type":"ReadAction","target":["https:\/\/www.ciel-strasbourg.org\/es\/el-ciel-de-estrasburgo\/historia\/"]}]},{"@type":"ImageObject","inLanguage":"es-ES","@id":"https:\/\/www.ciel-strasbourg.org\/es\/el-ciel-de-estrasburgo\/historia\/#primaryimage","url":"https:\/\/www.ciel-strasbourg.org\/wp-inside\/uploads\/2020\/10\/ciel-strasbourg-campus_photographe_ycestrotzier_ytr_1014-scaled.jpg","contentUrl":"https:\/\/www.ciel-strasbourg.org\/wp-inside\/uploads\/2020\/10\/ciel-strasbourg-campus_photographe_ycestrotzier_ytr_1014-scaled.jpg","width":1920,"height":1282,"caption":"Ciel Strasbourg \u00e9tudiants salle de classe"},{"@type":"BreadcrumbList","@id":"https:\/\/www.ciel-strasbourg.org\/es\/el-ciel-de-estrasburgo\/historia\/#breadcrumb","itemListElement":[{"@type":"ListItem","position":1,"name":"Inicio","item":"https:\/\/www.ciel-strasbourg.org\/es\/"},{"@type":"ListItem","position":2,"name":"El CIEL de Estrasburgo","item":"https:\/\/www.ciel-strasbourg.org\/es\/el-ciel-de-estrasburgo\/"},{"@type":"ListItem","position":3,"name":"Historia"}]},{"@type":"WebSite","@id":"https:\/\/www.ciel-strasbourg.org\/es\/#website","url":"https:\/\/www.ciel-strasbourg.org\/es\/","name":"CIEL","description":"\u00a1Aprenda franc\u00e9s en el CIEL de Estrasburgo!","publisher":{"@id":"https:\/\/www.ciel-strasbourg.org\/es\/#organization"},"potentialAction":[{"@type":"SearchAction","target":{"@type":"EntryPoint","urlTemplate":"https:\/\/www.ciel-strasbourg.org\/es\/?s={search_term_string}"},"query-input":{"@type":"PropertyValueSpecification","valueRequired":true,"valueName":"search_term_string"}}],"inLanguage":"es-ES"},{"@type":"Organization","@id":"https:\/\/www.ciel-strasbourg.org\/es\/#organization","name":"CIEL Strasbourg","url":"https:\/\/www.ciel-strasbourg.org\/es\/","logo":{"@type":"ImageObject","inLanguage":"es-ES","@id":"https:\/\/www.ciel-strasbourg.org\/es\/#\/schema\/logo\/image\/","url":"https:\/\/www.ciel-strasbourg.org\/wp-inside\/uploads\/2020\/12\/logo-ciel.png","contentUrl":"https:\/\/www.ciel-strasbourg.org\/wp-inside\/uploads\/2020\/12\/logo-ciel.png","width":265,"height":90,"caption":"CIEL Strasbourg"},"image":{"@id":"https:\/\/www.ciel-strasbourg.org\/es\/#\/schema\/logo\/image\/"}}]}},"_links":{"self":[{"href":"https:\/\/www.ciel-strasbourg.org\/es\/wp-json\/wp\/v2\/pages\/3361","targetHints":{"allow":["GET"]}}],"collection":[{"href":"https:\/\/www.ciel-strasbourg.org\/es\/wp-json\/wp\/v2\/pages"}],"about":[{"href":"https:\/\/www.ciel-strasbourg.org\/es\/wp-json\/wp\/v2\/types\/page"}],"author":[{"embeddable":true,"href":"https:\/\/www.ciel-strasbourg.org\/es\/wp-json\/wp\/v2\/users\/7"}],"replies":[{"embeddable":true,"href":"https:\/\/www.ciel-strasbourg.org\/es\/wp-json\/wp\/v2\/comments?post=3361"}],"version-history":[{"count":2,"href":"https:\/\/www.ciel-strasbourg.org\/es\/wp-json\/wp\/v2\/pages\/3361\/revisions"}],"predecessor-version":[{"id":4161,"href":"https:\/\/www.ciel-strasbourg.org\/es\/wp-json\/wp\/v2\/pages\/3361\/revisions\/4161"}],"up":[{"embeddable":true,"href":"https:\/\/www.ciel-strasbourg.org\/es\/wp-json\/wp\/v2\/pages\/3355"}],"wp:featuredmedia":[{"embeddable":true,"href":"https:\/\/www.ciel-strasbourg.org\/es\/wp-json\/wp\/v2\/media\/3454"}],"wp:attachment":[{"href":"https:\/\/www.ciel-strasbourg.org\/es\/wp-json\/wp\/v2\/media?parent=3361"}],"curies":[{"name":"wp","href":"https:\/\/api.w.org\/{rel}","templated":true}]}}