{"id":3364,"date":"2020-12-09T15:42:30","date_gmt":"2020-12-09T14:42:30","guid":{"rendered":"https:\/\/www.ciel-strasbourg.org\/?page_id=3364"},"modified":"2020-12-14T17:58:59","modified_gmt":"2020-12-14T16:58:59","slug":"una-ubicacion-en-el-corazon-de-europa","status":"publish","type":"page","link":"https:\/\/www.ciel-strasbourg.org\/es\/el-ciel-de-estrasburgo\/una-ubicacion-en-el-corazon-de-europa\/","title":{"rendered":"Ubicaci\u00f3n y acceso"},"content":{"rendered":"<p>\u00a1Estrasburgo se encuentra en el coraz\u00f3n de Europa, una ciudad acogedora, a menos de 600 kil\u00f3metros de las ciudades m\u00e1s importantes de Europa!<\/p>\n<p>Estrasburgo, centro europeo de gran influencia, est\u00e1 situado en Alsacia, en el este de Francia, cerca de Alemania, Suiza y Luxemburgo. <strong>Es una de las capitales m\u00e1s hermosas de Europa, impregnada de historia y rebosante de juventud y energ\u00eda.<\/strong><\/p>\n","protected":false},"excerpt":{"rendered":"<p>\u00a1Estrasburgo se encuentra en el coraz\u00f3n de Europa, una ciudad acogedora, a menos de 600 kil\u00f3metros de las ciudades m\u00e1s importantes de Europa! Estrasburgo, centro europeo de gran influencia, est\u00e1 [&hellip;]<\/p>\n","protected":false},"author":7,"featured_media":3366,"parent":3355,"menu_order":110,"comment_status":"closed","ping_status":"closed","template":"tpl-page-modulable.php","meta":{"_acf_changed":false,"footnotes":""},"class_list":["post-3364","page","type-page","status-publish","has-post-thumbnail","hentry","wp-sticky"],"acf":[],"yoast_head":"<!-- This site is optimized with the Yoast SEO plugin v27.4 - https:\/\/yoast.com\/product\/yoast-seo-wordpress\/ -->\n<title>Ubicaci\u00f3n y acceso<\/title>\n<meta name=\"robots\" content=\"index, follow, max-snippet:-1, max-image-preview:large, max-video-preview:-1\" \/>\n<link rel=\"canonical\" href=\"https:\/\/www.ciel-strasbourg.org\/es\/el-ciel-de-estrasburgo\/una-ubicacion-en-el-corazon-de-europa\/\" \/>\n<meta property=\"og:locale\" content=\"es_ES\" \/>\n<meta property=\"og:type\" content=\"article\" \/>\n<meta property=\"og:title\" content=\"Ubicaci\u00f3n y acceso\" \/>\n<meta property=\"og:description\" content=\"\u00a1Estrasburgo se encuentra en el coraz\u00f3n de Europa, una ciudad acogedora, a menos de 600 kil\u00f3metros de las ciudades m\u00e1s importantes de Europa! Estrasburgo, centro europeo de gran influencia, est\u00e1 [&hellip;]\" \/>\n<meta property=\"og:url\" content=\"https:\/\/www.ciel-strasbourg.org\/es\/el-ciel-de-estrasburgo\/una-ubicacion-en-el-corazon-de-europa\/\" \/>\n<meta property=\"og:site_name\" content=\"CIEL\" \/>\n<meta property=\"article:modified_time\" content=\"2020-12-14T16:58:59+00:00\" \/>\n<meta property=\"og:image\" content=\"https:\/\/www.ciel-strasbourg.org\/wp-inside\/uploads\/2020\/10\/ciel-strasbourg-exterieur-campus_credit_yves_trotzier.jpg\" \/>\n\t<meta property=\"og:image:width\" content=\"1772\" \/>\n\t<meta property=\"og:image:height\" content=\"1772\" \/>\n\t<meta property=\"og:image:type\" content=\"image\/jpeg\" \/>\n<meta name=\"twitter:card\" content=\"summary_large_image\" \/>\n<script type=\"application\/ld+json\" class=\"yoast-schema-graph\">{\"@context\":\"https:\\\/\\\/schema.org\",\"@graph\":[{\"@type\":\"WebPage\",\"@id\":\"https:\\\/\\\/www.ciel-strasbourg.org\\\/es\\\/el-ciel-de-estrasburgo\\\/una-ubicacion-en-el-corazon-de-europa\\\/\",\"url\":\"https:\\\/\\\/www.ciel-strasbourg.org\\\/es\\\/el-ciel-de-estrasburgo\\\/una-ubicacion-en-el-corazon-de-europa\\\/\",\"name\":\"Ubicaci\u00f3n y acceso\",\"isPartOf\":{\"@id\":\"https:\\\/\\\/www.ciel-strasbourg.org\\\/es\\\/#website\"},\"primaryImageOfPage\":{\"@id\":\"https:\\\/\\\/www.ciel-strasbourg.org\\\/es\\\/el-ciel-de-estrasburgo\\\/una-ubicacion-en-el-corazon-de-europa\\\/#primaryimage\"},\"image\":{\"@id\":\"https:\\\/\\\/www.ciel-strasbourg.org\\\/es\\\/el-ciel-de-estrasburgo\\\/una-ubicacion-en-el-corazon-de-europa\\\/#primaryimage\"},\"thumbnailUrl\":\"https:\\\/\\\/www.ciel-strasbourg.org\\\/wp-inside\\\/uploads\\\/2020\\\/10\\\/ciel-strasbourg-exterieur-campus_credit_yves_trotzier.jpg\",\"datePublished\":\"2020-12-09T14:42:30+00:00\",\"dateModified\":\"2020-12-14T16:58:59+00:00\",\"breadcrumb\":{\"@id\":\"https:\\\/\\\/www.ciel-strasbourg.org\\\/es\\\/el-ciel-de-estrasburgo\\\/una-ubicacion-en-el-corazon-de-europa\\\/#breadcrumb\"},\"inLanguage\":\"es-ES\",\"potentialAction\":[{\"@type\":\"ReadAction\",\"target\":[\"https:\\\/\\\/www.ciel-strasbourg.org\\\/es\\\/el-ciel-de-estrasburgo\\\/una-ubicacion-en-el-corazon-de-europa\\\/\"]}]},{\"@type\":\"ImageObject\",\"inLanguage\":\"es-ES\",\"@id\":\"https:\\\/\\\/www.ciel-strasbourg.org\\\/es\\\/el-ciel-de-estrasburgo\\\/una-ubicacion-en-el-corazon-de-europa\\\/#primaryimage\",\"url\":\"https:\\\/\\\/www.ciel-strasbourg.org\\\/wp-inside\\\/uploads\\\/2020\\\/10\\\/ciel-strasbourg-exterieur-campus_credit_yves_trotzier.jpg\",\"contentUrl\":\"https:\\\/\\\/www.ciel-strasbourg.org\\\/wp-inside\\\/uploads\\\/2020\\\/10\\\/ciel-strasbourg-exterieur-campus_credit_yves_trotzier.jpg\",\"width\":1772,\"height\":1772},{\"@type\":\"BreadcrumbList\",\"@id\":\"https:\\\/\\\/www.ciel-strasbourg.org\\\/es\\\/el-ciel-de-estrasburgo\\\/una-ubicacion-en-el-corazon-de-europa\\\/#breadcrumb\",\"itemListElement\":[{\"@type\":\"ListItem\",\"position\":1,\"name\":\"Inicio\",\"item\":\"https:\\\/\\\/www.ciel-strasbourg.org\\\/es\\\/\"},{\"@type\":\"ListItem\",\"position\":2,\"name\":\"El CIEL de Estrasburgo\",\"item\":\"https:\\\/\\\/www.ciel-strasbourg.org\\\/es\\\/el-ciel-de-estrasburgo\\\/\"},{\"@type\":\"ListItem\",\"position\":3,\"name\":\"Ubicaci\u00f3n y acceso\"}]},{\"@type\":\"WebSite\",\"@id\":\"https:\\\/\\\/www.ciel-strasbourg.org\\\/es\\\/#website\",\"url\":\"https:\\\/\\\/www.ciel-strasbourg.org\\\/es\\\/\",\"name\":\"CIEL\",\"description\":\"\u00a1Aprenda franc\u00e9s en el CIEL de Estrasburgo!\",\"publisher\":{\"@id\":\"https:\\\/\\\/www.ciel-strasbourg.org\\\/es\\\/#organization\"},\"potentialAction\":[{\"@type\":\"SearchAction\",\"target\":{\"@type\":\"EntryPoint\",\"urlTemplate\":\"https:\\\/\\\/www.ciel-strasbourg.org\\\/es\\\/?s={search_term_string}\"},\"query-input\":{\"@type\":\"PropertyValueSpecification\",\"valueRequired\":true,\"valueName\":\"search_term_string\"}}],\"inLanguage\":\"es-ES\"},{\"@type\":\"Organization\",\"@id\":\"https:\\\/\\\/www.ciel-strasbourg.org\\\/es\\\/#organization\",\"name\":\"CIEL Strasbourg\",\"url\":\"https:\\\/\\\/www.ciel-strasbourg.org\\\/es\\\/\",\"logo\":{\"@type\":\"ImageObject\",\"inLanguage\":\"es-ES\",\"@id\":\"https:\\\/\\\/www.ciel-strasbourg.org\\\/es\\\/#\\\/schema\\\/logo\\\/image\\\/\",\"url\":\"https:\\\/\\\/www.ciel-strasbourg.org\\\/wp-inside\\\/uploads\\\/2020\\\/12\\\/logo-ciel.png\",\"contentUrl\":\"https:\\\/\\\/www.ciel-strasbourg.org\\\/wp-inside\\\/uploads\\\/2020\\\/12\\\/logo-ciel.png\",\"width\":265,\"height\":90,\"caption\":\"CIEL Strasbourg\"},\"image\":{\"@id\":\"https:\\\/\\\/www.ciel-strasbourg.org\\\/es\\\/#\\\/schema\\\/logo\\\/image\\\/\"}}]}<\/script>\n<!-- \/ Yoast SEO plugin. -->","yoast_head_json":{"title":"Ubicaci\u00f3n y acceso","robots":{"index":"index","follow":"follow","max-snippet":"max-snippet:-1","max-image-preview":"max-image-preview:large","max-video-preview":"max-video-preview:-1"},"canonical":"https:\/\/www.ciel-strasbourg.org\/es\/el-ciel-de-estrasburgo\/una-ubicacion-en-el-corazon-de-europa\/","og_locale":"es_ES","og_type":"article","og_title":"Ubicaci\u00f3n y acceso","og_description":"\u00a1Estrasburgo se encuentra en el coraz\u00f3n de Europa, una ciudad acogedora, a menos de 600 kil\u00f3metros de las ciudades m\u00e1s importantes de Europa! Estrasburgo, centro europeo de gran influencia, est\u00e1 [&hellip;]","og_url":"https:\/\/www.ciel-strasbourg.org\/es\/el-ciel-de-estrasburgo\/una-ubicacion-en-el-corazon-de-europa\/","og_site_name":"CIEL","article_modified_time":"2020-12-14T16:58:59+00:00","og_image":[{"width":1772,"height":1772,"url":"https:\/\/www.ciel-strasbourg.org\/wp-inside\/uploads\/2020\/10\/ciel-strasbourg-exterieur-campus_credit_yves_trotzier.jpg","type":"image\/jpeg"}],"twitter_card":"summary_large_image","schema":{"@context":"https:\/\/schema.org","@graph":[{"@type":"WebPage","@id":"https:\/\/www.ciel-strasbourg.org\/es\/el-ciel-de-estrasburgo\/una-ubicacion-en-el-corazon-de-europa\/","url":"https:\/\/www.ciel-strasbourg.org\/es\/el-ciel-de-estrasburgo\/una-ubicacion-en-el-corazon-de-europa\/","name":"Ubicaci\u00f3n y acceso","isPartOf":{"@id":"https:\/\/www.ciel-strasbourg.org\/es\/#website"},"primaryImageOfPage":{"@id":"https:\/\/www.ciel-strasbourg.org\/es\/el-ciel-de-estrasburgo\/una-ubicacion-en-el-corazon-de-europa\/#primaryimage"},"image":{"@id":"https:\/\/www.ciel-strasbourg.org\/es\/el-ciel-de-estrasburgo\/una-ubicacion-en-el-corazon-de-europa\/#primaryimage"},"thumbnailUrl":"https:\/\/www.ciel-strasbourg.org\/wp-inside\/uploads\/2020\/10\/ciel-strasbourg-exterieur-campus_credit_yves_trotzier.jpg","datePublished":"2020-12-09T14:42:30+00:00","dateModified":"2020-12-14T16:58:59+00:00","breadcrumb":{"@id":"https:\/\/www.ciel-strasbourg.org\/es\/el-ciel-de-estrasburgo\/una-ubicacion-en-el-corazon-de-europa\/#breadcrumb"},"inLanguage":"es-ES","potentialAction":[{"@type":"ReadAction","target":["https:\/\/www.ciel-strasbourg.org\/es\/el-ciel-de-estrasburgo\/una-ubicacion-en-el-corazon-de-europa\/"]}]},{"@type":"ImageObject","inLanguage":"es-ES","@id":"https:\/\/www.ciel-strasbourg.org\/es\/el-ciel-de-estrasburgo\/una-ubicacion-en-el-corazon-de-europa\/#primaryimage","url":"https:\/\/www.ciel-strasbourg.org\/wp-inside\/uploads\/2020\/10\/ciel-strasbourg-exterieur-campus_credit_yves_trotzier.jpg","contentUrl":"https:\/\/www.ciel-strasbourg.org\/wp-inside\/uploads\/2020\/10\/ciel-strasbourg-exterieur-campus_credit_yves_trotzier.jpg","width":1772,"height":1772},{"@type":"BreadcrumbList","@id":"https:\/\/www.ciel-strasbourg.org\/es\/el-ciel-de-estrasburgo\/una-ubicacion-en-el-corazon-de-europa\/#breadcrumb","itemListElement":[{"@type":"ListItem","position":1,"name":"Inicio","item":"https:\/\/www.ciel-strasbourg.org\/es\/"},{"@type":"ListItem","position":2,"name":"El CIEL de Estrasburgo","item":"https:\/\/www.ciel-strasbourg.org\/es\/el-ciel-de-estrasburgo\/"},{"@type":"ListItem","position":3,"name":"Ubicaci\u00f3n y acceso"}]},{"@type":"WebSite","@id":"https:\/\/www.ciel-strasbourg.org\/es\/#website","url":"https:\/\/www.ciel-strasbourg.org\/es\/","name":"CIEL","description":"\u00a1Aprenda franc\u00e9s en el CIEL de Estrasburgo!","publisher":{"@id":"https:\/\/www.ciel-strasbourg.org\/es\/#organization"},"potentialAction":[{"@type":"SearchAction","target":{"@type":"EntryPoint","urlTemplate":"https:\/\/www.ciel-strasbourg.org\/es\/?s={search_term_string}"},"query-input":{"@type":"PropertyValueSpecification","valueRequired":true,"valueName":"search_term_string"}}],"inLanguage":"es-ES"},{"@type":"Organization","@id":"https:\/\/www.ciel-strasbourg.org\/es\/#organization","name":"CIEL Strasbourg","url":"https:\/\/www.ciel-strasbourg.org\/es\/","logo":{"@type":"ImageObject","inLanguage":"es-ES","@id":"https:\/\/www.ciel-strasbourg.org\/es\/#\/schema\/logo\/image\/","url":"https:\/\/www.ciel-strasbourg.org\/wp-inside\/uploads\/2020\/12\/logo-ciel.png","contentUrl":"https:\/\/www.ciel-strasbourg.org\/wp-inside\/uploads\/2020\/12\/logo-ciel.png","width":265,"height":90,"caption":"CIEL Strasbourg"},"image":{"@id":"https:\/\/www.ciel-strasbourg.org\/es\/#\/schema\/logo\/image\/"}}]}},"_links":{"self":[{"href":"https:\/\/www.ciel-strasbourg.org\/es\/wp-json\/wp\/v2\/pages\/3364","targetHints":{"allow":["GET"]}}],"collection":[{"href":"https:\/\/www.ciel-strasbourg.org\/es\/wp-json\/wp\/v2\/pages"}],"about":[{"href":"https:\/\/www.ciel-strasbourg.org\/es\/wp-json\/wp\/v2\/types\/page"}],"author":[{"embeddable":true,"href":"https:\/\/www.ciel-strasbourg.org\/es\/wp-json\/wp\/v2\/users\/7"}],"replies":[{"embeddable":true,"href":"https:\/\/www.ciel-strasbourg.org\/es\/wp-json\/wp\/v2\/comments?post=3364"}],"version-history":[{"count":5,"href":"https:\/\/www.ciel-strasbourg.org\/es\/wp-json\/wp\/v2\/pages\/3364\/revisions"}],"predecessor-version":[{"id":4228,"href":"https:\/\/www.ciel-strasbourg.org\/es\/wp-json\/wp\/v2\/pages\/3364\/revisions\/4228"}],"up":[{"embeddable":true,"href":"https:\/\/www.ciel-strasbourg.org\/es\/wp-json\/wp\/v2\/pages\/3355"}],"wp:featuredmedia":[{"embeddable":true,"href":"https:\/\/www.ciel-strasbourg.org\/es\/wp-json\/wp\/v2\/media\/3366"}],"wp:attachment":[{"href":"https:\/\/www.ciel-strasbourg.org\/es\/wp-json\/wp\/v2\/media?parent=3364"}],"curies":[{"name":"wp","href":"https:\/\/api.w.org\/{rel}","templated":true}]}}