{"id":3579,"date":"2020-12-10T10:39:10","date_gmt":"2020-12-10T09:39:10","guid":{"rendered":"https:\/\/www.ciel-strasbourg.org\/?page_id=3579"},"modified":"2020-12-10T10:39:10","modified_gmt":"2020-12-10T09:39:10","slug":"cafeteria","status":"publish","type":"page","link":"https:\/\/www.ciel-strasbourg.org\/es\/el-ciel-de-estrasburgo\/cafeteria\/","title":{"rendered":"Cafeter\u00eda"},"content":{"rendered":"<p>Los estudiantes pueden almorzar en la escuela de lunes a viernes (excepto durante las vacaciones de verano). Pueden elegir entre platos calientes, s\u00e1ndwiches, ensaladas, boller\u00eda, bebidas, etc. La cafeter\u00eda tiene un aforo 60 personas sentadas y cuenta con una soleada terraza en verano.<\/p>\n<h2>Espacio central<\/h2>\n<p>El Campus de la CCI dispone de un espacio central, particularmente apreciado durante el descanso matinal. A los alumnos les encanta reunirse en \u00e9l para tomar un caf\u00e9 y un bollo de chocolate.<\/p>\n","protected":false},"excerpt":{"rendered":"<p>Los estudiantes pueden almorzar en la escuela de lunes a viernes (excepto durante las vacaciones de verano). Pueden elegir entre platos calientes, s\u00e1ndwiches, ensaladas, boller\u00eda, bebidas, etc. La cafeter\u00eda tiene [&hellip;]<\/p>\n","protected":false},"author":7,"featured_media":3445,"parent":3355,"menu_order":150,"comment_status":"closed","ping_status":"closed","template":"tpl-page-modulable.php","meta":{"_acf_changed":false,"footnotes":""},"class_list":["post-3579","page","type-page","status-publish","has-post-thumbnail","hentry","wp-sticky"],"acf":[],"yoast_head":"<!-- This site is optimized with the Yoast SEO plugin v27.6 - https:\/\/yoast.com\/product\/yoast-seo-wordpress\/ -->\n<title>Cafeter\u00eda<\/title>\n<meta name=\"robots\" content=\"index, follow, max-snippet:-1, max-image-preview:large, max-video-preview:-1\" \/>\n<link rel=\"canonical\" href=\"https:\/\/www.ciel-strasbourg.org\/es\/el-ciel-de-estrasburgo\/cafeteria\/\" \/>\n<meta property=\"og:locale\" content=\"es_ES\" \/>\n<meta property=\"og:type\" content=\"article\" \/>\n<meta property=\"og:title\" content=\"Cafeter\u00eda\" \/>\n<meta property=\"og:description\" content=\"Los estudiantes pueden almorzar en la escuela de lunes a viernes (excepto durante las vacaciones de verano). Pueden elegir entre platos calientes, s\u00e1ndwiches, ensaladas, boller\u00eda, bebidas, etc. La cafeter\u00eda tiene [&hellip;]\" \/>\n<meta property=\"og:url\" content=\"https:\/\/www.ciel-strasbourg.org\/es\/el-ciel-de-estrasburgo\/cafeteria\/\" \/>\n<meta property=\"og:site_name\" content=\"CIEL\" \/>\n<meta property=\"og:image\" content=\"https:\/\/www.ciel-strasbourg.org\/wp-inside\/uploads\/2020\/11\/ciel_cafeteria-scaled.jpg\" \/>\n\t<meta property=\"og:image:width\" content=\"1920\" \/>\n\t<meta property=\"og:image:height\" content=\"1282\" \/>\n\t<meta property=\"og:image:type\" content=\"image\/jpeg\" \/>\n<meta name=\"twitter:card\" content=\"summary_large_image\" \/>\n<script type=\"application\/ld+json\" class=\"yoast-schema-graph\">{\"@context\":\"https:\\\/\\\/schema.org\",\"@graph\":[{\"@type\":\"WebPage\",\"@id\":\"https:\\\/\\\/www.ciel-strasbourg.org\\\/es\\\/el-ciel-de-estrasburgo\\\/cafeteria\\\/\",\"url\":\"https:\\\/\\\/www.ciel-strasbourg.org\\\/es\\\/el-ciel-de-estrasburgo\\\/cafeteria\\\/\",\"name\":\"Cafeter\u00eda\",\"isPartOf\":{\"@id\":\"https:\\\/\\\/www.ciel-strasbourg.org\\\/es\\\/#website\"},\"primaryImageOfPage\":{\"@id\":\"https:\\\/\\\/www.ciel-strasbourg.org\\\/es\\\/el-ciel-de-estrasburgo\\\/cafeteria\\\/#primaryimage\"},\"image\":{\"@id\":\"https:\\\/\\\/www.ciel-strasbourg.org\\\/es\\\/el-ciel-de-estrasburgo\\\/cafeteria\\\/#primaryimage\"},\"thumbnailUrl\":\"https:\\\/\\\/www.ciel-strasbourg.org\\\/wp-inside\\\/uploads\\\/2020\\\/11\\\/ciel_cafeteria-scaled.jpg\",\"datePublished\":\"2020-12-10T09:39:10+00:00\",\"breadcrumb\":{\"@id\":\"https:\\\/\\\/www.ciel-strasbourg.org\\\/es\\\/el-ciel-de-estrasburgo\\\/cafeteria\\\/#breadcrumb\"},\"inLanguage\":\"es-ES\",\"potentialAction\":[{\"@type\":\"ReadAction\",\"target\":[\"https:\\\/\\\/www.ciel-strasbourg.org\\\/es\\\/el-ciel-de-estrasburgo\\\/cafeteria\\\/\"]}]},{\"@type\":\"ImageObject\",\"inLanguage\":\"es-ES\",\"@id\":\"https:\\\/\\\/www.ciel-strasbourg.org\\\/es\\\/el-ciel-de-estrasburgo\\\/cafeteria\\\/#primaryimage\",\"url\":\"https:\\\/\\\/www.ciel-strasbourg.org\\\/wp-inside\\\/uploads\\\/2020\\\/11\\\/ciel_cafeteria-scaled.jpg\",\"contentUrl\":\"https:\\\/\\\/www.ciel-strasbourg.org\\\/wp-inside\\\/uploads\\\/2020\\\/11\\\/ciel_cafeteria-scaled.jpg\",\"width\":1920,\"height\":1282,\"caption\":\"Cafeteria Ciel Strasbourg\"},{\"@type\":\"BreadcrumbList\",\"@id\":\"https:\\\/\\\/www.ciel-strasbourg.org\\\/es\\\/el-ciel-de-estrasburgo\\\/cafeteria\\\/#breadcrumb\",\"itemListElement\":[{\"@type\":\"ListItem\",\"position\":1,\"name\":\"Inicio\",\"item\":\"https:\\\/\\\/www.ciel-strasbourg.org\\\/es\\\/\"},{\"@type\":\"ListItem\",\"position\":2,\"name\":\"El CIEL de Estrasburgo\",\"item\":\"https:\\\/\\\/www.ciel-strasbourg.org\\\/es\\\/el-ciel-de-estrasburgo\\\/\"},{\"@type\":\"ListItem\",\"position\":3,\"name\":\"Cafeter\u00eda\"}]},{\"@type\":\"WebSite\",\"@id\":\"https:\\\/\\\/www.ciel-strasbourg.org\\\/es\\\/#website\",\"url\":\"https:\\\/\\\/www.ciel-strasbourg.org\\\/es\\\/\",\"name\":\"CIEL\",\"description\":\"\u00a1Aprenda franc\u00e9s en el CIEL de Estrasburgo!\",\"publisher\":{\"@id\":\"https:\\\/\\\/www.ciel-strasbourg.org\\\/es\\\/#organization\"},\"potentialAction\":[{\"@type\":\"SearchAction\",\"target\":{\"@type\":\"EntryPoint\",\"urlTemplate\":\"https:\\\/\\\/www.ciel-strasbourg.org\\\/es\\\/?s={search_term_string}\"},\"query-input\":{\"@type\":\"PropertyValueSpecification\",\"valueRequired\":true,\"valueName\":\"search_term_string\"}}],\"inLanguage\":\"es-ES\"},{\"@type\":\"Organization\",\"@id\":\"https:\\\/\\\/www.ciel-strasbourg.org\\\/es\\\/#organization\",\"name\":\"CIEL Strasbourg\",\"url\":\"https:\\\/\\\/www.ciel-strasbourg.org\\\/es\\\/\",\"logo\":{\"@type\":\"ImageObject\",\"inLanguage\":\"es-ES\",\"@id\":\"https:\\\/\\\/www.ciel-strasbourg.org\\\/es\\\/#\\\/schema\\\/logo\\\/image\\\/\",\"url\":\"https:\\\/\\\/www.ciel-strasbourg.org\\\/wp-inside\\\/uploads\\\/2020\\\/12\\\/logo-ciel.png\",\"contentUrl\":\"https:\\\/\\\/www.ciel-strasbourg.org\\\/wp-inside\\\/uploads\\\/2020\\\/12\\\/logo-ciel.png\",\"width\":265,\"height\":90,\"caption\":\"CIEL Strasbourg\"},\"image\":{\"@id\":\"https:\\\/\\\/www.ciel-strasbourg.org\\\/es\\\/#\\\/schema\\\/logo\\\/image\\\/\"}}]}<\/script>\n<!-- \/ Yoast SEO plugin. -->","yoast_head_json":{"title":"Cafeter\u00eda","robots":{"index":"index","follow":"follow","max-snippet":"max-snippet:-1","max-image-preview":"max-image-preview:large","max-video-preview":"max-video-preview:-1"},"canonical":"https:\/\/www.ciel-strasbourg.org\/es\/el-ciel-de-estrasburgo\/cafeteria\/","og_locale":"es_ES","og_type":"article","og_title":"Cafeter\u00eda","og_description":"Los estudiantes pueden almorzar en la escuela de lunes a viernes (excepto durante las vacaciones de verano). Pueden elegir entre platos calientes, s\u00e1ndwiches, ensaladas, boller\u00eda, bebidas, etc. La cafeter\u00eda tiene [&hellip;]","og_url":"https:\/\/www.ciel-strasbourg.org\/es\/el-ciel-de-estrasburgo\/cafeteria\/","og_site_name":"CIEL","og_image":[{"width":1920,"height":1282,"url":"https:\/\/www.ciel-strasbourg.org\/wp-inside\/uploads\/2020\/11\/ciel_cafeteria-scaled.jpg","type":"image\/jpeg"}],"twitter_card":"summary_large_image","schema":{"@context":"https:\/\/schema.org","@graph":[{"@type":"WebPage","@id":"https:\/\/www.ciel-strasbourg.org\/es\/el-ciel-de-estrasburgo\/cafeteria\/","url":"https:\/\/www.ciel-strasbourg.org\/es\/el-ciel-de-estrasburgo\/cafeteria\/","name":"Cafeter\u00eda","isPartOf":{"@id":"https:\/\/www.ciel-strasbourg.org\/es\/#website"},"primaryImageOfPage":{"@id":"https:\/\/www.ciel-strasbourg.org\/es\/el-ciel-de-estrasburgo\/cafeteria\/#primaryimage"},"image":{"@id":"https:\/\/www.ciel-strasbourg.org\/es\/el-ciel-de-estrasburgo\/cafeteria\/#primaryimage"},"thumbnailUrl":"https:\/\/www.ciel-strasbourg.org\/wp-inside\/uploads\/2020\/11\/ciel_cafeteria-scaled.jpg","datePublished":"2020-12-10T09:39:10+00:00","breadcrumb":{"@id":"https:\/\/www.ciel-strasbourg.org\/es\/el-ciel-de-estrasburgo\/cafeteria\/#breadcrumb"},"inLanguage":"es-ES","potentialAction":[{"@type":"ReadAction","target":["https:\/\/www.ciel-strasbourg.org\/es\/el-ciel-de-estrasburgo\/cafeteria\/"]}]},{"@type":"ImageObject","inLanguage":"es-ES","@id":"https:\/\/www.ciel-strasbourg.org\/es\/el-ciel-de-estrasburgo\/cafeteria\/#primaryimage","url":"https:\/\/www.ciel-strasbourg.org\/wp-inside\/uploads\/2020\/11\/ciel_cafeteria-scaled.jpg","contentUrl":"https:\/\/www.ciel-strasbourg.org\/wp-inside\/uploads\/2020\/11\/ciel_cafeteria-scaled.jpg","width":1920,"height":1282,"caption":"Cafeteria Ciel Strasbourg"},{"@type":"BreadcrumbList","@id":"https:\/\/www.ciel-strasbourg.org\/es\/el-ciel-de-estrasburgo\/cafeteria\/#breadcrumb","itemListElement":[{"@type":"ListItem","position":1,"name":"Inicio","item":"https:\/\/www.ciel-strasbourg.org\/es\/"},{"@type":"ListItem","position":2,"name":"El CIEL de Estrasburgo","item":"https:\/\/www.ciel-strasbourg.org\/es\/el-ciel-de-estrasburgo\/"},{"@type":"ListItem","position":3,"name":"Cafeter\u00eda"}]},{"@type":"WebSite","@id":"https:\/\/www.ciel-strasbourg.org\/es\/#website","url":"https:\/\/www.ciel-strasbourg.org\/es\/","name":"CIEL","description":"\u00a1Aprenda franc\u00e9s en el CIEL de Estrasburgo!","publisher":{"@id":"https:\/\/www.ciel-strasbourg.org\/es\/#organization"},"potentialAction":[{"@type":"SearchAction","target":{"@type":"EntryPoint","urlTemplate":"https:\/\/www.ciel-strasbourg.org\/es\/?s={search_term_string}"},"query-input":{"@type":"PropertyValueSpecification","valueRequired":true,"valueName":"search_term_string"}}],"inLanguage":"es-ES"},{"@type":"Organization","@id":"https:\/\/www.ciel-strasbourg.org\/es\/#organization","name":"CIEL Strasbourg","url":"https:\/\/www.ciel-strasbourg.org\/es\/","logo":{"@type":"ImageObject","inLanguage":"es-ES","@id":"https:\/\/www.ciel-strasbourg.org\/es\/#\/schema\/logo\/image\/","url":"https:\/\/www.ciel-strasbourg.org\/wp-inside\/uploads\/2020\/12\/logo-ciel.png","contentUrl":"https:\/\/www.ciel-strasbourg.org\/wp-inside\/uploads\/2020\/12\/logo-ciel.png","width":265,"height":90,"caption":"CIEL Strasbourg"},"image":{"@id":"https:\/\/www.ciel-strasbourg.org\/es\/#\/schema\/logo\/image\/"}}]}},"_links":{"self":[{"href":"https:\/\/www.ciel-strasbourg.org\/es\/wp-json\/wp\/v2\/pages\/3579","targetHints":{"allow":["GET"]}}],"collection":[{"href":"https:\/\/www.ciel-strasbourg.org\/es\/wp-json\/wp\/v2\/pages"}],"about":[{"href":"https:\/\/www.ciel-strasbourg.org\/es\/wp-json\/wp\/v2\/types\/page"}],"author":[{"embeddable":true,"href":"https:\/\/www.ciel-strasbourg.org\/es\/wp-json\/wp\/v2\/users\/7"}],"replies":[{"embeddable":true,"href":"https:\/\/www.ciel-strasbourg.org\/es\/wp-json\/wp\/v2\/comments?post=3579"}],"version-history":[{"count":1,"href":"https:\/\/www.ciel-strasbourg.org\/es\/wp-json\/wp\/v2\/pages\/3579\/revisions"}],"predecessor-version":[{"id":3582,"href":"https:\/\/www.ciel-strasbourg.org\/es\/wp-json\/wp\/v2\/pages\/3579\/revisions\/3582"}],"up":[{"embeddable":true,"href":"https:\/\/www.ciel-strasbourg.org\/es\/wp-json\/wp\/v2\/pages\/3355"}],"wp:featuredmedia":[{"embeddable":true,"href":"https:\/\/www.ciel-strasbourg.org\/es\/wp-json\/wp\/v2\/media\/3445"}],"wp:attachment":[{"href":"https:\/\/www.ciel-strasbourg.org\/es\/wp-json\/wp\/v2\/media?parent=3579"}],"curies":[{"name":"wp","href":"https:\/\/api.w.org\/{rel}","templated":true}]}}