{"id":3605,"date":"2020-12-10T11:20:33","date_gmt":"2020-12-10T10:20:33","guid":{"rendered":"https:\/\/www.ciel-strasbourg.org\/?page_id=3605"},"modified":"2023-10-17T14:52:45","modified_gmt":"2023-10-17T12:52:45","slug":"modalidades-de-matricula-e-informacion-practica","status":"publish","type":"page","link":"https:\/\/www.ciel-strasbourg.org\/es\/el-ciel-de-estrasburgo\/modalidades-de-matricula-e-informacion-practica\/","title":{"rendered":"Modalidades de matr\u00edcula e informaci\u00f3n pr\u00e1ctica"},"content":{"rendered":"<p>Para validar su matr\u00edcula en el CIEL de Estrasburgo, se le pedir\u00e1 que confirme su matr\u00edcula:<\/p>\n<ul>\n<li><a href=\"https:\/\/www.ciel-strasbourg.org\/es\/matricula\/\">Formulario de matr\u00edcula<\/a><\/li>\n<li><a href=\"https:\/\/oscar-cel.com\/o\" target=\"_blank\" rel=\"noopener noreferrer\">Test de posicionamiento<\/a><\/li>\n<li>Pago de los gastos de formaci\u00f3n<\/li>\n<\/ul>\n<p>Al inicio del curso, los nuevos alumnos realizan una entrevista para evaluar su nivel de destreza oral.<\/p>\n","protected":false},"excerpt":{"rendered":"<p>Para validar su matr\u00edcula en el CIEL de Estrasburgo, se le pedir\u00e1 que confirme su matr\u00edcula: Formulario de matr\u00edcula Test de posicionamiento Pago de los gastos de formaci\u00f3n Al inicio [&hellip;]<\/p>\n","protected":false},"author":7,"featured_media":3434,"parent":3355,"menu_order":190,"comment_status":"closed","ping_status":"closed","template":"tpl-page-modulable.php","meta":{"_acf_changed":false,"footnotes":""},"class_list":["post-3605","page","type-page","status-publish","has-post-thumbnail","hentry","wp-sticky"],"acf":[],"yoast_head":"<!-- This site is optimized with the Yoast SEO plugin v27.4 - https:\/\/yoast.com\/product\/yoast-seo-wordpress\/ -->\n<title>Modalidades de matr\u00edcula e informaci\u00f3n pr\u00e1ctica<\/title>\n<meta name=\"robots\" content=\"index, follow, max-snippet:-1, max-image-preview:large, max-video-preview:-1\" \/>\n<link rel=\"canonical\" href=\"https:\/\/www.ciel-strasbourg.org\/es\/el-ciel-de-estrasburgo\/modalidades-de-matricula-e-informacion-practica\/\" \/>\n<meta property=\"og:locale\" content=\"es_ES\" \/>\n<meta property=\"og:type\" content=\"article\" \/>\n<meta property=\"og:title\" content=\"Modalidades de matr\u00edcula e informaci\u00f3n pr\u00e1ctica\" \/>\n<meta property=\"og:description\" content=\"Para validar su matr\u00edcula en el CIEL de Estrasburgo, se le pedir\u00e1 que confirme su matr\u00edcula: Formulario de matr\u00edcula Test de posicionamiento Pago de los gastos de formaci\u00f3n Al inicio [&hellip;]\" \/>\n<meta property=\"og:url\" content=\"https:\/\/www.ciel-strasbourg.org\/es\/el-ciel-de-estrasburgo\/modalidades-de-matricula-e-informacion-practica\/\" \/>\n<meta property=\"og:site_name\" content=\"CIEL\" \/>\n<meta property=\"article:modified_time\" content=\"2023-10-17T12:52:45+00:00\" \/>\n<meta property=\"og:image\" content=\"https:\/\/www.ciel-strasbourg.org\/wp-inside\/uploads\/2020\/11\/ciel_modalites_inscription-1.jpg\" \/>\n\t<meta property=\"og:image:width\" content=\"1920\" \/>\n\t<meta property=\"og:image:height\" content=\"1282\" \/>\n\t<meta property=\"og:image:type\" content=\"image\/jpeg\" \/>\n<meta name=\"twitter:card\" content=\"summary_large_image\" \/>\n<script type=\"application\/ld+json\" class=\"yoast-schema-graph\">{\"@context\":\"https:\\\/\\\/schema.org\",\"@graph\":[{\"@type\":\"WebPage\",\"@id\":\"https:\\\/\\\/www.ciel-strasbourg.org\\\/es\\\/el-ciel-de-estrasburgo\\\/modalidades-de-matricula-e-informacion-practica\\\/\",\"url\":\"https:\\\/\\\/www.ciel-strasbourg.org\\\/es\\\/el-ciel-de-estrasburgo\\\/modalidades-de-matricula-e-informacion-practica\\\/\",\"name\":\"Modalidades de matr\u00edcula e informaci\u00f3n pr\u00e1ctica\",\"isPartOf\":{\"@id\":\"https:\\\/\\\/www.ciel-strasbourg.org\\\/es\\\/#website\"},\"primaryImageOfPage\":{\"@id\":\"https:\\\/\\\/www.ciel-strasbourg.org\\\/es\\\/el-ciel-de-estrasburgo\\\/modalidades-de-matricula-e-informacion-practica\\\/#primaryimage\"},\"image\":{\"@id\":\"https:\\\/\\\/www.ciel-strasbourg.org\\\/es\\\/el-ciel-de-estrasburgo\\\/modalidades-de-matricula-e-informacion-practica\\\/#primaryimage\"},\"thumbnailUrl\":\"https:\\\/\\\/www.ciel-strasbourg.org\\\/wp-inside\\\/uploads\\\/2020\\\/11\\\/ciel_modalites_inscription-1.jpg\",\"datePublished\":\"2020-12-10T10:20:33+00:00\",\"dateModified\":\"2023-10-17T12:52:45+00:00\",\"breadcrumb\":{\"@id\":\"https:\\\/\\\/www.ciel-strasbourg.org\\\/es\\\/el-ciel-de-estrasburgo\\\/modalidades-de-matricula-e-informacion-practica\\\/#breadcrumb\"},\"inLanguage\":\"es-ES\",\"potentialAction\":[{\"@type\":\"ReadAction\",\"target\":[\"https:\\\/\\\/www.ciel-strasbourg.org\\\/es\\\/el-ciel-de-estrasburgo\\\/modalidades-de-matricula-e-informacion-practica\\\/\"]}]},{\"@type\":\"ImageObject\",\"inLanguage\":\"es-ES\",\"@id\":\"https:\\\/\\\/www.ciel-strasbourg.org\\\/es\\\/el-ciel-de-estrasburgo\\\/modalidades-de-matricula-e-informacion-practica\\\/#primaryimage\",\"url\":\"https:\\\/\\\/www.ciel-strasbourg.org\\\/wp-inside\\\/uploads\\\/2020\\\/11\\\/ciel_modalites_inscription-1.jpg\",\"contentUrl\":\"https:\\\/\\\/www.ciel-strasbourg.org\\\/wp-inside\\\/uploads\\\/2020\\\/11\\\/ciel_modalites_inscription-1.jpg\",\"width\":1920,\"height\":1282,\"caption\":\"Ciel Strasbourg \u00e9tudiants \u00e0 l'ext\u00e9rieur du campus\"},{\"@type\":\"BreadcrumbList\",\"@id\":\"https:\\\/\\\/www.ciel-strasbourg.org\\\/es\\\/el-ciel-de-estrasburgo\\\/modalidades-de-matricula-e-informacion-practica\\\/#breadcrumb\",\"itemListElement\":[{\"@type\":\"ListItem\",\"position\":1,\"name\":\"Inicio\",\"item\":\"https:\\\/\\\/www.ciel-strasbourg.org\\\/es\\\/\"},{\"@type\":\"ListItem\",\"position\":2,\"name\":\"El CIEL de Estrasburgo\",\"item\":\"https:\\\/\\\/www.ciel-strasbourg.org\\\/es\\\/el-ciel-de-estrasburgo\\\/\"},{\"@type\":\"ListItem\",\"position\":3,\"name\":\"Modalidades de matr\u00edcula e informaci\u00f3n pr\u00e1ctica\"}]},{\"@type\":\"WebSite\",\"@id\":\"https:\\\/\\\/www.ciel-strasbourg.org\\\/es\\\/#website\",\"url\":\"https:\\\/\\\/www.ciel-strasbourg.org\\\/es\\\/\",\"name\":\"CIEL\",\"description\":\"\u00a1Aprenda franc\u00e9s en el CIEL de Estrasburgo!\",\"publisher\":{\"@id\":\"https:\\\/\\\/www.ciel-strasbourg.org\\\/es\\\/#organization\"},\"potentialAction\":[{\"@type\":\"SearchAction\",\"target\":{\"@type\":\"EntryPoint\",\"urlTemplate\":\"https:\\\/\\\/www.ciel-strasbourg.org\\\/es\\\/?s={search_term_string}\"},\"query-input\":{\"@type\":\"PropertyValueSpecification\",\"valueRequired\":true,\"valueName\":\"search_term_string\"}}],\"inLanguage\":\"es-ES\"},{\"@type\":\"Organization\",\"@id\":\"https:\\\/\\\/www.ciel-strasbourg.org\\\/es\\\/#organization\",\"name\":\"CIEL Strasbourg\",\"url\":\"https:\\\/\\\/www.ciel-strasbourg.org\\\/es\\\/\",\"logo\":{\"@type\":\"ImageObject\",\"inLanguage\":\"es-ES\",\"@id\":\"https:\\\/\\\/www.ciel-strasbourg.org\\\/es\\\/#\\\/schema\\\/logo\\\/image\\\/\",\"url\":\"https:\\\/\\\/www.ciel-strasbourg.org\\\/wp-inside\\\/uploads\\\/2020\\\/12\\\/logo-ciel.png\",\"contentUrl\":\"https:\\\/\\\/www.ciel-strasbourg.org\\\/wp-inside\\\/uploads\\\/2020\\\/12\\\/logo-ciel.png\",\"width\":265,\"height\":90,\"caption\":\"CIEL Strasbourg\"},\"image\":{\"@id\":\"https:\\\/\\\/www.ciel-strasbourg.org\\\/es\\\/#\\\/schema\\\/logo\\\/image\\\/\"}}]}<\/script>\n<!-- \/ Yoast SEO plugin. -->","yoast_head_json":{"title":"Modalidades de matr\u00edcula e informaci\u00f3n pr\u00e1ctica","robots":{"index":"index","follow":"follow","max-snippet":"max-snippet:-1","max-image-preview":"max-image-preview:large","max-video-preview":"max-video-preview:-1"},"canonical":"https:\/\/www.ciel-strasbourg.org\/es\/el-ciel-de-estrasburgo\/modalidades-de-matricula-e-informacion-practica\/","og_locale":"es_ES","og_type":"article","og_title":"Modalidades de matr\u00edcula e informaci\u00f3n pr\u00e1ctica","og_description":"Para validar su matr\u00edcula en el CIEL de Estrasburgo, se le pedir\u00e1 que confirme su matr\u00edcula: Formulario de matr\u00edcula Test de posicionamiento Pago de los gastos de formaci\u00f3n Al inicio [&hellip;]","og_url":"https:\/\/www.ciel-strasbourg.org\/es\/el-ciel-de-estrasburgo\/modalidades-de-matricula-e-informacion-practica\/","og_site_name":"CIEL","article_modified_time":"2023-10-17T12:52:45+00:00","og_image":[{"width":1920,"height":1282,"url":"https:\/\/www.ciel-strasbourg.org\/wp-inside\/uploads\/2020\/11\/ciel_modalites_inscription-1.jpg","type":"image\/jpeg"}],"twitter_card":"summary_large_image","schema":{"@context":"https:\/\/schema.org","@graph":[{"@type":"WebPage","@id":"https:\/\/www.ciel-strasbourg.org\/es\/el-ciel-de-estrasburgo\/modalidades-de-matricula-e-informacion-practica\/","url":"https:\/\/www.ciel-strasbourg.org\/es\/el-ciel-de-estrasburgo\/modalidades-de-matricula-e-informacion-practica\/","name":"Modalidades de matr\u00edcula e informaci\u00f3n pr\u00e1ctica","isPartOf":{"@id":"https:\/\/www.ciel-strasbourg.org\/es\/#website"},"primaryImageOfPage":{"@id":"https:\/\/www.ciel-strasbourg.org\/es\/el-ciel-de-estrasburgo\/modalidades-de-matricula-e-informacion-practica\/#primaryimage"},"image":{"@id":"https:\/\/www.ciel-strasbourg.org\/es\/el-ciel-de-estrasburgo\/modalidades-de-matricula-e-informacion-practica\/#primaryimage"},"thumbnailUrl":"https:\/\/www.ciel-strasbourg.org\/wp-inside\/uploads\/2020\/11\/ciel_modalites_inscription-1.jpg","datePublished":"2020-12-10T10:20:33+00:00","dateModified":"2023-10-17T12:52:45+00:00","breadcrumb":{"@id":"https:\/\/www.ciel-strasbourg.org\/es\/el-ciel-de-estrasburgo\/modalidades-de-matricula-e-informacion-practica\/#breadcrumb"},"inLanguage":"es-ES","potentialAction":[{"@type":"ReadAction","target":["https:\/\/www.ciel-strasbourg.org\/es\/el-ciel-de-estrasburgo\/modalidades-de-matricula-e-informacion-practica\/"]}]},{"@type":"ImageObject","inLanguage":"es-ES","@id":"https:\/\/www.ciel-strasbourg.org\/es\/el-ciel-de-estrasburgo\/modalidades-de-matricula-e-informacion-practica\/#primaryimage","url":"https:\/\/www.ciel-strasbourg.org\/wp-inside\/uploads\/2020\/11\/ciel_modalites_inscription-1.jpg","contentUrl":"https:\/\/www.ciel-strasbourg.org\/wp-inside\/uploads\/2020\/11\/ciel_modalites_inscription-1.jpg","width":1920,"height":1282,"caption":"Ciel Strasbourg \u00e9tudiants \u00e0 l'ext\u00e9rieur du campus"},{"@type":"BreadcrumbList","@id":"https:\/\/www.ciel-strasbourg.org\/es\/el-ciel-de-estrasburgo\/modalidades-de-matricula-e-informacion-practica\/#breadcrumb","itemListElement":[{"@type":"ListItem","position":1,"name":"Inicio","item":"https:\/\/www.ciel-strasbourg.org\/es\/"},{"@type":"ListItem","position":2,"name":"El CIEL de Estrasburgo","item":"https:\/\/www.ciel-strasbourg.org\/es\/el-ciel-de-estrasburgo\/"},{"@type":"ListItem","position":3,"name":"Modalidades de matr\u00edcula e informaci\u00f3n pr\u00e1ctica"}]},{"@type":"WebSite","@id":"https:\/\/www.ciel-strasbourg.org\/es\/#website","url":"https:\/\/www.ciel-strasbourg.org\/es\/","name":"CIEL","description":"\u00a1Aprenda franc\u00e9s en el CIEL de Estrasburgo!","publisher":{"@id":"https:\/\/www.ciel-strasbourg.org\/es\/#organization"},"potentialAction":[{"@type":"SearchAction","target":{"@type":"EntryPoint","urlTemplate":"https:\/\/www.ciel-strasbourg.org\/es\/?s={search_term_string}"},"query-input":{"@type":"PropertyValueSpecification","valueRequired":true,"valueName":"search_term_string"}}],"inLanguage":"es-ES"},{"@type":"Organization","@id":"https:\/\/www.ciel-strasbourg.org\/es\/#organization","name":"CIEL Strasbourg","url":"https:\/\/www.ciel-strasbourg.org\/es\/","logo":{"@type":"ImageObject","inLanguage":"es-ES","@id":"https:\/\/www.ciel-strasbourg.org\/es\/#\/schema\/logo\/image\/","url":"https:\/\/www.ciel-strasbourg.org\/wp-inside\/uploads\/2020\/12\/logo-ciel.png","contentUrl":"https:\/\/www.ciel-strasbourg.org\/wp-inside\/uploads\/2020\/12\/logo-ciel.png","width":265,"height":90,"caption":"CIEL Strasbourg"},"image":{"@id":"https:\/\/www.ciel-strasbourg.org\/es\/#\/schema\/logo\/image\/"}}]}},"_links":{"self":[{"href":"https:\/\/www.ciel-strasbourg.org\/es\/wp-json\/wp\/v2\/pages\/3605","targetHints":{"allow":["GET"]}}],"collection":[{"href":"https:\/\/www.ciel-strasbourg.org\/es\/wp-json\/wp\/v2\/pages"}],"about":[{"href":"https:\/\/www.ciel-strasbourg.org\/es\/wp-json\/wp\/v2\/types\/page"}],"author":[{"embeddable":true,"href":"https:\/\/www.ciel-strasbourg.org\/es\/wp-json\/wp\/v2\/users\/7"}],"replies":[{"embeddable":true,"href":"https:\/\/www.ciel-strasbourg.org\/es\/wp-json\/wp\/v2\/comments?post=3605"}],"version-history":[{"count":4,"href":"https:\/\/www.ciel-strasbourg.org\/es\/wp-json\/wp\/v2\/pages\/3605\/revisions"}],"predecessor-version":[{"id":12726,"href":"https:\/\/www.ciel-strasbourg.org\/es\/wp-json\/wp\/v2\/pages\/3605\/revisions\/12726"}],"up":[{"embeddable":true,"href":"https:\/\/www.ciel-strasbourg.org\/es\/wp-json\/wp\/v2\/pages\/3355"}],"wp:featuredmedia":[{"embeddable":true,"href":"https:\/\/www.ciel-strasbourg.org\/es\/wp-json\/wp\/v2\/media\/3434"}],"wp:attachment":[{"href":"https:\/\/www.ciel-strasbourg.org\/es\/wp-json\/wp\/v2\/media?parent=3605"}],"curies":[{"name":"wp","href":"https:\/\/api.w.org\/{rel}","templated":true}]}}