{"id":3617,"date":"2020-12-10T11:58:55","date_gmt":"2020-12-10T10:58:55","guid":{"rendered":"https:\/\/www.ciel-strasbourg.org\/?page_id=3617"},"modified":"2025-04-23T14:06:44","modified_gmt":"2025-04-23T12:06:44","slug":"casa-particular","status":"publish","type":"page","link":"https:\/\/www.ciel-strasbourg.org\/es\/alojamiento\/casa-particular\/","title":{"rendered":"Casa particular"},"content":{"rendered":"<p>Las familias de acogida est\u00e1n situadas en la ciudad o en la periferia pr\u00f3xima comunicada por transporte p\u00fablico. El CIEL de Estrasburgo las ha seleccionado y visitado, y la mayor\u00eda lleva varios a\u00f1os acogiendo a nuestros alumnos. Estos franceses est\u00e1n interesados en el encuentro y la convivencia con extranjeros. Se implican en el \u00e9xito de la estancia de las personas a las que acogen.<\/p>\n","protected":false},"excerpt":{"rendered":"<p>Residir en una casa particular le permite aprovechar al m\u00e1ximo su estancia en Francia. Compartir\u00e1 la vida y las comidas de los franceses. Se sumergir\u00e1 en la lengua y la cultura francesas. Podr\u00e1 compartir momentos familiares para practicar el idioma en un ambiente distendido.<\/p>\n","protected":false},"author":7,"featured_media":16735,"parent":3615,"menu_order":300,"comment_status":"closed","ping_status":"closed","template":"tpl-page-modulable.php","meta":{"_acf_changed":false,"footnotes":""},"class_list":["post-3617","page","type-page","status-publish","has-post-thumbnail","hentry","wp-sticky"],"acf":[],"yoast_head":"<!-- This site is optimized with the Yoast SEO plugin v27.4 - https:\/\/yoast.com\/product\/yoast-seo-wordpress\/ -->\n<title>Casa particular<\/title>\n<meta name=\"robots\" content=\"index, follow, max-snippet:-1, max-image-preview:large, max-video-preview:-1\" \/>\n<link rel=\"canonical\" href=\"https:\/\/www.ciel-strasbourg.org\/es\/alojamiento\/casa-particular\/\" \/>\n<meta property=\"og:locale\" content=\"es_ES\" \/>\n<meta property=\"og:type\" content=\"article\" \/>\n<meta property=\"og:title\" content=\"Casa particular\" \/>\n<meta property=\"og:description\" content=\"Residir en una casa particular le permite aprovechar al m\u00e1ximo su estancia en Francia. Compartir\u00e1 la vida y las comidas de los franceses. Se sumergir\u00e1 en la lengua y la cultura francesas. Podr\u00e1 compartir momentos familiares para practicar el idioma en un ambiente distendido.\" \/>\n<meta property=\"og:url\" content=\"https:\/\/www.ciel-strasbourg.org\/es\/alojamiento\/casa-particular\/\" \/>\n<meta property=\"og:site_name\" content=\"CIEL\" \/>\n<meta property=\"article:modified_time\" content=\"2025-04-23T12:06:44+00:00\" \/>\n<meta property=\"og:image\" content=\"https:\/\/www.ciel-strasbourg.org\/wp-inside\/uploads\/2025\/04\/c2df9c30d6640dd6fc80a493b0.jpg\" \/>\n\t<meta property=\"og:image:width\" content=\"768\" \/>\n\t<meta property=\"og:image:height\" content=\"432\" \/>\n\t<meta property=\"og:image:type\" content=\"image\/jpeg\" \/>\n<meta name=\"twitter:card\" content=\"summary_large_image\" \/>\n<script type=\"application\/ld+json\" class=\"yoast-schema-graph\">{\"@context\":\"https:\\\/\\\/schema.org\",\"@graph\":[{\"@type\":\"WebPage\",\"@id\":\"https:\\\/\\\/www.ciel-strasbourg.org\\\/es\\\/alojamiento\\\/casa-particular\\\/\",\"url\":\"https:\\\/\\\/www.ciel-strasbourg.org\\\/es\\\/alojamiento\\\/casa-particular\\\/\",\"name\":\"Casa particular\",\"isPartOf\":{\"@id\":\"https:\\\/\\\/www.ciel-strasbourg.org\\\/es\\\/#website\"},\"primaryImageOfPage\":{\"@id\":\"https:\\\/\\\/www.ciel-strasbourg.org\\\/es\\\/alojamiento\\\/casa-particular\\\/#primaryimage\"},\"image\":{\"@id\":\"https:\\\/\\\/www.ciel-strasbourg.org\\\/es\\\/alojamiento\\\/casa-particular\\\/#primaryimage\"},\"thumbnailUrl\":\"https:\\\/\\\/www.ciel-strasbourg.org\\\/wp-inside\\\/uploads\\\/2025\\\/04\\\/c2df9c30d6640dd6fc80a493b0.jpg\",\"datePublished\":\"2020-12-10T10:58:55+00:00\",\"dateModified\":\"2025-04-23T12:06:44+00:00\",\"breadcrumb\":{\"@id\":\"https:\\\/\\\/www.ciel-strasbourg.org\\\/es\\\/alojamiento\\\/casa-particular\\\/#breadcrumb\"},\"inLanguage\":\"es-ES\",\"potentialAction\":[{\"@type\":\"ReadAction\",\"target\":[\"https:\\\/\\\/www.ciel-strasbourg.org\\\/es\\\/alojamiento\\\/casa-particular\\\/\"]}]},{\"@type\":\"ImageObject\",\"inLanguage\":\"es-ES\",\"@id\":\"https:\\\/\\\/www.ciel-strasbourg.org\\\/es\\\/alojamiento\\\/casa-particular\\\/#primaryimage\",\"url\":\"https:\\\/\\\/www.ciel-strasbourg.org\\\/wp-inside\\\/uploads\\\/2025\\\/04\\\/c2df9c30d6640dd6fc80a493b0.jpg\",\"contentUrl\":\"https:\\\/\\\/www.ciel-strasbourg.org\\\/wp-inside\\\/uploads\\\/2025\\\/04\\\/c2df9c30d6640dd6fc80a493b0.jpg\",\"width\":768,\"height\":432},{\"@type\":\"BreadcrumbList\",\"@id\":\"https:\\\/\\\/www.ciel-strasbourg.org\\\/es\\\/alojamiento\\\/casa-particular\\\/#breadcrumb\",\"itemListElement\":[{\"@type\":\"ListItem\",\"position\":1,\"name\":\"Inicio\",\"item\":\"https:\\\/\\\/www.ciel-strasbourg.org\\\/es\\\/\"},{\"@type\":\"ListItem\",\"position\":2,\"name\":\"Alojamiento\",\"item\":\"https:\\\/\\\/www.ciel-strasbourg.org\\\/es\\\/alojamiento\\\/\"},{\"@type\":\"ListItem\",\"position\":3,\"name\":\"Casa particular\"}]},{\"@type\":\"WebSite\",\"@id\":\"https:\\\/\\\/www.ciel-strasbourg.org\\\/es\\\/#website\",\"url\":\"https:\\\/\\\/www.ciel-strasbourg.org\\\/es\\\/\",\"name\":\"CIEL\",\"description\":\"\u00a1Aprenda franc\u00e9s en el CIEL de Estrasburgo!\",\"publisher\":{\"@id\":\"https:\\\/\\\/www.ciel-strasbourg.org\\\/es\\\/#organization\"},\"potentialAction\":[{\"@type\":\"SearchAction\",\"target\":{\"@type\":\"EntryPoint\",\"urlTemplate\":\"https:\\\/\\\/www.ciel-strasbourg.org\\\/es\\\/?s={search_term_string}\"},\"query-input\":{\"@type\":\"PropertyValueSpecification\",\"valueRequired\":true,\"valueName\":\"search_term_string\"}}],\"inLanguage\":\"es-ES\"},{\"@type\":\"Organization\",\"@id\":\"https:\\\/\\\/www.ciel-strasbourg.org\\\/es\\\/#organization\",\"name\":\"CIEL Strasbourg\",\"url\":\"https:\\\/\\\/www.ciel-strasbourg.org\\\/es\\\/\",\"logo\":{\"@type\":\"ImageObject\",\"inLanguage\":\"es-ES\",\"@id\":\"https:\\\/\\\/www.ciel-strasbourg.org\\\/es\\\/#\\\/schema\\\/logo\\\/image\\\/\",\"url\":\"https:\\\/\\\/www.ciel-strasbourg.org\\\/wp-inside\\\/uploads\\\/2020\\\/12\\\/logo-ciel.png\",\"contentUrl\":\"https:\\\/\\\/www.ciel-strasbourg.org\\\/wp-inside\\\/uploads\\\/2020\\\/12\\\/logo-ciel.png\",\"width\":265,\"height\":90,\"caption\":\"CIEL Strasbourg\"},\"image\":{\"@id\":\"https:\\\/\\\/www.ciel-strasbourg.org\\\/es\\\/#\\\/schema\\\/logo\\\/image\\\/\"}}]}<\/script>\n<!-- \/ Yoast SEO plugin. -->","yoast_head_json":{"title":"Casa particular","robots":{"index":"index","follow":"follow","max-snippet":"max-snippet:-1","max-image-preview":"max-image-preview:large","max-video-preview":"max-video-preview:-1"},"canonical":"https:\/\/www.ciel-strasbourg.org\/es\/alojamiento\/casa-particular\/","og_locale":"es_ES","og_type":"article","og_title":"Casa particular","og_description":"Residir en una casa particular le permite aprovechar al m\u00e1ximo su estancia en Francia. Compartir\u00e1 la vida y las comidas de los franceses. Se sumergir\u00e1 en la lengua y la cultura francesas. Podr\u00e1 compartir momentos familiares para practicar el idioma en un ambiente distendido.","og_url":"https:\/\/www.ciel-strasbourg.org\/es\/alojamiento\/casa-particular\/","og_site_name":"CIEL","article_modified_time":"2025-04-23T12:06:44+00:00","og_image":[{"width":768,"height":432,"url":"https:\/\/www.ciel-strasbourg.org\/wp-inside\/uploads\/2025\/04\/c2df9c30d6640dd6fc80a493b0.jpg","type":"image\/jpeg"}],"twitter_card":"summary_large_image","schema":{"@context":"https:\/\/schema.org","@graph":[{"@type":"WebPage","@id":"https:\/\/www.ciel-strasbourg.org\/es\/alojamiento\/casa-particular\/","url":"https:\/\/www.ciel-strasbourg.org\/es\/alojamiento\/casa-particular\/","name":"Casa particular","isPartOf":{"@id":"https:\/\/www.ciel-strasbourg.org\/es\/#website"},"primaryImageOfPage":{"@id":"https:\/\/www.ciel-strasbourg.org\/es\/alojamiento\/casa-particular\/#primaryimage"},"image":{"@id":"https:\/\/www.ciel-strasbourg.org\/es\/alojamiento\/casa-particular\/#primaryimage"},"thumbnailUrl":"https:\/\/www.ciel-strasbourg.org\/wp-inside\/uploads\/2025\/04\/c2df9c30d6640dd6fc80a493b0.jpg","datePublished":"2020-12-10T10:58:55+00:00","dateModified":"2025-04-23T12:06:44+00:00","breadcrumb":{"@id":"https:\/\/www.ciel-strasbourg.org\/es\/alojamiento\/casa-particular\/#breadcrumb"},"inLanguage":"es-ES","potentialAction":[{"@type":"ReadAction","target":["https:\/\/www.ciel-strasbourg.org\/es\/alojamiento\/casa-particular\/"]}]},{"@type":"ImageObject","inLanguage":"es-ES","@id":"https:\/\/www.ciel-strasbourg.org\/es\/alojamiento\/casa-particular\/#primaryimage","url":"https:\/\/www.ciel-strasbourg.org\/wp-inside\/uploads\/2025\/04\/c2df9c30d6640dd6fc80a493b0.jpg","contentUrl":"https:\/\/www.ciel-strasbourg.org\/wp-inside\/uploads\/2025\/04\/c2df9c30d6640dd6fc80a493b0.jpg","width":768,"height":432},{"@type":"BreadcrumbList","@id":"https:\/\/www.ciel-strasbourg.org\/es\/alojamiento\/casa-particular\/#breadcrumb","itemListElement":[{"@type":"ListItem","position":1,"name":"Inicio","item":"https:\/\/www.ciel-strasbourg.org\/es\/"},{"@type":"ListItem","position":2,"name":"Alojamiento","item":"https:\/\/www.ciel-strasbourg.org\/es\/alojamiento\/"},{"@type":"ListItem","position":3,"name":"Casa particular"}]},{"@type":"WebSite","@id":"https:\/\/www.ciel-strasbourg.org\/es\/#website","url":"https:\/\/www.ciel-strasbourg.org\/es\/","name":"CIEL","description":"\u00a1Aprenda franc\u00e9s en el CIEL de Estrasburgo!","publisher":{"@id":"https:\/\/www.ciel-strasbourg.org\/es\/#organization"},"potentialAction":[{"@type":"SearchAction","target":{"@type":"EntryPoint","urlTemplate":"https:\/\/www.ciel-strasbourg.org\/es\/?s={search_term_string}"},"query-input":{"@type":"PropertyValueSpecification","valueRequired":true,"valueName":"search_term_string"}}],"inLanguage":"es-ES"},{"@type":"Organization","@id":"https:\/\/www.ciel-strasbourg.org\/es\/#organization","name":"CIEL Strasbourg","url":"https:\/\/www.ciel-strasbourg.org\/es\/","logo":{"@type":"ImageObject","inLanguage":"es-ES","@id":"https:\/\/www.ciel-strasbourg.org\/es\/#\/schema\/logo\/image\/","url":"https:\/\/www.ciel-strasbourg.org\/wp-inside\/uploads\/2020\/12\/logo-ciel.png","contentUrl":"https:\/\/www.ciel-strasbourg.org\/wp-inside\/uploads\/2020\/12\/logo-ciel.png","width":265,"height":90,"caption":"CIEL Strasbourg"},"image":{"@id":"https:\/\/www.ciel-strasbourg.org\/es\/#\/schema\/logo\/image\/"}}]}},"_links":{"self":[{"href":"https:\/\/www.ciel-strasbourg.org\/es\/wp-json\/wp\/v2\/pages\/3617","targetHints":{"allow":["GET"]}}],"collection":[{"href":"https:\/\/www.ciel-strasbourg.org\/es\/wp-json\/wp\/v2\/pages"}],"about":[{"href":"https:\/\/www.ciel-strasbourg.org\/es\/wp-json\/wp\/v2\/types\/page"}],"author":[{"embeddable":true,"href":"https:\/\/www.ciel-strasbourg.org\/es\/wp-json\/wp\/v2\/users\/7"}],"replies":[{"embeddable":true,"href":"https:\/\/www.ciel-strasbourg.org\/es\/wp-json\/wp\/v2\/comments?post=3617"}],"version-history":[{"count":6,"href":"https:\/\/www.ciel-strasbourg.org\/es\/wp-json\/wp\/v2\/pages\/3617\/revisions"}],"predecessor-version":[{"id":16744,"href":"https:\/\/www.ciel-strasbourg.org\/es\/wp-json\/wp\/v2\/pages\/3617\/revisions\/16744"}],"up":[{"embeddable":true,"href":"https:\/\/www.ciel-strasbourg.org\/es\/wp-json\/wp\/v2\/pages\/3615"}],"wp:featuredmedia":[{"embeddable":true,"href":"https:\/\/www.ciel-strasbourg.org\/es\/wp-json\/wp\/v2\/media\/16735"}],"wp:attachment":[{"href":"https:\/\/www.ciel-strasbourg.org\/es\/wp-json\/wp\/v2\/media?parent=3617"}],"curies":[{"name":"wp","href":"https:\/\/api.w.org\/{rel}","templated":true}]}}