{"id":3655,"date":"2020-12-10T12:48:59","date_gmt":"2020-12-10T11:48:59","guid":{"rendered":"https:\/\/www.ciel-strasbourg.org\/legale-notices\/"},"modified":"2023-02-21T11:24:27","modified_gmt":"2023-02-21T10:24:27","slug":"advertencias-legales","status":"publish","type":"page","link":"https:\/\/www.ciel-strasbourg.org\/es\/advertencias-legales\/","title":{"rendered":"Advertencias legales"},"content":{"rendered":"<h2>Sobre el sitio<\/h2>\n<p>Se encuentra conectado al sitio\u00a0 <strong>www.ciel-strasbourg.org.<\/strong> Todos los datos e informaci\u00f3n del sitio web\u00a0<strong>www.ciel-strasbourg.org<\/strong> son puestos a disposici\u00f3n del p\u00fablico por CIEL Strasbourg. Al consultar el sitio web <strong>www.ciel-strasbourg.org<\/strong>, usted se compromete a aceptar los t\u00e9rminos y las condiciones que figuran en estas instrucciones.<\/p>\n<h2>Editor:<\/h2>\n<p><strong>CIEL Strasbourg<\/strong><br \/>\nDomicilio social: CCI Campus, 234 Avenue de Colmar \u2013 F-67100 Estrasburgo (Francia)<br \/>\nTel.: +33 (0)3 88 43 08 31<\/p>\n<p><strong>Director de la publicaci\u00f3n:<\/strong> Val\u00e9rie Sommerlat<\/p>\n<p><strong>Delegado de Protecci\u00f3n de Datos:<\/strong> <a href=\"mailto:dpo@grandest.cci.fr\">dpo@grandest.cci.fr<\/a> o DPD 10 rue Claude Gel\u00e9e BP 41071 88051 Epinal Cedex 9<\/p>\n<h2>Alojamiento<\/h2>\n<p><strong>SDV Plurim\u00e9dia<\/strong><br \/>\nDomicilio social: 15 rue de la Nu\u00e9e Bleue \u2013 67000 Estrasburgo (Francia)<br \/>\nSARL con un capital de 110.000 euros<br \/>\nRegistro Mercantil de Estrasburgo B 340 571 728<br \/>\nSIRET: 340 571 728 00013<br \/>\nC\u00f3digo APE: 6203 Z<br \/>\nN\u00b0 IVA FR34 340571728<br \/>\nTel.: +33 (0)3 88 75 80 50<br \/>\n<a href=\"https:\/\/www.sdv.fr\/\">www.sdv.fr<\/a><\/p>\n<h2>Dise\u00f1o del sitio<\/h2>\n<p><strong>Premi\u00e8re Place<\/strong><br \/>\nSAS con un capital de 4,860.00 euros<br \/>\nDomicilio social: 30 rue Fran\u00e7ois Spoerry \u2013 68100 Mulhouse \u2013 Francia<br \/>\nTel.: +33 (0) 3 89 60 71 61<br \/>\ncontact@premiere.place<br \/>\nRCS Mulhouse 489 995 985<br \/>\nN\u00b0 IVA: FR 12 489 995 985<br \/>\n<a href=\"https:\/\/www.premiere.place\/\">www.premiere.place<\/a><\/p>\n<h2>Protecci\u00f3n de datos personales<\/h2>\n<p>CIEL de Strasbourg concede especial importancia al derecho a la vida privada de los internautas y se compromete a proteger sus datos personales de conformidad con la legislaci\u00f3n francesa y europea vigente. No se solicitan datos personales a los visitantes para consultar el sitio web <strong>www.ciel-strasbourg.org<\/strong>. Cada formulario del sitio limita la recogida de datos personales a lo estrictamente necesario e indica sistem\u00e1ticamente:<\/p>\n<ul>\n<li>los fines de la recogida de datos personales<\/li>\n<li>el car\u00e1cter obligatorio u opcional de los datos<\/li>\n<li>el (los) destinatario(s) de los datos recogidos<\/li>\n<li>la duraci\u00f3n de la conservaci\u00f3n de los datos recogidos<\/li>\n<li>sus derechos seg\u00fan la Ley de Inform\u00e1tica y Libertades y la forma de ejercerlos<\/li>\n<\/ul>\n<p>En cada formulario del sitio <strong>www.ciel-strasbourg.org<\/strong>, una o varias casillas para marcar le permiten dar su consentimiento expl\u00edcito para la recogida y el tratamiento de los datos personales solicitados. Esto permite que CIEL Strasbourg garantice que los datos personales que se le transmiten puedan utilizarse efectivamente para los fines expl\u00edcitamente anunciados en el formulario y aceptados por el internauta. Cada casilla marcada corresponde a un prop\u00f3sito particular de tratamiento de datos personales y servir\u00e1 como prueba legal del consentimiento del internauta. CIEL Strasbourg en ning\u00fan caso podr\u00e1 utilizar estos datos personales para una finalidad distinta a la(s) indicada(s) expl\u00edcitamente en el formulario y aceptada(s) por el internauta. Asimismo, estos datos personales no pueden ser transmitidos ni transferidos a terceros sin una menci\u00f3n expl\u00edcita de esta posibilidad en el formulario. Seg\u00fan el reglamento general de protecci\u00f3n de datos del 27 de abril de 2016 y la ley modificada \u00abInform\u00e1tica y Libertades\u00bb de 6 de enero de 1978, usted tiene derecho a acceder, rectificar y oponerse por motivos justos a los datos que le conciernen. Para ejercer este derecho puede ponerse en contacto con CIEL Strasbourg a trav\u00e9s del\u00a0 <a href=\"https:\/\/www.ciel-strasbourg.org\/contact\/\">formulario de contacto<\/a> del sitio, o por correo postal enviado a la siguiente direcci\u00f3n: CIEL Strasbourg CCI Campus, 234 Avenue de Colmar F-67100 Estrasburgo (Francia)<\/p>\n<p>Los datos personales que se recogen en el sitio <strong>www.ciel-strasbourg.org <\/strong>se tratan seg\u00fan unos protocolos seguros que limitan considerablemente los riesgos de interceptaci\u00f3n o captaci\u00f3n por parte de terceros. Sin embargo, debe tener cautela para no revelar informaci\u00f3n personal innecesaria o sensible al utilizar nuestros formularios. Si desea comunicarnos dicha informaci\u00f3n, utilice preferentemente el correo postal. Las reclamaciones relacionadas con el uso de sus datos personales deben ser presentadas a la CNIL, <a href=\"https:\/\/www.cnil.fr\/\"><strong>www.cnil.fr<\/strong><\/a> o 3 place de Fontenoy TSA 80715 75334 Par\u00eds cedex 07.<\/p>\n<h2>Cookies<\/h2>\n<p>El sitio <strong>www.ciel-strasbourg.org<\/strong> utiliza cookies. Se trata de peque\u00f1os archivos descargados en su ordenador que permiten que el sitio funcione con fluidez y de forma segura (cookies de sesi\u00f3n y de seguridad) y que registran informaci\u00f3n sobre la forma en que nuestros visitantes utilizan nuestro sitio (cookies de seguimiento). Por ejemplo, esto nos permite averiguar qu\u00e9 p\u00e1ginas visitan nuestros visitantes con m\u00e1s frecuencia y cu\u00e1nto tiempo pasan en nuestro sitio.<br \/>\nAl configurar su navegador tiene la opci\u00f3n de deshabilitar las cookies o recibir una alerta cuando las cookies est\u00e1n a punto de ser descargadas en su ordenador. No obstante si se desactivan todas las cookies, ello puede impedir que se utilicen correctamente todas las funciones de este sitio. Por lo tanto le ofrecemos la opci\u00f3n de deshabilitar s\u00f3lo las cookies de rastreo, lo que no interferir\u00e1 con su navegaci\u00f3n (v\u00e9ase \u00abConfiguraci\u00f3n de las cookies\u00bb a continuaci\u00f3n).<\/p>\n<h3>Google Analytics<\/h3>\n<p>Este sitio web utiliza el servicio de an\u00e1lisis web Google Analytics. Esto nos permite analizar la forma en que los internautas utilizan nuestro sitio web para proporcionarles una mejor experiencia de navegaci\u00f3n. Para ello, Google Analytics utiliza cookies de rastreo con el fin de seguir la ruta del internauta por el sitio. Estas cookies se almacenan durante un per\u00edodo de 13 meses. Hemos activado la anonimizaci\u00f3n de las direcciones IP de este sitio. Esto significa que las direcciones IP recogidas por Google Analytics se acortan sistem\u00e1ticamente para impedir la identificaci\u00f3n de los internautas. En algunos casos excepcionales, la direcci\u00f3n IP completa puede ser transferida a un servidor de Google situado en Estados Unidos, y luego ser acortada inmediatamente en \u00e9l. Google utiliza la informaci\u00f3n recogida mediante las cookies en nombre de CIEL Strasbourg para analizar los h\u00e1bitos de navegaci\u00f3n de los internautas y proporcionar informes sobre la actividad del sitio. Google pone a disposici\u00f3n de los usuarios un plug-in para su navegador que les permite impedir la recogida de datos relativos a su navegaci\u00f3n en sitios web mediante Google Analytics. Este plug-in est\u00e1 disponible en esta direcci\u00f3n: <a href=\"https:\/\/tools.google.com\/dlpage\/gaoptout?hl=fr\"><strong>tools.google.com\/dlpage\/gaoptout<\/strong><\/a><\/p>\n<h3>Google Remarketing<\/h3>\n<p>Este sitio puede utilizar el servicio Google Remarketing, que permite ofrecer a los internautas anuncios publicitarios espec\u00edficos en funci\u00f3n de los sitios consultados en la red publicitaria de Google. Esto nos permite utilizar sus datos de navegaci\u00f3n en este sitio para proporcionarle anuncios espec\u00edficos cuando visite otros sitios de la red de Google. Tiene la opci\u00f3n de desactivar esta funci\u00f3n a trav\u00e9s del siguiente enlace: <a href=\"http:\/\/www.google.com\/settings\/ads\">www.google.com\/settings\/ads<\/a>. Si dispone de una cuenta Google y ha accedido a ella visitando nuestro sitio, y si ha permitido que Google vincule su historial de navegaci\u00f3n a su cuenta Google y que utilice ese historial para personalizar los anuncios, Google vincular\u00e1 los datos de navegaci\u00f3n recogidos a trav\u00e9s de Google Analytics a su cuenta Google. Si utiliza su cuenta Google en m\u00e1s de un dispositivo, nuestros anuncios pueden aparecer en esos otros dispositivos. Aunque Google recoge en este sitio datos relacionados con el uso de las cuentas de Google, CIEL Strasbourg no puede deducir de ninguna manera la identidad de los usuarios de las cuentas de Google que consultan el sitio. Para obtener m\u00e1s informaci\u00f3n sobre la forma en que Google recoge y utiliza estos datos, consulte la Pol\u00edtica de Privacidad de Google: <a href=\"http:\/\/www.google.com\/policies\/privacy\/\">www.google.com\/policies\/privacy<\/a><\/p>\n<h3>Configuraci\u00f3n de cookies<\/h3>\n<p>Puede cambiar\u00a0 aqu\u00ed la configuraci\u00f3n de las cookies para este sitio:<\/p>\n<div class=\"skp-rgpd-cookie-form\">\r\n\t<div class=\"cookie-options\">\r\n\t\t<label>\r\n\t\t\t<input name=\"skp-rgpd-cookie\" type=\"radio\" value=\"1\" checked=\"checked\" \/>\r\n\t\t\t<strong>Todas las cookies de rastreo est\u00e1n activadas<\/strong>\r\n\t\t<\/label>\r\n\t\t<label>\r\n\t\t\t<input name=\"skp-rgpd-cookie\" type=\"radio\" value=\"2\" \/>\r\n\t\t\t<strong> Todas las cookies de rastreo est\u00e1n desactivadas<\/strong>\r\n\t\t<\/label>\r\n\t<\/div>\r\n\t<div class=\"cookie-submit\">\r\n\t\t<a href=\"#\" class=\"skp-rgpd-cookie-save\">Guardar<\/a>\r\n\t<\/div>\r\n<\/div>\r\n\n<p>Para m\u00e1s informaci\u00f3n sobre las cookies y la forma de gestionarlas, le recomendamos que consulte el sitio\u00a0 <a href=\"http:\/\/www.youronlinechoices.com\/fr\/\">www.youronlinechoices.com<\/a>, desarrollado por el organismo EDAA (European Interactive Digital Advertising Alliance).<\/p>\n<h2>Propiedad intelectual<\/h2>\n<p>Todo este sitio est\u00e1 sujeto a la legislaci\u00f3n francesa e internacional sobre derechos de autor y propiedad intelectual. Se reservan todos los derechos de reproducci\u00f3n, incluso para los documentos descargables y las representaciones iconogr\u00e1ficas y fotogr\u00e1ficas, as\u00ed como las secuencias animadas. Cualquier reproducci\u00f3n o representaci\u00f3n, total o parcial, por cualquier procedimiento, del contenido del sitio <strong>www.ciel-strasbourg.org<\/strong>, realizada sin la autorizaci\u00f3n expresa de CIEL Strasbourg, es ilegal y constituye una infracci\u00f3n. Cualquier uso de la informaci\u00f3n del sitio <strong>www.ciel-strasbourg.org<\/strong> debe mencionar obligatoriamente la fuente de informaci\u00f3n. La direcci\u00f3n del sitio <strong>www.ciel-strasbourg.org<\/strong> debe aparecer obligatoriamente en la referencia. Las marcas citadas en este sitio est\u00e1n registradas por las empresas propietarias del mismo.<\/p>\n<h2>Responsabilidad<\/h2>\n<p>El contenido y el entorno de los sitios externos a los que pueda remitir\u00a0<strong>www.ciel-strasbourg.org<\/strong> (especialmente mediante enlaces de hipertexto) no comprometen la responsabilidad de CIEL Strasbourg. Se autoriza la creaci\u00f3n de enlaces de hipertexto por parte de terceros a p\u00e1ginas o documentos del sitio <strong>www.ciel-strasbourg.org<\/strong> siempre que dichos enlaces no contravengan los intereses de CIEL Strasbourg y garanticen la posibilidad de que el usuario identifique el origen y el autor del documento. CIEL Strasbourg no se hace responsable en modo alguno del contenido de la informaci\u00f3n de este sitio, ni de las consecuencias que puedan derivarse de su uso o interpretaci\u00f3n. La consulta del sitio <strong>www.ciel-strasbourg.org<\/strong> presupone que el internauta acepta los t\u00e9rminos y las condiciones que se especifican m\u00e1s arriba.<\/p>\n","protected":false},"excerpt":{"rendered":"<p>Sobre el sitio Se encuentra conectado al sitio\u00a0 www.ciel-strasbourg.org. Todos los datos e informaci\u00f3n del sitio web\u00a0www.ciel-strasbourg.org son puestos a disposici\u00f3n del p\u00fablico por CIEL Strasbourg. Al consultar el sitio [&hellip;]<\/p>\n","protected":false},"author":7,"featured_media":0,"parent":0,"menu_order":98,"comment_status":"closed","ping_status":"closed","template":"","meta":{"_acf_changed":false,"footnotes":""},"class_list":["post-3655","page","type-page","status-publish","hentry","wp-sticky"],"acf":[],"yoast_head":"<!-- This site is optimized with the Yoast SEO plugin v27.4 - https:\/\/yoast.com\/product\/yoast-seo-wordpress\/ -->\n<title>Advertencias legales<\/title>\n<meta name=\"robots\" content=\"index, follow, max-snippet:-1, max-image-preview:large, max-video-preview:-1\" \/>\n<link rel=\"canonical\" href=\"https:\/\/www.ciel-strasbourg.org\/es\/advertencias-legales\/\" \/>\n<meta property=\"og:locale\" content=\"es_ES\" \/>\n<meta property=\"og:type\" content=\"article\" \/>\n<meta property=\"og:title\" content=\"Advertencias legales\" \/>\n<meta property=\"og:description\" content=\"Sobre el sitio Se encuentra conectado al sitio\u00a0 www.ciel-strasbourg.org. Todos los datos e informaci\u00f3n del sitio web\u00a0www.ciel-strasbourg.org son puestos a disposici\u00f3n del p\u00fablico por CIEL Strasbourg. Al consultar el sitio [&hellip;]\" \/>\n<meta property=\"og:url\" content=\"https:\/\/www.ciel-strasbourg.org\/es\/advertencias-legales\/\" \/>\n<meta property=\"og:site_name\" content=\"CIEL\" \/>\n<meta property=\"article:modified_time\" content=\"2023-02-21T10:24:27+00:00\" \/>\n<meta property=\"og:image\" content=\"https:\/\/www.ciel-strasbourg.org\/wp-inside\/uploads\/2020\/10\/batiment_strasbourg_yvestrotzier_11.jpg\" \/>\n\t<meta property=\"og:image:width\" content=\"1772\" \/>\n\t<meta property=\"og:image:height\" content=\"1772\" \/>\n\t<meta property=\"og:image:type\" content=\"image\/jpeg\" \/>\n<meta name=\"twitter:card\" content=\"summary_large_image\" \/>\n<meta name=\"twitter:label1\" content=\"Est. reading time\" \/>\n\t<meta name=\"twitter:data1\" content=\"7 minutes\" \/>\n<script type=\"application\/ld+json\" class=\"yoast-schema-graph\">{\"@context\":\"https:\\\/\\\/schema.org\",\"@graph\":[{\"@type\":\"WebPage\",\"@id\":\"https:\\\/\\\/www.ciel-strasbourg.org\\\/es\\\/advertencias-legales\\\/\",\"url\":\"https:\\\/\\\/www.ciel-strasbourg.org\\\/es\\\/advertencias-legales\\\/\",\"name\":\"Advertencias legales\",\"isPartOf\":{\"@id\":\"https:\\\/\\\/www.ciel-strasbourg.org\\\/es\\\/#website\"},\"datePublished\":\"2020-12-10T11:48:59+00:00\",\"dateModified\":\"2023-02-21T10:24:27+00:00\",\"breadcrumb\":{\"@id\":\"https:\\\/\\\/www.ciel-strasbourg.org\\\/es\\\/advertencias-legales\\\/#breadcrumb\"},\"inLanguage\":\"es-ES\",\"potentialAction\":[{\"@type\":\"ReadAction\",\"target\":[\"https:\\\/\\\/www.ciel-strasbourg.org\\\/es\\\/advertencias-legales\\\/\"]}]},{\"@type\":\"BreadcrumbList\",\"@id\":\"https:\\\/\\\/www.ciel-strasbourg.org\\\/es\\\/advertencias-legales\\\/#breadcrumb\",\"itemListElement\":[{\"@type\":\"ListItem\",\"position\":1,\"name\":\"Inicio\",\"item\":\"https:\\\/\\\/www.ciel-strasbourg.org\\\/es\\\/\"},{\"@type\":\"ListItem\",\"position\":2,\"name\":\"Advertencias legales\"}]},{\"@type\":\"WebSite\",\"@id\":\"https:\\\/\\\/www.ciel-strasbourg.org\\\/es\\\/#website\",\"url\":\"https:\\\/\\\/www.ciel-strasbourg.org\\\/es\\\/\",\"name\":\"CIEL\",\"description\":\"\u00a1Aprenda franc\u00e9s en el CIEL de Estrasburgo!\",\"publisher\":{\"@id\":\"https:\\\/\\\/www.ciel-strasbourg.org\\\/es\\\/#organization\"},\"potentialAction\":[{\"@type\":\"SearchAction\",\"target\":{\"@type\":\"EntryPoint\",\"urlTemplate\":\"https:\\\/\\\/www.ciel-strasbourg.org\\\/es\\\/?s={search_term_string}\"},\"query-input\":{\"@type\":\"PropertyValueSpecification\",\"valueRequired\":true,\"valueName\":\"search_term_string\"}}],\"inLanguage\":\"es-ES\"},{\"@type\":\"Organization\",\"@id\":\"https:\\\/\\\/www.ciel-strasbourg.org\\\/es\\\/#organization\",\"name\":\"CIEL Strasbourg\",\"url\":\"https:\\\/\\\/www.ciel-strasbourg.org\\\/es\\\/\",\"logo\":{\"@type\":\"ImageObject\",\"inLanguage\":\"es-ES\",\"@id\":\"https:\\\/\\\/www.ciel-strasbourg.org\\\/es\\\/#\\\/schema\\\/logo\\\/image\\\/\",\"url\":\"https:\\\/\\\/www.ciel-strasbourg.org\\\/wp-inside\\\/uploads\\\/2020\\\/12\\\/logo-ciel.png\",\"contentUrl\":\"https:\\\/\\\/www.ciel-strasbourg.org\\\/wp-inside\\\/uploads\\\/2020\\\/12\\\/logo-ciel.png\",\"width\":265,\"height\":90,\"caption\":\"CIEL Strasbourg\"},\"image\":{\"@id\":\"https:\\\/\\\/www.ciel-strasbourg.org\\\/es\\\/#\\\/schema\\\/logo\\\/image\\\/\"}}]}<\/script>\n<!-- \/ Yoast SEO plugin. -->","yoast_head_json":{"title":"Advertencias legales","robots":{"index":"index","follow":"follow","max-snippet":"max-snippet:-1","max-image-preview":"max-image-preview:large","max-video-preview":"max-video-preview:-1"},"canonical":"https:\/\/www.ciel-strasbourg.org\/es\/advertencias-legales\/","og_locale":"es_ES","og_type":"article","og_title":"Advertencias legales","og_description":"Sobre el sitio Se encuentra conectado al sitio\u00a0 www.ciel-strasbourg.org. Todos los datos e informaci\u00f3n del sitio web\u00a0www.ciel-strasbourg.org son puestos a disposici\u00f3n del p\u00fablico por CIEL Strasbourg. Al consultar el sitio [&hellip;]","og_url":"https:\/\/www.ciel-strasbourg.org\/es\/advertencias-legales\/","og_site_name":"CIEL","article_modified_time":"2023-02-21T10:24:27+00:00","og_image":[{"width":1772,"height":1772,"url":"https:\/\/www.ciel-strasbourg.org\/wp-inside\/uploads\/2020\/10\/batiment_strasbourg_yvestrotzier_11.jpg","type":"image\/jpeg"}],"twitter_card":"summary_large_image","twitter_misc":{"Est. reading time":"7 minutes"},"schema":{"@context":"https:\/\/schema.org","@graph":[{"@type":"WebPage","@id":"https:\/\/www.ciel-strasbourg.org\/es\/advertencias-legales\/","url":"https:\/\/www.ciel-strasbourg.org\/es\/advertencias-legales\/","name":"Advertencias legales","isPartOf":{"@id":"https:\/\/www.ciel-strasbourg.org\/es\/#website"},"datePublished":"2020-12-10T11:48:59+00:00","dateModified":"2023-02-21T10:24:27+00:00","breadcrumb":{"@id":"https:\/\/www.ciel-strasbourg.org\/es\/advertencias-legales\/#breadcrumb"},"inLanguage":"es-ES","potentialAction":[{"@type":"ReadAction","target":["https:\/\/www.ciel-strasbourg.org\/es\/advertencias-legales\/"]}]},{"@type":"BreadcrumbList","@id":"https:\/\/www.ciel-strasbourg.org\/es\/advertencias-legales\/#breadcrumb","itemListElement":[{"@type":"ListItem","position":1,"name":"Inicio","item":"https:\/\/www.ciel-strasbourg.org\/es\/"},{"@type":"ListItem","position":2,"name":"Advertencias legales"}]},{"@type":"WebSite","@id":"https:\/\/www.ciel-strasbourg.org\/es\/#website","url":"https:\/\/www.ciel-strasbourg.org\/es\/","name":"CIEL","description":"\u00a1Aprenda franc\u00e9s en el CIEL de Estrasburgo!","publisher":{"@id":"https:\/\/www.ciel-strasbourg.org\/es\/#organization"},"potentialAction":[{"@type":"SearchAction","target":{"@type":"EntryPoint","urlTemplate":"https:\/\/www.ciel-strasbourg.org\/es\/?s={search_term_string}"},"query-input":{"@type":"PropertyValueSpecification","valueRequired":true,"valueName":"search_term_string"}}],"inLanguage":"es-ES"},{"@type":"Organization","@id":"https:\/\/www.ciel-strasbourg.org\/es\/#organization","name":"CIEL Strasbourg","url":"https:\/\/www.ciel-strasbourg.org\/es\/","logo":{"@type":"ImageObject","inLanguage":"es-ES","@id":"https:\/\/www.ciel-strasbourg.org\/es\/#\/schema\/logo\/image\/","url":"https:\/\/www.ciel-strasbourg.org\/wp-inside\/uploads\/2020\/12\/logo-ciel.png","contentUrl":"https:\/\/www.ciel-strasbourg.org\/wp-inside\/uploads\/2020\/12\/logo-ciel.png","width":265,"height":90,"caption":"CIEL Strasbourg"},"image":{"@id":"https:\/\/www.ciel-strasbourg.org\/es\/#\/schema\/logo\/image\/"}}]}},"_links":{"self":[{"href":"https:\/\/www.ciel-strasbourg.org\/es\/wp-json\/wp\/v2\/pages\/3655","targetHints":{"allow":["GET"]}}],"collection":[{"href":"https:\/\/www.ciel-strasbourg.org\/es\/wp-json\/wp\/v2\/pages"}],"about":[{"href":"https:\/\/www.ciel-strasbourg.org\/es\/wp-json\/wp\/v2\/types\/page"}],"author":[{"embeddable":true,"href":"https:\/\/www.ciel-strasbourg.org\/es\/wp-json\/wp\/v2\/users\/7"}],"replies":[{"embeddable":true,"href":"https:\/\/www.ciel-strasbourg.org\/es\/wp-json\/wp\/v2\/comments?post=3655"}],"version-history":[{"count":6,"href":"https:\/\/www.ciel-strasbourg.org\/es\/wp-json\/wp\/v2\/pages\/3655\/revisions"}],"predecessor-version":[{"id":10842,"href":"https:\/\/www.ciel-strasbourg.org\/es\/wp-json\/wp\/v2\/pages\/3655\/revisions\/10842"}],"wp:attachment":[{"href":"https:\/\/www.ciel-strasbourg.org\/es\/wp-json\/wp\/v2\/media?parent=3655"}],"curies":[{"name":"wp","href":"https:\/\/api.w.org\/{rel}","templated":true}]}}