{"id":3735,"date":"2020-12-10T16:52:54","date_gmt":"2020-12-10T15:52:54","guid":{"rendered":"https:\/\/www.ciel-strasbourg.org\/?page_id=3735"},"modified":"2020-12-10T17:05:32","modified_gmt":"2020-12-10T16:05:32","slug":"estrasburgo-capital-europea","status":"publish","type":"page","link":"https:\/\/www.ciel-strasbourg.org\/es\/estrasburgo-y-alsacia\/estrasburgo\/estrasburgo-capital-europea\/","title":{"rendered":"Estrasburgo, capital europea"},"content":{"rendered":"<p>Situada en el coraz\u00f3n de Europa, Estrasburgo est\u00e1 muy bien comunicada por carretera, ferrocarril y un aeropuerto internacional. Podr\u00e1 aprovechar su posici\u00f3n estrat\u00e9gica para visitar f\u00e1cilmente otras regiones de Europa.<\/p>\n<p>Estrasburgo es tambi\u00e9n la sede del Parlamento Europeo, del Consejo de Europa y de muchas otras instituciones europeas. Por lo tanto, es un observatorio ideal para experimentar y comprender la construcci\u00f3n de Europa.<\/p>\n<h2>Parlamento Europeo<\/h2>\n<p>Est\u00e1 compuesto por 751 diputados elegidos directamente por los habitantes de su pa\u00eds. Se dedica a:<\/p>\n<ul>\n<li>elaborar la legislaci\u00f3n europea<\/li>\n<li>ayudar a gestionar la Uni\u00f3n Europea<\/li>\n<li>promover la reflexi\u00f3n sobre los problemas de la sociedad<\/li>\n<\/ul>\n<p><a href=\"https:\/\/www.europarl.europa.eu\/portal\/fr\" target=\"_blank\" rel=\"noopener noreferrer\">Enlace<\/a><\/p>\n","protected":false},"excerpt":{"rendered":"<p>Situada en el coraz\u00f3n de Europa, Estrasburgo est\u00e1 muy bien comunicada por carretera, ferrocarril y un aeropuerto internacional.<\/p>\n","protected":false},"author":7,"featured_media":3463,"parent":3733,"menu_order":0,"comment_status":"closed","ping_status":"closed","template":"tpl-page-modulable.php","meta":{"_acf_changed":false,"footnotes":""},"class_list":["post-3735","page","type-page","status-publish","has-post-thumbnail","hentry","wp-sticky"],"acf":[],"yoast_head":"<!-- This site is optimized with the Yoast SEO plugin v27.5 - https:\/\/yoast.com\/product\/yoast-seo-wordpress\/ -->\n<title>Estrasburgo, capital europea<\/title>\n<meta name=\"robots\" content=\"index, follow, max-snippet:-1, max-image-preview:large, max-video-preview:-1\" \/>\n<link rel=\"canonical\" href=\"https:\/\/www.ciel-strasbourg.org\/es\/estrasburgo-y-alsacia\/estrasburgo\/estrasburgo-capital-europea\/\" \/>\n<meta property=\"og:locale\" content=\"es_ES\" \/>\n<meta property=\"og:type\" content=\"article\" \/>\n<meta property=\"og:title\" content=\"Estrasburgo, capital europea\" \/>\n<meta property=\"og:description\" content=\"Situada en el coraz\u00f3n de Europa, Estrasburgo est\u00e1 muy bien comunicada por carretera, ferrocarril y un aeropuerto internacional.\" \/>\n<meta property=\"og:url\" content=\"https:\/\/www.ciel-strasbourg.org\/es\/estrasburgo-y-alsacia\/estrasburgo\/estrasburgo-capital-europea\/\" \/>\n<meta property=\"og:site_name\" content=\"CIEL\" \/>\n<meta property=\"article:modified_time\" content=\"2020-12-10T16:05:32+00:00\" \/>\n<meta property=\"og:image\" content=\"https:\/\/www.ciel-strasbourg.org\/wp-inside\/uploads\/2020\/10\/ciel-strasbourg-alsace-paysage-colmar-scaled.jpg\" \/>\n\t<meta property=\"og:image:width\" content=\"1920\" \/>\n\t<meta property=\"og:image:height\" content=\"1281\" \/>\n\t<meta property=\"og:image:type\" content=\"image\/jpeg\" \/>\n<meta name=\"twitter:card\" content=\"summary_large_image\" \/>\n<meta name=\"twitter:label1\" content=\"Est. reading time\" \/>\n\t<meta name=\"twitter:data1\" content=\"1 minute\" \/>\n<script type=\"application\/ld+json\" class=\"yoast-schema-graph\">{\"@context\":\"https:\\\/\\\/schema.org\",\"@graph\":[{\"@type\":\"WebPage\",\"@id\":\"https:\\\/\\\/www.ciel-strasbourg.org\\\/es\\\/estrasburgo-y-alsacia\\\/estrasburgo\\\/estrasburgo-capital-europea\\\/\",\"url\":\"https:\\\/\\\/www.ciel-strasbourg.org\\\/es\\\/estrasburgo-y-alsacia\\\/estrasburgo\\\/estrasburgo-capital-europea\\\/\",\"name\":\"Estrasburgo, capital europea\",\"isPartOf\":{\"@id\":\"https:\\\/\\\/www.ciel-strasbourg.org\\\/es\\\/#website\"},\"primaryImageOfPage\":{\"@id\":\"https:\\\/\\\/www.ciel-strasbourg.org\\\/es\\\/estrasburgo-y-alsacia\\\/estrasburgo\\\/estrasburgo-capital-europea\\\/#primaryimage\"},\"image\":{\"@id\":\"https:\\\/\\\/www.ciel-strasbourg.org\\\/es\\\/estrasburgo-y-alsacia\\\/estrasburgo\\\/estrasburgo-capital-europea\\\/#primaryimage\"},\"thumbnailUrl\":\"https:\\\/\\\/www.ciel-strasbourg.org\\\/wp-inside\\\/uploads\\\/2020\\\/10\\\/ciel-strasbourg-alsace-paysage-colmar-scaled.jpg\",\"datePublished\":\"2020-12-10T15:52:54+00:00\",\"dateModified\":\"2020-12-10T16:05:32+00:00\",\"breadcrumb\":{\"@id\":\"https:\\\/\\\/www.ciel-strasbourg.org\\\/es\\\/estrasburgo-y-alsacia\\\/estrasburgo\\\/estrasburgo-capital-europea\\\/#breadcrumb\"},\"inLanguage\":\"es-ES\",\"potentialAction\":[{\"@type\":\"ReadAction\",\"target\":[\"https:\\\/\\\/www.ciel-strasbourg.org\\\/es\\\/estrasburgo-y-alsacia\\\/estrasburgo\\\/estrasburgo-capital-europea\\\/\"]}]},{\"@type\":\"ImageObject\",\"inLanguage\":\"es-ES\",\"@id\":\"https:\\\/\\\/www.ciel-strasbourg.org\\\/es\\\/estrasburgo-y-alsacia\\\/estrasburgo\\\/estrasburgo-capital-europea\\\/#primaryimage\",\"url\":\"https:\\\/\\\/www.ciel-strasbourg.org\\\/wp-inside\\\/uploads\\\/2020\\\/10\\\/ciel-strasbourg-alsace-paysage-colmar-scaled.jpg\",\"contentUrl\":\"https:\\\/\\\/www.ciel-strasbourg.org\\\/wp-inside\\\/uploads\\\/2020\\\/10\\\/ciel-strasbourg-alsace-paysage-colmar-scaled.jpg\",\"width\":1920,\"height\":1281,\"caption\":\"Ciel Strasbourg paysage Colmar\"},{\"@type\":\"BreadcrumbList\",\"@id\":\"https:\\\/\\\/www.ciel-strasbourg.org\\\/es\\\/estrasburgo-y-alsacia\\\/estrasburgo\\\/estrasburgo-capital-europea\\\/#breadcrumb\",\"itemListElement\":[{\"@type\":\"ListItem\",\"position\":1,\"name\":\"Inicio\",\"item\":\"https:\\\/\\\/www.ciel-strasbourg.org\\\/es\\\/\"},{\"@type\":\"ListItem\",\"position\":2,\"name\":\"Estrasburgo y Alsacia\",\"item\":\"https:\\\/\\\/www.ciel-strasbourg.org\\\/es\\\/estrasburgo-y-alsacia\\\/\"},{\"@type\":\"ListItem\",\"position\":3,\"name\":\"Estrasburgo\",\"item\":\"https:\\\/\\\/www.ciel-strasbourg.org\\\/es\\\/estrasburgo-y-alsacia\\\/estrasburgo\\\/\"},{\"@type\":\"ListItem\",\"position\":4,\"name\":\"Estrasburgo, capital europea\"}]},{\"@type\":\"WebSite\",\"@id\":\"https:\\\/\\\/www.ciel-strasbourg.org\\\/es\\\/#website\",\"url\":\"https:\\\/\\\/www.ciel-strasbourg.org\\\/es\\\/\",\"name\":\"CIEL\",\"description\":\"\u00a1Aprenda franc\u00e9s en el CIEL de Estrasburgo!\",\"publisher\":{\"@id\":\"https:\\\/\\\/www.ciel-strasbourg.org\\\/es\\\/#organization\"},\"potentialAction\":[{\"@type\":\"SearchAction\",\"target\":{\"@type\":\"EntryPoint\",\"urlTemplate\":\"https:\\\/\\\/www.ciel-strasbourg.org\\\/es\\\/?s={search_term_string}\"},\"query-input\":{\"@type\":\"PropertyValueSpecification\",\"valueRequired\":true,\"valueName\":\"search_term_string\"}}],\"inLanguage\":\"es-ES\"},{\"@type\":\"Organization\",\"@id\":\"https:\\\/\\\/www.ciel-strasbourg.org\\\/es\\\/#organization\",\"name\":\"CIEL Strasbourg\",\"url\":\"https:\\\/\\\/www.ciel-strasbourg.org\\\/es\\\/\",\"logo\":{\"@type\":\"ImageObject\",\"inLanguage\":\"es-ES\",\"@id\":\"https:\\\/\\\/www.ciel-strasbourg.org\\\/es\\\/#\\\/schema\\\/logo\\\/image\\\/\",\"url\":\"https:\\\/\\\/www.ciel-strasbourg.org\\\/wp-inside\\\/uploads\\\/2020\\\/12\\\/logo-ciel.png\",\"contentUrl\":\"https:\\\/\\\/www.ciel-strasbourg.org\\\/wp-inside\\\/uploads\\\/2020\\\/12\\\/logo-ciel.png\",\"width\":265,\"height\":90,\"caption\":\"CIEL Strasbourg\"},\"image\":{\"@id\":\"https:\\\/\\\/www.ciel-strasbourg.org\\\/es\\\/#\\\/schema\\\/logo\\\/image\\\/\"}}]}<\/script>\n<!-- \/ Yoast SEO plugin. -->","yoast_head_json":{"title":"Estrasburgo, capital europea","robots":{"index":"index","follow":"follow","max-snippet":"max-snippet:-1","max-image-preview":"max-image-preview:large","max-video-preview":"max-video-preview:-1"},"canonical":"https:\/\/www.ciel-strasbourg.org\/es\/estrasburgo-y-alsacia\/estrasburgo\/estrasburgo-capital-europea\/","og_locale":"es_ES","og_type":"article","og_title":"Estrasburgo, capital europea","og_description":"Situada en el coraz\u00f3n de Europa, Estrasburgo est\u00e1 muy bien comunicada por carretera, ferrocarril y un aeropuerto internacional.","og_url":"https:\/\/www.ciel-strasbourg.org\/es\/estrasburgo-y-alsacia\/estrasburgo\/estrasburgo-capital-europea\/","og_site_name":"CIEL","article_modified_time":"2020-12-10T16:05:32+00:00","og_image":[{"width":1920,"height":1281,"url":"https:\/\/www.ciel-strasbourg.org\/wp-inside\/uploads\/2020\/10\/ciel-strasbourg-alsace-paysage-colmar-scaled.jpg","type":"image\/jpeg"}],"twitter_card":"summary_large_image","twitter_misc":{"Est. reading time":"1 minute"},"schema":{"@context":"https:\/\/schema.org","@graph":[{"@type":"WebPage","@id":"https:\/\/www.ciel-strasbourg.org\/es\/estrasburgo-y-alsacia\/estrasburgo\/estrasburgo-capital-europea\/","url":"https:\/\/www.ciel-strasbourg.org\/es\/estrasburgo-y-alsacia\/estrasburgo\/estrasburgo-capital-europea\/","name":"Estrasburgo, capital europea","isPartOf":{"@id":"https:\/\/www.ciel-strasbourg.org\/es\/#website"},"primaryImageOfPage":{"@id":"https:\/\/www.ciel-strasbourg.org\/es\/estrasburgo-y-alsacia\/estrasburgo\/estrasburgo-capital-europea\/#primaryimage"},"image":{"@id":"https:\/\/www.ciel-strasbourg.org\/es\/estrasburgo-y-alsacia\/estrasburgo\/estrasburgo-capital-europea\/#primaryimage"},"thumbnailUrl":"https:\/\/www.ciel-strasbourg.org\/wp-inside\/uploads\/2020\/10\/ciel-strasbourg-alsace-paysage-colmar-scaled.jpg","datePublished":"2020-12-10T15:52:54+00:00","dateModified":"2020-12-10T16:05:32+00:00","breadcrumb":{"@id":"https:\/\/www.ciel-strasbourg.org\/es\/estrasburgo-y-alsacia\/estrasburgo\/estrasburgo-capital-europea\/#breadcrumb"},"inLanguage":"es-ES","potentialAction":[{"@type":"ReadAction","target":["https:\/\/www.ciel-strasbourg.org\/es\/estrasburgo-y-alsacia\/estrasburgo\/estrasburgo-capital-europea\/"]}]},{"@type":"ImageObject","inLanguage":"es-ES","@id":"https:\/\/www.ciel-strasbourg.org\/es\/estrasburgo-y-alsacia\/estrasburgo\/estrasburgo-capital-europea\/#primaryimage","url":"https:\/\/www.ciel-strasbourg.org\/wp-inside\/uploads\/2020\/10\/ciel-strasbourg-alsace-paysage-colmar-scaled.jpg","contentUrl":"https:\/\/www.ciel-strasbourg.org\/wp-inside\/uploads\/2020\/10\/ciel-strasbourg-alsace-paysage-colmar-scaled.jpg","width":1920,"height":1281,"caption":"Ciel Strasbourg paysage Colmar"},{"@type":"BreadcrumbList","@id":"https:\/\/www.ciel-strasbourg.org\/es\/estrasburgo-y-alsacia\/estrasburgo\/estrasburgo-capital-europea\/#breadcrumb","itemListElement":[{"@type":"ListItem","position":1,"name":"Inicio","item":"https:\/\/www.ciel-strasbourg.org\/es\/"},{"@type":"ListItem","position":2,"name":"Estrasburgo y Alsacia","item":"https:\/\/www.ciel-strasbourg.org\/es\/estrasburgo-y-alsacia\/"},{"@type":"ListItem","position":3,"name":"Estrasburgo","item":"https:\/\/www.ciel-strasbourg.org\/es\/estrasburgo-y-alsacia\/estrasburgo\/"},{"@type":"ListItem","position":4,"name":"Estrasburgo, capital europea"}]},{"@type":"WebSite","@id":"https:\/\/www.ciel-strasbourg.org\/es\/#website","url":"https:\/\/www.ciel-strasbourg.org\/es\/","name":"CIEL","description":"\u00a1Aprenda franc\u00e9s en el CIEL de Estrasburgo!","publisher":{"@id":"https:\/\/www.ciel-strasbourg.org\/es\/#organization"},"potentialAction":[{"@type":"SearchAction","target":{"@type":"EntryPoint","urlTemplate":"https:\/\/www.ciel-strasbourg.org\/es\/?s={search_term_string}"},"query-input":{"@type":"PropertyValueSpecification","valueRequired":true,"valueName":"search_term_string"}}],"inLanguage":"es-ES"},{"@type":"Organization","@id":"https:\/\/www.ciel-strasbourg.org\/es\/#organization","name":"CIEL Strasbourg","url":"https:\/\/www.ciel-strasbourg.org\/es\/","logo":{"@type":"ImageObject","inLanguage":"es-ES","@id":"https:\/\/www.ciel-strasbourg.org\/es\/#\/schema\/logo\/image\/","url":"https:\/\/www.ciel-strasbourg.org\/wp-inside\/uploads\/2020\/12\/logo-ciel.png","contentUrl":"https:\/\/www.ciel-strasbourg.org\/wp-inside\/uploads\/2020\/12\/logo-ciel.png","width":265,"height":90,"caption":"CIEL Strasbourg"},"image":{"@id":"https:\/\/www.ciel-strasbourg.org\/es\/#\/schema\/logo\/image\/"}}]}},"_links":{"self":[{"href":"https:\/\/www.ciel-strasbourg.org\/es\/wp-json\/wp\/v2\/pages\/3735","targetHints":{"allow":["GET"]}}],"collection":[{"href":"https:\/\/www.ciel-strasbourg.org\/es\/wp-json\/wp\/v2\/pages"}],"about":[{"href":"https:\/\/www.ciel-strasbourg.org\/es\/wp-json\/wp\/v2\/types\/page"}],"author":[{"embeddable":true,"href":"https:\/\/www.ciel-strasbourg.org\/es\/wp-json\/wp\/v2\/users\/7"}],"replies":[{"embeddable":true,"href":"https:\/\/www.ciel-strasbourg.org\/es\/wp-json\/wp\/v2\/comments?post=3735"}],"version-history":[{"count":4,"href":"https:\/\/www.ciel-strasbourg.org\/es\/wp-json\/wp\/v2\/pages\/3735\/revisions"}],"predecessor-version":[{"id":3739,"href":"https:\/\/www.ciel-strasbourg.org\/es\/wp-json\/wp\/v2\/pages\/3735\/revisions\/3739"}],"up":[{"embeddable":true,"href":"https:\/\/www.ciel-strasbourg.org\/es\/wp-json\/wp\/v2\/pages\/3733"}],"wp:featuredmedia":[{"embeddable":true,"href":"https:\/\/www.ciel-strasbourg.org\/es\/wp-json\/wp\/v2\/media\/3463"}],"wp:attachment":[{"href":"https:\/\/www.ciel-strasbourg.org\/es\/wp-json\/wp\/v2\/media?parent=3735"}],"curies":[{"name":"wp","href":"https:\/\/api.w.org\/{rel}","templated":true}]}}