{"id":3966,"date":"2020-12-11T17:30:24","date_gmt":"2020-12-11T16:30:24","guid":{"rendered":"https:\/\/www.ciel-strasbourg.org\/?page_id=3966"},"modified":"2020-12-11T17:30:24","modified_gmt":"2020-12-11T16:30:24","slug":"plano-del-sitio","status":"publish","type":"page","link":"https:\/\/www.ciel-strasbourg.org\/es\/plano-del-sitio\/","title":{"rendered":"Plano del sitio"},"content":{"rendered":"<p><span style=\"color: #32373c; font-family: -apple-system, BlinkMacSystemFont, 'Segoe UI', Roboto, Oxygen-Sans, Ubuntu, Cantarell, 'Helvetica Neue', sans-serif; font-size: 13px; background-color: #f7fcfe;\"><div class=\"wsp-container\"><h2 class=\"wsp-pages-title\">Pages<\/h2>\n<ul class=\"wsp-pages-list\">\n<li class=\"page_item page-item-4210\"><a href=\"https:\/\/www.ciel-strasbourg.org\/es\/\">Una etiqueta de escuela francesa Qualit\u00e9 FLE<\/a><\/li>\n<li class=\"page_item page-item-3355 page_item_has_children\"><a href=\"https:\/\/www.ciel-strasbourg.org\/es\/el-ciel-de-estrasburgo\/\">El CIEL de Estrasburgo<\/a>\n<ul class='children'>\n\t<li class=\"page_item page-item-3361\"><a href=\"https:\/\/www.ciel-strasbourg.org\/es\/el-ciel-de-estrasburgo\/historia\/\">Historia<\/a><\/li>\n\t<li class=\"page_item page-item-3364\"><a href=\"https:\/\/www.ciel-strasbourg.org\/es\/el-ciel-de-estrasburgo\/una-ubicacion-en-el-corazon-de-europa\/\">Ubicaci\u00f3n y acceso<\/a><\/li>\n\t<li class=\"page_item page-item-3372\"><a href=\"https:\/\/www.ciel-strasbourg.org\/es\/el-ciel-de-estrasburgo\/equipo-de-ciel-y-enfoque-pedagogico-del-equipo-docente\/\">Equipo<\/a><\/li>\n\t<li class=\"page_item page-item-3607\"><a href=\"https:\/\/www.ciel-strasbourg.org\/es\/el-ciel-de-estrasburgo\/galeria-de-fotos\/\">Galer\u00eda de fotos<\/a><\/li>\n\t<li class=\"page_item page-item-3571\"><a href=\"https:\/\/www.ciel-strasbourg.org\/es\/el-ciel-de-estrasburgo\/equipamiento\/\">Equipamiento<\/a><\/li>\n\t<li class=\"page_item page-item-3579\"><a href=\"https:\/\/www.ciel-strasbourg.org\/es\/el-ciel-de-estrasburgo\/cafeteria\/\">Cafeter\u00eda<\/a><\/li>\n\t<li class=\"page_item page-item-3586\"><a href=\"https:\/\/www.ciel-strasbourg.org\/es\/el-ciel-de-estrasburgo\/contactos\/\">Contactos<\/a><\/li>\n\t<li class=\"page_item page-item-3588\"><a href=\"https:\/\/www.ciel-strasbourg.org\/es\/el-ciel-de-estrasburgo\/clientes-y-colaboradores\/\">Clientes y colaboradores<\/a><\/li>\n\t<li class=\"page_item page-item-3600\"><a href=\"https:\/\/www.ciel-strasbourg.org\/es\/el-ciel-de-estrasburgo\/faq\/\">Preguntas m\u00e1s frecuentes (FAQ)<\/a><\/li>\n\t<li class=\"page_item page-item-3605\"><a href=\"https:\/\/www.ciel-strasbourg.org\/es\/el-ciel-de-estrasburgo\/modalidades-de-matricula-e-informacion-practica\/\">Modalidades de matr\u00edcula e informaci\u00f3n pr\u00e1ctica<\/a><\/li>\n<\/ul>\n<\/li>\n<li class=\"page_item page-item-3612\"><a href=\"https:\/\/www.ciel-strasbourg.org\/es\/formaciones-con-diploma-campus-de-la-cci\/\">Formaciones con diploma Campus de la CCI<\/a><\/li>\n<li class=\"page_item page-item-3615 page_item_has_children\"><a href=\"https:\/\/www.ciel-strasbourg.org\/es\/alojamiento\/\">Alojamiento<\/a>\n<ul class='children'>\n\t<li class=\"page_item page-item-3617\"><a href=\"https:\/\/www.ciel-strasbourg.org\/es\/alojamiento\/casa-particular\/\">Casa particular<\/a><\/li>\n\t<li class=\"page_item page-item-3625\"><a href=\"https:\/\/www.ciel-strasbourg.org\/es\/alojamiento\/residencia-privada\/\">Residencia privada<\/a><\/li>\n\t<li class=\"page_item page-item-3633\"><a href=\"https:\/\/www.ciel-strasbourg.org\/es\/alojamiento\/estudios-y-apartamentos-amueblados\/\">Estudios y apartamentos amueblados<\/a><\/li>\n\t<li class=\"page_item page-item-3682\"><a href=\"https:\/\/www.ciel-strasbourg.org\/es\/alojamiento\/residencia-universitaria\/\">Residencia universitaria<\/a><\/li>\n\t<li class=\"page_item page-item-3711\"><a href=\"https:\/\/www.ciel-strasbourg.org\/es\/alojamiento\/aparthotel-citadines\/\">Aparthotel &#8220;CITADINES&#8221;<\/a><\/li>\n\t<li class=\"page_item page-item-3714\"><a href=\"https:\/\/www.ciel-strasbourg.org\/es\/alojamiento\/hoteles\/\">Hoteles<\/a><\/li>\n\t<li class=\"page_item page-item-3717\"><a href=\"https:\/\/www.ciel-strasbourg.org\/es\/alojamiento\/procedimientos-de-reserva\/\">Procedimientos de reserva<\/a><\/li>\n\t<li class=\"page_item page-item-3719\"><a href=\"https:\/\/www.ciel-strasbourg.org\/es\/alojamiento\/convertirse-en-familia-de-acogida\/\">Convertirse en familia de acogida<\/a><\/li>\n<\/ul>\n<\/li>\n<li class=\"page_item page-item-4637 page_item_has_children\"><a href=\"https:\/\/www.ciel-strasbourg.org\/es\/tarifas-y-fechas\/\">Tarifas y fechas<\/a>\n<ul class='children'>\n\t<li class=\"page_item page-item-3970\"><a href=\"https:\/\/www.ciel-strasbourg.org\/es\/tarifas-y-fechas\/cgv\/\">CGV<\/a><\/li>\n\t<li class=\"page_item page-item-4261\"><a href=\"https:\/\/www.ciel-strasbourg.org\/es\/tarifas-y-fechas\/test-de-nivel\/\">Test de nivel<\/a><\/li>\n<\/ul>\n<\/li>\n<li class=\"page_item page-item-3726 page_item_has_children\"><a href=\"https:\/\/www.ciel-strasbourg.org\/es\/estrasburgo-y-alsacia\/\">Estrasburgo y Alsacia<\/a>\n<ul class='children'>\n\t<li class=\"page_item page-item-3730\"><a href=\"https:\/\/www.ciel-strasbourg.org\/es\/estrasburgo-y-alsacia\/actividades-culturales\/\">Actividades culturales<\/a><\/li>\n\t<li class=\"page_item page-item-3733 page_item_has_children\"><a href=\"https:\/\/www.ciel-strasbourg.org\/es\/estrasburgo-y-alsacia\/estrasburgo\/\">Estrasburgo<\/a>\n\t<ul class='children'>\n\t\t<li class=\"page_item page-item-3735\"><a href=\"https:\/\/www.ciel-strasbourg.org\/es\/estrasburgo-y-alsacia\/estrasburgo\/estrasburgo-capital-europea\/\">Estrasburgo, capital europea<\/a><\/li>\n\t\t<li class=\"page_item page-item-3740\"><a href=\"https:\/\/www.ciel-strasbourg.org\/es\/estrasburgo-y-alsacia\/estrasburgo\/ocio-en-estrasburgo\/\">Ocio en Estrasburgo<\/a><\/li>\n\t<\/ul>\n<\/li>\n\t<li class=\"page_item page-item-3942 page_item_has_children\"><a href=\"https:\/\/www.ciel-strasbourg.org\/es\/estrasburgo-y-alsacia\/alsacia\/\">Alsacia<\/a>\n\t<ul class='children'>\n\t\t<li class=\"page_item page-item-3945\"><a href=\"https:\/\/www.ciel-strasbourg.org\/es\/estrasburgo-y-alsacia\/alsacia\/excursiones\/\">Excursiones<\/a><\/li>\n\t\t<li class=\"page_item page-item-3953\"><a href=\"https:\/\/www.ciel-strasbourg.org\/es\/estrasburgo-y-alsacia\/alsacia\/patrimoine-et-art-de-vivre\/\">Patrimonio y arte de vivir<\/a><\/li>\n\t<\/ul>\n<\/li>\n\t<li class=\"page_item page-item-3961\"><a href=\"https:\/\/www.ciel-strasbourg.org\/es\/estrasburgo-y-alsacia\/galerias-de-fotos\/\">Galer\u00edas de fotos<\/a><\/li>\n<\/ul>\n<\/li>\n<li class=\"page_item page-item-3724\"><a href=\"https:\/\/www.ciel-strasbourg.org\/es\/contacto\/\">Contacto<\/a><\/li>\n<li class=\"page_item page-item-4482\"><a href=\"https:\/\/www.ciel-strasbourg.org\/es\/pida-un-presupuesto\/\">Pida un presupuesto<\/a><\/li>\n<li class=\"page_item page-item-4144\"><a href=\"https:\/\/www.ciel-strasbourg.org\/es\/matricula\/\">Matricula<\/a><\/li>\n<li class=\"page_item page-item-4475\"><a href=\"https:\/\/www.ciel-strasbourg.org\/es\/pruebas-y-examenes-de-registro\/\">Pruebas y ex\u00e1menes de registro<\/a><\/li>\n<li class=\"page_item page-item-3964\"><a href=\"https:\/\/www.ciel-strasbourg.org\/es\/pago\/\">Pago<\/a><\/li>\n<li class=\"page_item page-item-3968\"><a href=\"https:\/\/www.ciel-strasbourg.org\/es\/reserva\/\">Reserva<\/a><\/li>\n<li class=\"page_item page-item-3655\"><a href=\"https:\/\/www.ciel-strasbourg.org\/es\/advertencias-legales\/\">Advertencias legales<\/a><\/li>\n<\/ul>\n<h2 class=\"wsp-temoignages-title\">Testimonios<\/h2>\n<ul class=\"wsp-temoignages-list\">\n<li><a href=\"https:\/\/www.ciel-strasbourg.org\/es\/testimonio\/meifang-h\/\">Meifang H<\/a><\/li>\n<li><a href=\"https:\/\/www.ciel-strasbourg.org\/es\/testimonio\/massimiliano-p\/\">Massimiliano P<\/a><\/li>\n<li><a href=\"https:\/\/www.ciel-strasbourg.org\/es\/testimonio\/katharina-l\/\">Katharina L<\/a><\/li>\n<li><a href=\"https:\/\/www.ciel-strasbourg.org\/es\/testimonio\/jimin-song\/\">Jimin SONG<\/a><\/li>\n<li><a href=\"https:\/\/www.ciel-strasbourg.org\/es\/testimonio\/sidi-traore\/\">Sidi TRAORE<\/a><\/li>\n<li><a href=\"https:\/\/www.ciel-strasbourg.org\/es\/testimonio\/zein-alhaj-abdo\/\">Zein ALHAJ ABDO<\/a><\/li>\n<\/ul>\n<h2 class=\"wsp-formationss-title\">Formations<\/h2>\n<ul class=\"wsp-formationss-list\">\n<li><a href=\"https:\/\/www.ciel-strasbourg.org\/es\/formaciones\/frances-lengua-general-talleres-de-conversacion-a-distancia\/\">Franc\u00e9s Lengua General - Talleres de conversaci\u00f3n \u2013 A distancia<\/a><\/li>\n<li><a href=\"https:\/\/www.ciel-strasbourg.org\/es\/formaciones\/frances-lengua-general-cursos-individuales-a-distancia\/\">Franc\u00e9s Lengua General - Cursos individuales \u2013 A distancia<\/a><\/li>\n<li><a href=\"https:\/\/www.ciel-strasbourg.org\/es\/formaciones\/frances-lengua-general-cursos-colectivos-extensivos-a-distancia\/\">Franc\u00e9s Lengua General - Cursos colectivos extensivos \u2013 A distancia<\/a><\/li>\n<li><a href=\"https:\/\/www.ciel-strasbourg.org\/es\/formaciones\/frances-lengua-general-cursos-colectivos-intensivos-distancia\/\">Franc\u00e9s Lengua General - Cursos colectivos intensivos \u2013 A distancia<\/a><\/li>\n<li><a href=\"https:\/\/www.ciel-strasbourg.org\/es\/formaciones\/cursos-intra\/\">Cursos Intra<\/a><\/li>\n<li><a href=\"https:\/\/www.ciel-strasbourg.org\/es\/formaciones\/programa-recuperacion-ortografia-linea\/\">Programa de recuperaci\u00f3n de ortograf\u00eda en l\u00ednea<\/a><\/li>\n<li><a href=\"https:\/\/www.ciel-strasbourg.org\/es\/formaciones\/estancia-linguistica-fle-inmersion-mundo-empresarial-frances\/\">Estancia ling\u00fc\u00edstica FLE \"inmersi\u00f3n en el mundo empresarial franc\u00e9s\"<\/a><\/li>\n<li><a href=\"https:\/\/www.ciel-strasbourg.org\/es\/formaciones\/preparar-ingreso-estudios-superiores-francia\/\">Preparar su ingreso en estudios superiores en Francia<\/a><\/li>\n<li><a href=\"https:\/\/www.ciel-strasbourg.org\/es\/formaciones\/frances-lengua-general-cursos-nocturnos\/\">Franc\u00e9s Lengua General - Cursos nocturnos<\/a><\/li>\n<li><a href=\"https:\/\/www.ciel-strasbourg.org\/es\/formaciones\/cursos-metodologicos-para-profesores-de-fle\/\">Cursos metodol\u00f3gicos para profesores de fle<\/a><\/li>\n<li><a href=\"https:\/\/www.ciel-strasbourg.org\/es\/formaciones\/frances-escrito-mejorar-competencias-de-redaccion\/\">Franc\u00e9s escrito - mejorar sus competencias de redacci\u00f3n<\/a><\/li>\n<li><a href=\"https:\/\/www.ciel-strasbourg.org\/es\/formaciones\/frances-escrito\/\">Franc\u00e9s escrito \u2013 perfeccionar la ortograf\u00eda<\/a><\/li>\n<li><a href=\"https:\/\/www.ciel-strasbourg.org\/es\/formaciones\/frances-lengua-general-clases-particulares\/\">Franc\u00e9s Lengua General - Clases particulares<\/a><\/li>\n<li><a href=\"https:\/\/www.ciel-strasbourg.org\/es\/formaciones\/frances-lengua-general-cursos-verano\/\">Franc\u00e9s - Superintensivo (julio\/agosto)<\/a><\/li>\n<li><a href=\"https:\/\/www.ciel-strasbourg.org\/es\/formaciones\/frances-lengua-general-cursos-diurnos\/\">Franc\u00e9s - Cursos intensivos (de septiembre a junio)<\/a><\/li>\n<\/ul>\n<h2 class=\"wsp-tests_examenss-title\">Pruebas y ex\u00e1menes<\/h2>\n<ul class=\"wsp-tests_examenss-list\">\n<li><a href=\"https:\/\/www.ciel-strasbourg.org\/es\/pruebas\/relaciones-internacionales-diploma-de-frances-profesional-para-las-relaciones-internacionales\/\">RELACIONES INTERNACIONALES - Diploma de franc\u00e9s profesional para las Relaciones Internacionales<\/a><\/li>\n<li><a href=\"https:\/\/www.ciel-strasbourg.org\/es\/pruebas\/salud-diploma-de-frances-profesional-para-la-salud\/\">SALUD - Diploma de franc\u00e9s profesional para la salud<\/a><\/li>\n<li><a href=\"https:\/\/www.ciel-strasbourg.org\/es\/pruebas\/negocios-diploma-de-frances-profesional-para-los-negocios\/\">NEGOCIOS - Diploma de franc\u00e9s profesional para los negocios<\/a><\/li>\n<li><a href=\"https:\/\/www.ciel-strasbourg.org\/es\/pruebas\/turismo-hosteleria-y-restauracion-diploma-de-frances-para-el-turismo-la-hosteleria-y-la-restauracion\/\">TURISMO, HOSTELERIA Y RESTAURACION - Diploma de franc\u00e9s para el Turismo, la Hosteler\u00eda y la Restauraci\u00f3n<\/a><\/li>\n<li><a href=\"https:\/\/www.ciel-strasbourg.org\/es\/pruebas\/tcf-anf-test-de-connaissance-du-francais-acces-a-la-nationalite-francaise\/\">TCF INTEGRATION, RESIDENCE et NATIONALITE.<\/a><\/li>\n<li><a href=\"https:\/\/www.ciel-strasbourg.org\/es\/pruebas\/certificado-voltaire\/\">Certificado Voltaire<\/a><\/li>\n<li><a href=\"https:\/\/www.ciel-strasbourg.org\/es\/pruebas\/certificado-cloe\/\">Certificado CLOE<\/a><\/li>\n<li><a href=\"https:\/\/www.ciel-strasbourg.org\/es\/pruebas\/tcf-canada\/\">TCF CANAD\u00c1 - Test de Conocimiento de Franc\u00e9s para un procedimiento de inmigraci\u00f3n a Canad\u00e1<\/a><\/li>\n<li><a href=\"https:\/\/www.ciel-strasbourg.org\/es\/pruebas\/tcf-tp\/\">TCF Test de Conocimiento de Franc\u00e9s - P\u00fablico en general<\/a><\/li>\n<\/ul>\n<h2 class=\"wsp-additional_products-title\">Productos complementarios<\/h2>\n<ul class=\"wsp-additional_products-list\">\n<li><a href=\"https:\/\/www.ciel-strasbourg.org\/es\/produit-complementaire\/tcf-complet\/\">TCF completo<\/a><\/li>\n<li><a href=\"https:\/\/www.ciel-strasbourg.org\/es\/produit-complementaire\/epreuves-facultatives-tcf-tp-expression-ecrite\/\">Pruebas facultativas TCF TP- expresi\u00f3n escrita<\/a><\/li>\n<li><a href=\"https:\/\/www.ciel-strasbourg.org\/es\/produit-complementaire\/epreuves-facultatives-tcf-tp-expression-orale\/\">Pruebas facultativas TCF TP- expresi\u00f3n oral<\/a><\/li>\n<li><a href=\"https:\/\/www.ciel-strasbourg.org\/es\/produit-complementaire\/activites-complementaires-dapres-midi\/\">OPCIONAL Actividades complementarias durante la tarde<\/a><\/li>\n<li><a href=\"https:\/\/www.ciel-strasbourg.org\/es\/produit-complementaire\/cours-particuliers\/\">Cursos particulares<\/a><\/li>\n<li><a href=\"https:\/\/www.ciel-strasbourg.org\/es\/produit-complementaire\/lorem-ipsum-dolor\/\">Preparaci\u00f3n en l\u00ednea de las pruebas y los ex\u00e1menes TCF y DELS<\/a><\/li>\n<\/ul>\n<\/div><\/span><\/p>\n","protected":false},"excerpt":{"rendered":"","protected":false},"author":7,"featured_media":0,"parent":0,"menu_order":99,"comment_status":"closed","ping_status":"closed","template":"","meta":{"_acf_changed":false,"footnotes":""},"class_list":["post-3966","page","type-page","status-publish","hentry","wp-sticky"],"acf":[],"yoast_head":"<!-- This site is optimized with the Yoast SEO plugin v27.5 - https:\/\/yoast.com\/product\/yoast-seo-wordpress\/ -->\n<title>Plano del sitio<\/title>\n<meta name=\"robots\" content=\"index, follow, max-snippet:-1, max-image-preview:large, max-video-preview:-1\" \/>\n<link rel=\"canonical\" href=\"https:\/\/www.ciel-strasbourg.org\/es\/plano-del-sitio\/\" \/>\n<meta property=\"og:locale\" content=\"es_ES\" \/>\n<meta property=\"og:type\" content=\"article\" \/>\n<meta property=\"og:title\" content=\"Plano del sitio\" \/>\n<meta property=\"og:url\" content=\"https:\/\/www.ciel-strasbourg.org\/es\/plano-del-sitio\/\" \/>\n<meta property=\"og:site_name\" content=\"CIEL\" \/>\n<meta property=\"og:image\" content=\"https:\/\/www.ciel-strasbourg.org\/wp-inside\/uploads\/2020\/10\/batiment_strasbourg_yvestrotzier_11.jpg\" \/>\n\t<meta property=\"og:image:width\" content=\"1772\" \/>\n\t<meta property=\"og:image:height\" content=\"1772\" \/>\n\t<meta property=\"og:image:type\" content=\"image\/jpeg\" \/>\n<meta name=\"twitter:card\" content=\"summary_large_image\" \/>\n<script type=\"application\/ld+json\" class=\"yoast-schema-graph\">{\"@context\":\"https:\\\/\\\/schema.org\",\"@graph\":[{\"@type\":\"WebPage\",\"@id\":\"https:\\\/\\\/www.ciel-strasbourg.org\\\/es\\\/plano-del-sitio\\\/\",\"url\":\"https:\\\/\\\/www.ciel-strasbourg.org\\\/es\\\/plano-del-sitio\\\/\",\"name\":\"Plano del sitio\",\"isPartOf\":{\"@id\":\"https:\\\/\\\/www.ciel-strasbourg.org\\\/es\\\/#website\"},\"datePublished\":\"2020-12-11T16:30:24+00:00\",\"breadcrumb\":{\"@id\":\"https:\\\/\\\/www.ciel-strasbourg.org\\\/es\\\/plano-del-sitio\\\/#breadcrumb\"},\"inLanguage\":\"es-ES\",\"potentialAction\":[{\"@type\":\"ReadAction\",\"target\":[\"https:\\\/\\\/www.ciel-strasbourg.org\\\/es\\\/plano-del-sitio\\\/\"]}]},{\"@type\":\"BreadcrumbList\",\"@id\":\"https:\\\/\\\/www.ciel-strasbourg.org\\\/es\\\/plano-del-sitio\\\/#breadcrumb\",\"itemListElement\":[{\"@type\":\"ListItem\",\"position\":1,\"name\":\"Inicio\",\"item\":\"https:\\\/\\\/www.ciel-strasbourg.org\\\/es\\\/\"},{\"@type\":\"ListItem\",\"position\":2,\"name\":\"Plano del sitio\"}]},{\"@type\":\"WebSite\",\"@id\":\"https:\\\/\\\/www.ciel-strasbourg.org\\\/es\\\/#website\",\"url\":\"https:\\\/\\\/www.ciel-strasbourg.org\\\/es\\\/\",\"name\":\"CIEL\",\"description\":\"\u00a1Aprenda franc\u00e9s en el CIEL de Estrasburgo!\",\"publisher\":{\"@id\":\"https:\\\/\\\/www.ciel-strasbourg.org\\\/es\\\/#organization\"},\"potentialAction\":[{\"@type\":\"SearchAction\",\"target\":{\"@type\":\"EntryPoint\",\"urlTemplate\":\"https:\\\/\\\/www.ciel-strasbourg.org\\\/es\\\/?s={search_term_string}\"},\"query-input\":{\"@type\":\"PropertyValueSpecification\",\"valueRequired\":true,\"valueName\":\"search_term_string\"}}],\"inLanguage\":\"es-ES\"},{\"@type\":\"Organization\",\"@id\":\"https:\\\/\\\/www.ciel-strasbourg.org\\\/es\\\/#organization\",\"name\":\"CIEL Strasbourg\",\"url\":\"https:\\\/\\\/www.ciel-strasbourg.org\\\/es\\\/\",\"logo\":{\"@type\":\"ImageObject\",\"inLanguage\":\"es-ES\",\"@id\":\"https:\\\/\\\/www.ciel-strasbourg.org\\\/es\\\/#\\\/schema\\\/logo\\\/image\\\/\",\"url\":\"https:\\\/\\\/www.ciel-strasbourg.org\\\/wp-inside\\\/uploads\\\/2020\\\/12\\\/logo-ciel.png\",\"contentUrl\":\"https:\\\/\\\/www.ciel-strasbourg.org\\\/wp-inside\\\/uploads\\\/2020\\\/12\\\/logo-ciel.png\",\"width\":265,\"height\":90,\"caption\":\"CIEL Strasbourg\"},\"image\":{\"@id\":\"https:\\\/\\\/www.ciel-strasbourg.org\\\/es\\\/#\\\/schema\\\/logo\\\/image\\\/\"}}]}<\/script>\n<!-- \/ Yoast SEO plugin. -->","yoast_head_json":{"title":"Plano del sitio","robots":{"index":"index","follow":"follow","max-snippet":"max-snippet:-1","max-image-preview":"max-image-preview:large","max-video-preview":"max-video-preview:-1"},"canonical":"https:\/\/www.ciel-strasbourg.org\/es\/plano-del-sitio\/","og_locale":"es_ES","og_type":"article","og_title":"Plano del sitio","og_url":"https:\/\/www.ciel-strasbourg.org\/es\/plano-del-sitio\/","og_site_name":"CIEL","og_image":[{"width":1772,"height":1772,"url":"https:\/\/www.ciel-strasbourg.org\/wp-inside\/uploads\/2020\/10\/batiment_strasbourg_yvestrotzier_11.jpg","type":"image\/jpeg"}],"twitter_card":"summary_large_image","schema":{"@context":"https:\/\/schema.org","@graph":[{"@type":"WebPage","@id":"https:\/\/www.ciel-strasbourg.org\/es\/plano-del-sitio\/","url":"https:\/\/www.ciel-strasbourg.org\/es\/plano-del-sitio\/","name":"Plano del sitio","isPartOf":{"@id":"https:\/\/www.ciel-strasbourg.org\/es\/#website"},"datePublished":"2020-12-11T16:30:24+00:00","breadcrumb":{"@id":"https:\/\/www.ciel-strasbourg.org\/es\/plano-del-sitio\/#breadcrumb"},"inLanguage":"es-ES","potentialAction":[{"@type":"ReadAction","target":["https:\/\/www.ciel-strasbourg.org\/es\/plano-del-sitio\/"]}]},{"@type":"BreadcrumbList","@id":"https:\/\/www.ciel-strasbourg.org\/es\/plano-del-sitio\/#breadcrumb","itemListElement":[{"@type":"ListItem","position":1,"name":"Inicio","item":"https:\/\/www.ciel-strasbourg.org\/es\/"},{"@type":"ListItem","position":2,"name":"Plano del sitio"}]},{"@type":"WebSite","@id":"https:\/\/www.ciel-strasbourg.org\/es\/#website","url":"https:\/\/www.ciel-strasbourg.org\/es\/","name":"CIEL","description":"\u00a1Aprenda franc\u00e9s en el CIEL de Estrasburgo!","publisher":{"@id":"https:\/\/www.ciel-strasbourg.org\/es\/#organization"},"potentialAction":[{"@type":"SearchAction","target":{"@type":"EntryPoint","urlTemplate":"https:\/\/www.ciel-strasbourg.org\/es\/?s={search_term_string}"},"query-input":{"@type":"PropertyValueSpecification","valueRequired":true,"valueName":"search_term_string"}}],"inLanguage":"es-ES"},{"@type":"Organization","@id":"https:\/\/www.ciel-strasbourg.org\/es\/#organization","name":"CIEL Strasbourg","url":"https:\/\/www.ciel-strasbourg.org\/es\/","logo":{"@type":"ImageObject","inLanguage":"es-ES","@id":"https:\/\/www.ciel-strasbourg.org\/es\/#\/schema\/logo\/image\/","url":"https:\/\/www.ciel-strasbourg.org\/wp-inside\/uploads\/2020\/12\/logo-ciel.png","contentUrl":"https:\/\/www.ciel-strasbourg.org\/wp-inside\/uploads\/2020\/12\/logo-ciel.png","width":265,"height":90,"caption":"CIEL Strasbourg"},"image":{"@id":"https:\/\/www.ciel-strasbourg.org\/es\/#\/schema\/logo\/image\/"}}]}},"_links":{"self":[{"href":"https:\/\/www.ciel-strasbourg.org\/es\/wp-json\/wp\/v2\/pages\/3966","targetHints":{"allow":["GET"]}}],"collection":[{"href":"https:\/\/www.ciel-strasbourg.org\/es\/wp-json\/wp\/v2\/pages"}],"about":[{"href":"https:\/\/www.ciel-strasbourg.org\/es\/wp-json\/wp\/v2\/types\/page"}],"author":[{"embeddable":true,"href":"https:\/\/www.ciel-strasbourg.org\/es\/wp-json\/wp\/v2\/users\/7"}],"replies":[{"embeddable":true,"href":"https:\/\/www.ciel-strasbourg.org\/es\/wp-json\/wp\/v2\/comments?post=3966"}],"version-history":[{"count":1,"href":"https:\/\/www.ciel-strasbourg.org\/es\/wp-json\/wp\/v2\/pages\/3966\/revisions"}],"predecessor-version":[{"id":3967,"href":"https:\/\/www.ciel-strasbourg.org\/es\/wp-json\/wp\/v2\/pages\/3966\/revisions\/3967"}],"wp:attachment":[{"href":"https:\/\/www.ciel-strasbourg.org\/es\/wp-json\/wp\/v2\/media?parent=3966"}],"curies":[{"name":"wp","href":"https:\/\/api.w.org\/{rel}","templated":true}]}}