{"id":4210,"date":"2019-03-22T16:35:30","date_gmt":"2019-03-22T15:35:30","guid":{"rendered":"https:\/\/www.ciel-strasbourg.org\/accueil-2\/"},"modified":"2021-01-15T09:13:44","modified_gmt":"2021-01-15T08:13:44","slug":"accueil-2","status":"publish","type":"page","link":"https:\/\/www.ciel-strasbourg.org\/es\/","title":{"rendered":"Una etiqueta de escuela francesa Qualit\u00e9 FLE"},"content":{"rendered":"<p>El CIEL de Estrasburgo es una <strong>escuela internacional de lengua francesa<\/strong> especializada en cursos intensivos de franc\u00e9s, franc\u00e9s general y franc\u00e9s de negocios con 30 a\u00f1os de experiencia en la ense\u00f1anza del franc\u00e9s a adultos.<\/p>\n","protected":false},"excerpt":{"rendered":"<p>El CIEL de Estrasburgo es una escuela internacional de lengua francesa especializada en cursos intensivos de franc\u00e9s, franc\u00e9s general y franc\u00e9s de negocios con 30 a\u00f1os de experiencia en la [&hellip;]<\/p>\n","protected":false},"author":7,"featured_media":0,"parent":0,"menu_order":0,"comment_status":"closed","ping_status":"closed","template":"","meta":{"_acf_changed":false,"footnotes":""},"class_list":["post-4210","page","type-page","status-publish","hentry","wp-sticky"],"acf":[],"yoast_head":"<!-- This site is optimized with the Yoast SEO plugin v27.3 - https:\/\/yoast.com\/product\/yoast-seo-wordpress\/ -->\n<title>Aprender el franc\u00e9s en Francias, Escuela internacional de lengua francesa<\/title>\n<meta name=\"description\" content=\"El CIEL de Estrasburgo es una escuela internacional de lengua francesa especializada en cursos intensivos de franc\u00e9s, franc\u00e9s general y franc\u00e9s de negocios con 30 a\u00f1os de experiencia !\" \/>\n<meta name=\"robots\" content=\"index, follow, max-snippet:-1, max-image-preview:large, max-video-preview:-1\" \/>\n<link rel=\"canonical\" href=\"https:\/\/www.ciel-strasbourg.org\/es\/\" \/>\n<meta property=\"og:locale\" content=\"es_ES\" \/>\n<meta property=\"og:type\" content=\"article\" \/>\n<meta property=\"og:title\" content=\"Aprender el franc\u00e9s en Francias, Escuela internacional de lengua francesa\" \/>\n<meta property=\"og:description\" content=\"El CIEL de Estrasburgo es una escuela internacional de lengua francesa especializada en cursos intensivos de franc\u00e9s, franc\u00e9s general y franc\u00e9s de negocios con 30 a\u00f1os de experiencia !\" \/>\n<meta property=\"og:url\" content=\"https:\/\/www.ciel-strasbourg.org\/es\/\" \/>\n<meta property=\"og:site_name\" content=\"CIEL\" \/>\n<meta property=\"article:modified_time\" content=\"2021-01-15T08:13:44+00:00\" \/>\n<meta property=\"og:image\" content=\"https:\/\/www.ciel-strasbourg.org\/wp-inside\/uploads\/2020\/10\/batiment_strasbourg_yvestrotzier_11.jpg\" \/>\n\t<meta property=\"og:image:width\" content=\"1772\" \/>\n\t<meta property=\"og:image:height\" content=\"1772\" \/>\n\t<meta property=\"og:image:type\" content=\"image\/jpeg\" \/>\n<meta name=\"twitter:card\" content=\"summary_large_image\" \/>\n<script type=\"application\/ld+json\" class=\"yoast-schema-graph\">{\"@context\":\"https:\\\/\\\/schema.org\",\"@graph\":[{\"@type\":\"WebPage\",\"@id\":\"https:\\\/\\\/www.ciel-strasbourg.org\\\/es\\\/\",\"url\":\"https:\\\/\\\/www.ciel-strasbourg.org\\\/es\\\/\",\"name\":\"Aprender el franc\u00e9s en Francias, Escuela internacional de lengua francesa\",\"isPartOf\":{\"@id\":\"https:\\\/\\\/www.ciel-strasbourg.org\\\/es\\\/#website\"},\"datePublished\":\"2019-03-22T15:35:30+00:00\",\"dateModified\":\"2021-01-15T08:13:44+00:00\",\"description\":\"El CIEL de Estrasburgo es una escuela internacional de lengua francesa especializada en cursos intensivos de franc\u00e9s, franc\u00e9s general y franc\u00e9s de negocios con 30 a\u00f1os de experiencia !\",\"breadcrumb\":{\"@id\":\"https:\\\/\\\/www.ciel-strasbourg.org\\\/es\\\/#breadcrumb\"},\"inLanguage\":\"es-ES\",\"potentialAction\":[{\"@type\":\"ReadAction\",\"target\":[\"https:\\\/\\\/www.ciel-strasbourg.org\\\/es\\\/\"]}]},{\"@type\":\"BreadcrumbList\",\"@id\":\"https:\\\/\\\/www.ciel-strasbourg.org\\\/es\\\/#breadcrumb\",\"itemListElement\":[{\"@type\":\"ListItem\",\"position\":1,\"name\":\"Inicio\",\"item\":\"https:\\\/\\\/www.ciel-strasbourg.org\\\/es\\\/\"},{\"@type\":\"ListItem\",\"position\":2,\"name\":\"Una etiqueta de escuela francesa Qualit\u00e9 FLE\"}]},{\"@type\":\"WebSite\",\"@id\":\"https:\\\/\\\/www.ciel-strasbourg.org\\\/es\\\/#website\",\"url\":\"https:\\\/\\\/www.ciel-strasbourg.org\\\/es\\\/\",\"name\":\"CIEL\",\"description\":\"\u00a1Aprenda franc\u00e9s en el CIEL de Estrasburgo!\",\"publisher\":{\"@id\":\"https:\\\/\\\/www.ciel-strasbourg.org\\\/es\\\/#organization\"},\"potentialAction\":[{\"@type\":\"SearchAction\",\"target\":{\"@type\":\"EntryPoint\",\"urlTemplate\":\"https:\\\/\\\/www.ciel-strasbourg.org\\\/es\\\/?s={search_term_string}\"},\"query-input\":{\"@type\":\"PropertyValueSpecification\",\"valueRequired\":true,\"valueName\":\"search_term_string\"}}],\"inLanguage\":\"es-ES\"},{\"@type\":\"Organization\",\"@id\":\"https:\\\/\\\/www.ciel-strasbourg.org\\\/es\\\/#organization\",\"name\":\"CIEL Strasbourg\",\"url\":\"https:\\\/\\\/www.ciel-strasbourg.org\\\/es\\\/\",\"logo\":{\"@type\":\"ImageObject\",\"inLanguage\":\"es-ES\",\"@id\":\"https:\\\/\\\/www.ciel-strasbourg.org\\\/es\\\/#\\\/schema\\\/logo\\\/image\\\/\",\"url\":\"https:\\\/\\\/www.ciel-strasbourg.org\\\/wp-inside\\\/uploads\\\/2020\\\/12\\\/logo-ciel.png\",\"contentUrl\":\"https:\\\/\\\/www.ciel-strasbourg.org\\\/wp-inside\\\/uploads\\\/2020\\\/12\\\/logo-ciel.png\",\"width\":265,\"height\":90,\"caption\":\"CIEL Strasbourg\"},\"image\":{\"@id\":\"https:\\\/\\\/www.ciel-strasbourg.org\\\/es\\\/#\\\/schema\\\/logo\\\/image\\\/\"}}]}<\/script>\n<!-- \/ Yoast SEO plugin. -->","yoast_head_json":{"title":"Aprender el franc\u00e9s en Francias, Escuela internacional de lengua francesa","description":"El CIEL de Estrasburgo es una escuela internacional de lengua francesa especializada en cursos intensivos de franc\u00e9s, franc\u00e9s general y franc\u00e9s de negocios con 30 a\u00f1os de experiencia !","robots":{"index":"index","follow":"follow","max-snippet":"max-snippet:-1","max-image-preview":"max-image-preview:large","max-video-preview":"max-video-preview:-1"},"canonical":"https:\/\/www.ciel-strasbourg.org\/es\/","og_locale":"es_ES","og_type":"article","og_title":"Aprender el franc\u00e9s en Francias, Escuela internacional de lengua francesa","og_description":"El CIEL de Estrasburgo es una escuela internacional de lengua francesa especializada en cursos intensivos de franc\u00e9s, franc\u00e9s general y franc\u00e9s de negocios con 30 a\u00f1os de experiencia !","og_url":"https:\/\/www.ciel-strasbourg.org\/es\/","og_site_name":"CIEL","article_modified_time":"2021-01-15T08:13:44+00:00","og_image":[{"width":1772,"height":1772,"url":"https:\/\/www.ciel-strasbourg.org\/wp-inside\/uploads\/2020\/10\/batiment_strasbourg_yvestrotzier_11.jpg","type":"image\/jpeg"}],"twitter_card":"summary_large_image","schema":{"@context":"https:\/\/schema.org","@graph":[{"@type":"WebPage","@id":"https:\/\/www.ciel-strasbourg.org\/es\/","url":"https:\/\/www.ciel-strasbourg.org\/es\/","name":"Aprender el franc\u00e9s en Francias, Escuela internacional de lengua francesa","isPartOf":{"@id":"https:\/\/www.ciel-strasbourg.org\/es\/#website"},"datePublished":"2019-03-22T15:35:30+00:00","dateModified":"2021-01-15T08:13:44+00:00","description":"El CIEL de Estrasburgo es una escuela internacional de lengua francesa especializada en cursos intensivos de franc\u00e9s, franc\u00e9s general y franc\u00e9s de negocios con 30 a\u00f1os de experiencia !","breadcrumb":{"@id":"https:\/\/www.ciel-strasbourg.org\/es\/#breadcrumb"},"inLanguage":"es-ES","potentialAction":[{"@type":"ReadAction","target":["https:\/\/www.ciel-strasbourg.org\/es\/"]}]},{"@type":"BreadcrumbList","@id":"https:\/\/www.ciel-strasbourg.org\/es\/#breadcrumb","itemListElement":[{"@type":"ListItem","position":1,"name":"Inicio","item":"https:\/\/www.ciel-strasbourg.org\/es\/"},{"@type":"ListItem","position":2,"name":"Una etiqueta de escuela francesa Qualit\u00e9 FLE"}]},{"@type":"WebSite","@id":"https:\/\/www.ciel-strasbourg.org\/es\/#website","url":"https:\/\/www.ciel-strasbourg.org\/es\/","name":"CIEL","description":"\u00a1Aprenda franc\u00e9s en el CIEL de Estrasburgo!","publisher":{"@id":"https:\/\/www.ciel-strasbourg.org\/es\/#organization"},"potentialAction":[{"@type":"SearchAction","target":{"@type":"EntryPoint","urlTemplate":"https:\/\/www.ciel-strasbourg.org\/es\/?s={search_term_string}"},"query-input":{"@type":"PropertyValueSpecification","valueRequired":true,"valueName":"search_term_string"}}],"inLanguage":"es-ES"},{"@type":"Organization","@id":"https:\/\/www.ciel-strasbourg.org\/es\/#organization","name":"CIEL Strasbourg","url":"https:\/\/www.ciel-strasbourg.org\/es\/","logo":{"@type":"ImageObject","inLanguage":"es-ES","@id":"https:\/\/www.ciel-strasbourg.org\/es\/#\/schema\/logo\/image\/","url":"https:\/\/www.ciel-strasbourg.org\/wp-inside\/uploads\/2020\/12\/logo-ciel.png","contentUrl":"https:\/\/www.ciel-strasbourg.org\/wp-inside\/uploads\/2020\/12\/logo-ciel.png","width":265,"height":90,"caption":"CIEL Strasbourg"},"image":{"@id":"https:\/\/www.ciel-strasbourg.org\/es\/#\/schema\/logo\/image\/"}}]}},"_links":{"self":[{"href":"https:\/\/www.ciel-strasbourg.org\/es\/wp-json\/wp\/v2\/pages\/4210","targetHints":{"allow":["GET"]}}],"collection":[{"href":"https:\/\/www.ciel-strasbourg.org\/es\/wp-json\/wp\/v2\/pages"}],"about":[{"href":"https:\/\/www.ciel-strasbourg.org\/es\/wp-json\/wp\/v2\/types\/page"}],"author":[{"embeddable":true,"href":"https:\/\/www.ciel-strasbourg.org\/es\/wp-json\/wp\/v2\/users\/7"}],"replies":[{"embeddable":true,"href":"https:\/\/www.ciel-strasbourg.org\/es\/wp-json\/wp\/v2\/comments?post=4210"}],"version-history":[{"count":5,"href":"https:\/\/www.ciel-strasbourg.org\/es\/wp-json\/wp\/v2\/pages\/4210\/revisions"}],"predecessor-version":[{"id":4603,"href":"https:\/\/www.ciel-strasbourg.org\/es\/wp-json\/wp\/v2\/pages\/4210\/revisions\/4603"}],"wp:attachment":[{"href":"https:\/\/www.ciel-strasbourg.org\/es\/wp-json\/wp\/v2\/media?parent=4210"}],"curies":[{"name":"wp","href":"https:\/\/api.w.org\/{rel}","templated":true}]}}